{"id":9016,"date":"2021-09-07T17:22:25","date_gmt":"2021-09-07T17:22:25","guid":{"rendered":"https:\/\/www.avanceplasticsurgery.com\/tratamientos-de-spa-medicos\/terapia-de-hormonas-bioidenticas-para-hombres-y-mujeres\/"},"modified":"2022-04-25T13:03:05","modified_gmt":"2022-04-25T13:03:05","slug":"terapia-de-hormonas-bioidenticas-para-hombres-y-mujeres","status":"publish","type":"page","link":"https:\/\/www.avanceplasticsurgery.com\/es\/tratamientos-de-spa-medicos\/terapia-de-hormonas-bioidenticas-para-hombres-y-mujeres\/","title":{"rendered":"Terapia de hormonas bioid\u00e9nticas para hombres y mujeres"},"content":{"rendered":"<h1>Terapia de hormonas bioid\u00e9nticas para hombres y mujeres<\/h1>\n<p>A medida que envejeces, tus niveles hormonales comienzan a fluctuar. A medida que se acerca a los 40, estos niveles hormonales comienzan a disminuir r\u00e1pidamente, lo que resulta en cambios fisiol\u00f3gicos y, a veces, psicol\u00f3gicos. Si bien los estilos de vida saludables ciertamente pueden mantener su cuerpo cerca de la salud \u00f3ptima, es poco lo que puede hacer para detener el proceso biol\u00f3gico de disminuci\u00f3n de las hormonas. Por lo general, las <a title=\"Reno NV Med Spa Tratamientos\" href=\"https:\/\/www.avanceplasticsurgery.com\/es\/med-spa-treatments\/\">opciones para restablecer el equilibrio<\/a> se limitan a tomar hormonas sint\u00e9ticas. Existe un enfoque m\u00e1s suave y personalizable para el rejuvenecimiento fisiol\u00f3gico con la terapia de hormonas bioid\u00e9nticas para hombres y mujeres.<\/p>\n<h2>\u00bfQui\u00e9n puede beneficiarse de la terapia hormonal?<\/h2>\n<p>Tanto hombres como mujeres pueden beneficiarse de la terapia hormonal. Como la testosterona y el estr\u00f3geno est\u00e1n presentes en ambos sexos, un desequilibrio de cualquiera de ellos puede provocar el deterioro de la salud fisiol\u00f3gica, mental y sexual. Es posible que tenga niveles bajos de energ\u00eda, aumento de peso, p\u00e9rdida de densidad \u00f3sea y crecimiento o p\u00e9rdida de cabello. Fuera de estos s\u00edntomas superpuestos, los hombres y las mujeres pueden descubrir que tienen s\u00edntomas biol\u00f3gicos espec\u00edficos.<\/p>\n<h3>S\u00edntomas del desequilibrio hormonal en los hombres<\/h3>\n<p>Los hombres pueden tener un menor inter\u00e9s en el sexo o tener dificultad para mantener una erecci\u00f3n fuerte. Esto puede conducir a dificultades en las relaciones y una mala imagen de s\u00ed mismo. Los hombres pueden descubrir que no son tan fuertes como antes o que no pueden continuar con las actividades que antes disfrutaban. Pueden carecer de la energ\u00eda y la claridad mental para mantener sus cargas de trabajo, lo que resulta en errores o problemas de rendimiento. Estos factores tambi\u00e9n pueden conducir a una disminuci\u00f3n del disfrute de la vida.<\/p>\n<h4>S\u00edntomas del desequilibrio hormonal en las mujeres<\/h4>\n<p>Las mujeres son m\u00e1s propensas a tener los s\u00edntomas reconocibles del envejecimiento. Estos incluyen sofocos, cambios de humor y sudores nocturnos. Las mujeres tambi\u00e9n pueden experimentar sequedad vaginal, disminuci\u00f3n del deseo sexual, dolor durante las relaciones sexuales y depresi\u00f3n. Los s\u00edntomas f\u00edsicos obvios, como la sudoraci\u00f3n y los sofocos, no se pueden ocultar a otras personas. Esto puede tener un efecto perjudicial en su salud mental, ya que las personas reconocen los s\u00edntomas como parte del envejecimiento, lo que hace que las mujeres se sientan mucho mayores de lo que son.<\/p>\n<h5>\u00bfQu\u00e9 es la terapia de hormonas bioid\u00e9nticas?<\/h5>\n<p>Hombres y mujeres tienen un equilibrio \u00fanico de testosterona y estr\u00f3geno. Las cantidades var\u00edan con la edad, la gen\u00e9tica y el estilo de vida, pero estos niveles fluct\u00faan y finalmente disminuyen con los a\u00f1os. Los tratamientos sint\u00e9ticos tradicionales brindan un resultado r\u00e1pido, pero no siempre son una experiencia agradable y tienen muchos efectos secundarios.<\/p>\n<p>Las hormonas bioid\u00e9nticas abordan este problema proporcionando una liberaci\u00f3n lenta de hormonas que imitan de cerca el perfil hormonal de su cuerpo. La cantidad de hormona bioid\u00e9ntica se puede adaptar a los perfiles fisiol\u00f3gicos y qu\u00edmicos \u00fanicos de su cuerpo. Este m\u00e9todo de administraci\u00f3n puede mantener sus hormonas estables, previniendo los problemas asociados con el envejecimiento.<\/p>\n<h5>\u00bfEs segura la terapia con hormonas bioid\u00e9nticas?<\/h5>\n<p>La terapia de hormonas bioid\u00e9nticas existe desde hace m\u00e1s de 80 a\u00f1os. Las terapias est\u00e1n formuladas con los m\u00e1s altos est\u00e1ndares y son un tratamiento seguro y eficaz para los desequilibrios hormonales. Tienen los beneficios adicionales de ser personalizables seg\u00fan sus necesidades individuales y brindar resultados m\u00e1s duraderos.<\/p>\n<h5>\u00bfLa terapia con hormonas bioid\u00e9nticas consume mucho tiempo?<\/h5>\n<p>Una vez que se determina la dosis correcta, el procedimiento dura aproximadamente 15 minutos y los resultados suelen durar de tres a seis meses. Este es un proceso mucho m\u00e1s eficiente que los reemplazos diarios, semanales o mensuales que requieren las terapias tradicionales.<\/p>\n<h5>\u00bfEst\u00e1s listo para la terapia de hormonas bioid\u00e9nticas?<\/h5>\n<p>Avance Plastic Surgery puede brindarle un examen completo y determinar si la terapia de hormonas bioid\u00e9nticas es adecuada para usted. El Dr. Erez Dayan puede evaluar los requisitos \u00fanicos de su cuerpo y proporcionarle la cantidad de hormona bioid\u00e9ntica que necesita. Con un enfoque centrado en el paciente y a\u00f1os de experiencia, el Dr. Dayan puede ayudarlo a lograr sus objetivos a largo plazo. Para comenzar su viaje hacia un estilo de vida equilibrado y un envejecimiento elegante, <a title=\"Comun\u00edquese con Avance Plastic Surgery en Reno NV\" href=\"https:\/\/www.avanceplasticsurgery.com\/es\/contact-us-dr-erez-dayan\/\">comun\u00edquese hoy con Avance Plastic Surgery<\/a> .<\/p>\n","protected":false},"excerpt":{"rendered":"<p>Terapia de hormonas bioid\u00e9nticas para hombres y mujeres A medida que envejeces, tus niveles hormonales comienzan a fluctuar. A&hellip;<\/p>\n","protected":false},"author":1,"featured_media":0,"parent":9015,"menu_order":0,"comment_status":"closed","ping_status":"closed","template":"","meta":{"_acf_changed":false,"footnotes":""},"class_list":["post-9016","page","type-page","status-publish"],"acf":[],"yoast_head":"<!-- This site is optimized with the Yoast SEO plugin v25.6 - https:\/\/yoast.com\/wordpress\/plugins\/seo\/ -->\n<title>Reno NV Terapia de reemplazo de hormonas bioid\u00e9nticas | Tratamiento Tahoe HRT<\/title>\n<meta name=\"description\" content=\"Hombres y mujeres pueden restaurar la energ\u00eda, el deseo sexual y minimizar los cambios hormonales relacionados con la edad. Vuelva a ser usted mismo con la terapia de reemplazo de hormonas bioid\u00e9nticas.\" \/>\n<meta name=\"robots\" content=\"index, follow, max-snippet:-1, max-image-preview:large, max-video-preview:-1\" \/>\n<link rel=\"canonical\" href=\"https:\/\/www.avanceplasticsurgery.com\/es\/tratamientos-de-spa-medicos\/terapia-de-hormonas-bioidenticas-para-hombres-y-mujeres\/\" \/>\n<meta property=\"og:locale\" content=\"es_ES\" \/>\n<meta property=\"og:type\" content=\"article\" \/>\n<meta property=\"og:title\" content=\"Reno NV Terapia de reemplazo de hormonas bioid\u00e9nticas | Tratamiento Tahoe HRT\" \/>\n<meta property=\"og:description\" content=\"Hombres y mujeres pueden restaurar la energ\u00eda, el deseo sexual y minimizar los cambios hormonales relacionados con la edad. Vuelva a ser usted mismo con la terapia de reemplazo de hormonas bioid\u00e9nticas.\" \/>\n<meta property=\"og:url\" content=\"https:\/\/www.avanceplasticsurgery.com\/es\/tratamientos-de-spa-medicos\/terapia-de-hormonas-bioidenticas-para-hombres-y-mujeres\/\" \/>\n<meta property=\"og:site_name\" content=\"Avance Plastic Surgery\" \/>\n<meta property=\"article:modified_time\" content=\"2022-04-25T13:03:05+00:00\" \/>\n<meta name=\"twitter:card\" content=\"summary_large_image\" \/>\n<meta name=\"twitter:label1\" content=\"Tiempo de lectura\" \/>\n\t<meta name=\"twitter:data1\" content=\"4 minutos\" \/>\n<!-- \/ Yoast SEO plugin. -->","yoast_head_json":{"title":"Reno NV Terapia de reemplazo de hormonas bioid\u00e9nticas | Tratamiento Tahoe HRT","description":"Hombres y mujeres pueden restaurar la energ\u00eda, el deseo sexual y minimizar los cambios hormonales relacionados con la edad. Vuelva a ser usted mismo con la terapia de reemplazo de hormonas bioid\u00e9nticas.","robots":{"index":"index","follow":"follow","max-snippet":"max-snippet:-1","max-image-preview":"max-image-preview:large","max-video-preview":"max-video-preview:-1"},"canonical":"https:\/\/www.avanceplasticsurgery.com\/es\/tratamientos-de-spa-medicos\/terapia-de-hormonas-bioidenticas-para-hombres-y-mujeres\/","og_locale":"es_ES","og_type":"article","og_title":"Reno NV Terapia de reemplazo de hormonas bioid\u00e9nticas | Tratamiento Tahoe HRT","og_description":"Hombres y mujeres pueden restaurar la energ\u00eda, el deseo sexual y minimizar los cambios hormonales relacionados con la edad. Vuelva a ser usted mismo con la terapia de reemplazo de hormonas bioid\u00e9nticas.","og_url":"https:\/\/www.avanceplasticsurgery.com\/es\/tratamientos-de-spa-medicos\/terapia-de-hormonas-bioidenticas-para-hombres-y-mujeres\/","og_site_name":"Avance Plastic Surgery","article_modified_time":"2022-04-25T13:03:05+00:00","twitter_card":"summary_large_image","twitter_misc":{"Tiempo de lectura":"4 minutos"},"schema":{"@context":"https:\/\/schema.org","@graph":[{"@type":"WebPage","@id":"https:\/\/www.avanceplasticsurgery.com\/es\/tratamientos-de-spa-medicos\/terapia-de-hormonas-bioidenticas-para-hombres-y-mujeres\/","url":"https:\/\/www.avanceplasticsurgery.com\/es\/tratamientos-de-spa-medicos\/terapia-de-hormonas-bioidenticas-para-hombres-y-mujeres\/","name":"Reno NV Terapia de reemplazo de hormonas bioid\u00e9nticas | Tratamiento Tahoe HRT","isPartOf":{"@id":"https:\/\/www.avanceplasticsurgery.com\/es\/#website"},"datePublished":"2021-09-07T17:22:25+00:00","dateModified":"2022-04-25T13:03:05+00:00","description":"Hombres y mujeres pueden restaurar la energ\u00eda, el deseo sexual y minimizar los cambios hormonales relacionados con la edad. Vuelva a ser usted mismo con la terapia de reemplazo de hormonas bioid\u00e9nticas.","breadcrumb":{"@id":"https:\/\/www.avanceplasticsurgery.com\/es\/tratamientos-de-spa-medicos\/terapia-de-hormonas-bioidenticas-para-hombres-y-mujeres\/#breadcrumb"},"inLanguage":"es","potentialAction":[{"@type":"ReadAction","target":["https:\/\/www.avanceplasticsurgery.com\/es\/tratamientos-de-spa-medicos\/terapia-de-hormonas-bioidenticas-para-hombres-y-mujeres\/"]}]},{"@type":"BreadcrumbList","@id":"https:\/\/www.avanceplasticsurgery.com\/es\/tratamientos-de-spa-medicos\/terapia-de-hormonas-bioidenticas-para-hombres-y-mujeres\/#breadcrumb","itemListElement":[{"@type":"ListItem","position":1,"name":"Home","item":"https:\/\/www.avanceplasticsurgery.com\/es\/"},{"@type":"ListItem","position":2,"name":"Tratamientos de spa m\u00e9dicos","item":"https:\/\/www.avanceplasticsurgery.com\/es\/tratamientos-de-spa-medicos\/"},{"@type":"ListItem","position":3,"name":"Terapia de hormonas bioid\u00e9nticas para hombres y mujeres"}]},{"@type":"WebSite","@id":"https:\/\/www.avanceplasticsurgery.com\/es\/#website","url":"https:\/\/www.avanceplasticsurgery.com\/es\/","name":"Avance Plastic Surgery","description":"","potentialAction":[{"@type":"SearchAction","target":{"@type":"EntryPoint","urlTemplate":"https:\/\/www.avanceplasticsurgery.com\/es\/?s={search_term_string}"},"query-input":{"@type":"PropertyValueSpecification","valueRequired":true,"valueName":"search_term_string"}}],"inLanguage":"es"}]}},"_links":{"self":[{"href":"https:\/\/www.avanceplasticsurgery.com\/es\/wp-json\/wp\/v2\/pages\/9016","targetHints":{"allow":["GET"]}}],"collection":[{"href":"https:\/\/www.avanceplasticsurgery.com\/es\/wp-json\/wp\/v2\/pages"}],"about":[{"href":"https:\/\/www.avanceplasticsurgery.com\/es\/wp-json\/wp\/v2\/types\/page"}],"author":[{"embeddable":true,"href":"https:\/\/www.avanceplasticsurgery.com\/es\/wp-json\/wp\/v2\/users\/1"}],"replies":[{"embeddable":true,"href":"https:\/\/www.avanceplasticsurgery.com\/es\/wp-json\/wp\/v2\/comments?post=9016"}],"version-history":[{"count":2,"href":"https:\/\/www.avanceplasticsurgery.com\/es\/wp-json\/wp\/v2\/pages\/9016\/revisions"}],"predecessor-version":[{"id":9338,"href":"https:\/\/www.avanceplasticsurgery.com\/es\/wp-json\/wp\/v2\/pages\/9016\/revisions\/9338"}],"up":[{"embeddable":true,"href":"https:\/\/www.avanceplasticsurgery.com\/es\/wp-json\/wp\/v2\/pages\/9015"}],"wp:attachment":[{"href":"https:\/\/www.avanceplasticsurgery.com\/es\/wp-json\/wp\/v2\/media?parent=9016"}],"curies":[{"name":"wp","href":"https:\/\/api.w.org\/{rel}","templated":true}]}}