{"id":9017,"date":"2020-09-20T12:56:55","date_gmt":"2020-09-20T12:56:55","guid":{"rendered":"https:\/\/www.avanceplasticsurgery.com\/tratamientos-de-spa-medicos\/cuidado-de-la-piel-avanzado\/"},"modified":"2022-04-25T12:53:04","modified_gmt":"2022-04-25T12:53:04","slug":"cuidado-de-la-piel-avanzado","status":"publish","type":"page","link":"https:\/\/www.avanceplasticsurgery.com\/es\/tratamientos-de-spa-medicos\/cuidado-de-la-piel-avanzado\/","title":{"rendered":"Cuidado de la piel avanzado"},"content":{"rendered":"<h1>Cuidado de la piel avanzado<\/h1>\n<p>Los efectos ambientales de la regi\u00f3n occidental seca cobran un precio particularmente severo en la salud y la apariencia de nuestra piel. A medida que la piel envejece, las reservas naturales de col\u00e1geno y elastina comienzan a disminuir, lo que hace que la piel se hunda y parezca desinflamada. Cuando agregas los efectos nocivos del sol, los contaminantes ambientales y el estr\u00e9s de la vida cotidiana a la imagen, es f\u00e1cil ver lo r\u00e1pido que uno puede perder el brillo juvenil y vibrante y sucumbir a una tez opaca y cansada. El cuidado avanzado de la piel con el Dr. Dayan puede <a title=\"Reno NV Med Spa Tratamientos\" href=\"https:\/\/www.avanceplasticsurgery.com\/es\/med-spa-treatments\/\">restaurar la salud de su piel<\/a> , as\u00ed como revertir los signos del envejecimiento.<\/p>\n<dl id=\"faq-1\" class=\"flc-faq\"><dt>\u00bfQu\u00e9 implica el cuidado avanzado de la piel?<\/dt><dd><p>Existen numerosos elementos para una apariencia renovada de la piel. Durante su consulta, el Dr. Dayan evaluar\u00e1 todos los componentes de su piel y formular\u00e1 un plan de tratamiento individualizado seg\u00fan sus necesidades. Ofrecemos una variedad de modalidades como l\u00e1ser, exfoliaciones qu\u00edmicas y tecnolog\u00eda basada en energ\u00eda fraccionada que puede rejuvenecer la piel, eliminar la pigmentaci\u00f3n no deseada (manchas rojas\/marrones) y reafirmar la laxitud de la piel. El Instituto de Cirug\u00eda Pl\u00e1stica Avance alberga una de las variedades m\u00e1s grandes de tecnolog\u00eda y equipos de vanguardia en el mercado para lograr la apariencia y la salud ideales de su piel.<\/p>\r\n<p>Algunas de las opciones para el cuidado avanzado de la piel incluyen:<\/p>\r\n<ul>\r\n<li>Fractora<\/li>\r\n<li>Morfeo8<\/li>\r\n<li>microagujas<\/li>\r\n<li>Plasma rico en plaquetas<\/li>\r\n<li>Lumecca Tratamiento de luz pulsada intensa (IPL)<\/li>\r\n<li>Depilaci\u00f3n con diolaze<\/li>\r\n<li>Eliminaci\u00f3n de ara\u00f1as vasculares Vasculaze<\/li>\r\n<li>Forma y Forma + estiramiento cut\u00e1neo por radiofrecuencia<\/li>\r\n<li>Evoke estiramiento cut\u00e1neo por radiofrecuencia<\/li>\r\n<li>Peeling qu\u00edmico TCA con soluci\u00f3n 'Jessner's<\/li>\r\n<li>Rejuvenecimiento cut\u00e1neo con Erbium YAG fraccionado<\/li>\r\n<li>Radiofrecuencia FaceTite<\/li>\r\n<li>Radiofrecuencia AccuTite<\/li>\r\n<\/ul><\/dd><dt>\u00bfCu\u00e1les son los beneficios del estiramiento de la piel?<\/dt><dd><p>El estiramiento de la piel con soluciones avanzadas para el cuidado de la piel puede restablecer el reloj del envejecimiento y hacer que se vea y se sienta mucho m\u00e1s joven. Esto incluye:<\/p>\r\n<ul>\r\n<li>Eliminaci\u00f3n de manchas oscuras y pigmentos cut\u00e1neos no deseados<\/li>\r\n<li>Eliminaci\u00f3n de ara\u00f1as vasculares o capilares rotos<\/li>\r\n<li>Eliminaci\u00f3n de capas superficiales da\u00f1adas de la piel.<\/li>\r\n<li>Eliminaci\u00f3n de l\u00edneas finas y arrugas<\/li>\r\n<li>Regeneraci\u00f3n de col\u00e1geno<\/li>\r\n<li>Reorganizaci\u00f3n de elastina<\/li>\r\n<li>Estiramiento de la piel<\/li>\r\n<\/ul><\/dd><dt>\u00bfQui\u00e9n es un candidato ideal para el cuidado avanzado de la piel?<\/dt><dd><p>Puede ser un buen candidato para un procedimiento de estiramiento de la piel si:<\/p>\r\n<ul>\r\n<li>Sufres da\u00f1o solar en la piel.<\/li>\r\n<li>Tiene laxitud de la piel de leve a moderada en la cara, el cuello o el cuerpo.<\/li>\r\n<li>Tiene arrugas o l\u00edneas finas que le gustar\u00eda eliminar<\/li>\r\n<li>Tiene manchas oscuras molestas o problemas de pigmentaci\u00f3n de la piel.<\/li>\r\n<li>sufres de melasma<\/li>\r\n<li>Quiere una soluci\u00f3n de grado m\u00e9dico para mantener una piel sana y vibrante<\/li>\r\n<li>Est\u00e1 buscando un cuidado preventivo de la piel para retardar los signos del envejecimiento.<\/li>\r\n<li>Buscas una mejora en la calidad de tu tono de piel<\/li>\r\n<li>Est\u00e1 buscando un enfoque m\u00ednimamente invasivo<\/li>\r\n<li>Est\u00e1s mental y f\u00edsicamente sano<\/li>\r\n<li>Eres realista en tus expectativas de tus resultados.<\/li>\r\n<\/ul><\/dd><dt>\u00bfHay alg\u00fan tiempo de inactividad o recuperaci\u00f3n de los tratamientos cut\u00e1neos de grado m\u00e9dico?<\/dt><dd><p>Cada paciente tiene necesidades \u00fanicas de cuidado de la piel. Algunos pacientes requieren rejuvenecimiento y estiramiento de la piel para mejorar la salud y la apariencia de su piel, mientras que otros se benefician de la terapia con l\u00e1ser o microagujas con PRP para mejorar la pigmentaci\u00f3n y la textura de la piel. El tiempo de inactividad puede variar significativamente seg\u00fan el plan de tratamiento y los resultados est\u00e9ticos deseados. La mayor\u00eda de los tratamientos para el cuidado de la piel implican un tiempo de inactividad m\u00ednimo y, como m\u00e1ximo, solo dejan la piel ligeramente roja durante 1 a 3 d\u00edas. El Dr. Dayan le proporcionar\u00e1 una descripci\u00f3n general detallada de lo que puede esperar para la recuperaci\u00f3n con su plan de tratamiento.<\/p><\/dd><dt>\u00bfCu\u00e1l es el costo del cuidado avanzado de la piel en Reno?<\/dt><dd><p>En Avance Plastic Surgery Institute, ofrecemos una gama completa de soluciones para el cuidado de la piel y adaptamos su plan de tratamiento a sus necesidades espec\u00edficas y objetivos est\u00e9ticos. El costo puede variar significativamente seg\u00fan los servicios prestados. Durante su consulta y evaluaci\u00f3n, nuestro coordinador principal de pacientes le presentar\u00e1 una cotizaci\u00f3n personalizada de los servicios. Podemos ayudarlo a solicitar financiamiento de prestamistas de atenci\u00f3n m\u00e9dica confiables, muchos de los cuales ofrecen aprobaci\u00f3n instant\u00e1nea mientras a\u00fan est\u00e1 en la oficina.<\/p><\/dd><dt>\u00bfPor qu\u00e9 elegir el Instituto de Cirug\u00eda Pl\u00e1stica Avance para mi tratamiento?<\/dt><dd><p>El Dr. Dayan, cirujano pl\u00e1stico formado en Harvard, es investigador principal y l\u00edder de opini\u00f3n clave de Allergan (fabricante de Botox y Juvederm), as\u00ed como de Galderma, InMode y MTF Biologics. Es autor de cinco libros y ha dado m\u00e1s de 150 presentaciones y escrito art\u00edculos sobre temas de cirug\u00eda pl\u00e1stica. El Dr. Dayan ha sido invitado a dar conferencias sobre su trabajo en Europa, Asia, Am\u00e9rica del Sur, Medio Oriente y en todo Estados Unidos. El Dr. Dayan recibi\u00f3 el Premio al Logro Acad\u00e9mico de Cirug\u00eda Pl\u00e1stica de Harvard, la Beca Robert Goldwyn\/Harvard Medical School y la Beca de la Fundaci\u00f3n de Investigaci\u00f3n y Educaci\u00f3n en Cirug\u00eda Est\u00e9tica.<\/p><\/dd><\/dl>\n<p><a title=\"P\u00f3ngase en contacto con el Instituto de Cirug\u00eda Pl\u00e1stica Avance en Reno NV\" href=\"https:\/\/www.avanceplasticsurgery.com\/es\/contact-us-dr-erez-dayan\/\">P\u00f3ngase en contacto con el Instituto de Cirug\u00eda Pl\u00e1stica Avance<\/a> hoy para programar su consulta con el Dr. Dayan.<\/p>\n<p>El Dr. Erez Dayan ha realizado una extensa investigaci\u00f3n sobre est\u00e9tica facial y resultados cosm\u00e9ticos excepcionales. Lea m\u00e1s sobre la investigaci\u00f3n de est\u00e9tica facial del Dr. Dayan <a href=\"https:\/\/www.avanceplasticsurgery.com\/es\/about-avance-plastic-surgery-institute\/research\/#facial-aesthetics\">aqu\u00ed<\/a> .<\/p>\n","protected":false},"excerpt":{"rendered":"<p>Cuidado de la piel avanzado Los efectos ambientales de la regi\u00f3n occidental seca cobran un precio particularmente severo en&hellip;<\/p>\n","protected":false},"author":1,"featured_media":0,"parent":9015,"menu_order":0,"comment_status":"closed","ping_status":"closed","template":"","meta":{"_acf_changed":false,"footnotes":""},"class_list":["post-9017","page","type-page","status-publish"],"acf":[],"yoast_head":"<!-- This site is optimized with the Yoast SEO plugin v27.4 - https:\/\/yoast.com\/product\/yoast-seo-wordpress\/ -->\n<title>Reno NV Cuidado de la piel avanzado | Tratamientos antienvejecimiento del lago Tahoe<\/title>\n<meta name=\"description\" content=\"Numerosos tratamientos avanzados para el cuidado de la piel para combatir el envejecimiento y mejorar la salud de la piel est\u00e1n disponibles en el Avance Plastic Surgery Institute en Reno, NV. Llame hoy para su cita con el Dr. Erez Dayan.\" \/>\n<meta name=\"robots\" content=\"index, follow, max-snippet:-1, max-image-preview:large, max-video-preview:-1\" \/>\n<link rel=\"canonical\" href=\"https:\/\/www.avanceplasticsurgery.com\/es\/tratamientos-de-spa-medicos\/cuidado-de-la-piel-avanzado\/\" \/>\n<meta property=\"og:locale\" content=\"es_ES\" \/>\n<meta property=\"og:type\" content=\"article\" \/>\n<meta property=\"og:title\" content=\"Reno NV Cuidado de la piel avanzado | Tratamientos antienvejecimiento del lago Tahoe\" \/>\n<meta property=\"og:description\" content=\"Numerosos tratamientos avanzados para el cuidado de la piel para combatir el envejecimiento y mejorar la salud de la piel est\u00e1n disponibles en el Avance Plastic Surgery Institute en Reno, NV. Llame hoy para su cita con el Dr. Erez Dayan.\" \/>\n<meta property=\"og:url\" content=\"https:\/\/www.avanceplasticsurgery.com\/es\/tratamientos-de-spa-medicos\/cuidado-de-la-piel-avanzado\/\" \/>\n<meta property=\"og:site_name\" content=\"Avance Plastic Surgery\" \/>\n<meta property=\"article:modified_time\" content=\"2022-04-25T12:53:04+00:00\" \/>\n<meta name=\"twitter:card\" content=\"summary_large_image\" \/>\n<meta name=\"twitter:label1\" content=\"Tiempo de lectura\" \/>\n\t<meta name=\"twitter:data1\" content=\"1 minuto\" \/>\n<!-- \/ Yoast SEO plugin. -->","yoast_head_json":{"title":"Reno NV Cuidado de la piel avanzado | Tratamientos antienvejecimiento del lago Tahoe","description":"Numerosos tratamientos avanzados para el cuidado de la piel para combatir el envejecimiento y mejorar la salud de la piel est\u00e1n disponibles en el Avance Plastic Surgery Institute en Reno, NV. Llame hoy para su cita con el Dr. Erez Dayan.","robots":{"index":"index","follow":"follow","max-snippet":"max-snippet:-1","max-image-preview":"max-image-preview:large","max-video-preview":"max-video-preview:-1"},"canonical":"https:\/\/www.avanceplasticsurgery.com\/es\/tratamientos-de-spa-medicos\/cuidado-de-la-piel-avanzado\/","og_locale":"es_ES","og_type":"article","og_title":"Reno NV Cuidado de la piel avanzado | Tratamientos antienvejecimiento del lago Tahoe","og_description":"Numerosos tratamientos avanzados para el cuidado de la piel para combatir el envejecimiento y mejorar la salud de la piel est\u00e1n disponibles en el Avance Plastic Surgery Institute en Reno, NV. Llame hoy para su cita con el Dr. Erez Dayan.","og_url":"https:\/\/www.avanceplasticsurgery.com\/es\/tratamientos-de-spa-medicos\/cuidado-de-la-piel-avanzado\/","og_site_name":"Avance Plastic Surgery","article_modified_time":"2022-04-25T12:53:04+00:00","twitter_card":"summary_large_image","twitter_misc":{"Tiempo de lectura":"1 minuto"},"schema":{"@context":"https:\/\/schema.org","@graph":[{"@type":"WebPage","@id":"https:\/\/www.avanceplasticsurgery.com\/es\/tratamientos-de-spa-medicos\/cuidado-de-la-piel-avanzado\/","url":"https:\/\/www.avanceplasticsurgery.com\/es\/tratamientos-de-spa-medicos\/cuidado-de-la-piel-avanzado\/","name":"Reno NV Cuidado de la piel avanzado | Tratamientos antienvejecimiento del lago Tahoe","isPartOf":{"@id":"https:\/\/www.avanceplasticsurgery.com\/es\/#website"},"datePublished":"2020-09-20T12:56:55+00:00","dateModified":"2022-04-25T12:53:04+00:00","description":"Numerosos tratamientos avanzados para el cuidado de la piel para combatir el envejecimiento y mejorar la salud de la piel est\u00e1n disponibles en el Avance Plastic Surgery Institute en Reno, NV. Llame hoy para su cita con el Dr. Erez Dayan.","breadcrumb":{"@id":"https:\/\/www.avanceplasticsurgery.com\/es\/tratamientos-de-spa-medicos\/cuidado-de-la-piel-avanzado\/#breadcrumb"},"inLanguage":"es","potentialAction":[{"@type":"ReadAction","target":["https:\/\/www.avanceplasticsurgery.com\/es\/tratamientos-de-spa-medicos\/cuidado-de-la-piel-avanzado\/"]}]},{"@type":"BreadcrumbList","@id":"https:\/\/www.avanceplasticsurgery.com\/es\/tratamientos-de-spa-medicos\/cuidado-de-la-piel-avanzado\/#breadcrumb","itemListElement":[{"@type":"ListItem","position":1,"name":"Home","item":"https:\/\/www.avanceplasticsurgery.com\/es\/"},{"@type":"ListItem","position":2,"name":"Tratamientos de spa m\u00e9dicos","item":"https:\/\/www.avanceplasticsurgery.com\/es\/tratamientos-de-spa-medicos\/"},{"@type":"ListItem","position":3,"name":"Cuidado de la piel avanzado"}]},{"@type":"WebSite","@id":"https:\/\/www.avanceplasticsurgery.com\/es\/#website","url":"https:\/\/www.avanceplasticsurgery.com\/es\/","name":"Avance Plastic Surgery","description":"","potentialAction":[{"@type":"SearchAction","target":{"@type":"EntryPoint","urlTemplate":"https:\/\/www.avanceplasticsurgery.com\/es\/?s={search_term_string}"},"query-input":{"@type":"PropertyValueSpecification","valueRequired":true,"valueName":"search_term_string"}}],"inLanguage":"es"}]}},"_links":{"self":[{"href":"https:\/\/www.avanceplasticsurgery.com\/es\/wp-json\/wp\/v2\/pages\/9017","targetHints":{"allow":["GET"]}}],"collection":[{"href":"https:\/\/www.avanceplasticsurgery.com\/es\/wp-json\/wp\/v2\/pages"}],"about":[{"href":"https:\/\/www.avanceplasticsurgery.com\/es\/wp-json\/wp\/v2\/types\/page"}],"author":[{"embeddable":true,"href":"https:\/\/www.avanceplasticsurgery.com\/es\/wp-json\/wp\/v2\/users\/1"}],"replies":[{"embeddable":true,"href":"https:\/\/www.avanceplasticsurgery.com\/es\/wp-json\/wp\/v2\/comments?post=9017"}],"version-history":[{"count":1,"href":"https:\/\/www.avanceplasticsurgery.com\/es\/wp-json\/wp\/v2\/pages\/9017\/revisions"}],"predecessor-version":[{"id":9294,"href":"https:\/\/www.avanceplasticsurgery.com\/es\/wp-json\/wp\/v2\/pages\/9017\/revisions\/9294"}],"up":[{"embeddable":true,"href":"https:\/\/www.avanceplasticsurgery.com\/es\/wp-json\/wp\/v2\/pages\/9015"}],"wp:attachment":[{"href":"https:\/\/www.avanceplasticsurgery.com\/es\/wp-json\/wp\/v2\/media?parent=9017"}],"curies":[{"name":"wp","href":"https:\/\/api.w.org\/{rel}","templated":true}]}}