{"id":9018,"date":"2021-04-17T14:25:52","date_gmt":"2021-04-17T14:25:52","guid":{"rendered":"https:\/\/www.avanceplasticsurgery.com\/tratamientos-de-spa-medicos\/reduccion-de-la-celulitis-y-reafirmacion-de-la-piel-morpheus8-de-inmode\/"},"modified":"2022-04-25T13:02:12","modified_gmt":"2022-04-25T13:02:12","slug":"reduccion-de-la-celulitis-y-reafirmacion-de-la-piel-morpheus8-de-inmode","status":"publish","type":"page","link":"https:\/\/www.avanceplasticsurgery.com\/es\/tratamientos-de-spa-medicos\/reduccion-de-la-celulitis-y-reafirmacion-de-la-piel-morpheus8-de-inmode\/","title":{"rendered":"Reducci\u00f3n de la celulitis y reafirmaci\u00f3n de la piel &#8211; Morpheus8 de InMode"},"content":{"rendered":"<h1>Estiramiento de la piel con Morpheus8<\/h1>\n<p>La piel fl\u00e1cida y desigual no es muy favorecedora; ahora, con el tratamiento reafirmante de la piel Morpheus8, ya no tiene por qu\u00e9 ser un problema. Morpheus8 utiliza radiofrecuencia con microagujas para mejorar la textura de tu piel. Estas imperfecciones en la capa subd\u00e9rmica de la piel est\u00e1n dirigidas a estimular la producci\u00f3n y remodelaci\u00f3n de col\u00e1geno. Las capas profundas de la piel y los tejidos de cualquier parte del cuerpo pueden tratarse con Morpheus8. Si tiene problemas con las cicatrices del acn\u00e9, las estr\u00edas o <a title=\"Reno NV Med Spa Tratamientos\" href=\"https:\/\/www.avanceplasticsurgery.com\/es\/med-spa-treatments\/\">desea reducir las l\u00edneas finas y las arrugas<\/a> , Morpheus8 puede ser para usted.<\/p>\n<h2>\u00bfEs usted un candidato para los tratamientos Morpheus8?<\/h2>\n<p>Se necesita una revisi\u00f3n exhaustiva de su historial m\u00e9dico junto con un examen f\u00edsico para determinar si Morpheus8 funcionar\u00e1 para usted. Los planes de tratamiento son individualizados y personalizados para abordar sus \u00e1reas problem\u00e1ticas particulares. Los candidatos para estos tratamientos gozan de buena salud y tienen metas y expectativas realistas. Si no est\u00e1 satisfecho con el aspecto de su piel, Morpheus8 puede ser la soluci\u00f3n para usted.<\/p>\n<button class=\"flc-yt lazyload\" data-id=\"WUagYnbIAQQ\" data-title=\"Cirug\u00eda Pl\u00e1stica Avance Cuerpo de Morfeo Radiofrecuencia\" data-bg=\"https:\/\/i.ytimg.com\/vi\/WUagYnbIAQQ\/hqdefault.jpg\" aria-label=\"Play video Cirug\u00eda Pl\u00e1stica Avance Cuerpo de Morfeo Radiofrecuencia\">  <div class=\"flc-yt__title\">Cirug\u00eda Pl\u00e1stica Avance Cuerpo de Morfeo Radiofrecuencia<\/div>  <span class=\"flc-yt__play\">    <svg viewBox=\"0 0 68 48\" xmlns=\"http:\/\/www.w3.org\/2000\/svg\" aria-hidden=\"true\"><path d=\"M66.5 7.8A8.5 8.5 0 0 0 60.6 2C55.3.5 34 .5 34 .5S12.7.5 7.4 2A8.5 8.5 0 0 0 1.5 7.8C0 13.1 0 24 0 24s0 10.9 1.5 16.2A8.5 8.5 0 0 0 7.4 46C12.7 47.5 34 47.5 34 47.5s21.3 0 26.6-1.5a8.5 8.5 0 0 0 5.9-5.8C68 34.9 68 24 68 24s0-10.9-1.5-16.2Z\" fill=\"#f00\"\/><path d=\"M27 34l18-10-18-10v20Z\" fill=\"#fff\"\/><\/svg>  <\/span><\/button>\n<h3>Estiramiento de la piel no quir\u00fargico<\/h3>\n<p>El procedimiento consiste en aplicar un anest\u00e9sico t\u00f3pico o inyectar un anest\u00e9sico local en el \u00e1rea de tratamiento. El tratamiento comienza cuando el \u00e1rea est\u00e1 adormecida. Se utilizan agujas diminutas con una radiofrecuencia espec\u00edfica para penetrar la piel y la grasa con un da\u00f1o m\u00ednimo o nulo en la piel externa. Esto crea una textura m\u00e1s suave y un tono de piel m\u00e1s uniforme. Los resultados del tratamiento no son perceptibles de inmediato, pero deber\u00eda ver una diferencia dentro de las tres o cuatro semanas posteriores al tratamiento. Los resultados completos tardan unos tres meses en ser perceptibles.<\/p>\n<p>Los riesgos involucrados en el tratamiento con Morpheus8 son m\u00ednimos y pueden incluir:<\/p>\n<ul>\n<li>Sangrado<\/li>\n<li>moretones<\/li>\n<li>quemaduras<\/li>\n<li>Picaz\u00f3n\/irritaci\u00f3n<\/li>\n<li>Enrojecimiento<\/li>\n<li>Hinchaz\u00f3n<\/li>\n<li>Cambio temporal en la pigmentaci\u00f3n de la piel.<\/li>\n<\/ul>\n<p>Estos efectos son temporales y deber\u00edan desaparecer en cuesti\u00f3n de d\u00edas.<\/p>\n<p>Morpheus8 es una excelente manera de suavizar la piel afectada por la celulitis, las cicatrices del acn\u00e9 y las estr\u00edas. Si tiene la piel fl\u00e1cida y desea tensarla sin cirug\u00eda, <a title=\"Comun\u00edquese con Avance Plastic Surgery en Reno NV\" href=\"https:\/\/www.avanceplasticsurgery.com\/es\/contact-us-dr-erez-dayan\/\">comun\u00edquese con Avance Plastic Surgery<\/a> . Programe una cita de consulta para obtener m\u00e1s informaci\u00f3n sobre Morpheus8 y determinar si es un buen candidato para este tratamiento innovador.<\/p>\n","protected":false},"excerpt":{"rendered":"<p>Estiramiento de la piel con Morpheus8 La piel fl\u00e1cida y desigual no es muy favorecedora; ahora, con el tratamiento&hellip;<\/p>\n","protected":false},"author":1,"featured_media":0,"parent":9015,"menu_order":0,"comment_status":"closed","ping_status":"closed","template":"","meta":{"_acf_changed":false,"footnotes":""},"class_list":["post-9018","page","type-page","status-publish"],"acf":[],"yoast_head":"<!-- This site is optimized with the Yoast SEO plugin v27.4 - https:\/\/yoast.com\/product\/yoast-seo-wordpress\/ -->\n<title>Estiramiento de la piel sin cirug\u00eda Reno NV | Tratamiento de celulitis Morpheus8 | Lago Tahoe<\/title>\n<meta name=\"description\" content=\"El tratamiento de estiramiento de la piel no quir\u00fargico Morpheus8 puede corregir la flacidez de la piel y minimizar los bultos y protuberancias de la celulitis. Reduzca las l\u00edneas finas y las arrugas y aborde las cicatrices del acn\u00e9 y las estr\u00edas con este innovador tratamiento. Programe una cita con Avance Plastic Surgery hoy.\" \/>\n<meta name=\"robots\" content=\"index, follow, max-snippet:-1, max-image-preview:large, max-video-preview:-1\" \/>\n<link rel=\"canonical\" href=\"https:\/\/www.avanceplasticsurgery.com\/es\/tratamientos-de-spa-medicos\/reduccion-de-la-celulitis-y-reafirmacion-de-la-piel-morpheus8-de-inmode\/\" \/>\n<meta property=\"og:locale\" content=\"es_ES\" \/>\n<meta property=\"og:type\" content=\"article\" \/>\n<meta property=\"og:title\" content=\"Estiramiento de la piel sin cirug\u00eda Reno NV | Tratamiento de celulitis Morpheus8 | Lago Tahoe\" \/>\n<meta property=\"og:description\" content=\"El tratamiento de estiramiento de la piel no quir\u00fargico Morpheus8 puede corregir la flacidez de la piel y minimizar los bultos y protuberancias de la celulitis. Reduzca las l\u00edneas finas y las arrugas y aborde las cicatrices del acn\u00e9 y las estr\u00edas con este innovador tratamiento. Programe una cita con Avance Plastic Surgery hoy.\" \/>\n<meta property=\"og:url\" content=\"https:\/\/www.avanceplasticsurgery.com\/es\/tratamientos-de-spa-medicos\/reduccion-de-la-celulitis-y-reafirmacion-de-la-piel-morpheus8-de-inmode\/\" \/>\n<meta property=\"og:site_name\" content=\"Avance Plastic Surgery\" \/>\n<meta property=\"article:modified_time\" content=\"2022-04-25T13:02:12+00:00\" \/>\n<meta name=\"twitter:card\" content=\"summary_large_image\" \/>\n<meta name=\"twitter:label1\" content=\"Tiempo de lectura\" \/>\n\t<meta name=\"twitter:data1\" content=\"2 minutos\" \/>\n<!-- \/ Yoast SEO plugin. -->","yoast_head_json":{"title":"Estiramiento de la piel sin cirug\u00eda Reno NV | Tratamiento de celulitis Morpheus8 | Lago Tahoe","description":"El tratamiento de estiramiento de la piel no quir\u00fargico Morpheus8 puede corregir la flacidez de la piel y minimizar los bultos y protuberancias de la celulitis. Reduzca las l\u00edneas finas y las arrugas y aborde las cicatrices del acn\u00e9 y las estr\u00edas con este innovador tratamiento. Programe una cita con Avance Plastic Surgery hoy.","robots":{"index":"index","follow":"follow","max-snippet":"max-snippet:-1","max-image-preview":"max-image-preview:large","max-video-preview":"max-video-preview:-1"},"canonical":"https:\/\/www.avanceplasticsurgery.com\/es\/tratamientos-de-spa-medicos\/reduccion-de-la-celulitis-y-reafirmacion-de-la-piel-morpheus8-de-inmode\/","og_locale":"es_ES","og_type":"article","og_title":"Estiramiento de la piel sin cirug\u00eda Reno NV | Tratamiento de celulitis Morpheus8 | Lago Tahoe","og_description":"El tratamiento de estiramiento de la piel no quir\u00fargico Morpheus8 puede corregir la flacidez de la piel y minimizar los bultos y protuberancias de la celulitis. Reduzca las l\u00edneas finas y las arrugas y aborde las cicatrices del acn\u00e9 y las estr\u00edas con este innovador tratamiento. Programe una cita con Avance Plastic Surgery hoy.","og_url":"https:\/\/www.avanceplasticsurgery.com\/es\/tratamientos-de-spa-medicos\/reduccion-de-la-celulitis-y-reafirmacion-de-la-piel-morpheus8-de-inmode\/","og_site_name":"Avance Plastic Surgery","article_modified_time":"2022-04-25T13:02:12+00:00","twitter_card":"summary_large_image","twitter_misc":{"Tiempo de lectura":"2 minutos"},"schema":{"@context":"https:\/\/schema.org","@graph":[{"@type":"WebPage","@id":"https:\/\/www.avanceplasticsurgery.com\/es\/tratamientos-de-spa-medicos\/reduccion-de-la-celulitis-y-reafirmacion-de-la-piel-morpheus8-de-inmode\/","url":"https:\/\/www.avanceplasticsurgery.com\/es\/tratamientos-de-spa-medicos\/reduccion-de-la-celulitis-y-reafirmacion-de-la-piel-morpheus8-de-inmode\/","name":"Estiramiento de la piel sin cirug\u00eda Reno NV | Tratamiento de celulitis Morpheus8 | Lago Tahoe","isPartOf":{"@id":"https:\/\/www.avanceplasticsurgery.com\/es\/#website"},"datePublished":"2021-04-17T14:25:52+00:00","dateModified":"2022-04-25T13:02:12+00:00","description":"El tratamiento de estiramiento de la piel no quir\u00fargico Morpheus8 puede corregir la flacidez de la piel y minimizar los bultos y protuberancias de la celulitis. Reduzca las l\u00edneas finas y las arrugas y aborde las cicatrices del acn\u00e9 y las estr\u00edas con este innovador tratamiento. Programe una cita con Avance Plastic Surgery hoy.","breadcrumb":{"@id":"https:\/\/www.avanceplasticsurgery.com\/es\/tratamientos-de-spa-medicos\/reduccion-de-la-celulitis-y-reafirmacion-de-la-piel-morpheus8-de-inmode\/#breadcrumb"},"inLanguage":"es","potentialAction":[{"@type":"ReadAction","target":["https:\/\/www.avanceplasticsurgery.com\/es\/tratamientos-de-spa-medicos\/reduccion-de-la-celulitis-y-reafirmacion-de-la-piel-morpheus8-de-inmode\/"]}]},{"@type":"BreadcrumbList","@id":"https:\/\/www.avanceplasticsurgery.com\/es\/tratamientos-de-spa-medicos\/reduccion-de-la-celulitis-y-reafirmacion-de-la-piel-morpheus8-de-inmode\/#breadcrumb","itemListElement":[{"@type":"ListItem","position":1,"name":"Home","item":"https:\/\/www.avanceplasticsurgery.com\/es\/"},{"@type":"ListItem","position":2,"name":"Tratamientos de spa m\u00e9dicos","item":"https:\/\/www.avanceplasticsurgery.com\/es\/tratamientos-de-spa-medicos\/"},{"@type":"ListItem","position":3,"name":"Reducci\u00f3n de la celulitis y reafirmaci\u00f3n de la piel &#8211; Morpheus8 de InMode"}]},{"@type":"WebSite","@id":"https:\/\/www.avanceplasticsurgery.com\/es\/#website","url":"https:\/\/www.avanceplasticsurgery.com\/es\/","name":"Avance Plastic Surgery","description":"","potentialAction":[{"@type":"SearchAction","target":{"@type":"EntryPoint","urlTemplate":"https:\/\/www.avanceplasticsurgery.com\/es\/?s={search_term_string}"},"query-input":{"@type":"PropertyValueSpecification","valueRequired":true,"valueName":"search_term_string"}}],"inLanguage":"es"}]}},"_links":{"self":[{"href":"https:\/\/www.avanceplasticsurgery.com\/es\/wp-json\/wp\/v2\/pages\/9018","targetHints":{"allow":["GET"]}}],"collection":[{"href":"https:\/\/www.avanceplasticsurgery.com\/es\/wp-json\/wp\/v2\/pages"}],"about":[{"href":"https:\/\/www.avanceplasticsurgery.com\/es\/wp-json\/wp\/v2\/types\/page"}],"author":[{"embeddable":true,"href":"https:\/\/www.avanceplasticsurgery.com\/es\/wp-json\/wp\/v2\/users\/1"}],"replies":[{"embeddable":true,"href":"https:\/\/www.avanceplasticsurgery.com\/es\/wp-json\/wp\/v2\/comments?post=9018"}],"version-history":[{"count":2,"href":"https:\/\/www.avanceplasticsurgery.com\/es\/wp-json\/wp\/v2\/pages\/9018\/revisions"}],"predecessor-version":[{"id":9333,"href":"https:\/\/www.avanceplasticsurgery.com\/es\/wp-json\/wp\/v2\/pages\/9018\/revisions\/9333"}],"up":[{"embeddable":true,"href":"https:\/\/www.avanceplasticsurgery.com\/es\/wp-json\/wp\/v2\/pages\/9015"}],"wp:attachment":[{"href":"https:\/\/www.avanceplasticsurgery.com\/es\/wp-json\/wp\/v2\/media?parent=9018"}],"curies":[{"name":"wp","href":"https:\/\/api.w.org\/{rel}","templated":true}]}}