{"id":9020,"date":"2020-09-20T13:11:34","date_gmt":"2020-09-20T13:11:34","guid":{"rendered":"https:\/\/www.avanceplasticsurgery.com\/tratamientos-de-spa-medicos\/peelings-quimicos\/"},"modified":"2022-04-25T13:01:51","modified_gmt":"2022-04-25T13:01:51","slug":"peelings-quimicos","status":"publish","type":"page","link":"https:\/\/www.avanceplasticsurgery.com\/es\/tratamientos-de-spa-medicos\/peelings-quimicos\/","title":{"rendered":"Peelings qu\u00edmicos"},"content":{"rendered":"<h1>Peelings Qu\u00edmicos Faciales<\/h1>\n<p>La exposici\u00f3n al sol puede provocar manchas de la edad y un tono de piel desigual. El acn\u00e9 en la adolescencia o la edad adulta puede dejarte cicatrices molestas que estropean tu apariencia. Un medio popular y efectivo de <a title=\"Reno NV Med Spa Tratamientos\" href=\"https:\/\/www.avanceplasticsurgery.com\/es\/med-spa-treatments\/\">rejuvenecimiento de la piel facial<\/a> para tratar estos problemas son las exfoliaciones qu\u00edmicas faciales. Como especialista est\u00e9tico y cirujano pl\u00e1stico cosm\u00e9tico y reconstructivo, el Dr. Erez Dayan puede realizar este tratamiento con excelentes resultados en el Avance Plastic Surgery Institute en Reno\/Tahoe, NV.<\/p>\n<p>Puede lograr resultados naturalmente hermosos con exfoliaciones qu\u00edmicas faciales, una forma de rehabilitaci\u00f3n de la piel m\u00ednimamente invasiva. El Dr. Dayan realiza un examen facial completo antes de determinar si este tratamiento es adecuado para usted. Es especialmente efectivo en aquellos que:<\/p>\n<ul>\n<li>Tiene arrugas y l\u00edneas faciales de leves a medianas.<\/li>\n<li>Tener los poros dilatados<\/li>\n<li>Tiene zonas \u00e1speras de la piel del rostro<\/li>\n<li>Tiene manchas solares o de la edad<\/li>\n<li>Tener pigmentaci\u00f3n desigual<\/li>\n<li>Tiene acn\u00e9 u otras cicatrices superficiales.<\/li>\n<\/ul>\n<p>El Dr. Dayan puede adaptar su tratamiento de exfoliaci\u00f3n qu\u00edmica facial para que coincida con el nivel de necesidades que tenga, a menudo combin\u00e1ndolo con otros procedimientos como parte de un protocolo de rejuvenecimiento facial integral y personalizado para combatir el envejecimiento y ayudarlo a lucir m\u00e1s joven.<\/p>\n<h2>Consiga una piel m\u00e1s joven en Reno\/Lake Tahoe<\/h2>\n<p>Si est\u00e1 listo para tener una piel de aspecto m\u00e1s joven en Reno o Lake Tahoe, programe una cita de consulta ahora en Avance Plastic Surgery Institute. El Dr. Dayan y nuestro equipo de est\u00e9tica ofrecen diferentes tipos de exfoliaciones qu\u00edmicas faciales para tratar diferentes niveles de imperfecciones faciales.<\/p>\n<p><strong>Peeling suave\/superficial<\/strong> : diferentes concentraciones del tratamiento qu\u00edmico m\u00e1s ligero para l\u00edneas leves, arrugas o manchas solares. Excelentes resultados con muy poco tiempo de inactividad.<\/p>\n<p><strong>Peeling de profundidad moderada\/media<\/strong> : un tratamiento qu\u00edmico m\u00e1s invasivo e intenso para necesidades m\u00e1s severas, l\u00edneas m\u00e1s profundas y cicatrices. El nivel m\u00e1s profundo de exfoliaci\u00f3n requiere m\u00e1s tiempo de inactividad y recuperaci\u00f3n.<\/p>\n<p>Si se necesita un tratamiento de exfoliaci\u00f3n qu\u00edmica de nivel m\u00e1s profundo, el Dr. Dayan puede optar por combinar el tratamiento con otros procedimientos para obtener los deseos que busca. Explicar\u00e1 m\u00e1s sobre las diferentes recomendaciones en una consulta en su oficina de Reno\/Tahoe antes de que comience cualquier tratamiento. <a title=\"P\u00f3ngase en contacto con el Instituto de Cirug\u00eda Pl\u00e1stica Avance en Reno NV\" href=\"https:\/\/www.avanceplasticsurgery.com\/es\/contact-us-dr-erez-dayan\/\">P\u00f3ngase en contacto con Avance Plastic Surgery Institute<\/a> hoy para programar su consulta.<\/p>\n<p style=\"text-align: center;\"><a href=\"https:\/\/www.avanceplasticsurgery.com\/wp-content\/uploads\/2020\/10\/Derm_Peel_Laser_Instructions.pdf\" class=\"btn btn-primary\" target=\"_blank\" rel=\"noopener noreferrer\">Instrucciones postoperatorias<\/a><\/p>\n<p>El Dr. Erez Dayan ha realizado una extensa investigaci\u00f3n sobre est\u00e9tica facial y resultados cosm\u00e9ticos excepcionales. Lea m\u00e1s sobre la investigaci\u00f3n de est\u00e9tica facial del Dr. Dayan <a href=\"https:\/\/www.avanceplasticsurgery.com\/es\/about-avance-plastic-surgery-institute\/research\/#facial-aesthetics\">aqu\u00ed<\/a> .<\/p>\n","protected":false},"excerpt":{"rendered":"<p>Peelings Qu\u00edmicos Faciales La exposici\u00f3n al sol puede provocar manchas de la edad y un tono de piel desigual.&hellip;<\/p>\n","protected":false},"author":1,"featured_media":0,"parent":9015,"menu_order":0,"comment_status":"closed","ping_status":"closed","template":"","meta":{"_acf_changed":false,"footnotes":""},"class_list":["post-9020","page","type-page","status-publish"],"acf":[],"yoast_head":"<!-- This site is optimized with the Yoast SEO plugin v27.4 - https:\/\/yoast.com\/product\/yoast-seo-wordpress\/ -->\n<title>Peeling qu\u00edmico facial Reno NV | Lake Tahoe piel de aspecto m\u00e1s joven<\/title>\n<meta name=\"description\" content=\"Las exfoliaciones qu\u00edmicas faciales pueden producir una piel de aspecto m\u00e1s joven, eliminando las manchas solares, las l\u00edneas, las arrugas y el acn\u00e9 u otras cicatrices. Llame al Instituto de Cirug\u00eda Pl\u00e1stica Avance en Reno, NV, para una cita de consulta.\" \/>\n<meta name=\"robots\" content=\"index, follow, max-snippet:-1, max-image-preview:large, max-video-preview:-1\" \/>\n<link rel=\"canonical\" href=\"https:\/\/www.avanceplasticsurgery.com\/es\/tratamientos-de-spa-medicos\/peelings-quimicos\/\" \/>\n<meta property=\"og:locale\" content=\"es_ES\" \/>\n<meta property=\"og:type\" content=\"article\" \/>\n<meta property=\"og:title\" content=\"Peeling qu\u00edmico facial Reno NV | Lake Tahoe piel de aspecto m\u00e1s joven\" \/>\n<meta property=\"og:description\" content=\"Las exfoliaciones qu\u00edmicas faciales pueden producir una piel de aspecto m\u00e1s joven, eliminando las manchas solares, las l\u00edneas, las arrugas y el acn\u00e9 u otras cicatrices. Llame al Instituto de Cirug\u00eda Pl\u00e1stica Avance en Reno, NV, para una cita de consulta.\" \/>\n<meta property=\"og:url\" content=\"https:\/\/www.avanceplasticsurgery.com\/es\/tratamientos-de-spa-medicos\/peelings-quimicos\/\" \/>\n<meta property=\"og:site_name\" content=\"Avance Plastic Surgery\" \/>\n<meta property=\"article:modified_time\" content=\"2022-04-25T13:01:51+00:00\" \/>\n<meta name=\"twitter:card\" content=\"summary_large_image\" \/>\n<meta name=\"twitter:label1\" content=\"Tiempo de lectura\" \/>\n\t<meta name=\"twitter:data1\" content=\"2 minutos\" \/>\n<!-- \/ Yoast SEO plugin. -->","yoast_head_json":{"title":"Peeling qu\u00edmico facial Reno NV | Lake Tahoe piel de aspecto m\u00e1s joven","description":"Las exfoliaciones qu\u00edmicas faciales pueden producir una piel de aspecto m\u00e1s joven, eliminando las manchas solares, las l\u00edneas, las arrugas y el acn\u00e9 u otras cicatrices. Llame al Instituto de Cirug\u00eda Pl\u00e1stica Avance en Reno, NV, para una cita de consulta.","robots":{"index":"index","follow":"follow","max-snippet":"max-snippet:-1","max-image-preview":"max-image-preview:large","max-video-preview":"max-video-preview:-1"},"canonical":"https:\/\/www.avanceplasticsurgery.com\/es\/tratamientos-de-spa-medicos\/peelings-quimicos\/","og_locale":"es_ES","og_type":"article","og_title":"Peeling qu\u00edmico facial Reno NV | Lake Tahoe piel de aspecto m\u00e1s joven","og_description":"Las exfoliaciones qu\u00edmicas faciales pueden producir una piel de aspecto m\u00e1s joven, eliminando las manchas solares, las l\u00edneas, las arrugas y el acn\u00e9 u otras cicatrices. Llame al Instituto de Cirug\u00eda Pl\u00e1stica Avance en Reno, NV, para una cita de consulta.","og_url":"https:\/\/www.avanceplasticsurgery.com\/es\/tratamientos-de-spa-medicos\/peelings-quimicos\/","og_site_name":"Avance Plastic Surgery","article_modified_time":"2022-04-25T13:01:51+00:00","twitter_card":"summary_large_image","twitter_misc":{"Tiempo de lectura":"2 minutos"},"schema":{"@context":"https:\/\/schema.org","@graph":[{"@type":"WebPage","@id":"https:\/\/www.avanceplasticsurgery.com\/es\/tratamientos-de-spa-medicos\/peelings-quimicos\/","url":"https:\/\/www.avanceplasticsurgery.com\/es\/tratamientos-de-spa-medicos\/peelings-quimicos\/","name":"Peeling qu\u00edmico facial Reno NV | Lake Tahoe piel de aspecto m\u00e1s joven","isPartOf":{"@id":"https:\/\/www.avanceplasticsurgery.com\/es\/#website"},"datePublished":"2020-09-20T13:11:34+00:00","dateModified":"2022-04-25T13:01:51+00:00","description":"Las exfoliaciones qu\u00edmicas faciales pueden producir una piel de aspecto m\u00e1s joven, eliminando las manchas solares, las l\u00edneas, las arrugas y el acn\u00e9 u otras cicatrices. Llame al Instituto de Cirug\u00eda Pl\u00e1stica Avance en Reno, NV, para una cita de consulta.","breadcrumb":{"@id":"https:\/\/www.avanceplasticsurgery.com\/es\/tratamientos-de-spa-medicos\/peelings-quimicos\/#breadcrumb"},"inLanguage":"es","potentialAction":[{"@type":"ReadAction","target":["https:\/\/www.avanceplasticsurgery.com\/es\/tratamientos-de-spa-medicos\/peelings-quimicos\/"]}]},{"@type":"BreadcrumbList","@id":"https:\/\/www.avanceplasticsurgery.com\/es\/tratamientos-de-spa-medicos\/peelings-quimicos\/#breadcrumb","itemListElement":[{"@type":"ListItem","position":1,"name":"Home","item":"https:\/\/www.avanceplasticsurgery.com\/es\/"},{"@type":"ListItem","position":2,"name":"Tratamientos de spa m\u00e9dicos","item":"https:\/\/www.avanceplasticsurgery.com\/es\/tratamientos-de-spa-medicos\/"},{"@type":"ListItem","position":3,"name":"Peelings qu\u00edmicos"}]},{"@type":"WebSite","@id":"https:\/\/www.avanceplasticsurgery.com\/es\/#website","url":"https:\/\/www.avanceplasticsurgery.com\/es\/","name":"Avance Plastic Surgery","description":"","potentialAction":[{"@type":"SearchAction","target":{"@type":"EntryPoint","urlTemplate":"https:\/\/www.avanceplasticsurgery.com\/es\/?s={search_term_string}"},"query-input":{"@type":"PropertyValueSpecification","valueRequired":true,"valueName":"search_term_string"}}],"inLanguage":"es"}]}},"_links":{"self":[{"href":"https:\/\/www.avanceplasticsurgery.com\/es\/wp-json\/wp\/v2\/pages\/9020","targetHints":{"allow":["GET"]}}],"collection":[{"href":"https:\/\/www.avanceplasticsurgery.com\/es\/wp-json\/wp\/v2\/pages"}],"about":[{"href":"https:\/\/www.avanceplasticsurgery.com\/es\/wp-json\/wp\/v2\/types\/page"}],"author":[{"embeddable":true,"href":"https:\/\/www.avanceplasticsurgery.com\/es\/wp-json\/wp\/v2\/users\/1"}],"replies":[{"embeddable":true,"href":"https:\/\/www.avanceplasticsurgery.com\/es\/wp-json\/wp\/v2\/comments?post=9020"}],"version-history":[{"count":1,"href":"https:\/\/www.avanceplasticsurgery.com\/es\/wp-json\/wp\/v2\/pages\/9020\/revisions"}],"predecessor-version":[{"id":9331,"href":"https:\/\/www.avanceplasticsurgery.com\/es\/wp-json\/wp\/v2\/pages\/9020\/revisions\/9331"}],"up":[{"embeddable":true,"href":"https:\/\/www.avanceplasticsurgery.com\/es\/wp-json\/wp\/v2\/pages\/9015"}],"wp:attachment":[{"href":"https:\/\/www.avanceplasticsurgery.com\/es\/wp-json\/wp\/v2\/media?parent=9020"}],"curies":[{"name":"wp","href":"https:\/\/api.w.org\/{rel}","templated":true}]}}