{"id":9021,"date":"2021-04-17T14:59:27","date_gmt":"2021-04-17T14:59:27","guid":{"rendered":"https:\/\/www.avanceplasticsurgery.com\/tratamientos-de-spa-medicos\/rejuvenecimiento-cutaneo-con-laser-de-erbio\/"},"modified":"2022-04-26T09:43:48","modified_gmt":"2022-04-26T09:43:48","slug":"rejuvenecimiento-cutaneo-con-laser-de-erbio","status":"publish","type":"page","link":"https:\/\/www.avanceplasticsurgery.com\/es\/tratamientos-de-spa-medicos\/rejuvenecimiento-cutaneo-con-laser-de-erbio\/","title":{"rendered":"Rejuvenecimiento cut\u00e1neo con l\u00e1ser de erbio"},"content":{"rendered":"<h1>Rejuvenecimiento cut\u00e1neo con l\u00e1ser de erbio<\/h1>\n<p>Las l\u00edneas y arrugas moderadamente profundas en la cara, el cuello, las manos y el pecho pueden hacerte lucir mayor que tu edad real. Hay muchas formas de abordar estos problemas, pero una de las m\u00e1s efectivas y con menos efectos secundarios es el rejuvenecimiento cut\u00e1neo con l\u00e1ser de erbio. Este <a title=\"Reno NV Med Spa Tratamientos\" href=\"https:\/\/www.avanceplasticsurgery.com\/es\/med-spa-treatments\/\">m\u00e9todo de tratamiento de arrugas y l\u00edneas profundas<\/a> produce resultados con una quema m\u00ednima de los tejidos circundantes.<\/p>\n<p>Los contaminantes ambientales, el da\u00f1o solar y el estr\u00e9s pueden afectar la piel, creando arrugas e irregularidades en la pigmentaci\u00f3n. Tu rostro es un \u00e1rea particularmente vulnerable. La exfoliaci\u00f3n con l\u00e1ser de erbio es un m\u00e9todo preferido para reducir las l\u00edneas y arrugas que aparecen alrededor de la boca y los ojos. Este tratamiento tambi\u00e9n funciona para cicatrices, manchas solares y queratosis act\u00ednicas. Si su piel tiene una textura deficiente y no est\u00e1 tonificada, el tratamiento con l\u00e1ser de erbio puede mejorar su aspecto y tacto.<\/p>\n<button class=\"flc-yt lazyload\" data-id=\"36SJGwR2Zlc\" data-title=\"Erbium Laser Skin Resurfacing\" data-bg=\"https:\/\/i.ytimg.com\/vi\/36SJGwR2Zlc\/hqdefault.jpg\" aria-label=\"Play video Erbium Laser Skin Resurfacing\">  <div class=\"flc-yt__title\">Erbium Laser Skin Resurfacing<\/div>  <span class=\"flc-yt__play\">    <svg viewBox=\"0 0 68 48\" xmlns=\"http:\/\/www.w3.org\/2000\/svg\" aria-hidden=\"true\"><path d=\"M66.5 7.8A8.5 8.5 0 0 0 60.6 2C55.3.5 34 .5 34 .5S12.7.5 7.4 2A8.5 8.5 0 0 0 1.5 7.8C0 13.1 0 24 0 24s0 10.9 1.5 16.2A8.5 8.5 0 0 0 7.4 46C12.7 47.5 34 47.5 34 47.5s21.3 0 26.6-1.5a8.5 8.5 0 0 0 5.9-5.8C68 34.9 68 24 68 24s0-10.9-1.5-16.2Z\" fill=\"#f00\"\/><path d=\"M27 34l18-10-18-10v20Z\" fill=\"#fff\"\/><\/svg>  <\/span><\/button>\n<h2>C\u00f3mo funciona<\/h2>\n<p>Despu\u00e9s de examinar su piel, el m\u00e9dico determina qu\u00e9 tan profundo debe ser el peeling con l\u00e1ser. El estado de su piel, sus expectativas y el tiempo de inactividad son factores que determinan la profundidad de su tratamiento. Solo la cantidad necesaria de piel se trata con el l\u00e1ser.<\/p>\n<p>El tratamiento estimula el crecimiento de col\u00e1geno nuevo, la piedra angular de una piel m\u00e1s suave y firme. La piel nueva crecer\u00e1 con c\u00e9lulas de la piel sanas y robustas, lo que dar\u00e1 como resultado una apariencia juvenil y rejuvenecida. Notar\u00e1s una mejor\u00eda despu\u00e9s de tu primer tratamiento.<\/p>\n<button class=\"flc-yt lazyload\" data-id=\"1rhsa1d0cqw\" data-title=\"Erbium: rejuvenecimiento cut\u00e1neo con l\u00e1ser YAG\" data-bg=\"https:\/\/i.ytimg.com\/vi\/1rhsa1d0cqw\/hqdefault.jpg\" aria-label=\"Play video Erbium: rejuvenecimiento cut\u00e1neo con l\u00e1ser YAG\">  <div class=\"flc-yt__title\">Erbium: rejuvenecimiento cut\u00e1neo con l\u00e1ser YAG<\/div>  <span class=\"flc-yt__play\">    <svg viewBox=\"0 0 68 48\" xmlns=\"http:\/\/www.w3.org\/2000\/svg\" aria-hidden=\"true\"><path d=\"M66.5 7.8A8.5 8.5 0 0 0 60.6 2C55.3.5 34 .5 34 .5S12.7.5 7.4 2A8.5 8.5 0 0 0 1.5 7.8C0 13.1 0 24 0 24s0 10.9 1.5 16.2A8.5 8.5 0 0 0 7.4 46C12.7 47.5 34 47.5 34 47.5s21.3 0 26.6-1.5a8.5 8.5 0 0 0 5.9-5.8C68 34.9 68 24 68 24s0-10.9-1.5-16.2Z\" fill=\"#f00\"\/><path d=\"M27 34l18-10-18-10v20Z\" fill=\"#fff\"\/><\/svg>  <\/span><\/button>\n<h3>Que esperar<\/h3>\n<p>La mayor\u00eda de los pacientes experimentar\u00e1n enrojecimiento y sensibilidad, como se podr\u00eda esperar de las quemaduras solares. La hinchaz\u00f3n en las \u00e1reas objetivo es com\u00fan. Es importante mantener la piel h\u00fameda despu\u00e9s del tratamiento. Algunos pacientes requieren analg\u00e9sicos para las molestias. Su m\u00e9dico le explicar\u00e1 los procedimientos de atenci\u00f3n posterior y har\u00e1 recomendaciones para garantizar una recuperaci\u00f3n r\u00e1pida.<\/p>\n<p>La curaci\u00f3n completa del tratamiento con l\u00e1ser de erbio depende de la profundidad del tratamiento. El tratamiento m\u00ednimo puede tomar tan solo tres o cuatro d\u00edas antes de que pueda reanudar sus actividades normales. La recuperaci\u00f3n para un tratamiento m\u00e1s extenso se analiza caso por caso.<\/p>\n<p>El tratamiento con l\u00e1ser de erbio no es para todos. Para saber si es un buen candidato para este tratamiento, <a title=\"Contacto Contacto Instituto de Cirug\u00eda Pl\u00e1stica Avance en Reno NV\" href=\"https:\/\/www.avanceplasticsurgery.com\/es\/contact-us-dr-erez-dayan\/\">programe una cita de consulta<\/a> con Avance Plastic Surgery Institute. Podemos ayudarlo a lucir m\u00e1s joven y m\u00e1s vibrante.<\/p>\n","protected":false},"excerpt":{"rendered":"<p>Rejuvenecimiento cut\u00e1neo con l\u00e1ser de erbio Las l\u00edneas y arrugas moderadamente profundas en la cara, el cuello, las manos&hellip;<\/p>\n","protected":false},"author":1,"featured_media":0,"parent":9015,"menu_order":0,"comment_status":"closed","ping_status":"closed","template":"","meta":{"_acf_changed":false,"footnotes":""},"class_list":["post-9021","page","type-page","status-publish"],"acf":[],"yoast_head":"<!-- This site is optimized with the Yoast SEO plugin v25.6 - https:\/\/yoast.com\/wordpress\/plugins\/seo\/ -->\n<title>Reno NV Rejuvenecimiento de la piel con l\u00e1ser de erbio | Tratamiento con l\u00e1ser de erbio YAG | Lago Tahoe<\/title>\n<meta name=\"description\" content=\"Desh\u00e1gase de esas l\u00edneas finas y arrugas en su rostro con el tratamiento con l\u00e1ser de erbio. \u00bfPor qu\u00e9 elegir exfoliaciones qu\u00edmicas para el rejuvenecimiento cuando los tratamientos de rejuvenecimiento cut\u00e1neo con l\u00e1ser causan menos efectos secundarios y una recuperaci\u00f3n m\u00e1s r\u00e1pida? Llame hoy al Instituto de Cirug\u00eda Pl\u00e1stica Avance para una cita de consulta.\" \/>\n<meta name=\"robots\" content=\"index, follow, max-snippet:-1, max-image-preview:large, max-video-preview:-1\" \/>\n<link rel=\"canonical\" href=\"https:\/\/www.avanceplasticsurgery.com\/es\/tratamientos-de-spa-medicos\/rejuvenecimiento-cutaneo-con-laser-de-erbio\/\" \/>\n<meta property=\"og:locale\" content=\"es_ES\" \/>\n<meta property=\"og:type\" content=\"article\" \/>\n<meta property=\"og:title\" content=\"Reno NV Rejuvenecimiento de la piel con l\u00e1ser de erbio | Tratamiento con l\u00e1ser de erbio YAG | Lago Tahoe\" \/>\n<meta property=\"og:description\" content=\"Desh\u00e1gase de esas l\u00edneas finas y arrugas en su rostro con el tratamiento con l\u00e1ser de erbio. \u00bfPor qu\u00e9 elegir exfoliaciones qu\u00edmicas para el rejuvenecimiento cuando los tratamientos de rejuvenecimiento cut\u00e1neo con l\u00e1ser causan menos efectos secundarios y una recuperaci\u00f3n m\u00e1s r\u00e1pida? Llame hoy al Instituto de Cirug\u00eda Pl\u00e1stica Avance para una cita de consulta.\" \/>\n<meta property=\"og:url\" content=\"https:\/\/www.avanceplasticsurgery.com\/es\/tratamientos-de-spa-medicos\/rejuvenecimiento-cutaneo-con-laser-de-erbio\/\" \/>\n<meta property=\"og:site_name\" content=\"Avance Plastic Surgery\" \/>\n<meta property=\"article:modified_time\" content=\"2022-04-26T09:43:48+00:00\" \/>\n<meta name=\"twitter:card\" content=\"summary_large_image\" \/>\n<meta name=\"twitter:label1\" content=\"Tiempo de lectura\" \/>\n\t<meta name=\"twitter:data1\" content=\"2 minutos\" \/>\n<!-- \/ Yoast SEO plugin. -->","yoast_head_json":{"title":"Reno NV Rejuvenecimiento de la piel con l\u00e1ser de erbio | Tratamiento con l\u00e1ser de erbio YAG | Lago Tahoe","description":"Desh\u00e1gase de esas l\u00edneas finas y arrugas en su rostro con el tratamiento con l\u00e1ser de erbio. \u00bfPor qu\u00e9 elegir exfoliaciones qu\u00edmicas para el rejuvenecimiento cuando los tratamientos de rejuvenecimiento cut\u00e1neo con l\u00e1ser causan menos efectos secundarios y una recuperaci\u00f3n m\u00e1s r\u00e1pida? Llame hoy al Instituto de Cirug\u00eda Pl\u00e1stica Avance para una cita de consulta.","robots":{"index":"index","follow":"follow","max-snippet":"max-snippet:-1","max-image-preview":"max-image-preview:large","max-video-preview":"max-video-preview:-1"},"canonical":"https:\/\/www.avanceplasticsurgery.com\/es\/tratamientos-de-spa-medicos\/rejuvenecimiento-cutaneo-con-laser-de-erbio\/","og_locale":"es_ES","og_type":"article","og_title":"Reno NV Rejuvenecimiento de la piel con l\u00e1ser de erbio | Tratamiento con l\u00e1ser de erbio YAG | Lago Tahoe","og_description":"Desh\u00e1gase de esas l\u00edneas finas y arrugas en su rostro con el tratamiento con l\u00e1ser de erbio. \u00bfPor qu\u00e9 elegir exfoliaciones qu\u00edmicas para el rejuvenecimiento cuando los tratamientos de rejuvenecimiento cut\u00e1neo con l\u00e1ser causan menos efectos secundarios y una recuperaci\u00f3n m\u00e1s r\u00e1pida? Llame hoy al Instituto de Cirug\u00eda Pl\u00e1stica Avance para una cita de consulta.","og_url":"https:\/\/www.avanceplasticsurgery.com\/es\/tratamientos-de-spa-medicos\/rejuvenecimiento-cutaneo-con-laser-de-erbio\/","og_site_name":"Avance Plastic Surgery","article_modified_time":"2022-04-26T09:43:48+00:00","twitter_card":"summary_large_image","twitter_misc":{"Tiempo de lectura":"2 minutos"},"schema":{"@context":"https:\/\/schema.org","@graph":[{"@type":"WebPage","@id":"https:\/\/www.avanceplasticsurgery.com\/es\/tratamientos-de-spa-medicos\/rejuvenecimiento-cutaneo-con-laser-de-erbio\/","url":"https:\/\/www.avanceplasticsurgery.com\/es\/tratamientos-de-spa-medicos\/rejuvenecimiento-cutaneo-con-laser-de-erbio\/","name":"Reno NV Rejuvenecimiento de la piel con l\u00e1ser de erbio | Tratamiento con l\u00e1ser de erbio YAG | Lago Tahoe","isPartOf":{"@id":"https:\/\/www.avanceplasticsurgery.com\/es\/#website"},"datePublished":"2021-04-17T14:59:27+00:00","dateModified":"2022-04-26T09:43:48+00:00","description":"Desh\u00e1gase de esas l\u00edneas finas y arrugas en su rostro con el tratamiento con l\u00e1ser de erbio. \u00bfPor qu\u00e9 elegir exfoliaciones qu\u00edmicas para el rejuvenecimiento cuando los tratamientos de rejuvenecimiento cut\u00e1neo con l\u00e1ser causan menos efectos secundarios y una recuperaci\u00f3n m\u00e1s r\u00e1pida? Llame hoy al Instituto de Cirug\u00eda Pl\u00e1stica Avance para una cita de consulta.","breadcrumb":{"@id":"https:\/\/www.avanceplasticsurgery.com\/es\/tratamientos-de-spa-medicos\/rejuvenecimiento-cutaneo-con-laser-de-erbio\/#breadcrumb"},"inLanguage":"es","potentialAction":[{"@type":"ReadAction","target":["https:\/\/www.avanceplasticsurgery.com\/es\/tratamientos-de-spa-medicos\/rejuvenecimiento-cutaneo-con-laser-de-erbio\/"]}]},{"@type":"BreadcrumbList","@id":"https:\/\/www.avanceplasticsurgery.com\/es\/tratamientos-de-spa-medicos\/rejuvenecimiento-cutaneo-con-laser-de-erbio\/#breadcrumb","itemListElement":[{"@type":"ListItem","position":1,"name":"Home","item":"https:\/\/www.avanceplasticsurgery.com\/es\/"},{"@type":"ListItem","position":2,"name":"Tratamientos de spa m\u00e9dicos","item":"https:\/\/www.avanceplasticsurgery.com\/es\/tratamientos-de-spa-medicos\/"},{"@type":"ListItem","position":3,"name":"Rejuvenecimiento cut\u00e1neo con l\u00e1ser de erbio"}]},{"@type":"WebSite","@id":"https:\/\/www.avanceplasticsurgery.com\/es\/#website","url":"https:\/\/www.avanceplasticsurgery.com\/es\/","name":"Avance Plastic Surgery","description":"","potentialAction":[{"@type":"SearchAction","target":{"@type":"EntryPoint","urlTemplate":"https:\/\/www.avanceplasticsurgery.com\/es\/?s={search_term_string}"},"query-input":{"@type":"PropertyValueSpecification","valueRequired":true,"valueName":"search_term_string"}}],"inLanguage":"es"}]}},"_links":{"self":[{"href":"https:\/\/www.avanceplasticsurgery.com\/es\/wp-json\/wp\/v2\/pages\/9021","targetHints":{"allow":["GET"]}}],"collection":[{"href":"https:\/\/www.avanceplasticsurgery.com\/es\/wp-json\/wp\/v2\/pages"}],"about":[{"href":"https:\/\/www.avanceplasticsurgery.com\/es\/wp-json\/wp\/v2\/types\/page"}],"author":[{"embeddable":true,"href":"https:\/\/www.avanceplasticsurgery.com\/es\/wp-json\/wp\/v2\/users\/1"}],"replies":[{"embeddable":true,"href":"https:\/\/www.avanceplasticsurgery.com\/es\/wp-json\/wp\/v2\/comments?post=9021"}],"version-history":[{"count":3,"href":"https:\/\/www.avanceplasticsurgery.com\/es\/wp-json\/wp\/v2\/pages\/9021\/revisions"}],"predecessor-version":[{"id":9370,"href":"https:\/\/www.avanceplasticsurgery.com\/es\/wp-json\/wp\/v2\/pages\/9021\/revisions\/9370"}],"up":[{"embeddable":true,"href":"https:\/\/www.avanceplasticsurgery.com\/es\/wp-json\/wp\/v2\/pages\/9015"}],"wp:attachment":[{"href":"https:\/\/www.avanceplasticsurgery.com\/es\/wp-json\/wp\/v2\/media?parent=9021"}],"curies":[{"name":"wp","href":"https:\/\/api.w.org\/{rel}","templated":true}]}}