{"id":9023,"date":"2021-10-19T13:10:15","date_gmt":"2021-10-19T13:10:15","guid":{"rendered":"https:\/\/www.avanceplasticsurgery.com\/tratamientos-de-spa-medicos\/forma-y-forma-plus\/"},"modified":"2022-04-25T12:54:27","modified_gmt":"2022-04-25T12:54:27","slug":"forma-y-forma-plus","status":"publish","type":"page","link":"https:\/\/www.avanceplasticsurgery.com\/es\/tratamientos-de-spa-medicos\/forma-y-forma-plus\/","title":{"rendered":"Forma y Forma Plus"},"content":{"rendered":"<h1>Forma y Forma Plus<\/h1>\n<p>La producci\u00f3n de col\u00e1geno es fundamental para la apariencia de la piel. Proporciona estructura y elasticidad debajo de la piel y es responsable de la firmeza que asociamos con una apariencia juvenil. A medida que envejecemos, la producci\u00f3n de col\u00e1geno disminuye y las fibras de col\u00e1geno existentes debajo de la piel se relajan. Esto conduce a la flacidez de la piel, las l\u00edneas y las arrugas.<\/p>\n<p>InMode Forma y Forma Plus son dispositivos de radiofrecuencia que estimulan la producci\u00f3n de col\u00e1geno nuevo y tensan las capas m\u00e1s profundas de la piel. No hay l\u00e1seres involucrados con los tratamientos de Forma, lo que permite que se use en todo tipo de piel. Forma y Forma Plus trabajan juntos para <a title=\"Reno NV Med Spa Tratamientos\" href=\"https:\/\/www.avanceplasticsurgery.com\/es\/med-spa-treatments\/\">tratar m\u00faltiples \u00e1reas de preocupaci\u00f3n<\/a> . El dispositivo Forma es para \u00e1reas m\u00e1s peque\u00f1as de la cara y el cuello, mientras que Forma Plus es para \u00e1reas m\u00e1s grandes del cuerpo.<\/p>\n<h3>\u00bfQu\u00e9 hace Forma?<\/h3>\n<p>Calentar las capas subd\u00e9rmicas de la piel estimula la producci\u00f3n y remodelaci\u00f3n de col\u00e1geno, lo que crea una estructura de col\u00e1geno m\u00e1s compacta. Las estructuras de col\u00e1geno m\u00e1s apretadas debajo de la piel mejoran la apariencia externa al disminuir las l\u00edneas y minimizar las arrugas. Tambi\u00e9n suaviza la textura de la piel y reduce las \u00e1reas huecas. Despu\u00e9s de varios tratamientos, la piel fl\u00e1cida tambi\u00e9n aparecer\u00e1 m\u00e1s levantada.<\/p>\n<h3>\u00bfEs el tratamiento Forma un procedimiento quir\u00fargico?<\/h3>\n<p>Los tratamientos de Forma son completamente no invasivos. La radiofrecuencia viaja a trav\u00e9s de un electrodo para proporcionar un calentamiento subd\u00e9rmico seguro. Usando gel de ultrasonido, el dispositivo Forma se mueve sobre las \u00e1reas seleccionadas hasta que se alcanza la temperatura \u00f3ptima de la piel. Forma detecta estas temperaturas autom\u00e1ticamente, por lo que no hay sobrecalentamiento ni subcalentamiento. Esta temperatura perfecta y constante asegura tratamientos uniformes en todas las \u00e1reas y genera los mejores resultados. Puede notar un ligero enrojecimiento despu\u00e9s de un tratamiento, pero no hay hematomas ni tiempo de inactividad. El tratamiento es indoloro, aunque sentir\u00e1s algo de calor mientras el dispositivo funciona.<\/p>\n<h4>\u00bfQui\u00e9n puede beneficiarse de los tratamientos de Forma?<\/h4>\n<p>Forma y Forma Plus son excelentes opciones tanto para hombres como para mujeres que desean aumentar la producci\u00f3n de col\u00e1geno y recuperar una apariencia juvenil sin cirug\u00eda.<\/p>\n<p>Los tratamientos Forma son ideales para tratar la cara y el cuello, incluyendo:<\/p>\n<ul>\n<li>Arrugas<\/li>\n<li>L\u00edneas de labios<\/li>\n<li>patas de gallo<\/li>\n<li>L\u00edneas del cuello<\/li>\n<li>Flacidez de la piel debajo de la mand\u00edbula<\/li>\n<li>\u00c1reas texturizadas y arrugas.<\/li>\n<\/ul>\n<p>Los tratamientos de Forma Plus pueden tratar la piel floja en otras \u00e1reas, que incluyen:<\/p>\n<ul>\n<li>Abdomen<\/li>\n<li>Muslos internos y externos<\/li>\n<li>debajo de los brazos<\/li>\n<li>A trav\u00e9s de la l\u00ednea del sost\u00e9n<\/li>\n<li>Frente y parte posterior de las rodillas<\/li>\n<\/ul>\n<h5>Tratamientos Forma Post-Quir\u00fargicos<\/h5>\n<p>Los tratamientos de Forma se pueden usar solos, pero tambi\u00e9n se pueden agregar despu\u00e9s de procedimientos de mama o corporales para remodelar el col\u00e1geno subyacente de la piel. Esta combinaci\u00f3n de procedimientos aborda todos los componentes estructurales debajo de la piel, brindando resultados superiores.<\/p>\n<h5>\u00bfFunciona Forma para la eliminaci\u00f3n de grasa?<\/h5>\n<p>Forma no es un procedimiento de eliminaci\u00f3n de grasa. Se dirige espec\u00edficamente al col\u00e1geno y no a las c\u00e9lulas grasas. Como no se trata de un procedimiento quir\u00fargico, los tratamientos de Forma est\u00e1n en curso. Requiere de seis a ocho sesiones iniciales y un tratamiento de seguimiento ocasional para mantener los mejores resultados. La frecuencia con la que necesitar\u00e1 un procedimiento Forma ser\u00e1 \u00fanica para usted y depende de muchos factores, incluida la exposici\u00f3n al sol, el estilo de vida y los reg\u00edmenes de cuidado de la piel.<\/p>\n<h5>Conf\u00ede en el Dr. Dayan en Avance Plastic Surgery<\/h5>\n<p>Como cirujano pl\u00e1stico capacitado en Harvard, el Dr. Dayan ofrece un conjunto completo de opciones de cirug\u00eda pl\u00e1stica en el \u00e1rea de Reno y Tahoe. Tiene m\u00e1s entrenamiento en cirug\u00eda est\u00e9tica de \u00e9lite acreditado por la Sociedad Estadounidense de Cirujanos Pl\u00e1sticos Est\u00e9ticos. Da conferencias en los Estados Unidos y en todo el mundo sobre una variedad de temas y es autor de cinco libros sobre cirug\u00eda pl\u00e1stica.<\/p>\n<p>Desde reconstrucciones completas hasta procedimientos m\u00ednimamente invasivos como Forma y Forma Plus, Avance Plastic Surgery Institute tiene un procedimiento que abordar\u00e1 sus inquietudes y le brindar\u00e1 los resultados que se merece.<\/p>\n<p><a title=\"P\u00f3ngase en contacto con el Instituto de Cirug\u00eda Pl\u00e1stica Avance en Reno NVV\" href=\"https:\/\/www.avanceplasticsurgery.com\/es\/contact-us-dr-erez-dayan\/\">P\u00f3ngase en contacto con el Instituto de Cirug\u00eda Pl\u00e1stica Avance<\/a> para programar una consulta con el Dr. Erez Dayan hoy.<\/p>\n","protected":false},"excerpt":{"rendered":"<p>Forma y Forma Plus La producci\u00f3n de col\u00e1geno es fundamental para la apariencia de la piel. Proporciona estructura y&hellip;<\/p>\n","protected":false},"author":1,"featured_media":0,"parent":9015,"menu_order":0,"comment_status":"closed","ping_status":"closed","template":"","meta":{"_acf_changed":false,"footnotes":""},"class_list":["post-9023","page","type-page","status-publish"],"acf":[],"yoast_head":"<!-- This site is optimized with the Yoast SEO plugin v25.6 - https:\/\/yoast.com\/wordpress\/plugins\/seo\/ -->\n<title>Reno NV Forma Remodelaci\u00f3n de la piel no invasiva para la cara | Forma Plus<\/title>\n<meta name=\"description\" content=\"\u00bfEst\u00e1 buscando una forma no invasiva de generar col\u00e1geno y mejorar las l\u00edneas, las arrugas y la textura de la cara y el cuerpo? Inf\u00f3rmese sobre Forma y Forma Plus hoy.\" \/>\n<meta name=\"robots\" content=\"index, follow, max-snippet:-1, max-image-preview:large, max-video-preview:-1\" \/>\n<link rel=\"canonical\" href=\"https:\/\/www.avanceplasticsurgery.com\/es\/tratamientos-de-spa-medicos\/forma-y-forma-plus\/\" \/>\n<meta property=\"og:locale\" content=\"es_ES\" \/>\n<meta property=\"og:type\" content=\"article\" \/>\n<meta property=\"og:title\" content=\"Reno NV Forma Remodelaci\u00f3n de la piel no invasiva para la cara | Forma Plus\" \/>\n<meta property=\"og:description\" content=\"\u00bfEst\u00e1 buscando una forma no invasiva de generar col\u00e1geno y mejorar las l\u00edneas, las arrugas y la textura de la cara y el cuerpo? Inf\u00f3rmese sobre Forma y Forma Plus hoy.\" \/>\n<meta property=\"og:url\" content=\"https:\/\/www.avanceplasticsurgery.com\/es\/tratamientos-de-spa-medicos\/forma-y-forma-plus\/\" \/>\n<meta property=\"og:site_name\" content=\"Avance Plastic Surgery\" \/>\n<meta property=\"article:modified_time\" content=\"2022-04-25T12:54:27+00:00\" \/>\n<meta name=\"twitter:card\" content=\"summary_large_image\" \/>\n<meta name=\"twitter:label1\" content=\"Tiempo de lectura\" \/>\n\t<meta name=\"twitter:data1\" content=\"4 minutos\" \/>\n<!-- \/ Yoast SEO plugin. -->","yoast_head_json":{"title":"Reno NV Forma Remodelaci\u00f3n de la piel no invasiva para la cara | Forma Plus","description":"\u00bfEst\u00e1 buscando una forma no invasiva de generar col\u00e1geno y mejorar las l\u00edneas, las arrugas y la textura de la cara y el cuerpo? Inf\u00f3rmese sobre Forma y Forma Plus hoy.","robots":{"index":"index","follow":"follow","max-snippet":"max-snippet:-1","max-image-preview":"max-image-preview:large","max-video-preview":"max-video-preview:-1"},"canonical":"https:\/\/www.avanceplasticsurgery.com\/es\/tratamientos-de-spa-medicos\/forma-y-forma-plus\/","og_locale":"es_ES","og_type":"article","og_title":"Reno NV Forma Remodelaci\u00f3n de la piel no invasiva para la cara | Forma Plus","og_description":"\u00bfEst\u00e1 buscando una forma no invasiva de generar col\u00e1geno y mejorar las l\u00edneas, las arrugas y la textura de la cara y el cuerpo? Inf\u00f3rmese sobre Forma y Forma Plus hoy.","og_url":"https:\/\/www.avanceplasticsurgery.com\/es\/tratamientos-de-spa-medicos\/forma-y-forma-plus\/","og_site_name":"Avance Plastic Surgery","article_modified_time":"2022-04-25T12:54:27+00:00","twitter_card":"summary_large_image","twitter_misc":{"Tiempo de lectura":"4 minutos"},"schema":{"@context":"https:\/\/schema.org","@graph":[{"@type":"WebPage","@id":"https:\/\/www.avanceplasticsurgery.com\/es\/tratamientos-de-spa-medicos\/forma-y-forma-plus\/","url":"https:\/\/www.avanceplasticsurgery.com\/es\/tratamientos-de-spa-medicos\/forma-y-forma-plus\/","name":"Reno NV Forma Remodelaci\u00f3n de la piel no invasiva para la cara | Forma Plus","isPartOf":{"@id":"https:\/\/www.avanceplasticsurgery.com\/es\/#website"},"datePublished":"2021-10-19T13:10:15+00:00","dateModified":"2022-04-25T12:54:27+00:00","description":"\u00bfEst\u00e1 buscando una forma no invasiva de generar col\u00e1geno y mejorar las l\u00edneas, las arrugas y la textura de la cara y el cuerpo? Inf\u00f3rmese sobre Forma y Forma Plus hoy.","breadcrumb":{"@id":"https:\/\/www.avanceplasticsurgery.com\/es\/tratamientos-de-spa-medicos\/forma-y-forma-plus\/#breadcrumb"},"inLanguage":"es","potentialAction":[{"@type":"ReadAction","target":["https:\/\/www.avanceplasticsurgery.com\/es\/tratamientos-de-spa-medicos\/forma-y-forma-plus\/"]}]},{"@type":"BreadcrumbList","@id":"https:\/\/www.avanceplasticsurgery.com\/es\/tratamientos-de-spa-medicos\/forma-y-forma-plus\/#breadcrumb","itemListElement":[{"@type":"ListItem","position":1,"name":"Home","item":"https:\/\/www.avanceplasticsurgery.com\/es\/"},{"@type":"ListItem","position":2,"name":"Tratamientos de spa m\u00e9dicos","item":"https:\/\/www.avanceplasticsurgery.com\/es\/tratamientos-de-spa-medicos\/"},{"@type":"ListItem","position":3,"name":"Forma y Forma Plus"}]},{"@type":"WebSite","@id":"https:\/\/www.avanceplasticsurgery.com\/es\/#website","url":"https:\/\/www.avanceplasticsurgery.com\/es\/","name":"Avance Plastic Surgery","description":"","potentialAction":[{"@type":"SearchAction","target":{"@type":"EntryPoint","urlTemplate":"https:\/\/www.avanceplasticsurgery.com\/es\/?s={search_term_string}"},"query-input":{"@type":"PropertyValueSpecification","valueRequired":true,"valueName":"search_term_string"}}],"inLanguage":"es"}]}},"_links":{"self":[{"href":"https:\/\/www.avanceplasticsurgery.com\/es\/wp-json\/wp\/v2\/pages\/9023","targetHints":{"allow":["GET"]}}],"collection":[{"href":"https:\/\/www.avanceplasticsurgery.com\/es\/wp-json\/wp\/v2\/pages"}],"about":[{"href":"https:\/\/www.avanceplasticsurgery.com\/es\/wp-json\/wp\/v2\/types\/page"}],"author":[{"embeddable":true,"href":"https:\/\/www.avanceplasticsurgery.com\/es\/wp-json\/wp\/v2\/users\/1"}],"replies":[{"embeddable":true,"href":"https:\/\/www.avanceplasticsurgery.com\/es\/wp-json\/wp\/v2\/comments?post=9023"}],"version-history":[{"count":1,"href":"https:\/\/www.avanceplasticsurgery.com\/es\/wp-json\/wp\/v2\/pages\/9023\/revisions"}],"predecessor-version":[{"id":9299,"href":"https:\/\/www.avanceplasticsurgery.com\/es\/wp-json\/wp\/v2\/pages\/9023\/revisions\/9299"}],"up":[{"embeddable":true,"href":"https:\/\/www.avanceplasticsurgery.com\/es\/wp-json\/wp\/v2\/pages\/9015"}],"wp:attachment":[{"href":"https:\/\/www.avanceplasticsurgery.com\/es\/wp-json\/wp\/v2\/media?parent=9023"}],"curies":[{"name":"wp","href":"https:\/\/api.w.org\/{rel}","templated":true}]}}