{"id":9024,"date":"2021-09-07T17:34:10","date_gmt":"2021-09-07T17:34:10","guid":{"rendered":"https:\/\/www.avanceplasticsurgery.com\/tratamientos-de-spa-medicos\/oxigenoterapia-hiperbarica\/"},"modified":"2022-04-25T13:01:41","modified_gmt":"2022-04-25T13:01:41","slug":"oxigenoterapia-hiperbarica","status":"publish","type":"page","link":"https:\/\/www.avanceplasticsurgery.com\/es\/tratamientos-de-spa-medicos\/oxigenoterapia-hiperbarica\/","title":{"rendered":"Oxigenoterapia hiperb\u00e1rica"},"content":{"rendered":"<h1>Oxigenoterapia hiperb\u00e1rica<\/h1>\n<p>La terapia de ox\u00edgeno hiperb\u00e1rico (TOHB) utiliza una c\u00e1mara de presi\u00f3n para administrar ox\u00edgeno puro a un paciente. Es m\u00e1s conocido como tratamiento para la enfermedad por descompresi\u00f3n asociada con el buceo, pero tiene muchos otros usos. La terapia de ox\u00edgeno hiperb\u00e1rico brinda muchos beneficios f\u00edsicos, incluida <a title=\"Reno NV Med Spa Tratamientos\" href=\"https:\/\/www.avanceplasticsurgery.com\/es\/med-spa-treatments\/\">la aceleraci\u00f3n del proceso de recuperaci\u00f3n<\/a> despu\u00e9s de la cirug\u00eda pl\u00e1stica.<\/p>\n<h2>TOHB para una recuperaci\u00f3n y curaci\u00f3n posoperatoria m\u00e1s r\u00e1pida<\/h2>\n<p>La curaci\u00f3n adecuada es esencial para los resultados de la cirug\u00eda pl\u00e1stica. La oxigenoterapia hiperb\u00e1rica es una forma no invasiva, natural y sin receta de sanar su cuerpo. Funciona a nivel celular al permitir que el ox\u00edgeno ingrese a todos los fluidos del cuerpo. En lugar de que los gl\u00f3bulos rojos hagan todo el trabajo duro de la oxigenaci\u00f3n, el plasma, el l\u00edquido linf\u00e1tico y el l\u00edquido cefalorraqu\u00eddeo ayudan a suministrar ox\u00edgeno. Esta tremenda cantidad de ox\u00edgeno disponible permite que el cuerpo produzca nuevas c\u00e9lulas, construya tejido conectivo, reduzca la inflamaci\u00f3n y mejore la respuesta inmunol\u00f3gica. Con la cirug\u00eda, estas capacidades mejoradas minimizan el tiempo de curaci\u00f3n y mejoran el resultado general.<\/p>\n<h3>\u00bfC\u00f3mo funciona TOHB?<\/h3>\n<p>El aumento de la presi\u00f3n de aire en la c\u00e1mara de oxigenoterapia hiperb\u00e1rica permite que los pulmones absorban m\u00e1s ox\u00edgeno del que podr\u00edan con la presi\u00f3n est\u00e1ndar. Al transportar este ox\u00edgeno adicional a trav\u00e9s de su cuerpo, anima a su sistema a liberar factores de crecimiento y c\u00e9lulas madre, lo que acelera el tiempo de curaci\u00f3n.<\/p>\n<p>Durante su tratamiento, todo lo que necesita hacer es relajarse. El tiempo que permanecer\u00e1 en la c\u00e1mara depender\u00e1 de su plan de tratamiento espec\u00edfico.<\/p>\n<h4>\u00bfQu\u00e9 procedimientos se beneficiar\u00edan de TOHB?<\/h4>\n<p>Los beneficios curativos de la oxigenoterapia hiperb\u00e1rica funcionan para cualquier procedimiento o lesi\u00f3n. Es particularmente beneficioso para cualquier procedimiento que involucre transferencias, extracciones o trasplantes de grasa. Estos procedimientos incluyen:<\/p>\n<ul>\n<li>Reconstrucciones y aumentos de senos<\/li>\n<li>Levantamiento de gl\u00fateos<\/li>\n<li>Estiramiento facial de todo tipo<\/li>\n<li>liposucci\u00f3n<\/li>\n<li>Abdominales<\/li>\n<\/ul>\n<p>HBOT tambi\u00e9n se usa antes de un procedimiento para mejorar los resultados. Incluso las lesiones no relacionadas con la reconstrucci\u00f3n, como las cirug\u00edas ortop\u00e9dicas complejas o las quemaduras por radiaci\u00f3n de la quimioterapia, pueden beneficiarse de la oxigenoterapia. Cualquier cosa que se beneficiar\u00eda de una curaci\u00f3n mayor o acelerada puede beneficiarse de TOHB.<\/p>\n<h5>\u00bfCu\u00e1ntos tratamientos necesito?<\/h5>\n<p>Esto depender\u00e1 del tipo de procedimiento\/afecci\u00f3n y del consumo de ox\u00edgeno de su cuerpo. Para algunas personas, los mayores beneficios pueden durar hasta 24 horas, pero para otras puede ser considerablemente menor. M\u00faltiples tratamientos durante varios d\u00edas brindan el mejor beneficio para acelerar el proceso de curaci\u00f3n.<\/p>\n<h5>\u00bfCu\u00e1les son los efectos secundarios de TOHB?<\/h5>\n<p>HBOT es un m\u00e9todo de tratamiento extremadamente seguro. Se le examinar\u00e1 en busca de contraindicaciones para minimizar a\u00fan m\u00e1s los riesgos. Los efectos secundarios m\u00e1s comunes tambi\u00e9n son bastante f\u00e1ciles de manejar. Ellos son:<\/p>\n<ul>\n<li>Presi\u00f3n en los o\u00eddos <strong>o los senos nasales:<\/strong> al igual que en los viajes a\u00e9reos, es posible que sienta presi\u00f3n en los o\u00eddos. Bostezar generalmente se encarga de este problema menor. A veces, sus senos paranasales tambi\u00e9n experimentar\u00e1n presi\u00f3n y puede limpiarlos de la misma manera. Sin embargo, si tiene un resfriado sinusal o una infecci\u00f3n, puede ser mejor evitar el tratamiento hasta que desaparezca.<\/li>\n<li><strong>Claustrofobia:<\/strong> esto generalmente se identifica antes del tratamiento. Podr\u00e1 ver a su alrededor y respirar con facilidad, lo que hace que se sienta mucho menos confinado de lo que imagina. A menudo ayuda ver la c\u00e1mara con anticipaci\u00f3n. Hable con el equipo sobre cualquier claustrofobia que pueda tener y trabajar\u00e1n con usted para abordar sus inquietudes.<\/li>\n<li><strong>Hipoglucemia:<\/strong> los niveles de az\u00facar en la sangre a menudo disminuyen durante TOHB. Aunque no se entiende por qu\u00e9, si tiene diabetes, es posible que deba tomar precauciones especiales antes del tratamiento. Su equipo de terapia puede explicarle cualquier requisito de tratamiento espec\u00edfico durante su evaluaci\u00f3n.<\/li>\n<\/ul>\n<h5>\u00bfEst\u00e1 interesado en la terapia de ox\u00edgeno hiperb\u00e1rico?<\/h5>\n<p>En Avance Plastic Surgery, el Dr. Erez Dayan puede ayudar a dise\u00f1ar un plan TOHB para antes o despu\u00e9s de su procedimiento, as\u00ed como tambi\u00e9n para los beneficios de curaci\u00f3n generales para eventos no quir\u00fargicos. <a title=\"Comun\u00edquese con Avance Plastic Surgery en Reno NV\" href=\"https:\/\/www.avanceplasticsurgery.com\/es\/contact-us-dr-erez-dayan\/\">P\u00f3ngase en contacto con la oficina<\/a> hoy para acelerar su proceso de curaci\u00f3n y mejorar sus resultados<\/p>\n","protected":false},"excerpt":{"rendered":"<p>Oxigenoterapia hiperb\u00e1rica La terapia de ox\u00edgeno hiperb\u00e1rico (TOHB) utiliza una c\u00e1mara de presi\u00f3n para administrar ox\u00edgeno puro a un&hellip;<\/p>\n","protected":false},"author":1,"featured_media":0,"parent":9015,"menu_order":0,"comment_status":"closed","ping_status":"closed","template":"","meta":{"_acf_changed":false,"footnotes":""},"class_list":["post-9024","page","type-page","status-publish"],"acf":[],"yoast_head":"<!-- This site is optimized with the Yoast SEO plugin v27.4 - https:\/\/yoast.com\/product\/yoast-seo-wordpress\/ -->\n<title>Terapia de ox\u00edgeno hiperb\u00e1rico Reno NV | Tahoe HRT para la curaci\u00f3n posoperatoria<\/title>\n<meta name=\"description\" content=\"La terapia de ox\u00edgeno hiperb\u00e1rico (TOHB) estimula la reparaci\u00f3n celular, acelera la curaci\u00f3n, aumenta la respuesta inmunitaria y mejora los resultados despu\u00e9s de una cirug\u00eda o lesi\u00f3n.\" \/>\n<meta name=\"robots\" content=\"index, follow, max-snippet:-1, max-image-preview:large, max-video-preview:-1\" \/>\n<link rel=\"canonical\" href=\"https:\/\/www.avanceplasticsurgery.com\/es\/tratamientos-de-spa-medicos\/oxigenoterapia-hiperbarica\/\" \/>\n<meta property=\"og:locale\" content=\"es_ES\" \/>\n<meta property=\"og:type\" content=\"article\" \/>\n<meta property=\"og:title\" content=\"Terapia de ox\u00edgeno hiperb\u00e1rico Reno NV | Tahoe HRT para la curaci\u00f3n posoperatoria\" \/>\n<meta property=\"og:description\" content=\"La terapia de ox\u00edgeno hiperb\u00e1rico (TOHB) estimula la reparaci\u00f3n celular, acelera la curaci\u00f3n, aumenta la respuesta inmunitaria y mejora los resultados despu\u00e9s de una cirug\u00eda o lesi\u00f3n.\" \/>\n<meta property=\"og:url\" content=\"https:\/\/www.avanceplasticsurgery.com\/es\/tratamientos-de-spa-medicos\/oxigenoterapia-hiperbarica\/\" \/>\n<meta property=\"og:site_name\" content=\"Avance Plastic Surgery\" \/>\n<meta property=\"article:modified_time\" content=\"2022-04-25T13:01:41+00:00\" \/>\n<meta name=\"twitter:card\" content=\"summary_large_image\" \/>\n<meta name=\"twitter:label1\" content=\"Tiempo de lectura\" \/>\n\t<meta name=\"twitter:data1\" content=\"4 minutos\" \/>\n<!-- \/ Yoast SEO plugin. -->","yoast_head_json":{"title":"Terapia de ox\u00edgeno hiperb\u00e1rico Reno NV | Tahoe HRT para la curaci\u00f3n posoperatoria","description":"La terapia de ox\u00edgeno hiperb\u00e1rico (TOHB) estimula la reparaci\u00f3n celular, acelera la curaci\u00f3n, aumenta la respuesta inmunitaria y mejora los resultados despu\u00e9s de una cirug\u00eda o lesi\u00f3n.","robots":{"index":"index","follow":"follow","max-snippet":"max-snippet:-1","max-image-preview":"max-image-preview:large","max-video-preview":"max-video-preview:-1"},"canonical":"https:\/\/www.avanceplasticsurgery.com\/es\/tratamientos-de-spa-medicos\/oxigenoterapia-hiperbarica\/","og_locale":"es_ES","og_type":"article","og_title":"Terapia de ox\u00edgeno hiperb\u00e1rico Reno NV | Tahoe HRT para la curaci\u00f3n posoperatoria","og_description":"La terapia de ox\u00edgeno hiperb\u00e1rico (TOHB) estimula la reparaci\u00f3n celular, acelera la curaci\u00f3n, aumenta la respuesta inmunitaria y mejora los resultados despu\u00e9s de una cirug\u00eda o lesi\u00f3n.","og_url":"https:\/\/www.avanceplasticsurgery.com\/es\/tratamientos-de-spa-medicos\/oxigenoterapia-hiperbarica\/","og_site_name":"Avance Plastic Surgery","article_modified_time":"2022-04-25T13:01:41+00:00","twitter_card":"summary_large_image","twitter_misc":{"Tiempo de lectura":"4 minutos"},"schema":{"@context":"https:\/\/schema.org","@graph":[{"@type":"WebPage","@id":"https:\/\/www.avanceplasticsurgery.com\/es\/tratamientos-de-spa-medicos\/oxigenoterapia-hiperbarica\/","url":"https:\/\/www.avanceplasticsurgery.com\/es\/tratamientos-de-spa-medicos\/oxigenoterapia-hiperbarica\/","name":"Terapia de ox\u00edgeno hiperb\u00e1rico Reno NV | Tahoe HRT para la curaci\u00f3n posoperatoria","isPartOf":{"@id":"https:\/\/www.avanceplasticsurgery.com\/es\/#website"},"datePublished":"2021-09-07T17:34:10+00:00","dateModified":"2022-04-25T13:01:41+00:00","description":"La terapia de ox\u00edgeno hiperb\u00e1rico (TOHB) estimula la reparaci\u00f3n celular, acelera la curaci\u00f3n, aumenta la respuesta inmunitaria y mejora los resultados despu\u00e9s de una cirug\u00eda o lesi\u00f3n.","breadcrumb":{"@id":"https:\/\/www.avanceplasticsurgery.com\/es\/tratamientos-de-spa-medicos\/oxigenoterapia-hiperbarica\/#breadcrumb"},"inLanguage":"es","potentialAction":[{"@type":"ReadAction","target":["https:\/\/www.avanceplasticsurgery.com\/es\/tratamientos-de-spa-medicos\/oxigenoterapia-hiperbarica\/"]}]},{"@type":"BreadcrumbList","@id":"https:\/\/www.avanceplasticsurgery.com\/es\/tratamientos-de-spa-medicos\/oxigenoterapia-hiperbarica\/#breadcrumb","itemListElement":[{"@type":"ListItem","position":1,"name":"Home","item":"https:\/\/www.avanceplasticsurgery.com\/es\/"},{"@type":"ListItem","position":2,"name":"Tratamientos de spa m\u00e9dicos","item":"https:\/\/www.avanceplasticsurgery.com\/es\/tratamientos-de-spa-medicos\/"},{"@type":"ListItem","position":3,"name":"Oxigenoterapia hiperb\u00e1rica"}]},{"@type":"WebSite","@id":"https:\/\/www.avanceplasticsurgery.com\/es\/#website","url":"https:\/\/www.avanceplasticsurgery.com\/es\/","name":"Avance Plastic Surgery","description":"","potentialAction":[{"@type":"SearchAction","target":{"@type":"EntryPoint","urlTemplate":"https:\/\/www.avanceplasticsurgery.com\/es\/?s={search_term_string}"},"query-input":{"@type":"PropertyValueSpecification","valueRequired":true,"valueName":"search_term_string"}}],"inLanguage":"es"}]}},"_links":{"self":[{"href":"https:\/\/www.avanceplasticsurgery.com\/es\/wp-json\/wp\/v2\/pages\/9024","targetHints":{"allow":["GET"]}}],"collection":[{"href":"https:\/\/www.avanceplasticsurgery.com\/es\/wp-json\/wp\/v2\/pages"}],"about":[{"href":"https:\/\/www.avanceplasticsurgery.com\/es\/wp-json\/wp\/v2\/types\/page"}],"author":[{"embeddable":true,"href":"https:\/\/www.avanceplasticsurgery.com\/es\/wp-json\/wp\/v2\/users\/1"}],"replies":[{"embeddable":true,"href":"https:\/\/www.avanceplasticsurgery.com\/es\/wp-json\/wp\/v2\/comments?post=9024"}],"version-history":[{"count":1,"href":"https:\/\/www.avanceplasticsurgery.com\/es\/wp-json\/wp\/v2\/pages\/9024\/revisions"}],"predecessor-version":[{"id":9330,"href":"https:\/\/www.avanceplasticsurgery.com\/es\/wp-json\/wp\/v2\/pages\/9024\/revisions\/9330"}],"up":[{"embeddable":true,"href":"https:\/\/www.avanceplasticsurgery.com\/es\/wp-json\/wp\/v2\/pages\/9015"}],"wp:attachment":[{"href":"https:\/\/www.avanceplasticsurgery.com\/es\/wp-json\/wp\/v2\/media?parent=9024"}],"curies":[{"name":"wp","href":"https:\/\/api.w.org\/{rel}","templated":true}]}}