{"id":9025,"date":"2020-09-20T13:19:53","date_gmt":"2020-09-20T13:19:53","guid":{"rendered":"https:\/\/www.avanceplasticsurgery.com\/tratamientos-de-spa-medicos\/inyectables-y-rellenos\/"},"modified":"2022-04-25T12:54:56","modified_gmt":"2022-04-25T12:54:56","slug":"inyectables-y-rellenos","status":"publish","type":"page","link":"https:\/\/www.avanceplasticsurgery.com\/es\/tratamientos-de-spa-medicos\/inyectables-y-rellenos\/","title":{"rendered":"Inyectables y Rellenos"},"content":{"rendered":"<h1>Inyectables y Rellenos<\/h1>\n<button class=\"flc-yt lazyload\" data-id=\"S29mOU47-ZE\" data-title=\"Relleno de Botox Dr. Erez Dayan Cirug\u00eda Pl\u00e1stica Avance\" data-bg=\"https:\/\/i.ytimg.com\/vi\/S29mOU47-ZE\/hqdefault.jpg\" aria-label=\"Play video Relleno de Botox Dr. Erez Dayan Cirug\u00eda Pl\u00e1stica Avance\">  <div class=\"flc-yt__title\">Relleno de Botox Dr. Erez Dayan Cirug\u00eda Pl\u00e1stica Avance<\/div>  <span class=\"flc-yt__play\">    <svg viewBox=\"0 0 68 48\" xmlns=\"http:\/\/www.w3.org\/2000\/svg\" aria-hidden=\"true\"><path d=\"M66.5 7.8A8.5 8.5 0 0 0 60.6 2C55.3.5 34 .5 34 .5S12.7.5 7.4 2A8.5 8.5 0 0 0 1.5 7.8C0 13.1 0 24 0 24s0 10.9 1.5 16.2A8.5 8.5 0 0 0 7.4 46C12.7 47.5 34 47.5 34 47.5s21.3 0 26.6-1.5a8.5 8.5 0 0 0 5.9-5.8C68 34.9 68 24 68 24s0-10.9-1.5-16.2Z\" fill=\"#f00\"\/><path d=\"M27 34l18-10-18-10v20Z\" fill=\"#fff\"\/><\/svg>  <\/span><\/button>\n<p>En las \u00faltimas dos d\u00e9cadas, nuestra comprensi\u00f3n cient\u00edfica del envejecimiento facial ha avanzado. Los estudios han demostrado que el envejecimiento es causado en gran medida por la p\u00e9rdida de grasa facial y volumen de tejido blando. El uso de rellenos de tejidos blandos, as\u00ed como soluciones avanzadas para el cuidado de la piel, permiten mejorar el volumen facial y las imperfecciones de la piel. El Instituto de Cirug\u00eda Pl\u00e1stica Avance en Reno\/Tahoe ofrece una amplia variedad de inyectables y rellenos para <a title=\"Reno NV Med Spa Tratamientos\" href=\"https:\/\/www.avanceplasticsurgery.com\/es\/med-spa-treatments\/\">el realce facial cosm\u00e9tico<\/a> .<\/p>\n<p>La tecnolog\u00eda avanzada y el cuidado de la piel han hecho posible obtener resultados no quir\u00fargicos notables que evitan tiempos de inactividad, anestesia e incisiones. El Dr. Dayan generalmente emplea un enfoque combinado para optimizar sus resultados individuales. Los inyectables son con frecuencia un componente del plan del Dr. Dayan para restaurar el volumen y mejorar los rasgos faciales. Nuestros objetivos est\u00e9ticos son suavizar las arrugas y las l\u00edneas finas, reemplazar el volumen de grasa facial perdido y revitalizar su tez para una apariencia m\u00e1s juvenil y renovada.<\/p>\n<nav class=\"flc-submenu\" aria-label=\"sub menu\"><ul><li class=\"page_item page-item-9026\"><a href=\"https:\/\/www.avanceplasticsurgery.com\/es\/tratamientos-de-spa-medicos\/inyectables-y-rellenos\/botox\/\">b\u00f3tox<\/a><\/li>\n<li class=\"page_item page-item-9039\"><a href=\"https:\/\/www.avanceplasticsurgery.com\/es\/tratamientos-de-spa-medicos\/inyectables-y-rellenos\/deporte\/\">Deporte<\/a><\/li>\n<li class=\"page_item page-item-9046\"><a href=\"https:\/\/www.avanceplasticsurgery.com\/es\/tratamientos-de-spa-medicos\/inyectables-y-rellenos\/escultor\/\">escultor<\/a><\/li>\n<li class=\"page_item page-item-9040\"><a href=\"https:\/\/www.avanceplasticsurgery.com\/es\/tratamientos-de-spa-medicos\/inyectables-y-rellenos\/jeuveau\/\">Jeuveau<\/a><\/li>\n<li class=\"page_item page-item-9041\"><a href=\"https:\/\/www.avanceplasticsurgery.com\/es\/tratamientos-de-spa-medicos\/inyectables-y-rellenos\/juvederm-ultra-y-ultra\/\">Juvederm (Ultra y Ultra+)<\/a><\/li>\n<li class=\"page_item page-item-9042\"><a href=\"https:\/\/www.avanceplasticsurgery.com\/es\/tratamientos-de-spa-medicos\/inyectables-y-rellenos\/juvederm-volbella-y-vollure-xc\/\">Juvederm (Volbella y Vollure XC)<\/a><\/li>\n<li class=\"page_item page-item-9045\"><a href=\"https:\/\/www.avanceplasticsurgery.com\/es\/tratamientos-de-spa-medicos\/inyectables-y-rellenos\/kybella\/\">Kybella<\/a><\/li>\n<li class=\"page_item page-item-14686 page_item_has_children\"><a href=\"https:\/\/www.avanceplasticsurgery.com\/es\/tratamientos-de-spa-medicos\/inyectables-y-rellenos\/neurotoxin-injections\/\">Neurotoxin Injections<\/a><\/li>\n<li class=\"page_item page-item-9053\"><a href=\"https:\/\/www.avanceplasticsurgery.com\/es\/tratamientos-de-spa-medicos\/inyectables-y-rellenos\/radiesse\/\">Radiesse<\/a><\/li>\n<li class=\"page_item page-item-9050\"><a href=\"https:\/\/www.avanceplasticsurgery.com\/es\/tratamientos-de-spa-medicos\/inyectables-y-rellenos\/relleno-revance-rha-ha\/\">Relleno Revance RHA\u00ae HA<\/a><\/li>\n<li class=\"page_item page-item-9049\"><a href=\"https:\/\/www.avanceplasticsurgery.com\/es\/tratamientos-de-spa-medicos\/inyectables-y-rellenos\/restylane-l-defyne-lyft-y-refyne\/\">Restylane-L (Defyne, Lyft y Refyne)<\/a><\/li>\n<li class=\"page_item page-item-9048\"><a href=\"https:\/\/www.avanceplasticsurgery.com\/es\/tratamientos-de-spa-medicos\/inyectables-y-rellenos\/volumen\/\">Volumen<\/a><\/li>\n<li class=\"page_item page-item-9047\"><a href=\"https:\/\/www.avanceplasticsurgery.com\/es\/tratamientos-de-spa-medicos\/inyectables-y-rellenos\/xeomin\/\">xeomin<\/a><\/li>\n<\/ul><\/nav>\n<h2>\u00bfQu\u00e9 son los inyectables?<\/h2>\n<p>El Dr. Dayan puede obtener sus resultados utilizando el espectro completo de rellenos de tejidos blandos e inyectables, incluidos Juvederm\u00ae, Botox\u00ae, Restylane\u00ae, Radiesse\u00ae, Belotero\u00ae, Kybella\u00ae y m\u00e1s. Cada inyectable tiene propiedades \u00fanicas que pueden aprovecharse cuando los usa un proveedor experimentado como el Dr. Dayan. Estos rellenos pueden ayudar a corregir los defectos faciales relacionados con la edad, como las l\u00edneas de la sonrisa y la risa, los pliegues nasolabiales, la flacidez de la piel, la tez hundida y hueca y las reacciones negativas al da\u00f1o solar y al estr\u00e9s ambiental.<\/p>\n<p>Muchos inyectables contienen \u00e1cido hialur\u00f3nico, un compuesto natural que se encuentra en el cuerpo humano y que es responsable del volumen, la hidrataci\u00f3n y el brillo juvenil de la piel. A medida que envejecemos, nuestra reserva de \u00e1cido hialur\u00f3nico disminuye junto con nuestras reservas de col\u00e1geno y elastina. Los rellenos d\u00e9rmicos pueden ayudar a reponer estos compuestos, mejorando su apariencia y satisfacci\u00f3n con su imagen.<\/p>\n<dl id=\"faq-1\" class=\"flc-faq\"><dt>\u00bfCu\u00e1les son los beneficios de usar inyectables?<\/dt><dd><ul>\r\n<li>Restaurar el volumen facial<\/li>\r\n<li>Mejora los rasgos faciales<\/li>\r\n<li>Remodelar y revitalizar los labios.<\/li>\r\n<li>Reducir l\u00edneas de marionetas y l\u00edneas de par\u00e9ntesis<\/li>\r\n<li>Mejorar la definici\u00f3n en las mejillas<\/li>\r\n<li>Mejorar la simetr\u00eda facial<\/li>\r\n<li>Mejorar la apariencia del \u00e1rea de los ojos.<\/li>\r\n<li>Rellena las sienes de aspecto hueco<\/li>\r\n<li>Mejorar la confianza en uno mismo<\/li>\r\n<li>No quir\u00fargico y no invasivo<\/li>\r\n<li>Poca o ninguna molestia o tiempo de inactividad<\/li>\r\n<li>Sin incisi\u00f3n ni anestesia<\/li>\r\n<\/ul><\/dd><dt>\u00bfQui\u00e9n es un buen candidato para el tratamiento de relleno d\u00e9rmico en Reno?<\/dt><dd><p>Si est\u00e1 frustrado con la aparici\u00f3n de arrugas, l\u00edneas finas y otras imperfecciones faciales relacionadas con la edad, pero est\u00e1 buscando una forma segura y no quir\u00fargica de abordar estas imperfecciones, entonces una evaluaci\u00f3n integral y un tratamiento con inyectables pueden ser el mejor camino a seguir. . Durante su consulta en nuestra oficina de Reno, el Dr. Dayan lo ayudar\u00e1 a determinar el mejor plan de acci\u00f3n para sus inquietudes espec\u00edficas y qu\u00e9 rellenos d\u00e9rmicos funcionar\u00e1n mejor para mejorar su est\u00e9tica facial.<\/p>\r\n<p>En general, un buen candidato para cualquier tratamiento cosm\u00e9tico:<\/p>\r\n<ul>\r\n<li>Goza de buena salud f\u00edsica y emocional<\/li>\r\n<li>Tiene expectativas realistas<\/li>\r\n<li>Se compromete a mantener la salud de su piel.<\/li>\r\n<\/ul><\/dd><dt>\u00bfHay alguna recuperaci\u00f3n para los inyectables?<\/dt><dd><p>Por lo general, hay poca o ninguna recuperaci\u00f3n asociada con el uso de inyectables est\u00e9ticos. El Dr. Dayan ofrece un plan integral que puede incluir terapias combinadas para contornear y mejorar los rasgos faciales. Dependiendo de su plan de tratamiento individualizado, puede experimentar algo de enrojecimiento o sensibilidad en el lugar de la inyecci\u00f3n. Estos s\u00edntomas tienden a pasar r\u00e1pidamente. La mayor\u00eda de los pacientes pueden volver a trabajar casi inmediatamente despu\u00e9s de su tratamiento en el Instituto de Cirug\u00eda Pl\u00e1stica Avance en Reno.<\/p><\/dd><dt>\u00bfCu\u00e1l es el costo del tratamiento con cosm\u00e9ticos inyectables en Reno?<\/dt><dd><p>Las tarifas para cada tipo de inyectable var\u00edan seg\u00fan su plan de tratamiento. El Dr. Dayan realizar\u00e1 una evaluaci\u00f3n facial completa y comprender\u00e1 sus \u00e1reas de preocupaci\u00f3n durante su consulta en su oficina de Reno. Una vez que se formule un plan de tratamiento, el Dr. Dayan y su oficina le proporcionar\u00e1n un presupuesto personalizado. Tenemos asociaciones con los principales prestamistas de atenci\u00f3n m\u00e9dica y nos complace ayudarlo a solicitar financiamiento.<\/p><\/dd><dt>\u00bfPor qu\u00e9 elegir al Dr. Dayan para el tratamiento con rellenos d\u00e9rmicos?<\/dt><dd><p>Rigurosamente entrenado en el Programa de Cirug\u00eda Pl\u00e1stica de Harvard, el Dr. Dayan es un m\u00e9dico meticulosamente detallado que es autor de cinco libros y m\u00e1s de 150 presentaciones y art\u00edculos sobre temas de cirug\u00eda pl\u00e1stica y reconstructiva. Es un l\u00edder de opini\u00f3n clave e investigador principal de InMode, Allergan, Galderma y MTF Biologics. El Dr. Dayan se encuentra entre un peque\u00f1o grupo de cirujanos pl\u00e1sticos de \u00e9lite en la naci\u00f3n que complet\u00f3 una beca en t\u00e9cnicas est\u00e9ticas avanzadas en el prestigioso Instituto de Cirug\u00eda Pl\u00e1stica de Dallas.<\/p><\/dd><\/dl>\n<p>Para un tratamiento cosm\u00e9tico avanzado con inyectables y rellenos, <a title=\"P\u00f3ngase en contacto con el Instituto de Cirug\u00eda Pl\u00e1stica Avance en Reno NV\" href=\"https:\/\/www.avanceplasticsurgery.com\/es\/contact-us-dr-erez-dayan\/\">comun\u00edquese con el Instituto de Cirug\u00eda Pl\u00e1stica Avance<\/a> en Reno\/Tahoe, NV, para programar una consulta con el Dr. Dayan.<\/p>\n<p>El Dr. Erez Dayan ha realizado una extensa investigaci\u00f3n sobre est\u00e9tica facial y resultados cosm\u00e9ticos excepcionales. Lea m\u00e1s sobre la investigaci\u00f3n de est\u00e9tica facial del Dr. Dayan <a href=\"https:\/\/www.avanceplasticsurgery.com\/es\/about-avance-plastic-surgery-institute\/research\/#facial-aesthetics\">aqu\u00ed<\/a> .<\/p>\n","protected":false},"excerpt":{"rendered":"<p>Inyectables y Rellenos En las \u00faltimas dos d\u00e9cadas, nuestra comprensi\u00f3n cient\u00edfica del envejecimiento facial ha avanzado. Los estudios han&hellip;<\/p>\n","protected":false},"author":1,"featured_media":8582,"parent":9015,"menu_order":0,"comment_status":"closed","ping_status":"closed","template":"","meta":{"_acf_changed":false,"footnotes":""},"class_list":["post-9025","page","type-page","status-publish","has-post-thumbnail"],"acf":[],"yoast_head":"<!-- This site is optimized with the Yoast SEO plugin v25.6 - https:\/\/yoast.com\/wordpress\/plugins\/seo\/ -->\n<title>Reno NV Rellenos faciales Inyecciones d\u00e9rmicas | Rellenos de labios del lago Tahoe<\/title>\n<meta name=\"description\" content=\"Los inyectables cosm\u00e9ticos y los rellenos est\u00e1n revolucionando el rejuvenecimiento facial. El Dr. Erez Dayan es un cirujano pl\u00e1stico cosm\u00e9tico altamente capacitado con conocimientos expertos sobre el uso y la colocaci\u00f3n de estas mejoras cosm\u00e9ticas. Llame al Instituto de Cirug\u00eda Pl\u00e1stica Avance para obtener m\u00e1s informaci\u00f3n.\" \/>\n<meta name=\"robots\" content=\"index, follow, max-snippet:-1, max-image-preview:large, max-video-preview:-1\" \/>\n<link rel=\"canonical\" href=\"https:\/\/www.avanceplasticsurgery.com\/es\/tratamientos-de-spa-medicos\/inyectables-y-rellenos\/\" \/>\n<meta property=\"og:locale\" content=\"es_ES\" \/>\n<meta property=\"og:type\" content=\"article\" \/>\n<meta property=\"og:title\" content=\"Reno NV Rellenos faciales Inyecciones d\u00e9rmicas | Rellenos de labios del lago Tahoe\" \/>\n<meta property=\"og:description\" content=\"Los inyectables cosm\u00e9ticos y los rellenos est\u00e1n revolucionando el rejuvenecimiento facial. El Dr. Erez Dayan es un cirujano pl\u00e1stico cosm\u00e9tico altamente capacitado con conocimientos expertos sobre el uso y la colocaci\u00f3n de estas mejoras cosm\u00e9ticas. Llame al Instituto de Cirug\u00eda Pl\u00e1stica Avance para obtener m\u00e1s informaci\u00f3n.\" \/>\n<meta property=\"og:url\" content=\"https:\/\/www.avanceplasticsurgery.com\/es\/tratamientos-de-spa-medicos\/inyectables-y-rellenos\/\" \/>\n<meta property=\"og:site_name\" content=\"Avance Plastic Surgery\" \/>\n<meta property=\"article:modified_time\" content=\"2022-04-25T12:54:56+00:00\" \/>\n<meta property=\"og:image\" content=\"https:\/\/www.avanceplasticsurgery.com\/wp-content\/uploads\/2022\/01\/fillers.jpg\" \/>\n\t<meta property=\"og:image:width\" content=\"1920\" \/>\n\t<meta property=\"og:image:height\" content=\"595\" \/>\n\t<meta property=\"og:image:type\" content=\"image\/jpeg\" \/>\n<meta name=\"twitter:card\" content=\"summary_large_image\" \/>\n<meta name=\"twitter:label1\" content=\"Tiempo de lectura\" \/>\n\t<meta name=\"twitter:data1\" content=\"2 minutos\" \/>\n<!-- \/ Yoast SEO plugin. -->","yoast_head_json":{"title":"Reno NV Rellenos faciales Inyecciones d\u00e9rmicas | Rellenos de labios del lago Tahoe","description":"Los inyectables cosm\u00e9ticos y los rellenos est\u00e1n revolucionando el rejuvenecimiento facial. El Dr. Erez Dayan es un cirujano pl\u00e1stico cosm\u00e9tico altamente capacitado con conocimientos expertos sobre el uso y la colocaci\u00f3n de estas mejoras cosm\u00e9ticas. Llame al Instituto de Cirug\u00eda Pl\u00e1stica Avance para obtener m\u00e1s informaci\u00f3n.","robots":{"index":"index","follow":"follow","max-snippet":"max-snippet:-1","max-image-preview":"max-image-preview:large","max-video-preview":"max-video-preview:-1"},"canonical":"https:\/\/www.avanceplasticsurgery.com\/es\/tratamientos-de-spa-medicos\/inyectables-y-rellenos\/","og_locale":"es_ES","og_type":"article","og_title":"Reno NV Rellenos faciales Inyecciones d\u00e9rmicas | Rellenos de labios del lago Tahoe","og_description":"Los inyectables cosm\u00e9ticos y los rellenos est\u00e1n revolucionando el rejuvenecimiento facial. El Dr. Erez Dayan es un cirujano pl\u00e1stico cosm\u00e9tico altamente capacitado con conocimientos expertos sobre el uso y la colocaci\u00f3n de estas mejoras cosm\u00e9ticas. Llame al Instituto de Cirug\u00eda Pl\u00e1stica Avance para obtener m\u00e1s informaci\u00f3n.","og_url":"https:\/\/www.avanceplasticsurgery.com\/es\/tratamientos-de-spa-medicos\/inyectables-y-rellenos\/","og_site_name":"Avance Plastic Surgery","article_modified_time":"2022-04-25T12:54:56+00:00","og_image":[{"width":1920,"height":595,"url":"https:\/\/www.avanceplasticsurgery.com\/wp-content\/uploads\/2022\/01\/fillers.jpg","type":"image\/jpeg"}],"twitter_card":"summary_large_image","twitter_misc":{"Tiempo de lectura":"2 minutos"},"schema":{"@context":"https:\/\/schema.org","@graph":[{"@type":"WebPage","@id":"https:\/\/www.avanceplasticsurgery.com\/es\/tratamientos-de-spa-medicos\/inyectables-y-rellenos\/","url":"https:\/\/www.avanceplasticsurgery.com\/es\/tratamientos-de-spa-medicos\/inyectables-y-rellenos\/","name":"Reno NV Rellenos faciales Inyecciones d\u00e9rmicas | Rellenos de labios del lago Tahoe","isPartOf":{"@id":"https:\/\/www.avanceplasticsurgery.com\/es\/#website"},"primaryImageOfPage":{"@id":"https:\/\/www.avanceplasticsurgery.com\/es\/tratamientos-de-spa-medicos\/inyectables-y-rellenos\/#primaryimage"},"image":{"@id":"https:\/\/www.avanceplasticsurgery.com\/es\/tratamientos-de-spa-medicos\/inyectables-y-rellenos\/#primaryimage"},"thumbnailUrl":"https:\/\/www.avanceplasticsurgery.com\/wp-content\/uploads\/2022\/01\/fillers.jpg","datePublished":"2020-09-20T13:19:53+00:00","dateModified":"2022-04-25T12:54:56+00:00","description":"Los inyectables cosm\u00e9ticos y los rellenos est\u00e1n revolucionando el rejuvenecimiento facial. El Dr. Erez Dayan es un cirujano pl\u00e1stico cosm\u00e9tico altamente capacitado con conocimientos expertos sobre el uso y la colocaci\u00f3n de estas mejoras cosm\u00e9ticas. Llame al Instituto de Cirug\u00eda Pl\u00e1stica Avance para obtener m\u00e1s informaci\u00f3n.","breadcrumb":{"@id":"https:\/\/www.avanceplasticsurgery.com\/es\/tratamientos-de-spa-medicos\/inyectables-y-rellenos\/#breadcrumb"},"inLanguage":"es","potentialAction":[{"@type":"ReadAction","target":["https:\/\/www.avanceplasticsurgery.com\/es\/tratamientos-de-spa-medicos\/inyectables-y-rellenos\/"]}]},{"@type":"ImageObject","inLanguage":"es","@id":"https:\/\/www.avanceplasticsurgery.com\/es\/tratamientos-de-spa-medicos\/inyectables-y-rellenos\/#primaryimage","url":"https:\/\/www.avanceplasticsurgery.com\/wp-content\/uploads\/2022\/01\/fillers.jpg","contentUrl":"https:\/\/www.avanceplasticsurgery.com\/wp-content\/uploads\/2022\/01\/fillers.jpg","width":1920,"height":595,"caption":"Un m\u00e9dico con gafas se dispone a inyectar una jeringuilla en la mejilla de una mujer. La mujer tiene el pelo largo y oscuro y una expresi\u00f3n neutra. El fondo es liso y gris claro."},{"@type":"BreadcrumbList","@id":"https:\/\/www.avanceplasticsurgery.com\/es\/tratamientos-de-spa-medicos\/inyectables-y-rellenos\/#breadcrumb","itemListElement":[{"@type":"ListItem","position":1,"name":"Home","item":"https:\/\/www.avanceplasticsurgery.com\/es\/"},{"@type":"ListItem","position":2,"name":"Tratamientos de spa m\u00e9dicos","item":"https:\/\/www.avanceplasticsurgery.com\/es\/tratamientos-de-spa-medicos\/"},{"@type":"ListItem","position":3,"name":"Inyectables y Rellenos"}]},{"@type":"WebSite","@id":"https:\/\/www.avanceplasticsurgery.com\/es\/#website","url":"https:\/\/www.avanceplasticsurgery.com\/es\/","name":"Avance Plastic Surgery","description":"","potentialAction":[{"@type":"SearchAction","target":{"@type":"EntryPoint","urlTemplate":"https:\/\/www.avanceplasticsurgery.com\/es\/?s={search_term_string}"},"query-input":{"@type":"PropertyValueSpecification","valueRequired":true,"valueName":"search_term_string"}}],"inLanguage":"es"}]}},"_links":{"self":[{"href":"https:\/\/www.avanceplasticsurgery.com\/es\/wp-json\/wp\/v2\/pages\/9025","targetHints":{"allow":["GET"]}}],"collection":[{"href":"https:\/\/www.avanceplasticsurgery.com\/es\/wp-json\/wp\/v2\/pages"}],"about":[{"href":"https:\/\/www.avanceplasticsurgery.com\/es\/wp-json\/wp\/v2\/types\/page"}],"author":[{"embeddable":true,"href":"https:\/\/www.avanceplasticsurgery.com\/es\/wp-json\/wp\/v2\/users\/1"}],"replies":[{"embeddable":true,"href":"https:\/\/www.avanceplasticsurgery.com\/es\/wp-json\/wp\/v2\/comments?post=9025"}],"version-history":[{"count":3,"href":"https:\/\/www.avanceplasticsurgery.com\/es\/wp-json\/wp\/v2\/pages\/9025\/revisions"}],"predecessor-version":[{"id":9301,"href":"https:\/\/www.avanceplasticsurgery.com\/es\/wp-json\/wp\/v2\/pages\/9025\/revisions\/9301"}],"up":[{"embeddable":true,"href":"https:\/\/www.avanceplasticsurgery.com\/es\/wp-json\/wp\/v2\/pages\/9015"}],"wp:featuredmedia":[{"embeddable":true,"href":"https:\/\/www.avanceplasticsurgery.com\/es\/wp-json\/wp\/v2\/media\/8582"}],"wp:attachment":[{"href":"https:\/\/www.avanceplasticsurgery.com\/es\/wp-json\/wp\/v2\/media?parent=9025"}],"curies":[{"name":"wp","href":"https:\/\/api.w.org\/{rel}","templated":true}]}}