{"id":9026,"date":"2020-09-20T13:22:08","date_gmt":"2020-09-20T13:22:08","guid":{"rendered":"https:\/\/www.avanceplasticsurgery.com\/tratamientos-de-spa-medicos\/inyectables-y-rellenos\/botox\/"},"modified":"2024-04-18T13:28:26","modified_gmt":"2024-04-18T13:28:26","slug":"botox","status":"publish","type":"page","link":"https:\/\/www.avanceplasticsurgery.com\/es\/tratamientos-de-spa-medicos\/inyectables-y-rellenos\/botox\/","title":{"rendered":"b\u00f3tox"},"content":{"rendered":"<h1>Reno, NV Inyecciones de Botox<\/h1>\n<p>Botox\u00ae es probablemente el tratamiento facial inyectable m\u00e1s popularmente conocido. Las inyecciones de Botox se pueden obtener en spas, salones de belleza e incluso en las llamadas \u00abfiestas de Botox\u00bb. Aunque las inyecciones de botox se pueden encontrar f\u00e1cilmente, eso no significa que todos los que las ofrecen tengan un conocimiento profundo de la anatom\u00eda neuromuscular facial para producir los mejores resultados. Para una inyecci\u00f3n de Botox experta de un cirujano pl\u00e1stico cosm\u00e9tico y reconstructivo, le damos la bienvenida al Instituto de Cirug\u00eda Pl\u00e1stica Avance.<\/p>\n<div class=\"row\">\n<div class=\"col-md-6\"><button class=\"flc-yt lazyload\" data-id=\"gSe966tDTtw\" data-title=\"Neurotoxins For Facial Lines | Avance Plastic Surgery Institute: Dr. Erez Dayan | Reno, Tahoe, NV\" data-bg=\"https:\/\/i.ytimg.com\/vi\/gSe966tDTtw\/hqdefault.jpg\" aria-label=\"Play video Neurotoxins For Facial Lines | Avance Plastic Surgery Institute: Dr. Erez Dayan | Reno, Tahoe, NV\">  <div class=\"flc-yt__title\">Neurotoxins For Facial Lines | Avance Plastic Surgery Institute: Dr. Erez Dayan | Reno, Tahoe, NV<\/div>  <span class=\"flc-yt__play\">    <svg viewBox=\"0 0 68 48\" xmlns=\"http:\/\/www.w3.org\/2000\/svg\" aria-hidden=\"true\"><path d=\"M66.5 7.8A8.5 8.5 0 0 0 60.6 2C55.3.5 34 .5 34 .5S12.7.5 7.4 2A8.5 8.5 0 0 0 1.5 7.8C0 13.1 0 24 0 24s0 10.9 1.5 16.2A8.5 8.5 0 0 0 7.4 46C12.7 47.5 34 47.5 34 47.5s21.3 0 26.6-1.5a8.5 8.5 0 0 0 5.9-5.8C68 34.9 68 24 68 24s0-10.9-1.5-16.2Z\" fill=\"#f00\"\/><path d=\"M27 34l18-10-18-10v20Z\" fill=\"#fff\"\/><\/svg>  <\/span><\/button><\/div>\n<div class=\"col-md-6\"><button class=\"flc-yt lazyload\" data-id=\"wpZ79YU45Yg\" data-title=\"When To Get Botox? | Dr. Erez Dayan | Avance Plastic Surgery | Reno\/Tahoe\" data-bg=\"https:\/\/i.ytimg.com\/vi\/wpZ79YU45Yg\/hqdefault.jpg\" aria-label=\"Play video When To Get Botox? | Dr. Erez Dayan | Avance Plastic Surgery | Reno\/Tahoe\">  <div class=\"flc-yt__title\">When To Get Botox? | Dr. Erez Dayan | Avance Plastic Surgery | Reno\/Tahoe<\/div>  <span class=\"flc-yt__play\">    <svg viewBox=\"0 0 68 48\" xmlns=\"http:\/\/www.w3.org\/2000\/svg\" aria-hidden=\"true\"><path d=\"M66.5 7.8A8.5 8.5 0 0 0 60.6 2C55.3.5 34 .5 34 .5S12.7.5 7.4 2A8.5 8.5 0 0 0 1.5 7.8C0 13.1 0 24 0 24s0 10.9 1.5 16.2A8.5 8.5 0 0 0 7.4 46C12.7 47.5 34 47.5 34 47.5s21.3 0 26.6-1.5a8.5 8.5 0 0 0 5.9-5.8C68 34.9 68 24 68 24s0-10.9-1.5-16.2Z\" fill=\"#f00\"\/><path d=\"M27 34l18-10-18-10v20Z\" fill=\"#fff\"\/><\/svg>  <\/span><\/button><\/div>\n<div class=\"col-md-6\"><button class=\"flc-yt lazyload\" data-id=\"3CRiQFxGqWM\" data-title=\"Botox Before And After | Avance Plastic Surgery: Dr. Erez Dayan | Reno, Tahoe, NV\" data-bg=\"https:\/\/i.ytimg.com\/vi\/3CRiQFxGqWM\/hqdefault.jpg\" aria-label=\"Play video Botox Before And After | Avance Plastic Surgery: Dr. Erez Dayan | Reno, Tahoe, NV\">  <div class=\"flc-yt__title\">Botox Before And After | Avance Plastic Surgery: Dr. Erez Dayan | Reno, Tahoe, NV<\/div>  <span class=\"flc-yt__play\">    <svg viewBox=\"0 0 68 48\" xmlns=\"http:\/\/www.w3.org\/2000\/svg\" aria-hidden=\"true\"><path d=\"M66.5 7.8A8.5 8.5 0 0 0 60.6 2C55.3.5 34 .5 34 .5S12.7.5 7.4 2A8.5 8.5 0 0 0 1.5 7.8C0 13.1 0 24 0 24s0 10.9 1.5 16.2A8.5 8.5 0 0 0 7.4 46C12.7 47.5 34 47.5 34 47.5s21.3 0 26.6-1.5a8.5 8.5 0 0 0 5.9-5.8C68 34.9 68 24 68 24s0-10.9-1.5-16.2Z\" fill=\"#f00\"\/><path d=\"M27 34l18-10-18-10v20Z\" fill=\"#fff\"\/><\/svg>  <\/span><\/button><\/div>\n<div class=\"col-md-6\"><button class=\"flc-yt lazyload\" data-id=\"yOoPsiIoHmE\" data-title=\"How Does Botox Work? | Avance Plastic Surgery: Dr. Erez Dayan | Reno, Tahoe, NV\" data-bg=\"https:\/\/i.ytimg.com\/vi\/yOoPsiIoHmE\/hqdefault.jpg\" aria-label=\"Play video How Does Botox Work? | Avance Plastic Surgery: Dr. Erez Dayan | Reno, Tahoe, NV\">  <div class=\"flc-yt__title\">How Does Botox Work? | Avance Plastic Surgery: Dr. Erez Dayan | Reno, Tahoe, NV<\/div>  <span class=\"flc-yt__play\">    <svg viewBox=\"0 0 68 48\" xmlns=\"http:\/\/www.w3.org\/2000\/svg\" aria-hidden=\"true\"><path d=\"M66.5 7.8A8.5 8.5 0 0 0 60.6 2C55.3.5 34 .5 34 .5S12.7.5 7.4 2A8.5 8.5 0 0 0 1.5 7.8C0 13.1 0 24 0 24s0 10.9 1.5 16.2A8.5 8.5 0 0 0 7.4 46C12.7 47.5 34 47.5 34 47.5s21.3 0 26.6-1.5a8.5 8.5 0 0 0 5.9-5.8C68 34.9 68 24 68 24s0-10.9-1.5-16.2Z\" fill=\"#f00\"\/><path d=\"M27 34l18-10-18-10v20Z\" fill=\"#fff\"\/><\/svg>  <\/span><\/button><\/div>\n<div class=\"col-md-12\" style=\"text-align: center; max-width: 50%; margin: 0 auto;\"><button class=\"flc-yt lazyload\" data-id=\"ZjD31JaVm9o\" data-title=\"Safe And Effective Facial Filler | Avance Plastic Surgery: Dr. Erez Dayan | Reno, Tahoe, NV\" data-bg=\"https:\/\/i.ytimg.com\/vi\/ZjD31JaVm9o\/hqdefault.jpg\" aria-label=\"Play video Safe And Effective Facial Filler | Avance Plastic Surgery: Dr. Erez Dayan | Reno, Tahoe, NV\">  <div class=\"flc-yt__title\">Safe And Effective Facial Filler | Avance Plastic Surgery: Dr. Erez Dayan | Reno, Tahoe, NV<\/div>  <span class=\"flc-yt__play\">    <svg viewBox=\"0 0 68 48\" xmlns=\"http:\/\/www.w3.org\/2000\/svg\" aria-hidden=\"true\"><path d=\"M66.5 7.8A8.5 8.5 0 0 0 60.6 2C55.3.5 34 .5 34 .5S12.7.5 7.4 2A8.5 8.5 0 0 0 1.5 7.8C0 13.1 0 24 0 24s0 10.9 1.5 16.2A8.5 8.5 0 0 0 7.4 46C12.7 47.5 34 47.5 34 47.5s21.3 0 26.6-1.5a8.5 8.5 0 0 0 5.9-5.8C68 34.9 68 24 68 24s0-10.9-1.5-16.2Z\" fill=\"#f00\"\/><path d=\"M27 34l18-10-18-10v20Z\" fill=\"#fff\"\/><\/svg>  <\/span><\/button><\/div>\n<\/div>\n<p>El Botox es una neurotoxina, que difiere en composici\u00f3n y prop\u00f3sito de <a title=\"Reno NV Rellenos faciales Inyecciones d\u00e9rmicas\" href=\"https:\/\/www.avanceplasticsurgery.com\/es\/med-spa-treatments\/injectables-and-fillers\/\">otros inyectables cosm\u00e9ticos<\/a> . Las neurotoxinas evitan que los neurotransmisores de los m\u00fasculos reciban mensajes del cerebro que les indiquen que se muevan o se contraigan. El resultado es un m\u00fasculo que se relaja y no responde, o responde tanto, a los est\u00edmulos. El m\u00fasculo inyectado se relaja, lo que permite que las l\u00edneas y los pliegues de la piel creados por a\u00f1os de movimiento del m\u00fasculo se suavicen.<br \/>\nSi bien el principio es simple, el uso adecuado de Botox no lo es. Se requiere un conocimiento complejo de la anatom\u00eda facial, as\u00ed como una amplia capacitaci\u00f3n para saber qu\u00e9 cantidad de neurotoxina usar y d\u00f3nde.<\/p>\n<button class=\"flc-yt lazyload\" data-id=\"S29mOU47-ZE\" data-title=\"Relleno de Botox Dr. Erez Dayan Cirug\u00eda Pl\u00e1stica Avance\" data-bg=\"https:\/\/i.ytimg.com\/vi\/S29mOU47-ZE\/hqdefault.jpg\" aria-label=\"Play video Relleno de Botox Dr. Erez Dayan Cirug\u00eda Pl\u00e1stica Avance\">  <div class=\"flc-yt__title\">Relleno de Botox Dr. Erez Dayan Cirug\u00eda Pl\u00e1stica Avance<\/div>  <span class=\"flc-yt__play\">    <svg viewBox=\"0 0 68 48\" xmlns=\"http:\/\/www.w3.org\/2000\/svg\" aria-hidden=\"true\"><path d=\"M66.5 7.8A8.5 8.5 0 0 0 60.6 2C55.3.5 34 .5 34 .5S12.7.5 7.4 2A8.5 8.5 0 0 0 1.5 7.8C0 13.1 0 24 0 24s0 10.9 1.5 16.2A8.5 8.5 0 0 0 7.4 46C12.7 47.5 34 47.5 34 47.5s21.3 0 26.6-1.5a8.5 8.5 0 0 0 5.9-5.8C68 34.9 68 24 68 24s0-10.9-1.5-16.2Z\" fill=\"#f00\"\/><path d=\"M27 34l18-10-18-10v20Z\" fill=\"#fff\"\/><\/svg>  <\/span><\/button>\n<h2>Mejora facial de un cirujano pl\u00e1stico cosm\u00e9tico galardonado<\/h2>\n<p>El Dr. Erez Dayan recibi\u00f3 su capacitaci\u00f3n en cirug\u00eda est\u00e9tica en dos de los centros m\u00e9dicos de aprendizaje m\u00e1s prestigiosos del mundo, adem\u00e1s de ganar premios por excelencia all\u00ed. Su experiencia con las mejoras cosm\u00e9ticas lo ha llevado a escribir cinco libros, adem\u00e1s de dar conferencias y hacer demostraciones de procedimientos quir\u00fargicos est\u00e9ticos en todo el mundo. Es probable que su peluquero o t\u00e9cnico de spa local no tenga las mismas calificaciones.<\/p>\n<p>Con las habilidades precisas y el arte practicado del Dr. Dayan para el rejuvenecimiento y las mejoras faciales, puede ofrecer resultados de apariencia natural cuando usa Botox para tratar las siguientes afecciones:<\/p>\n<nav class=\"flc-submenu\" aria-label=\"sub menu\"><ul><li class=\"page_item page-item-9026\"><a href=\"https:\/\/www.avanceplasticsurgery.com\/es\/tratamientos-de-spa-medicos\/inyectables-y-rellenos\/botox\/\">b\u00f3tox<\/a><\/li>\n<li class=\"page_item page-item-9039\"><a href=\"https:\/\/www.avanceplasticsurgery.com\/es\/tratamientos-de-spa-medicos\/inyectables-y-rellenos\/deporte\/\">Deporte<\/a><\/li>\n<li class=\"page_item page-item-9046\"><a href=\"https:\/\/www.avanceplasticsurgery.com\/es\/tratamientos-de-spa-medicos\/inyectables-y-rellenos\/escultor\/\">escultor<\/a><\/li>\n<li class=\"page_item page-item-9040\"><a href=\"https:\/\/www.avanceplasticsurgery.com\/es\/tratamientos-de-spa-medicos\/inyectables-y-rellenos\/jeuveau\/\">Jeuveau<\/a><\/li>\n<li class=\"page_item page-item-9041\"><a href=\"https:\/\/www.avanceplasticsurgery.com\/es\/tratamientos-de-spa-medicos\/inyectables-y-rellenos\/juvederm-ultra-y-ultra\/\">Juvederm (Ultra y Ultra+)<\/a><\/li>\n<li class=\"page_item page-item-9042\"><a href=\"https:\/\/www.avanceplasticsurgery.com\/es\/tratamientos-de-spa-medicos\/inyectables-y-rellenos\/juvederm-volbella-y-vollure-xc\/\">Juvederm (Volbella y Vollure XC)<\/a><\/li>\n<li class=\"page_item page-item-9045\"><a href=\"https:\/\/www.avanceplasticsurgery.com\/es\/tratamientos-de-spa-medicos\/inyectables-y-rellenos\/kybella\/\">Kybella<\/a><\/li>\n<li class=\"page_item page-item-14686 page_item_has_children\"><a href=\"https:\/\/www.avanceplasticsurgery.com\/es\/tratamientos-de-spa-medicos\/inyectables-y-rellenos\/neurotoxin-injections\/\">Neurotoxin Injections<\/a><\/li>\n<li class=\"page_item page-item-9053\"><a href=\"https:\/\/www.avanceplasticsurgery.com\/es\/tratamientos-de-spa-medicos\/inyectables-y-rellenos\/radiesse\/\">Radiesse<\/a><\/li>\n<li class=\"page_item page-item-9050\"><a href=\"https:\/\/www.avanceplasticsurgery.com\/es\/tratamientos-de-spa-medicos\/inyectables-y-rellenos\/relleno-revance-rha-ha\/\">Relleno Revance RHA\u00ae HA<\/a><\/li>\n<li class=\"page_item page-item-9049\"><a href=\"https:\/\/www.avanceplasticsurgery.com\/es\/tratamientos-de-spa-medicos\/inyectables-y-rellenos\/restylane-l-defyne-lyft-y-refyne\/\">Restylane-L (Defyne, Lyft y Refyne)<\/a><\/li>\n<li class=\"page_item page-item-9048\"><a href=\"https:\/\/www.avanceplasticsurgery.com\/es\/tratamientos-de-spa-medicos\/inyectables-y-rellenos\/volumen\/\">Volumen<\/a><\/li>\n<li class=\"page_item page-item-9047\"><a href=\"https:\/\/www.avanceplasticsurgery.com\/es\/tratamientos-de-spa-medicos\/inyectables-y-rellenos\/xeomin\/\">xeomin<\/a><\/li>\n<\/ul><\/nav>\n<h3>Tratamiento cosm\u00e9tico de Botox del lago Tahoe<\/h3>\n<p>Cuando est\u00e9 listo para abordar los signos del envejecimiento en la cara y el cuello, busque su tratamiento cosm\u00e9tico de Reno o Lake Tahoe Botox de un profesional altamente experimentado. El Dr. Dayan puede compartir m\u00e1s informaci\u00f3n sobre el tratamiento cosm\u00e9tico con Botox y sus efectos durante una consulta en su consultorio de Reno\/Tahoe. <a title=\"P\u00f3ngase en contacto con el Instituto de Cirug\u00eda Pl\u00e1stica Avance en Reno NV\" href=\"https:\/\/www.avanceplasticsurgery.com\/es\/contact-us-dr-erez-dayan\/\">P\u00f3ngase en contacto con Avance Plastic Surgery Institute<\/a> hoy para programar su consulta de Botox.<\/p>\n","protected":false},"excerpt":{"rendered":"<p>Reno, NV Inyecciones de Botox Botox\u00ae es probablemente el tratamiento facial inyectable m\u00e1s popularmente conocido. Las inyecciones de Botox&hellip;<\/p>\n","protected":false},"author":1,"featured_media":8582,"parent":9025,"menu_order":0,"comment_status":"closed","ping_status":"closed","template":"","meta":{"_acf_changed":false,"footnotes":""},"class_list":["post-9026","page","type-page","status-publish","has-post-thumbnail"],"acf":[],"yoast_head":"<!-- This site is optimized with the Yoast SEO plugin v25.6 - https:\/\/yoast.com\/wordpress\/plugins\/seo\/ -->\n<title>Inyecciones de Botox Reno NV | Tratamiento cosm\u00e9tico de Botox del lago Tahoe<\/title>\n<meta name=\"description\" content=\"Las inyecciones de Botox son algunos de los tratamientos cosm\u00e9ticos disponibles m\u00e1s populares, pero no todos est\u00e1n calificados para brindarle los mejores resultados. Solo conf\u00ede su apariencia y salud a un cirujano pl\u00e1stico est\u00e9tico de renombre mundial. Llame al Instituto de Cirug\u00eda Pl\u00e1stica Avance para una consulta de Botox.\" \/>\n<meta name=\"robots\" content=\"index, follow, max-snippet:-1, max-image-preview:large, max-video-preview:-1\" \/>\n<link rel=\"canonical\" href=\"https:\/\/www.avanceplasticsurgery.com\/es\/tratamientos-de-spa-medicos\/inyectables-y-rellenos\/botox\/\" \/>\n<meta property=\"og:locale\" content=\"es_ES\" \/>\n<meta property=\"og:type\" content=\"article\" \/>\n<meta property=\"og:title\" content=\"Inyecciones de Botox Reno NV | Tratamiento cosm\u00e9tico de Botox del lago Tahoe\" \/>\n<meta property=\"og:description\" content=\"Las inyecciones de Botox son algunos de los tratamientos cosm\u00e9ticos disponibles m\u00e1s populares, pero no todos est\u00e1n calificados para brindarle los mejores resultados. Solo conf\u00ede su apariencia y salud a un cirujano pl\u00e1stico est\u00e9tico de renombre mundial. Llame al Instituto de Cirug\u00eda Pl\u00e1stica Avance para una consulta de Botox.\" \/>\n<meta property=\"og:url\" content=\"https:\/\/www.avanceplasticsurgery.com\/es\/tratamientos-de-spa-medicos\/inyectables-y-rellenos\/botox\/\" \/>\n<meta property=\"og:site_name\" content=\"Avance Plastic Surgery\" \/>\n<meta property=\"article:modified_time\" content=\"2024-04-18T13:28:26+00:00\" \/>\n<meta property=\"og:image\" content=\"https:\/\/www.avanceplasticsurgery.com\/wp-content\/uploads\/2022\/01\/fillers.jpg\" \/>\n\t<meta property=\"og:image:width\" content=\"1920\" \/>\n\t<meta property=\"og:image:height\" content=\"595\" \/>\n\t<meta property=\"og:image:type\" content=\"image\/jpeg\" \/>\n<meta name=\"twitter:card\" content=\"summary_large_image\" \/>\n<meta name=\"twitter:label1\" content=\"Tiempo de lectura\" \/>\n\t<meta name=\"twitter:data1\" content=\"3 minutos\" \/>\n<!-- \/ Yoast SEO plugin. -->","yoast_head_json":{"title":"Inyecciones de Botox Reno NV | Tratamiento cosm\u00e9tico de Botox del lago Tahoe","description":"Las inyecciones de Botox son algunos de los tratamientos cosm\u00e9ticos disponibles m\u00e1s populares, pero no todos est\u00e1n calificados para brindarle los mejores resultados. Solo conf\u00ede su apariencia y salud a un cirujano pl\u00e1stico est\u00e9tico de renombre mundial. Llame al Instituto de Cirug\u00eda Pl\u00e1stica Avance para una consulta de Botox.","robots":{"index":"index","follow":"follow","max-snippet":"max-snippet:-1","max-image-preview":"max-image-preview:large","max-video-preview":"max-video-preview:-1"},"canonical":"https:\/\/www.avanceplasticsurgery.com\/es\/tratamientos-de-spa-medicos\/inyectables-y-rellenos\/botox\/","og_locale":"es_ES","og_type":"article","og_title":"Inyecciones de Botox Reno NV | Tratamiento cosm\u00e9tico de Botox del lago Tahoe","og_description":"Las inyecciones de Botox son algunos de los tratamientos cosm\u00e9ticos disponibles m\u00e1s populares, pero no todos est\u00e1n calificados para brindarle los mejores resultados. Solo conf\u00ede su apariencia y salud a un cirujano pl\u00e1stico est\u00e9tico de renombre mundial. Llame al Instituto de Cirug\u00eda Pl\u00e1stica Avance para una consulta de Botox.","og_url":"https:\/\/www.avanceplasticsurgery.com\/es\/tratamientos-de-spa-medicos\/inyectables-y-rellenos\/botox\/","og_site_name":"Avance Plastic Surgery","article_modified_time":"2024-04-18T13:28:26+00:00","og_image":[{"width":1920,"height":595,"url":"https:\/\/www.avanceplasticsurgery.com\/wp-content\/uploads\/2022\/01\/fillers.jpg","type":"image\/jpeg"}],"twitter_card":"summary_large_image","twitter_misc":{"Tiempo de lectura":"3 minutos"},"schema":{"@context":"https:\/\/schema.org","@graph":[{"@type":"WebPage","@id":"https:\/\/www.avanceplasticsurgery.com\/es\/tratamientos-de-spa-medicos\/inyectables-y-rellenos\/botox\/","url":"https:\/\/www.avanceplasticsurgery.com\/es\/tratamientos-de-spa-medicos\/inyectables-y-rellenos\/botox\/","name":"Inyecciones de Botox Reno NV | Tratamiento cosm\u00e9tico de Botox del lago Tahoe","isPartOf":{"@id":"https:\/\/www.avanceplasticsurgery.com\/es\/#website"},"primaryImageOfPage":{"@id":"https:\/\/www.avanceplasticsurgery.com\/es\/tratamientos-de-spa-medicos\/inyectables-y-rellenos\/botox\/#primaryimage"},"image":{"@id":"https:\/\/www.avanceplasticsurgery.com\/es\/tratamientos-de-spa-medicos\/inyectables-y-rellenos\/botox\/#primaryimage"},"thumbnailUrl":"https:\/\/www.avanceplasticsurgery.com\/wp-content\/uploads\/2022\/01\/fillers.jpg","datePublished":"2020-09-20T13:22:08+00:00","dateModified":"2024-04-18T13:28:26+00:00","description":"Las inyecciones de Botox son algunos de los tratamientos cosm\u00e9ticos disponibles m\u00e1s populares, pero no todos est\u00e1n calificados para brindarle los mejores resultados. Solo conf\u00ede su apariencia y salud a un cirujano pl\u00e1stico est\u00e9tico de renombre mundial. Llame al Instituto de Cirug\u00eda Pl\u00e1stica Avance para una consulta de Botox.","breadcrumb":{"@id":"https:\/\/www.avanceplasticsurgery.com\/es\/tratamientos-de-spa-medicos\/inyectables-y-rellenos\/botox\/#breadcrumb"},"inLanguage":"es","potentialAction":[{"@type":"ReadAction","target":["https:\/\/www.avanceplasticsurgery.com\/es\/tratamientos-de-spa-medicos\/inyectables-y-rellenos\/botox\/"]}]},{"@type":"ImageObject","inLanguage":"es","@id":"https:\/\/www.avanceplasticsurgery.com\/es\/tratamientos-de-spa-medicos\/inyectables-y-rellenos\/botox\/#primaryimage","url":"https:\/\/www.avanceplasticsurgery.com\/wp-content\/uploads\/2022\/01\/fillers.jpg","contentUrl":"https:\/\/www.avanceplasticsurgery.com\/wp-content\/uploads\/2022\/01\/fillers.jpg","width":1920,"height":595,"caption":"Un m\u00e9dico con gafas se dispone a inyectar una jeringuilla en la mejilla de una mujer. La mujer tiene el pelo largo y oscuro y una expresi\u00f3n neutra. El fondo es liso y gris claro."},{"@type":"BreadcrumbList","@id":"https:\/\/www.avanceplasticsurgery.com\/es\/tratamientos-de-spa-medicos\/inyectables-y-rellenos\/botox\/#breadcrumb","itemListElement":[{"@type":"ListItem","position":1,"name":"Home","item":"https:\/\/www.avanceplasticsurgery.com\/es\/"},{"@type":"ListItem","position":2,"name":"Tratamientos de spa m\u00e9dicos","item":"https:\/\/www.avanceplasticsurgery.com\/es\/tratamientos-de-spa-medicos\/"},{"@type":"ListItem","position":3,"name":"Inyectables y Rellenos","item":"https:\/\/www.avanceplasticsurgery.com\/es\/tratamientos-de-spa-medicos\/inyectables-y-rellenos\/"},{"@type":"ListItem","position":4,"name":"b\u00f3tox"}]},{"@type":"WebSite","@id":"https:\/\/www.avanceplasticsurgery.com\/es\/#website","url":"https:\/\/www.avanceplasticsurgery.com\/es\/","name":"Avance Plastic Surgery","description":"","potentialAction":[{"@type":"SearchAction","target":{"@type":"EntryPoint","urlTemplate":"https:\/\/www.avanceplasticsurgery.com\/es\/?s={search_term_string}"},"query-input":{"@type":"PropertyValueSpecification","valueRequired":true,"valueName":"search_term_string"}}],"inLanguage":"es"}]}},"_links":{"self":[{"href":"https:\/\/www.avanceplasticsurgery.com\/es\/wp-json\/wp\/v2\/pages\/9026","targetHints":{"allow":["GET"]}}],"collection":[{"href":"https:\/\/www.avanceplasticsurgery.com\/es\/wp-json\/wp\/v2\/pages"}],"about":[{"href":"https:\/\/www.avanceplasticsurgery.com\/es\/wp-json\/wp\/v2\/types\/page"}],"author":[{"embeddable":true,"href":"https:\/\/www.avanceplasticsurgery.com\/es\/wp-json\/wp\/v2\/users\/1"}],"replies":[{"embeddable":true,"href":"https:\/\/www.avanceplasticsurgery.com\/es\/wp-json\/wp\/v2\/comments?post=9026"}],"version-history":[{"count":5,"href":"https:\/\/www.avanceplasticsurgery.com\/es\/wp-json\/wp\/v2\/pages\/9026\/revisions"}],"predecessor-version":[{"id":11072,"href":"https:\/\/www.avanceplasticsurgery.com\/es\/wp-json\/wp\/v2\/pages\/9026\/revisions\/11072"}],"up":[{"embeddable":true,"href":"https:\/\/www.avanceplasticsurgery.com\/es\/wp-json\/wp\/v2\/pages\/9025"}],"wp:featuredmedia":[{"embeddable":true,"href":"https:\/\/www.avanceplasticsurgery.com\/es\/wp-json\/wp\/v2\/media\/8582"}],"wp:attachment":[{"href":"https:\/\/www.avanceplasticsurgery.com\/es\/wp-json\/wp\/v2\/media?parent=9026"}],"curies":[{"name":"wp","href":"https:\/\/api.w.org\/{rel}","templated":true}]}}