{"id":9027,"date":"2020-09-20T13:23:47","date_gmt":"2020-09-20T13:23:47","guid":{"rendered":"https:\/\/www.avanceplasticsurgery.com\/tratamientos-de-spa-medicos\/inyectables-y-rellenos\/botox\/lineas-de-conejito\/"},"modified":"2024-04-18T14:21:21","modified_gmt":"2024-04-18T14:21:21","slug":"lineas-de-conejito","status":"publish","type":"page","link":"https:\/\/www.avanceplasticsurgery.com\/es\/tratamientos-de-spa-medicos\/inyectables-y-rellenos\/neurotoxin-injections\/lineas-de-conejito\/","title":{"rendered":"L\u00edneas de conejito"},"content":{"rendered":"<h1>Botox para l\u00edneas de conejo<\/h1>\n<p><a title=\"Inyecciones de Botox Reno NV\" href=\"https:\/\/www.avanceplasticsurgery.com\/es\/med-spa-treatments\/injectables-and-fillers\/botox-injections\/\">El tratamiento cosm\u00e9tico Botox\u00ae<\/a> se utiliza para tratar las arrugas din\u00e1micas. Estas son las arrugas y l\u00edneas que son causadas por movimientos musculares repetidos. El botox es una neurotoxina que hace que los m\u00fasculos no respondan con tanta dureza a los est\u00edmulos; por lo tanto, los m\u00fasculos est\u00e1n m\u00e1s relajados, lo que permite que las arrugas faciales se relajen y se vuelvan m\u00e1s suaves.<\/p>\n<p>Botox para l\u00edneas de conejo es un tratamiento com\u00fan para combatir los signos del envejecimiento. Las l\u00edneas de conejo son las l\u00edneas de estrabismo en el puente de la nariz, y reciben su nombre de la \u00abcara de conejo\u00bb de arrugar la nariz, lo que produce estas l\u00edneas. El tratamiento con Botox en el m\u00fasculo nasalis es el remedio habitual para las l\u00edneas de conejo. Esta inyecci\u00f3n de Botox requiere una colocaci\u00f3n precisa para relajar correctamente el m\u00fasculo y lograr una apariencia natural.<\/p>\n<div class=\"row\">\n<div class=\"col-md-6\"><button class=\"flc-yt lazyload\" data-id=\"gSe966tDTtw\" data-title=\"Neurotoxins For Facial Lines | Avance Plastic Surgery Institute: Dr. Erez Dayan | Reno, Tahoe, NV\" data-bg=\"https:\/\/i.ytimg.com\/vi\/gSe966tDTtw\/hqdefault.jpg\" aria-label=\"Play video Neurotoxins For Facial Lines | Avance Plastic Surgery Institute: Dr. Erez Dayan | Reno, Tahoe, NV\">  <div class=\"flc-yt__title\">Neurotoxins For Facial Lines | Avance Plastic Surgery Institute: Dr. Erez Dayan | Reno, Tahoe, NV<\/div>  <span class=\"flc-yt__play\">    <svg viewBox=\"0 0 68 48\" xmlns=\"http:\/\/www.w3.org\/2000\/svg\" aria-hidden=\"true\"><path d=\"M66.5 7.8A8.5 8.5 0 0 0 60.6 2C55.3.5 34 .5 34 .5S12.7.5 7.4 2A8.5 8.5 0 0 0 1.5 7.8C0 13.1 0 24 0 24s0 10.9 1.5 16.2A8.5 8.5 0 0 0 7.4 46C12.7 47.5 34 47.5 34 47.5s21.3 0 26.6-1.5a8.5 8.5 0 0 0 5.9-5.8C68 34.9 68 24 68 24s0-10.9-1.5-16.2Z\" fill=\"#f00\"\/><path d=\"M27 34l18-10-18-10v20Z\" fill=\"#fff\"\/><\/svg>  <\/span><\/button><\/div>\n<div class=\"col-md-6\"><button class=\"flc-yt lazyload\" data-id=\"ZjD31JaVm9o\" data-title=\"Safe And Effective Facial Filler | Avance Plastic Surgery: Dr. Erez Dayan | Reno, Tahoe, NV\" data-bg=\"https:\/\/i.ytimg.com\/vi\/ZjD31JaVm9o\/hqdefault.jpg\" aria-label=\"Play video Safe And Effective Facial Filler | Avance Plastic Surgery: Dr. Erez Dayan | Reno, Tahoe, NV\">  <div class=\"flc-yt__title\">Safe And Effective Facial Filler | Avance Plastic Surgery: Dr. Erez Dayan | Reno, Tahoe, NV<\/div>  <span class=\"flc-yt__play\">    <svg viewBox=\"0 0 68 48\" xmlns=\"http:\/\/www.w3.org\/2000\/svg\" aria-hidden=\"true\"><path d=\"M66.5 7.8A8.5 8.5 0 0 0 60.6 2C55.3.5 34 .5 34 .5S12.7.5 7.4 2A8.5 8.5 0 0 0 1.5 7.8C0 13.1 0 24 0 24s0 10.9 1.5 16.2A8.5 8.5 0 0 0 7.4 46C12.7 47.5 34 47.5 34 47.5s21.3 0 26.6-1.5a8.5 8.5 0 0 0 5.9-5.8C68 34.9 68 24 68 24s0-10.9-1.5-16.2Z\" fill=\"#f00\"\/><path d=\"M27 34l18-10-18-10v20Z\" fill=\"#fff\"\/><\/svg>  <\/span><\/button><\/div>\n<\/div>\n<p>El Botox para las l\u00edneas de conejo se combina con frecuencia con tratamientos de neurotoxinas para otras arrugas din\u00e1micas, como las l\u00edneas glabelares y las patas de gallo. El Dr. Erez Dayan del Instituto de Cirug\u00eda Pl\u00e1stica Avance en Reno\/Tahoe, NV, puede compartir m\u00e1s sobre el uso de Botox para suavizar las arrugas y l\u00edneas faciales en una consulta confidencial en su consultorio.<\/p>\n<h2>Elimine las arrugas de las paredes laterales nasales en Reno<\/h2>\n<p>Otras l\u00edneas molestas a lo largo de la nariz tambi\u00e9n pueden eliminarse con un tratamiento cosm\u00e9tico de Botox. La misma acci\u00f3n de entrecerrar los ojos que crea l\u00edneas de conejo tambi\u00e9n causa arrugas en las paredes laterales de la nariz. El Dr. Dayan tambi\u00e9n puede tratar esta \u00e1rea para una apariencia m\u00e1s joven y suave. De hecho, estos tratamientos a menudo se combinan en uno solo, porque los mismos m\u00fasculos causan ambos tipos de arrugas.<\/p>\n<p>Cuando est\u00e9 listo para eliminar los m\u00fasculos de las paredes laterales nasales en Reno y borrar las l\u00edneas de conejo, <a title=\"P\u00f3ngase en contacto con el Instituto de Cirug\u00eda Pl\u00e1stica Avance en Reno NV\" href=\"https:\/\/www.avanceplasticsurgery.com\/es\/contact-us-dr-erez-dayan\/\">cont\u00e1ctenos en l\u00ednea<\/a> o llame al <a href=\"tel:7758004444\" class=\"phone_anchor \" aria-label=\"ll\u00e1manos (775) 800-4444\">(775) 800-4444<\/a> para programar su consulta cosm\u00e9tica de Botox con un cirujano pl\u00e1stico y reconstructivo cosm\u00e9tico altamente calificado, el Dr. Erez Dayan. \u00c9l y el talentoso equipo de est\u00e9tica del Avance Plastic Surgery Institute ofrecen resultados de nivel profesional con el tratamiento de Botox, muy superiores a los de un tratamiento de Botox de spa o peluquer\u00eda.<\/p>\n","protected":false},"excerpt":{"rendered":"<p>Botox para l\u00edneas de conejo El tratamiento cosm\u00e9tico Botox\u00ae se utiliza para tratar las arrugas din\u00e1micas. Estas son las&hellip;<\/p>\n","protected":false},"author":1,"featured_media":0,"parent":14686,"menu_order":0,"comment_status":"closed","ping_status":"closed","template":"","meta":{"_acf_changed":false,"footnotes":""},"class_list":["post-9027","page","type-page","status-publish"],"acf":[],"yoast_head":"<!-- This site is optimized with the Yoast SEO plugin v25.6 - https:\/\/yoast.com\/wordpress\/plugins\/seo\/ -->\n<title>Reno NV Tratamiento de l\u00ednea de conejito | Elimine las arrugas de las paredes laterales nasales<\/title>\n<meta name=\"description\" content=\"Elimine las arrugas de las paredes laterales nasales y las temidas l\u00edneas de conejo con el tratamiento cosm\u00e9tico de Botox de grado profesional del cirujano pl\u00e1stico Dr. Erez Dayan. Llame hoy al Instituto de Cirug\u00eda Pl\u00e1stica Avance para una consulta.\" \/>\n<meta name=\"robots\" content=\"index, follow, max-snippet:-1, max-image-preview:large, max-video-preview:-1\" \/>\n<link rel=\"canonical\" href=\"https:\/\/www.avanceplasticsurgery.com\/es\/tratamientos-de-spa-medicos\/inyectables-y-rellenos\/neurotoxin-injections\/lineas-de-conejito\/\" \/>\n<meta property=\"og:locale\" content=\"es_ES\" \/>\n<meta property=\"og:type\" content=\"article\" \/>\n<meta property=\"og:title\" content=\"Reno NV Tratamiento de l\u00ednea de conejito | Elimine las arrugas de las paredes laterales nasales\" \/>\n<meta property=\"og:description\" content=\"Elimine las arrugas de las paredes laterales nasales y las temidas l\u00edneas de conejo con el tratamiento cosm\u00e9tico de Botox de grado profesional del cirujano pl\u00e1stico Dr. Erez Dayan. Llame hoy al Instituto de Cirug\u00eda Pl\u00e1stica Avance para una consulta.\" \/>\n<meta property=\"og:url\" content=\"https:\/\/www.avanceplasticsurgery.com\/es\/tratamientos-de-spa-medicos\/inyectables-y-rellenos\/neurotoxin-injections\/lineas-de-conejito\/\" \/>\n<meta property=\"og:site_name\" content=\"Avance Plastic Surgery\" \/>\n<meta property=\"article:modified_time\" content=\"2024-04-18T14:21:21+00:00\" \/>\n<meta name=\"twitter:card\" content=\"summary_large_image\" \/>\n<meta name=\"twitter:label1\" content=\"Tiempo de lectura\" \/>\n\t<meta name=\"twitter:data1\" content=\"2 minutos\" \/>\n<!-- \/ Yoast SEO plugin. -->","yoast_head_json":{"title":"Reno NV Tratamiento de l\u00ednea de conejito | Elimine las arrugas de las paredes laterales nasales","description":"Elimine las arrugas de las paredes laterales nasales y las temidas l\u00edneas de conejo con el tratamiento cosm\u00e9tico de Botox de grado profesional del cirujano pl\u00e1stico Dr. Erez Dayan. Llame hoy al Instituto de Cirug\u00eda Pl\u00e1stica Avance para una consulta.","robots":{"index":"index","follow":"follow","max-snippet":"max-snippet:-1","max-image-preview":"max-image-preview:large","max-video-preview":"max-video-preview:-1"},"canonical":"https:\/\/www.avanceplasticsurgery.com\/es\/tratamientos-de-spa-medicos\/inyectables-y-rellenos\/neurotoxin-injections\/lineas-de-conejito\/","og_locale":"es_ES","og_type":"article","og_title":"Reno NV Tratamiento de l\u00ednea de conejito | Elimine las arrugas de las paredes laterales nasales","og_description":"Elimine las arrugas de las paredes laterales nasales y las temidas l\u00edneas de conejo con el tratamiento cosm\u00e9tico de Botox de grado profesional del cirujano pl\u00e1stico Dr. Erez Dayan. Llame hoy al Instituto de Cirug\u00eda Pl\u00e1stica Avance para una consulta.","og_url":"https:\/\/www.avanceplasticsurgery.com\/es\/tratamientos-de-spa-medicos\/inyectables-y-rellenos\/neurotoxin-injections\/lineas-de-conejito\/","og_site_name":"Avance Plastic Surgery","article_modified_time":"2024-04-18T14:21:21+00:00","twitter_card":"summary_large_image","twitter_misc":{"Tiempo de lectura":"2 minutos"},"schema":{"@context":"https:\/\/schema.org","@graph":[{"@type":"WebPage","@id":"https:\/\/www.avanceplasticsurgery.com\/es\/tratamientos-de-spa-medicos\/inyectables-y-rellenos\/neurotoxin-injections\/lineas-de-conejito\/","url":"https:\/\/www.avanceplasticsurgery.com\/es\/tratamientos-de-spa-medicos\/inyectables-y-rellenos\/neurotoxin-injections\/lineas-de-conejito\/","name":"Reno NV Tratamiento de l\u00ednea de conejito | Elimine las arrugas de las paredes laterales nasales","isPartOf":{"@id":"https:\/\/www.avanceplasticsurgery.com\/es\/#website"},"datePublished":"2020-09-20T13:23:47+00:00","dateModified":"2024-04-18T14:21:21+00:00","description":"Elimine las arrugas de las paredes laterales nasales y las temidas l\u00edneas de conejo con el tratamiento cosm\u00e9tico de Botox de grado profesional del cirujano pl\u00e1stico Dr. Erez Dayan. Llame hoy al Instituto de Cirug\u00eda Pl\u00e1stica Avance para una consulta.","breadcrumb":{"@id":"https:\/\/www.avanceplasticsurgery.com\/es\/tratamientos-de-spa-medicos\/inyectables-y-rellenos\/neurotoxin-injections\/lineas-de-conejito\/#breadcrumb"},"inLanguage":"es","potentialAction":[{"@type":"ReadAction","target":["https:\/\/www.avanceplasticsurgery.com\/es\/tratamientos-de-spa-medicos\/inyectables-y-rellenos\/neurotoxin-injections\/lineas-de-conejito\/"]}]},{"@type":"BreadcrumbList","@id":"https:\/\/www.avanceplasticsurgery.com\/es\/tratamientos-de-spa-medicos\/inyectables-y-rellenos\/neurotoxin-injections\/lineas-de-conejito\/#breadcrumb","itemListElement":[{"@type":"ListItem","position":1,"name":"Home","item":"https:\/\/www.avanceplasticsurgery.com\/es\/"},{"@type":"ListItem","position":2,"name":"Tratamientos de spa m\u00e9dicos","item":"https:\/\/www.avanceplasticsurgery.com\/es\/tratamientos-de-spa-medicos\/"},{"@type":"ListItem","position":3,"name":"Inyectables y Rellenos","item":"https:\/\/www.avanceplasticsurgery.com\/es\/tratamientos-de-spa-medicos\/inyectables-y-rellenos\/"},{"@type":"ListItem","position":4,"name":"b\u00f3tox","item":"https:\/\/www.avanceplasticsurgery.com\/es\/tratamientos-de-spa-medicos\/inyectables-y-rellenos\/botox\/"},{"@type":"ListItem","position":5,"name":"L\u00edneas de conejito"}]},{"@type":"WebSite","@id":"https:\/\/www.avanceplasticsurgery.com\/es\/#website","url":"https:\/\/www.avanceplasticsurgery.com\/es\/","name":"Avance Plastic Surgery","description":"","potentialAction":[{"@type":"SearchAction","target":{"@type":"EntryPoint","urlTemplate":"https:\/\/www.avanceplasticsurgery.com\/es\/?s={search_term_string}"},"query-input":{"@type":"PropertyValueSpecification","valueRequired":true,"valueName":"search_term_string"}}],"inLanguage":"es"}]}},"_links":{"self":[{"href":"https:\/\/www.avanceplasticsurgery.com\/es\/wp-json\/wp\/v2\/pages\/9027","targetHints":{"allow":["GET"]}}],"collection":[{"href":"https:\/\/www.avanceplasticsurgery.com\/es\/wp-json\/wp\/v2\/pages"}],"about":[{"href":"https:\/\/www.avanceplasticsurgery.com\/es\/wp-json\/wp\/v2\/types\/page"}],"author":[{"embeddable":true,"href":"https:\/\/www.avanceplasticsurgery.com\/es\/wp-json\/wp\/v2\/users\/1"}],"replies":[{"embeddable":true,"href":"https:\/\/www.avanceplasticsurgery.com\/es\/wp-json\/wp\/v2\/comments?post=9027"}],"version-history":[{"count":3,"href":"https:\/\/www.avanceplasticsurgery.com\/es\/wp-json\/wp\/v2\/pages\/9027\/revisions"}],"predecessor-version":[{"id":11086,"href":"https:\/\/www.avanceplasticsurgery.com\/es\/wp-json\/wp\/v2\/pages\/9027\/revisions\/11086"}],"up":[{"embeddable":true,"href":"https:\/\/www.avanceplasticsurgery.com\/es\/wp-json\/wp\/v2\/pages\/14686"}],"wp:attachment":[{"href":"https:\/\/www.avanceplasticsurgery.com\/es\/wp-json\/wp\/v2\/media?parent=9027"}],"curies":[{"name":"wp","href":"https:\/\/api.w.org\/{rel}","templated":true}]}}