{"id":9028,"date":"2020-09-20T13:25:14","date_gmt":"2020-09-20T13:25:14","guid":{"rendered":"https:\/\/www.avanceplasticsurgery.com\/tratamientos-de-spa-medicos\/inyectables-y-rellenos\/botox\/estiramiento-de-cejas-quimico\/"},"modified":"2024-04-18T14:23:12","modified_gmt":"2024-04-18T14:23:12","slug":"estiramiento-de-cejas-quimico","status":"publish","type":"page","link":"https:\/\/www.avanceplasticsurgery.com\/es\/tratamientos-de-spa-medicos\/inyectables-y-rellenos\/neurotoxin-injections\/estiramiento-de-cejas-quimico\/","title":{"rendered":"Estiramiento de cejas qu\u00edmico"},"content":{"rendered":"<h1>Estiramiento de cejas qu\u00edmico<\/h1>\n<p>El entrecejo, las cejas y la frente tienen un impacto significativo en tus ojos y en tu apariencia facial en general. A medida que envejece, la ceja puede hundirse, creando l\u00edneas horizontales pronunciadas y ca\u00edda de las cejas. Si bien la cirug\u00eda pl\u00e1stica puede eliminar el exceso de piel y elevar la ceja para rejuvenecer la parte superior del rostro, no siempre es necesaria en las primeras etapas. En el Instituto de Cirug\u00eda Pl\u00e1stica Avance en Reno\/Tahoe, NV, ofrecemos un estiramiento de cejas qu\u00edmico efectivo que puede restaurar una apariencia m\u00e1s juvenil a sus cejas, ojos y frente.<\/p>\n<p><a title=\"Inyecciones de Botox Reno NV\" href=\"https:\/\/www.avanceplasticsurgery.com\/es\/med-spa-treatments\/injectables-and-fillers\/botox-injections\/\">b\u00f3tox<\/a> es el neuromodulador m\u00e1s conocido y el primero en ser aprobado por la FDA para tratar las l\u00edneas de expresi\u00f3n de la frente y los \u00ab11\u00bb de la glabela. Sin embargo, Botox se usa para algo m\u00e1s que suavizar estas l\u00edneas comunes entre y arriba de las cejas.El Botox funciona al relajar los m\u00fasculos espec\u00edficos que crean l\u00edneas din\u00e1micas, pero tambi\u00e9n puede lograr un levantamiento de la ceja cuando se inyecta con precisi\u00f3n.<\/p>\n<button class=\"flc-yt lazyload\" data-id=\"gSe966tDTtw\" data-title=\"Neurotoxins For Facial Lines | Avance Plastic Surgery Institute: Dr. Erez Dayan | Reno, Tahoe, NV\" data-bg=\"https:\/\/i.ytimg.com\/vi\/gSe966tDTtw\/hqdefault.jpg\" aria-label=\"Play video Neurotoxins For Facial Lines | Avance Plastic Surgery Institute: Dr. Erez Dayan | Reno, Tahoe, NV\">  <div class=\"flc-yt__title\">Neurotoxins For Facial Lines | Avance Plastic Surgery Institute: Dr. Erez Dayan | Reno, Tahoe, NV<\/div>  <span class=\"flc-yt__play\">    <svg viewBox=\"0 0 68 48\" xmlns=\"http:\/\/www.w3.org\/2000\/svg\" aria-hidden=\"true\"><path d=\"M66.5 7.8A8.5 8.5 0 0 0 60.6 2C55.3.5 34 .5 34 .5S12.7.5 7.4 2A8.5 8.5 0 0 0 1.5 7.8C0 13.1 0 24 0 24s0 10.9 1.5 16.2A8.5 8.5 0 0 0 7.4 46C12.7 47.5 34 47.5 34 47.5s21.3 0 26.6-1.5a8.5 8.5 0 0 0 5.9-5.8C68 34.9 68 24 68 24s0-10.9-1.5-16.2Z\" fill=\"#f00\"\/><path d=\"M27 34l18-10-18-10v20Z\" fill=\"#fff\"\/><\/svg>  <\/span><\/button>\n<h2>Estiramiento de cejas qu\u00edmico con botox<\/h2>\n<p>Las cejas pueden perder su arco juvenil con el envejecimiento. La piel y los tejidos pierden elasticidad y firmeza, tirando hacia abajo de las cejas con las contracciones musculares regulares. Al usar Botox para apuntar a estos m\u00fasculos espec\u00edficos de las cejas, las cejas pueden volver a una posici\u00f3n m\u00e1s juvenil. A medida que el Botox relaja los m\u00fasculos, las cejas se mueven hacia arriba, abriendo los ojos y refrescando la l\u00ednea de las cejas. El tratamiento solo requiere una breve visita al consultorio y los resultados pueden durar de 3 a 4 meses.<\/p>\n<p>Si tiene l\u00edneas de expresi\u00f3n o cejas ca\u00eddas, un tratamiento qu\u00edmico de cejas y l\u00edneas de expresi\u00f3n con Botox puede rejuvenecer los ojos y la parte superior de la cara. Para obtener m\u00e1s informaci\u00f3n sobre las muchas formas en que el Botox y otros tratamientos cosm\u00e9ticos pueden ayudarlo a lucir a\u00f1os m\u00e1s joven, <a title=\"P\u00f3ngase en contacto con el Instituto de Cirug\u00eda Pl\u00e1stica Avance en Reno NV\" href=\"https:\/\/www.avanceplasticsurgery.com\/es\/contact-us-dr-erez-dayan\/\">comun\u00edquese con nosotros en Avance Plastic Surgery Institute<\/a> para programar una cita en nuestra cl\u00ednica cerca de Lake Tahoe, NV, en Reno\/Tahoe.<\/p>\n","protected":false},"excerpt":{"rendered":"<p>Estiramiento de cejas qu\u00edmico El entrecejo, las cejas y la frente tienen un impacto significativo en tus ojos y&hellip;<\/p>\n","protected":false},"author":1,"featured_media":0,"parent":14686,"menu_order":0,"comment_status":"closed","ping_status":"closed","template":"","meta":{"_acf_changed":false,"footnotes":""},"class_list":["post-9028","page","type-page","status-publish"],"acf":[],"yoast_head":"<!-- This site is optimized with the Yoast SEO plugin v25.6 - https:\/\/yoast.com\/wordpress\/plugins\/seo\/ -->\n<title>Reno NV Tratamiento qu\u00edmico de levantamiento de cejas con Botox | Lago Tahoe<\/title>\n<meta name=\"description\" content=\"Cuando las cejas comienzan a caer o aparecen l\u00edneas en la frente, un estiramiento de cejas qu\u00edmico no quir\u00fargico puede rejuvenecer los ojos y la parte superior del rostro. Avance Plastic Surgery Institute ofrece un tratamiento de levantamiento de cejas con b\u00f3tox qu\u00edmico en nuestra cl\u00ednica en Reno, NV.\" \/>\n<meta name=\"robots\" content=\"index, follow, max-snippet:-1, max-image-preview:large, max-video-preview:-1\" \/>\n<link rel=\"canonical\" href=\"https:\/\/www.avanceplasticsurgery.com\/es\/tratamientos-de-spa-medicos\/inyectables-y-rellenos\/neurotoxin-injections\/estiramiento-de-cejas-quimico\/\" \/>\n<meta property=\"og:locale\" content=\"es_ES\" \/>\n<meta property=\"og:type\" content=\"article\" \/>\n<meta property=\"og:title\" content=\"Reno NV Tratamiento qu\u00edmico de levantamiento de cejas con Botox | Lago Tahoe\" \/>\n<meta property=\"og:description\" content=\"Cuando las cejas comienzan a caer o aparecen l\u00edneas en la frente, un estiramiento de cejas qu\u00edmico no quir\u00fargico puede rejuvenecer los ojos y la parte superior del rostro. Avance Plastic Surgery Institute ofrece un tratamiento de levantamiento de cejas con b\u00f3tox qu\u00edmico en nuestra cl\u00ednica en Reno, NV.\" \/>\n<meta property=\"og:url\" content=\"https:\/\/www.avanceplasticsurgery.com\/es\/tratamientos-de-spa-medicos\/inyectables-y-rellenos\/neurotoxin-injections\/estiramiento-de-cejas-quimico\/\" \/>\n<meta property=\"og:site_name\" content=\"Avance Plastic Surgery\" \/>\n<meta property=\"article:modified_time\" content=\"2024-04-18T14:23:12+00:00\" \/>\n<meta name=\"twitter:card\" content=\"summary_large_image\" \/>\n<meta name=\"twitter:label1\" content=\"Tiempo de lectura\" \/>\n\t<meta name=\"twitter:data1\" content=\"2 minutos\" \/>\n<!-- \/ Yoast SEO plugin. -->","yoast_head_json":{"title":"Reno NV Tratamiento qu\u00edmico de levantamiento de cejas con Botox | Lago Tahoe","description":"Cuando las cejas comienzan a caer o aparecen l\u00edneas en la frente, un estiramiento de cejas qu\u00edmico no quir\u00fargico puede rejuvenecer los ojos y la parte superior del rostro. Avance Plastic Surgery Institute ofrece un tratamiento de levantamiento de cejas con b\u00f3tox qu\u00edmico en nuestra cl\u00ednica en Reno, NV.","robots":{"index":"index","follow":"follow","max-snippet":"max-snippet:-1","max-image-preview":"max-image-preview:large","max-video-preview":"max-video-preview:-1"},"canonical":"https:\/\/www.avanceplasticsurgery.com\/es\/tratamientos-de-spa-medicos\/inyectables-y-rellenos\/neurotoxin-injections\/estiramiento-de-cejas-quimico\/","og_locale":"es_ES","og_type":"article","og_title":"Reno NV Tratamiento qu\u00edmico de levantamiento de cejas con Botox | Lago Tahoe","og_description":"Cuando las cejas comienzan a caer o aparecen l\u00edneas en la frente, un estiramiento de cejas qu\u00edmico no quir\u00fargico puede rejuvenecer los ojos y la parte superior del rostro. Avance Plastic Surgery Institute ofrece un tratamiento de levantamiento de cejas con b\u00f3tox qu\u00edmico en nuestra cl\u00ednica en Reno, NV.","og_url":"https:\/\/www.avanceplasticsurgery.com\/es\/tratamientos-de-spa-medicos\/inyectables-y-rellenos\/neurotoxin-injections\/estiramiento-de-cejas-quimico\/","og_site_name":"Avance Plastic Surgery","article_modified_time":"2024-04-18T14:23:12+00:00","twitter_card":"summary_large_image","twitter_misc":{"Tiempo de lectura":"2 minutos"},"schema":{"@context":"https:\/\/schema.org","@graph":[{"@type":"WebPage","@id":"https:\/\/www.avanceplasticsurgery.com\/es\/tratamientos-de-spa-medicos\/inyectables-y-rellenos\/neurotoxin-injections\/estiramiento-de-cejas-quimico\/","url":"https:\/\/www.avanceplasticsurgery.com\/es\/tratamientos-de-spa-medicos\/inyectables-y-rellenos\/neurotoxin-injections\/estiramiento-de-cejas-quimico\/","name":"Reno NV Tratamiento qu\u00edmico de levantamiento de cejas con Botox | Lago Tahoe","isPartOf":{"@id":"https:\/\/www.avanceplasticsurgery.com\/es\/#website"},"datePublished":"2020-09-20T13:25:14+00:00","dateModified":"2024-04-18T14:23:12+00:00","description":"Cuando las cejas comienzan a caer o aparecen l\u00edneas en la frente, un estiramiento de cejas qu\u00edmico no quir\u00fargico puede rejuvenecer los ojos y la parte superior del rostro. Avance Plastic Surgery Institute ofrece un tratamiento de levantamiento de cejas con b\u00f3tox qu\u00edmico en nuestra cl\u00ednica en Reno, NV.","breadcrumb":{"@id":"https:\/\/www.avanceplasticsurgery.com\/es\/tratamientos-de-spa-medicos\/inyectables-y-rellenos\/neurotoxin-injections\/estiramiento-de-cejas-quimico\/#breadcrumb"},"inLanguage":"es","potentialAction":[{"@type":"ReadAction","target":["https:\/\/www.avanceplasticsurgery.com\/es\/tratamientos-de-spa-medicos\/inyectables-y-rellenos\/neurotoxin-injections\/estiramiento-de-cejas-quimico\/"]}]},{"@type":"BreadcrumbList","@id":"https:\/\/www.avanceplasticsurgery.com\/es\/tratamientos-de-spa-medicos\/inyectables-y-rellenos\/neurotoxin-injections\/estiramiento-de-cejas-quimico\/#breadcrumb","itemListElement":[{"@type":"ListItem","position":1,"name":"Home","item":"https:\/\/www.avanceplasticsurgery.com\/es\/"},{"@type":"ListItem","position":2,"name":"Tratamientos de spa m\u00e9dicos","item":"https:\/\/www.avanceplasticsurgery.com\/es\/tratamientos-de-spa-medicos\/"},{"@type":"ListItem","position":3,"name":"Inyectables y Rellenos","item":"https:\/\/www.avanceplasticsurgery.com\/es\/tratamientos-de-spa-medicos\/inyectables-y-rellenos\/"},{"@type":"ListItem","position":4,"name":"b\u00f3tox","item":"https:\/\/www.avanceplasticsurgery.com\/es\/tratamientos-de-spa-medicos\/inyectables-y-rellenos\/botox\/"},{"@type":"ListItem","position":5,"name":"Estiramiento de cejas qu\u00edmico"}]},{"@type":"WebSite","@id":"https:\/\/www.avanceplasticsurgery.com\/es\/#website","url":"https:\/\/www.avanceplasticsurgery.com\/es\/","name":"Avance Plastic Surgery","description":"","potentialAction":[{"@type":"SearchAction","target":{"@type":"EntryPoint","urlTemplate":"https:\/\/www.avanceplasticsurgery.com\/es\/?s={search_term_string}"},"query-input":{"@type":"PropertyValueSpecification","valueRequired":true,"valueName":"search_term_string"}}],"inLanguage":"es"}]}},"_links":{"self":[{"href":"https:\/\/www.avanceplasticsurgery.com\/es\/wp-json\/wp\/v2\/pages\/9028","targetHints":{"allow":["GET"]}}],"collection":[{"href":"https:\/\/www.avanceplasticsurgery.com\/es\/wp-json\/wp\/v2\/pages"}],"about":[{"href":"https:\/\/www.avanceplasticsurgery.com\/es\/wp-json\/wp\/v2\/types\/page"}],"author":[{"embeddable":true,"href":"https:\/\/www.avanceplasticsurgery.com\/es\/wp-json\/wp\/v2\/users\/1"}],"replies":[{"embeddable":true,"href":"https:\/\/www.avanceplasticsurgery.com\/es\/wp-json\/wp\/v2\/comments?post=9028"}],"version-history":[{"count":3,"href":"https:\/\/www.avanceplasticsurgery.com\/es\/wp-json\/wp\/v2\/pages\/9028\/revisions"}],"predecessor-version":[{"id":11089,"href":"https:\/\/www.avanceplasticsurgery.com\/es\/wp-json\/wp\/v2\/pages\/9028\/revisions\/11089"}],"up":[{"embeddable":true,"href":"https:\/\/www.avanceplasticsurgery.com\/es\/wp-json\/wp\/v2\/pages\/14686"}],"wp:attachment":[{"href":"https:\/\/www.avanceplasticsurgery.com\/es\/wp-json\/wp\/v2\/media?parent=9028"}],"curies":[{"name":"wp","href":"https:\/\/api.w.org\/{rel}","templated":true}]}}