{"id":9029,"date":"2020-09-20T13:26:41","date_gmt":"2020-09-20T13:26:41","guid":{"rendered":"https:\/\/www.avanceplasticsurgery.com\/tratamientos-de-spa-medicos\/inyectables-y-rellenos\/botox\/hoyuelos-en-la-barbilla\/"},"modified":"2022-04-25T12:56:02","modified_gmt":"2022-04-25T12:56:02","slug":"hoyuelos-en-la-barbilla","status":"publish","type":"page","link":"https:\/\/www.avanceplasticsurgery.com\/es\/tratamientos-de-spa-medicos\/inyectables-y-rellenos\/neurotoxin-injections\/hoyuelos-en-la-barbilla\/","title":{"rendered":"hoyuelos en la barbilla"},"content":{"rendered":"<h1>Tratamiento de hoyuelos en la barbilla con botox<\/h1>\n<p>\u00bfTu barbilla tiene un hoyuelo o un pliegue horizontal? Muchas personas tienen barbillas que pueden parecer hoyuelos, como la superficie de una naranja, o tienen un pliegue pronunciado que se extiende horizontalmente a lo largo de la barbilla. En la mayor\u00eda de los casos, es un rasgo gen\u00e9tico causado por una contracci\u00f3n del m\u00fasculo mentalis en el ment\u00f3n. Si bien no puede cambiar su gen\u00e9tica, existen opciones para minimizar la aparici\u00f3n de hoyuelos o pliegues en la barbilla. En el Instituto de Cirug\u00eda Pl\u00e1stica Avance, ofrecemos un hoyuelo de barbilla corto con Botox no quir\u00fargico en nuestra cl\u00ednica en Reno\/Tahoe, NV.<\/p>\n<p>Un rostro atractivo es una combinaci\u00f3n de m\u00faltiples rasgos que se mezclan y equilibran. Cuando una parte parece tener una forma extra\u00f1a, puede restarle valor a una cara que de otro modo ser\u00eda encantadora. Un ment\u00f3n con hoyuelos no es el fin del mundo, pero puede hacer que algunas personas se sientan cohibidas por su apariencia. Lo mismo ocurre con un pliegue entre el labio inferior y la base del ment\u00f3n. Relajar los m\u00fasculos del ment\u00f3n puede suavizar los hoyuelos o ayudar a minimizar la apariencia de un pliegue horizontal, mejorando la armon\u00eda general de los rasgos faciales.<\/p>\n<h2>Alisado de arrugas y hoyuelos en la barbilla<\/h2>\n<p><a title=\"Inyecciones de Botox Reno NV\" href=\"https:\/\/www.avanceplasticsurgery.com\/es\/med-spa-treatments\/injectables-and-fillers\/botox-injections\/\">Las inyecciones de Botox<\/a> usan una neurotoxina para bloquear las se\u00f1ales nerviosas a los m\u00fasculos espec\u00edficos. Para los hoyuelos y pliegues de la barbilla, las inyecciones detienen la contracci\u00f3n del m\u00fasculo mentoniano y alisan la superficie de la piel y el tejido. El tratamiento solo dura unos 15 minutos y los resultados son evidentes en unos pocos d\u00edas a una semana. En la mayor\u00eda de los casos, los efectos del Botox durar\u00e1n de 3 a 4 meses antes de que se necesite otro tratamiento para mantener la apariencia deseada.<\/p>\n<p>Si desea alisar los hoyuelos del ment\u00f3n o un pliegue horizontal debajo del labio inferior, <a title=\"P\u00f3ngase en contacto con el Instituto de Cirug\u00eda Pl\u00e1stica Avance en Reno NV\" href=\"https:\/\/www.avanceplasticsurgery.com\/es\/contact-us-dr-erez-dayan\/\">cont\u00e1ctenos en Avance Plastic Surgery Institute<\/a> para programar su cita. Podemos programar una evaluaci\u00f3n cosm\u00e9tica con el Dr. Erez Dayan para determinar si el tratamiento de hoyuelos del ment\u00f3n con Botox es adecuado para usted. Estamos ubicados cerca del lago Tahoe en Reno\/Tahoe, Nevada.<\/p>\n","protected":false},"excerpt":{"rendered":"<p>Tratamiento de hoyuelos en la barbilla con botox \u00bfTu barbilla tiene un hoyuelo o un pliegue horizontal? Muchas personas&hellip;<\/p>\n","protected":false},"author":1,"featured_media":0,"parent":14686,"menu_order":0,"comment_status":"closed","ping_status":"closed","template":"","meta":{"_acf_changed":false,"footnotes":""},"class_list":["post-9029","page","type-page","status-publish"],"acf":[],"yoast_head":"<!-- This site is optimized with the Yoast SEO plugin v25.6 - https:\/\/yoast.com\/wordpress\/plugins\/seo\/ -->\n<title>Reno NV Botox Tratamiento de hoyuelos en la barbilla | Cirujano pl\u00e1stico del lago Tahoe<\/title>\n<meta name=\"description\" content=\"\u00bfTu barbilla tiene m\u00faltiples hoyuelos que la hacen ver como una naranja? Suaviza los hoyuelos de la barbilla sin cirug\u00eda. El Instituto de Cirug\u00eda Pl\u00e1stica Avance ofrece tratamiento de hoyuelos en el ment\u00f3n con Botox en nuestra cl\u00ednica cerca del lago Tahoe en Reno, NV.\" \/>\n<meta name=\"robots\" content=\"index, follow, max-snippet:-1, max-image-preview:large, max-video-preview:-1\" \/>\n<link rel=\"canonical\" href=\"https:\/\/www.avanceplasticsurgery.com\/es\/tratamientos-de-spa-medicos\/inyectables-y-rellenos\/neurotoxin-injections\/hoyuelos-en-la-barbilla\/\" \/>\n<meta property=\"og:locale\" content=\"es_ES\" \/>\n<meta property=\"og:type\" content=\"article\" \/>\n<meta property=\"og:title\" content=\"Reno NV Botox Tratamiento de hoyuelos en la barbilla | Cirujano pl\u00e1stico del lago Tahoe\" \/>\n<meta property=\"og:description\" content=\"\u00bfTu barbilla tiene m\u00faltiples hoyuelos que la hacen ver como una naranja? Suaviza los hoyuelos de la barbilla sin cirug\u00eda. El Instituto de Cirug\u00eda Pl\u00e1stica Avance ofrece tratamiento de hoyuelos en el ment\u00f3n con Botox en nuestra cl\u00ednica cerca del lago Tahoe en Reno, NV.\" \/>\n<meta property=\"og:url\" content=\"https:\/\/www.avanceplasticsurgery.com\/es\/tratamientos-de-spa-medicos\/inyectables-y-rellenos\/neurotoxin-injections\/hoyuelos-en-la-barbilla\/\" \/>\n<meta property=\"og:site_name\" content=\"Avance Plastic Surgery\" \/>\n<meta property=\"article:modified_time\" content=\"2022-04-25T12:56:02+00:00\" \/>\n<meta name=\"twitter:card\" content=\"summary_large_image\" \/>\n<meta name=\"twitter:label1\" content=\"Tiempo de lectura\" \/>\n\t<meta name=\"twitter:data1\" content=\"2 minutos\" \/>\n<!-- \/ Yoast SEO plugin. -->","yoast_head_json":{"title":"Reno NV Botox Tratamiento de hoyuelos en la barbilla | Cirujano pl\u00e1stico del lago Tahoe","description":"\u00bfTu barbilla tiene m\u00faltiples hoyuelos que la hacen ver como una naranja? Suaviza los hoyuelos de la barbilla sin cirug\u00eda. El Instituto de Cirug\u00eda Pl\u00e1stica Avance ofrece tratamiento de hoyuelos en el ment\u00f3n con Botox en nuestra cl\u00ednica cerca del lago Tahoe en Reno, NV.","robots":{"index":"index","follow":"follow","max-snippet":"max-snippet:-1","max-image-preview":"max-image-preview:large","max-video-preview":"max-video-preview:-1"},"canonical":"https:\/\/www.avanceplasticsurgery.com\/es\/tratamientos-de-spa-medicos\/inyectables-y-rellenos\/neurotoxin-injections\/hoyuelos-en-la-barbilla\/","og_locale":"es_ES","og_type":"article","og_title":"Reno NV Botox Tratamiento de hoyuelos en la barbilla | Cirujano pl\u00e1stico del lago Tahoe","og_description":"\u00bfTu barbilla tiene m\u00faltiples hoyuelos que la hacen ver como una naranja? Suaviza los hoyuelos de la barbilla sin cirug\u00eda. El Instituto de Cirug\u00eda Pl\u00e1stica Avance ofrece tratamiento de hoyuelos en el ment\u00f3n con Botox en nuestra cl\u00ednica cerca del lago Tahoe en Reno, NV.","og_url":"https:\/\/www.avanceplasticsurgery.com\/es\/tratamientos-de-spa-medicos\/inyectables-y-rellenos\/neurotoxin-injections\/hoyuelos-en-la-barbilla\/","og_site_name":"Avance Plastic Surgery","article_modified_time":"2022-04-25T12:56:02+00:00","twitter_card":"summary_large_image","twitter_misc":{"Tiempo de lectura":"2 minutos"},"schema":{"@context":"https:\/\/schema.org","@graph":[{"@type":"WebPage","@id":"https:\/\/www.avanceplasticsurgery.com\/es\/tratamientos-de-spa-medicos\/inyectables-y-rellenos\/neurotoxin-injections\/hoyuelos-en-la-barbilla\/","url":"https:\/\/www.avanceplasticsurgery.com\/es\/tratamientos-de-spa-medicos\/inyectables-y-rellenos\/neurotoxin-injections\/hoyuelos-en-la-barbilla\/","name":"Reno NV Botox Tratamiento de hoyuelos en la barbilla | Cirujano pl\u00e1stico del lago Tahoe","isPartOf":{"@id":"https:\/\/www.avanceplasticsurgery.com\/es\/#website"},"datePublished":"2020-09-20T13:26:41+00:00","dateModified":"2022-04-25T12:56:02+00:00","description":"\u00bfTu barbilla tiene m\u00faltiples hoyuelos que la hacen ver como una naranja? Suaviza los hoyuelos de la barbilla sin cirug\u00eda. El Instituto de Cirug\u00eda Pl\u00e1stica Avance ofrece tratamiento de hoyuelos en el ment\u00f3n con Botox en nuestra cl\u00ednica cerca del lago Tahoe en Reno, NV.","breadcrumb":{"@id":"https:\/\/www.avanceplasticsurgery.com\/es\/tratamientos-de-spa-medicos\/inyectables-y-rellenos\/neurotoxin-injections\/hoyuelos-en-la-barbilla\/#breadcrumb"},"inLanguage":"es","potentialAction":[{"@type":"ReadAction","target":["https:\/\/www.avanceplasticsurgery.com\/es\/tratamientos-de-spa-medicos\/inyectables-y-rellenos\/neurotoxin-injections\/hoyuelos-en-la-barbilla\/"]}]},{"@type":"BreadcrumbList","@id":"https:\/\/www.avanceplasticsurgery.com\/es\/tratamientos-de-spa-medicos\/inyectables-y-rellenos\/neurotoxin-injections\/hoyuelos-en-la-barbilla\/#breadcrumb","itemListElement":[{"@type":"ListItem","position":1,"name":"Home","item":"https:\/\/www.avanceplasticsurgery.com\/es\/"},{"@type":"ListItem","position":2,"name":"Tratamientos de spa m\u00e9dicos","item":"https:\/\/www.avanceplasticsurgery.com\/es\/tratamientos-de-spa-medicos\/"},{"@type":"ListItem","position":3,"name":"Inyectables y Rellenos","item":"https:\/\/www.avanceplasticsurgery.com\/es\/tratamientos-de-spa-medicos\/inyectables-y-rellenos\/"},{"@type":"ListItem","position":4,"name":"b\u00f3tox","item":"https:\/\/www.avanceplasticsurgery.com\/es\/tratamientos-de-spa-medicos\/inyectables-y-rellenos\/botox\/"},{"@type":"ListItem","position":5,"name":"hoyuelos en la barbilla"}]},{"@type":"WebSite","@id":"https:\/\/www.avanceplasticsurgery.com\/es\/#website","url":"https:\/\/www.avanceplasticsurgery.com\/es\/","name":"Avance Plastic Surgery","description":"","potentialAction":[{"@type":"SearchAction","target":{"@type":"EntryPoint","urlTemplate":"https:\/\/www.avanceplasticsurgery.com\/es\/?s={search_term_string}"},"query-input":{"@type":"PropertyValueSpecification","valueRequired":true,"valueName":"search_term_string"}}],"inLanguage":"es"}]}},"_links":{"self":[{"href":"https:\/\/www.avanceplasticsurgery.com\/es\/wp-json\/wp\/v2\/pages\/9029","targetHints":{"allow":["GET"]}}],"collection":[{"href":"https:\/\/www.avanceplasticsurgery.com\/es\/wp-json\/wp\/v2\/pages"}],"about":[{"href":"https:\/\/www.avanceplasticsurgery.com\/es\/wp-json\/wp\/v2\/types\/page"}],"author":[{"embeddable":true,"href":"https:\/\/www.avanceplasticsurgery.com\/es\/wp-json\/wp\/v2\/users\/1"}],"replies":[{"embeddable":true,"href":"https:\/\/www.avanceplasticsurgery.com\/es\/wp-json\/wp\/v2\/comments?post=9029"}],"version-history":[{"count":2,"href":"https:\/\/www.avanceplasticsurgery.com\/es\/wp-json\/wp\/v2\/pages\/9029\/revisions"}],"predecessor-version":[{"id":9305,"href":"https:\/\/www.avanceplasticsurgery.com\/es\/wp-json\/wp\/v2\/pages\/9029\/revisions\/9305"}],"up":[{"embeddable":true,"href":"https:\/\/www.avanceplasticsurgery.com\/es\/wp-json\/wp\/v2\/pages\/14686"}],"wp:attachment":[{"href":"https:\/\/www.avanceplasticsurgery.com\/es\/wp-json\/wp\/v2\/media?parent=9029"}],"curies":[{"name":"wp","href":"https:\/\/api.w.org\/{rel}","templated":true}]}}