{"id":9031,"date":"2020-09-20T13:30:15","date_gmt":"2020-09-20T13:30:15","guid":{"rendered":"https:\/\/www.avanceplasticsurgery.com\/tratamientos-de-spa-medicos\/inyectables-y-rellenos\/botox\/levantamiento-de-labios-en-la-esquina-de-la-boca\/"},"modified":"2024-04-18T14:33:27","modified_gmt":"2024-04-18T14:33:27","slug":"levantamiento-de-labios-en-la-esquina-de-la-boca","status":"publish","type":"page","link":"https:\/\/www.avanceplasticsurgery.com\/es\/tratamientos-de-spa-medicos\/inyectables-y-rellenos\/neurotoxin-injections\/levantamiento-de-labios-en-la-esquina-de-la-boca\/","title":{"rendered":"Levantamiento de labios en la esquina de la boca"},"content":{"rendered":"<h1>Levantamiento de labios de esquina de boca de Botox<\/h1>\n<p>La gravedad y la p\u00e9rdida de elasticidad en la piel y los tejidos faciales pueden crear un ce\u00f1o fruncido permanente. Las comisuras de la boca pueden caerse y se puede grabar un pliegue hacia abajo en la piel, lo que hace que parezca enojado o triste cuando su rostro est\u00e1 en reposo. Si desea una boca y labios m\u00e1s alegres y juveniles, las inyecciones de Botox pueden ser la soluci\u00f3n. El Instituto de Cirug\u00eda Pl\u00e1stica Avance ofrece tratamiento de levantamiento de labios con Botox en las comisuras de la boca en nuestra cl\u00ednica en Reno\/Tahoe, NV.<\/p>\n<p>Hay dos factores para una boca en reposo y con el ce\u00f1o fruncido. El m\u00fasculo anguli oris puede estar hiperactivo y contraerse para tirar de las comisuras de la boca hacia abajo. Esto puede deberse a la edad o a factores gen\u00e9ticos. En segundo lugar, a\u00f1os de tirar hacia abajo de las comisuras de la boca pueden crear un pliegue o una l\u00ednea din\u00e1mica en la piel. Relajar el m\u00fasculo anguli oris puede permitir que la esquina se \u00ablevante\u00bb al detener la hiperactividad o las contracciones, lo que da como resultado un suavizado del comienzo de las l\u00edneas de marioneta. En muchos casos, esto se puede lograr con <a title=\"Inyecciones de Botox Reno NV\" href=\"https:\/\/www.avanceplasticsurgery.com\/es\/med-spa-treatments\/injectables-and-fillers\/botox-injections\/\">inyecciones de Botox<\/a> , una soluci\u00f3n r\u00e1pida y no quir\u00fargica para el ce\u00f1o fruncido en reposo.<\/p>\n<h2>Levantamiento de labios de esquina no quir\u00fargico<\/h2>\n<p>Hay estiramientos de labios quir\u00fargicos que pueden elevar permanentemente las comisuras de los labios, pero no siempre es necesario en las primeras etapas. Las inyecciones de Botox pueden apuntar al m\u00fasculo anguli oris para permitir que se relaje y levante las comisuras para una cara y boca en reposo m\u00e1s agradables. El procedimiento consiste en una breve visita al consultorio y los resultados suelen notarse en una semana y duran de 3 a 4 meses. Si est\u00e1s cansado de que la gente te pregunte: \u00ab\u00bfQu\u00e9 pasa?\u00bb debido a un ce\u00f1o fruncido permanente, recupere su boca m\u00e1s feliz y juvenil con el tratamiento de Botox.<\/p>\n<p>Las inyecciones de Botox son la soluci\u00f3n para una amplia variedad de problemas cosm\u00e9ticos y de envejecimiento facial. Si desea explorar recibir un levantamiento de labios de esquina no invasivo con Botox, <a title=\"P\u00f3ngase en contacto con el Instituto de Cirug\u00eda Pl\u00e1stica Avance en Reno NV\" href=\"https:\/\/www.avanceplasticsurgery.com\/es\/contact-us-dr-erez-dayan\/\">cont\u00e1ctenos en Avance Plastic Surgery Institute<\/a> para programar su consulta o tratamiento para arreglar su sonrisa al rev\u00e9s.<\/p>\n","protected":false},"excerpt":{"rendered":"<p>Levantamiento de labios de esquina de boca de Botox La gravedad y la p\u00e9rdida de elasticidad en la piel&hellip;<\/p>\n","protected":false},"author":1,"featured_media":0,"parent":14686,"menu_order":0,"comment_status":"closed","ping_status":"closed","template":"","meta":{"_acf_changed":false,"footnotes":""},"class_list":["post-9031","page","type-page","status-publish"],"acf":[],"yoast_head":"<!-- This site is optimized with the Yoast SEO plugin v25.6 - https:\/\/yoast.com\/wordpress\/plugins\/seo\/ -->\n<title>Reno NV Botox Corner Boca Lip Lift Tratamiento | Cirujano pl\u00e1stico<\/title>\n<meta name=\"description\" content=\"El envejecimiento, la gen\u00e9tica y otros factores pueden provocar que la comisura de la boca se tuerza hacia abajo, creando un ce\u00f1o fruncido permanente. Luzca m\u00e1s feliz y joven con un levantamiento de labios con b\u00f3tox en las comisuras de la boca en el Instituto de Cirug\u00eda Pl\u00e1stica Avance en Reno. NEVADA.\" \/>\n<meta name=\"robots\" content=\"index, follow, max-snippet:-1, max-image-preview:large, max-video-preview:-1\" \/>\n<link rel=\"canonical\" href=\"https:\/\/www.avanceplasticsurgery.com\/es\/tratamientos-de-spa-medicos\/inyectables-y-rellenos\/neurotoxin-injections\/levantamiento-de-labios-en-la-esquina-de-la-boca\/\" \/>\n<meta property=\"og:locale\" content=\"es_ES\" \/>\n<meta property=\"og:type\" content=\"article\" \/>\n<meta property=\"og:title\" content=\"Reno NV Botox Corner Boca Lip Lift Tratamiento | Cirujano pl\u00e1stico\" \/>\n<meta property=\"og:description\" content=\"El envejecimiento, la gen\u00e9tica y otros factores pueden provocar que la comisura de la boca se tuerza hacia abajo, creando un ce\u00f1o fruncido permanente. Luzca m\u00e1s feliz y joven con un levantamiento de labios con b\u00f3tox en las comisuras de la boca en el Instituto de Cirug\u00eda Pl\u00e1stica Avance en Reno. NEVADA.\" \/>\n<meta property=\"og:url\" content=\"https:\/\/www.avanceplasticsurgery.com\/es\/tratamientos-de-spa-medicos\/inyectables-y-rellenos\/neurotoxin-injections\/levantamiento-de-labios-en-la-esquina-de-la-boca\/\" \/>\n<meta property=\"og:site_name\" content=\"Avance Plastic Surgery\" \/>\n<meta property=\"article:modified_time\" content=\"2024-04-18T14:33:27+00:00\" \/>\n<meta name=\"twitter:card\" content=\"summary_large_image\" \/>\n<meta name=\"twitter:label1\" content=\"Tiempo de lectura\" \/>\n\t<meta name=\"twitter:data1\" content=\"2 minutos\" \/>\n<!-- \/ Yoast SEO plugin. -->","yoast_head_json":{"title":"Reno NV Botox Corner Boca Lip Lift Tratamiento | Cirujano pl\u00e1stico","description":"El envejecimiento, la gen\u00e9tica y otros factores pueden provocar que la comisura de la boca se tuerza hacia abajo, creando un ce\u00f1o fruncido permanente. Luzca m\u00e1s feliz y joven con un levantamiento de labios con b\u00f3tox en las comisuras de la boca en el Instituto de Cirug\u00eda Pl\u00e1stica Avance en Reno. NEVADA.","robots":{"index":"index","follow":"follow","max-snippet":"max-snippet:-1","max-image-preview":"max-image-preview:large","max-video-preview":"max-video-preview:-1"},"canonical":"https:\/\/www.avanceplasticsurgery.com\/es\/tratamientos-de-spa-medicos\/inyectables-y-rellenos\/neurotoxin-injections\/levantamiento-de-labios-en-la-esquina-de-la-boca\/","og_locale":"es_ES","og_type":"article","og_title":"Reno NV Botox Corner Boca Lip Lift Tratamiento | Cirujano pl\u00e1stico","og_description":"El envejecimiento, la gen\u00e9tica y otros factores pueden provocar que la comisura de la boca se tuerza hacia abajo, creando un ce\u00f1o fruncido permanente. Luzca m\u00e1s feliz y joven con un levantamiento de labios con b\u00f3tox en las comisuras de la boca en el Instituto de Cirug\u00eda Pl\u00e1stica Avance en Reno. NEVADA.","og_url":"https:\/\/www.avanceplasticsurgery.com\/es\/tratamientos-de-spa-medicos\/inyectables-y-rellenos\/neurotoxin-injections\/levantamiento-de-labios-en-la-esquina-de-la-boca\/","og_site_name":"Avance Plastic Surgery","article_modified_time":"2024-04-18T14:33:27+00:00","twitter_card":"summary_large_image","twitter_misc":{"Tiempo de lectura":"2 minutos"},"schema":{"@context":"https:\/\/schema.org","@graph":[{"@type":"WebPage","@id":"https:\/\/www.avanceplasticsurgery.com\/es\/tratamientos-de-spa-medicos\/inyectables-y-rellenos\/neurotoxin-injections\/levantamiento-de-labios-en-la-esquina-de-la-boca\/","url":"https:\/\/www.avanceplasticsurgery.com\/es\/tratamientos-de-spa-medicos\/inyectables-y-rellenos\/neurotoxin-injections\/levantamiento-de-labios-en-la-esquina-de-la-boca\/","name":"Reno NV Botox Corner Boca Lip Lift Tratamiento | Cirujano pl\u00e1stico","isPartOf":{"@id":"https:\/\/www.avanceplasticsurgery.com\/es\/#website"},"datePublished":"2020-09-20T13:30:15+00:00","dateModified":"2024-04-18T14:33:27+00:00","description":"El envejecimiento, la gen\u00e9tica y otros factores pueden provocar que la comisura de la boca se tuerza hacia abajo, creando un ce\u00f1o fruncido permanente. Luzca m\u00e1s feliz y joven con un levantamiento de labios con b\u00f3tox en las comisuras de la boca en el Instituto de Cirug\u00eda Pl\u00e1stica Avance en Reno. NEVADA.","breadcrumb":{"@id":"https:\/\/www.avanceplasticsurgery.com\/es\/tratamientos-de-spa-medicos\/inyectables-y-rellenos\/neurotoxin-injections\/levantamiento-de-labios-en-la-esquina-de-la-boca\/#breadcrumb"},"inLanguage":"es","potentialAction":[{"@type":"ReadAction","target":["https:\/\/www.avanceplasticsurgery.com\/es\/tratamientos-de-spa-medicos\/inyectables-y-rellenos\/neurotoxin-injections\/levantamiento-de-labios-en-la-esquina-de-la-boca\/"]}]},{"@type":"BreadcrumbList","@id":"https:\/\/www.avanceplasticsurgery.com\/es\/tratamientos-de-spa-medicos\/inyectables-y-rellenos\/neurotoxin-injections\/levantamiento-de-labios-en-la-esquina-de-la-boca\/#breadcrumb","itemListElement":[{"@type":"ListItem","position":1,"name":"Home","item":"https:\/\/www.avanceplasticsurgery.com\/es\/"},{"@type":"ListItem","position":2,"name":"Tratamientos de spa m\u00e9dicos","item":"https:\/\/www.avanceplasticsurgery.com\/es\/tratamientos-de-spa-medicos\/"},{"@type":"ListItem","position":3,"name":"Inyectables y Rellenos","item":"https:\/\/www.avanceplasticsurgery.com\/es\/tratamientos-de-spa-medicos\/inyectables-y-rellenos\/"},{"@type":"ListItem","position":4,"name":"b\u00f3tox","item":"https:\/\/www.avanceplasticsurgery.com\/es\/tratamientos-de-spa-medicos\/inyectables-y-rellenos\/botox\/"},{"@type":"ListItem","position":5,"name":"Levantamiento de labios en la esquina de la boca"}]},{"@type":"WebSite","@id":"https:\/\/www.avanceplasticsurgery.com\/es\/#website","url":"https:\/\/www.avanceplasticsurgery.com\/es\/","name":"Avance Plastic Surgery","description":"","potentialAction":[{"@type":"SearchAction","target":{"@type":"EntryPoint","urlTemplate":"https:\/\/www.avanceplasticsurgery.com\/es\/?s={search_term_string}"},"query-input":{"@type":"PropertyValueSpecification","valueRequired":true,"valueName":"search_term_string"}}],"inLanguage":"es"}]}},"_links":{"self":[{"href":"https:\/\/www.avanceplasticsurgery.com\/es\/wp-json\/wp\/v2\/pages\/9031","targetHints":{"allow":["GET"]}}],"collection":[{"href":"https:\/\/www.avanceplasticsurgery.com\/es\/wp-json\/wp\/v2\/pages"}],"about":[{"href":"https:\/\/www.avanceplasticsurgery.com\/es\/wp-json\/wp\/v2\/types\/page"}],"author":[{"embeddable":true,"href":"https:\/\/www.avanceplasticsurgery.com\/es\/wp-json\/wp\/v2\/users\/1"}],"replies":[{"embeddable":true,"href":"https:\/\/www.avanceplasticsurgery.com\/es\/wp-json\/wp\/v2\/comments?post=9031"}],"version-history":[{"count":4,"href":"https:\/\/www.avanceplasticsurgery.com\/es\/wp-json\/wp\/v2\/pages\/9031\/revisions"}],"predecessor-version":[{"id":11106,"href":"https:\/\/www.avanceplasticsurgery.com\/es\/wp-json\/wp\/v2\/pages\/9031\/revisions\/11106"}],"up":[{"embeddable":true,"href":"https:\/\/www.avanceplasticsurgery.com\/es\/wp-json\/wp\/v2\/pages\/14686"}],"wp:attachment":[{"href":"https:\/\/www.avanceplasticsurgery.com\/es\/wp-json\/wp\/v2\/media?parent=9031"}],"curies":[{"name":"wp","href":"https:\/\/api.w.org\/{rel}","templated":true}]}}