{"id":9032,"date":"2020-09-20T13:31:32","date_gmt":"2020-09-20T13:31:32","guid":{"rendered":"https:\/\/www.avanceplasticsurgery.com\/tratamientos-de-spa-medicos\/inyectables-y-rellenos\/botox\/frente-lineas-de-preocupacion\/"},"modified":"2024-04-18T14:26:39","modified_gmt":"2024-04-18T14:26:39","slug":"frente-lineas-de-preocupacion","status":"publish","type":"page","link":"https:\/\/www.avanceplasticsurgery.com\/es\/tratamientos-de-spa-medicos\/inyectables-y-rellenos\/neurotoxin-injections\/frente-lineas-de-preocupacion\/","title":{"rendered":"Frente\/l\u00edneas de preocupaci\u00f3n"},"content":{"rendered":"<h1>Botox para l\u00edneas de preocupaci\u00f3n<\/h1>\n<p>Las l\u00edneas horizontales que aparecen cuando levantas o bajas las cejas con preocupaci\u00f3n a menudo se denominan \u00abl\u00edneas de preocupaci\u00f3n\u00bb. Las l\u00edneas de expresi\u00f3n horizontales en la frente son un problema com\u00fan, ya que la gen\u00e9tica y el envejecimiento de la piel juegan un papel en la formaci\u00f3n de estas l\u00edneas din\u00e1micas. Algunos hombres y mujeres comienzan a mostrar l\u00edneas de preocupaci\u00f3n temprano, pero son m\u00e1s comunes a partir de los 40 a\u00f1os. Para suavizar la frente y lograr una apariencia m\u00e1s juvenil y placentera, ofrecemos <a title=\"Inyecciones de Botox Reno NV\" href=\"https:\/\/www.avanceplasticsurgery.com\/es\/med-spa-treatments\/injectables-and-fillers\/botox-injections\/\">Botox<\/a> para las l\u00edneas de expresi\u00f3n en Avance Plastic Surgery Institute en Reno\/Tahoe, NV.<\/p>\n<p>Ya sea que las llame l\u00edneas de ce\u00f1o fruncido, cejas o preocupaci\u00f3n, las largas l\u00edneas din\u00e1micas horizontales en su frente pueden grabarse en la piel. Incluso cuando su frente est\u00e1 relajada, los pliegues pueden ser evidentes debido a los cambios en la piel y el tejido. Botox est\u00e1 aprobado por la FDA para el tratamiento de l\u00edneas din\u00e1micas, incluidas las l\u00edneas horizontales de preocupaci\u00f3n o el ce\u00f1o fruncido en la frente.<\/p>\n<button class=\"flc-yt lazyload\" data-id=\"gSe966tDTtw\" data-title=\"Neurotoxins For Facial Lines | Avance Plastic Surgery Institute: Dr. Erez Dayan | Reno, Tahoe, NV\" data-bg=\"https:\/\/i.ytimg.com\/vi\/gSe966tDTtw\/hqdefault.jpg\" aria-label=\"Play video Neurotoxins For Facial Lines | Avance Plastic Surgery Institute: Dr. Erez Dayan | Reno, Tahoe, NV\">  <div class=\"flc-yt__title\">Neurotoxins For Facial Lines | Avance Plastic Surgery Institute: Dr. Erez Dayan | Reno, Tahoe, NV<\/div>  <span class=\"flc-yt__play\">    <svg viewBox=\"0 0 68 48\" xmlns=\"http:\/\/www.w3.org\/2000\/svg\" aria-hidden=\"true\"><path d=\"M66.5 7.8A8.5 8.5 0 0 0 60.6 2C55.3.5 34 .5 34 .5S12.7.5 7.4 2A8.5 8.5 0 0 0 1.5 7.8C0 13.1 0 24 0 24s0 10.9 1.5 16.2A8.5 8.5 0 0 0 7.4 46C12.7 47.5 34 47.5 34 47.5s21.3 0 26.6-1.5a8.5 8.5 0 0 0 5.9-5.8C68 34.9 68 24 68 24s0-10.9-1.5-16.2Z\" fill=\"#f00\"\/><path d=\"M27 34l18-10-18-10v20Z\" fill=\"#fff\"\/><\/svg>  <\/span><\/button>\n<h2>Eliminar las l\u00edneas de la frente<\/h2>\n<p>Si su cara luce preocupada o molesta debido a las l\u00edneas permanentes en su frente, puede eliminar las l\u00edneas m\u00e1s din\u00e1micas de las cejas con un tratamiento de Botox. El Dr. Erez Dayan es un cirujano pl\u00e1stico experimentado que comprende la mejor t\u00e9cnica para usar neuromoduladores como Botox para relajar los m\u00fasculos y eliminar las l\u00edneas de la frente con precisi\u00f3n. El tratamiento solo toma de 10 a 15 minutos en nuestra oficina en Reno\/Tahoe, y los resultados se notar\u00e1n en aproximadamente una semana. La mayor\u00eda de los pacientes no necesitan otro tratamiento durante 3 a 4 meses para mantener una frente suave y juvenil.<\/p>\n<p>Si tiene preocupaci\u00f3n o l\u00edneas horizontales en el entrecejo en la frente, el tratamiento con Botox puede ser la soluci\u00f3n para alisar su frente. Para programar una consulta de tratamiento de Botox, <a title=\"P\u00f3ngase en contacto con el Instituto de Cirug\u00eda Pl\u00e1stica Avance en Reno NV\" href=\"https:\/\/www.avanceplasticsurgery.com\/es\/contact-us-dr-erez-dayan\/\">cont\u00e1ctenos en Avance Plastic Surgery Institute<\/a> para reservar su cita. Nuestra oficina cerca del lago Tahoe en Reno\/Tahoe es su fuente de tratamientos cosm\u00e9ticos y cirug\u00eda pl\u00e1stica no invasivos y de apariencia natural.<\/p>\n","protected":false},"excerpt":{"rendered":"<p>Botox para l\u00edneas de preocupaci\u00f3n Las l\u00edneas horizontales que aparecen cuando levantas o bajas las cejas con preocupaci\u00f3n a&hellip;<\/p>\n","protected":false},"author":1,"featured_media":0,"parent":14686,"menu_order":0,"comment_status":"closed","ping_status":"closed","template":"","meta":{"_acf_changed":false,"footnotes":""},"class_list":["post-9032","page","type-page","status-publish"],"acf":[],"yoast_head":"<!-- This site is optimized with the Yoast SEO plugin v25.6 - https:\/\/yoast.com\/wordpress\/plugins\/seo\/ -->\n<title>Reno NV Botox Tratamiento de l\u00ednea de preocupaci\u00f3n | Eliminar las l\u00edneas de la frente<\/title>\n<meta name=\"description\" content=\"\u00bfTu frente est\u00e1 marcada con el ce\u00f1o fruncido horizontal o l\u00edneas de preocupaci\u00f3n? Alise su frente con un tratamiento de l\u00ednea de preocupaci\u00f3n de Botox r\u00e1pido y no invasivo, disponible en Avance Plastic Surgery Institute cerca de Lake Tahoe en Reno, NV.\" \/>\n<meta name=\"robots\" content=\"index, follow, max-snippet:-1, max-image-preview:large, max-video-preview:-1\" \/>\n<link rel=\"canonical\" href=\"https:\/\/www.avanceplasticsurgery.com\/es\/tratamientos-de-spa-medicos\/inyectables-y-rellenos\/neurotoxin-injections\/frente-lineas-de-preocupacion\/\" \/>\n<meta property=\"og:locale\" content=\"es_ES\" \/>\n<meta property=\"og:type\" content=\"article\" \/>\n<meta property=\"og:title\" content=\"Reno NV Botox Tratamiento de l\u00ednea de preocupaci\u00f3n | Eliminar las l\u00edneas de la frente\" \/>\n<meta property=\"og:description\" content=\"\u00bfTu frente est\u00e1 marcada con el ce\u00f1o fruncido horizontal o l\u00edneas de preocupaci\u00f3n? Alise su frente con un tratamiento de l\u00ednea de preocupaci\u00f3n de Botox r\u00e1pido y no invasivo, disponible en Avance Plastic Surgery Institute cerca de Lake Tahoe en Reno, NV.\" \/>\n<meta property=\"og:url\" content=\"https:\/\/www.avanceplasticsurgery.com\/es\/tratamientos-de-spa-medicos\/inyectables-y-rellenos\/neurotoxin-injections\/frente-lineas-de-preocupacion\/\" \/>\n<meta property=\"og:site_name\" content=\"Avance Plastic Surgery\" \/>\n<meta property=\"article:modified_time\" content=\"2024-04-18T14:26:39+00:00\" \/>\n<meta name=\"twitter:card\" content=\"summary_large_image\" \/>\n<meta name=\"twitter:label1\" content=\"Tiempo de lectura\" \/>\n\t<meta name=\"twitter:data1\" content=\"2 minutos\" \/>\n<!-- \/ Yoast SEO plugin. -->","yoast_head_json":{"title":"Reno NV Botox Tratamiento de l\u00ednea de preocupaci\u00f3n | Eliminar las l\u00edneas de la frente","description":"\u00bfTu frente est\u00e1 marcada con el ce\u00f1o fruncido horizontal o l\u00edneas de preocupaci\u00f3n? Alise su frente con un tratamiento de l\u00ednea de preocupaci\u00f3n de Botox r\u00e1pido y no invasivo, disponible en Avance Plastic Surgery Institute cerca de Lake Tahoe en Reno, NV.","robots":{"index":"index","follow":"follow","max-snippet":"max-snippet:-1","max-image-preview":"max-image-preview:large","max-video-preview":"max-video-preview:-1"},"canonical":"https:\/\/www.avanceplasticsurgery.com\/es\/tratamientos-de-spa-medicos\/inyectables-y-rellenos\/neurotoxin-injections\/frente-lineas-de-preocupacion\/","og_locale":"es_ES","og_type":"article","og_title":"Reno NV Botox Tratamiento de l\u00ednea de preocupaci\u00f3n | Eliminar las l\u00edneas de la frente","og_description":"\u00bfTu frente est\u00e1 marcada con el ce\u00f1o fruncido horizontal o l\u00edneas de preocupaci\u00f3n? Alise su frente con un tratamiento de l\u00ednea de preocupaci\u00f3n de Botox r\u00e1pido y no invasivo, disponible en Avance Plastic Surgery Institute cerca de Lake Tahoe en Reno, NV.","og_url":"https:\/\/www.avanceplasticsurgery.com\/es\/tratamientos-de-spa-medicos\/inyectables-y-rellenos\/neurotoxin-injections\/frente-lineas-de-preocupacion\/","og_site_name":"Avance Plastic Surgery","article_modified_time":"2024-04-18T14:26:39+00:00","twitter_card":"summary_large_image","twitter_misc":{"Tiempo de lectura":"2 minutos"},"schema":{"@context":"https:\/\/schema.org","@graph":[{"@type":"WebPage","@id":"https:\/\/www.avanceplasticsurgery.com\/es\/tratamientos-de-spa-medicos\/inyectables-y-rellenos\/neurotoxin-injections\/frente-lineas-de-preocupacion\/","url":"https:\/\/www.avanceplasticsurgery.com\/es\/tratamientos-de-spa-medicos\/inyectables-y-rellenos\/neurotoxin-injections\/frente-lineas-de-preocupacion\/","name":"Reno NV Botox Tratamiento de l\u00ednea de preocupaci\u00f3n | Eliminar las l\u00edneas de la frente","isPartOf":{"@id":"https:\/\/www.avanceplasticsurgery.com\/es\/#website"},"datePublished":"2020-09-20T13:31:32+00:00","dateModified":"2024-04-18T14:26:39+00:00","description":"\u00bfTu frente est\u00e1 marcada con el ce\u00f1o fruncido horizontal o l\u00edneas de preocupaci\u00f3n? Alise su frente con un tratamiento de l\u00ednea de preocupaci\u00f3n de Botox r\u00e1pido y no invasivo, disponible en Avance Plastic Surgery Institute cerca de Lake Tahoe en Reno, NV.","breadcrumb":{"@id":"https:\/\/www.avanceplasticsurgery.com\/es\/tratamientos-de-spa-medicos\/inyectables-y-rellenos\/neurotoxin-injections\/frente-lineas-de-preocupacion\/#breadcrumb"},"inLanguage":"es","potentialAction":[{"@type":"ReadAction","target":["https:\/\/www.avanceplasticsurgery.com\/es\/tratamientos-de-spa-medicos\/inyectables-y-rellenos\/neurotoxin-injections\/frente-lineas-de-preocupacion\/"]}]},{"@type":"BreadcrumbList","@id":"https:\/\/www.avanceplasticsurgery.com\/es\/tratamientos-de-spa-medicos\/inyectables-y-rellenos\/neurotoxin-injections\/frente-lineas-de-preocupacion\/#breadcrumb","itemListElement":[{"@type":"ListItem","position":1,"name":"Home","item":"https:\/\/www.avanceplasticsurgery.com\/es\/"},{"@type":"ListItem","position":2,"name":"Tratamientos de spa m\u00e9dicos","item":"https:\/\/www.avanceplasticsurgery.com\/es\/tratamientos-de-spa-medicos\/"},{"@type":"ListItem","position":3,"name":"Inyectables y Rellenos","item":"https:\/\/www.avanceplasticsurgery.com\/es\/tratamientos-de-spa-medicos\/inyectables-y-rellenos\/"},{"@type":"ListItem","position":4,"name":"b\u00f3tox","item":"https:\/\/www.avanceplasticsurgery.com\/es\/tratamientos-de-spa-medicos\/inyectables-y-rellenos\/botox\/"},{"@type":"ListItem","position":5,"name":"Frente\/l\u00edneas de preocupaci\u00f3n"}]},{"@type":"WebSite","@id":"https:\/\/www.avanceplasticsurgery.com\/es\/#website","url":"https:\/\/www.avanceplasticsurgery.com\/es\/","name":"Avance Plastic Surgery","description":"","potentialAction":[{"@type":"SearchAction","target":{"@type":"EntryPoint","urlTemplate":"https:\/\/www.avanceplasticsurgery.com\/es\/?s={search_term_string}"},"query-input":{"@type":"PropertyValueSpecification","valueRequired":true,"valueName":"search_term_string"}}],"inLanguage":"es"}]}},"_links":{"self":[{"href":"https:\/\/www.avanceplasticsurgery.com\/es\/wp-json\/wp\/v2\/pages\/9032","targetHints":{"allow":["GET"]}}],"collection":[{"href":"https:\/\/www.avanceplasticsurgery.com\/es\/wp-json\/wp\/v2\/pages"}],"about":[{"href":"https:\/\/www.avanceplasticsurgery.com\/es\/wp-json\/wp\/v2\/types\/page"}],"author":[{"embeddable":true,"href":"https:\/\/www.avanceplasticsurgery.com\/es\/wp-json\/wp\/v2\/users\/1"}],"replies":[{"embeddable":true,"href":"https:\/\/www.avanceplasticsurgery.com\/es\/wp-json\/wp\/v2\/comments?post=9032"}],"version-history":[{"count":3,"href":"https:\/\/www.avanceplasticsurgery.com\/es\/wp-json\/wp\/v2\/pages\/9032\/revisions"}],"predecessor-version":[{"id":11095,"href":"https:\/\/www.avanceplasticsurgery.com\/es\/wp-json\/wp\/v2\/pages\/9032\/revisions\/11095"}],"up":[{"embeddable":true,"href":"https:\/\/www.avanceplasticsurgery.com\/es\/wp-json\/wp\/v2\/pages\/14686"}],"wp:attachment":[{"href":"https:\/\/www.avanceplasticsurgery.com\/es\/wp-json\/wp\/v2\/media?parent=9032"}],"curies":[{"name":"wp","href":"https:\/\/api.w.org\/{rel}","templated":true}]}}