{"id":9033,"date":"2020-09-20T18:54:09","date_gmt":"2020-09-20T18:54:09","guid":{"rendered":"https:\/\/www.avanceplasticsurgery.com\/tratamientos-de-spa-medicos\/inyectables-y-rellenos\/botox\/tratamiento-cara-redonda\/"},"modified":"2022-04-25T12:58:38","modified_gmt":"2022-04-25T12:58:38","slug":"tratamiento-cara-redonda","status":"publish","type":"page","link":"https:\/\/www.avanceplasticsurgery.com\/es\/tratamientos-de-spa-medicos\/inyectables-y-rellenos\/neurotoxin-injections\/tratamiento-cara-redonda\/","title":{"rendered":"Tratamiento Cara Redonda"},"content":{"rendered":"<h1>Botox para cara redonda<\/h1>\n<p>Varios factores crean la forma de tu cara. Su estructura \u00f3sea, m\u00fasculos y acumulaci\u00f3n de grasa contribuyen a la forma de su rostro, a menudo determinada por la gen\u00e9tica y las elecciones de estilo de vida. Si tiene una cara redonda o una parte inferior de la cara ancha, es posible que no represente el aspecto deseado. Existen opciones no quir\u00fargicas para estrechar la parte inferior de la cara y crear una cara m\u00e1s ovalada o con forma de coraz\u00f3n. Nuestro equipo de est\u00e9tica en Avance Plastic Surgery Institute ofrece <a title=\"Inyecciones de Botox Reno NV\" href=\"https:\/\/www.avanceplasticsurgery.com\/es\/med-spa-treatments\/injectables-and-fillers\/botox-injections\/\">Botox<\/a> para el tratamiento de cara redonda en nuestra cl\u00ednica cerca de Lake Tahoe en Reno\/Tahoe, NV.<\/p>\n<p>Una de las principales caracter\u00edsticas que afectan la forma de la parte inferior de la cara son los m\u00fasculos maseteros. Estos son los fuertes m\u00fasculos de la mand\u00edbula que unen la mand\u00edbula inferior y el cr\u00e1neo, impulsando el movimiento de la mand\u00edbula. Los m\u00fasculos maseteros pronunciados, ubicados en la parte exterior de la mand\u00edbula, crean una mand\u00edbula m\u00e1s ancha o una parte inferior de la cara. Esto puede hacer que la cara parezca redonda o puede crear una mand\u00edbula cuadrada y m\u00e1s masculina. Las inyecciones de Botox son la mejor opci\u00f3n para el tratamiento de reducci\u00f3n del masetero, adelgazamiento y contorneado del rostro.<\/p>\n<h2>Adelgazar la cara inferior<\/h2>\n<p>Las inyecciones de Botox se usan cosm\u00e9ticamente para relajar los m\u00fasculos de la cara. Para adelgazar la parte inferior de la cara y crear una apariencia m\u00e1s ovalada o en forma de coraz\u00f3n, las inyecciones de Botox relajan los m\u00fasculos maseteros. Este procedimiento puede adelgazar una cara redonda o estrechar una mand\u00edbula ancha a medida que el m\u00fasculo se reduce de tama\u00f1o. El tratamiento toma alrededor de 10 a 15 minutos en nuestra oficina, y es posible que se necesite una serie de tratamientos para crear resultados a largo plazo.<\/p>\n<p>Si desea remodelar su cara redonda y estrechar la l\u00ednea de la mand\u00edbula, las inyecciones de Botox pueden ser la soluci\u00f3n no quir\u00fargica. Para obtener m\u00e1s informaci\u00f3n y determinar si este tratamiento es adecuado para usted, <a title=\"P\u00f3ngase en contacto con el Instituto de Cirug\u00eda Pl\u00e1stica Avance en Reno NV\" href=\"https:\/\/www.avanceplasticsurgery.com\/es\/contact-us-dr-erez-dayan\/\">comun\u00edquese con nosotros en Avance Plastic Surgery Institute<\/a> en Reno\/Tahoe. Podemos programar una consulta con el Dr. Dayan para hablar sobre la reducci\u00f3n del masetero mediante el tratamiento con Botox.<\/p>\n","protected":false},"excerpt":{"rendered":"<p>Botox para cara redonda Varios factores crean la forma de tu cara. Su estructura \u00f3sea, m\u00fasculos y acumulaci\u00f3n de&hellip;<\/p>\n","protected":false},"author":1,"featured_media":0,"parent":14686,"menu_order":0,"comment_status":"closed","ping_status":"closed","template":"","meta":{"_acf_changed":false,"footnotes":""},"class_list":["post-9033","page","type-page","status-publish"],"acf":[],"yoast_head":"<!-- This site is optimized with the Yoast SEO plugin v25.6 - https:\/\/yoast.com\/wordpress\/plugins\/seo\/ -->\n<title>Reno NV Tratamiento facial redondo | Estrechar la cara inferior<\/title>\n<meta name=\"description\" content=\"Los m\u00fasculos maseteros pronunciados pueden causar una cara m\u00e1s redonda o una forma cuadrada en la parte exterior de la mand\u00edbula. El Instituto de Cirug\u00eda Pl\u00e1stica Avance ofrece tratamiento de cara redonda con Botox para estrechar la parte inferior de la cara en nuestra cl\u00ednica cerca de Lake Tahoe en Reno, NV.\" \/>\n<meta name=\"robots\" content=\"index, follow, max-snippet:-1, max-image-preview:large, max-video-preview:-1\" \/>\n<link rel=\"canonical\" href=\"https:\/\/www.avanceplasticsurgery.com\/es\/tratamientos-de-spa-medicos\/inyectables-y-rellenos\/neurotoxin-injections\/tratamiento-cara-redonda\/\" \/>\n<meta property=\"og:locale\" content=\"es_ES\" \/>\n<meta property=\"og:type\" content=\"article\" \/>\n<meta property=\"og:title\" content=\"Reno NV Tratamiento facial redondo | Estrechar la cara inferior\" \/>\n<meta property=\"og:description\" content=\"Los m\u00fasculos maseteros pronunciados pueden causar una cara m\u00e1s redonda o una forma cuadrada en la parte exterior de la mand\u00edbula. El Instituto de Cirug\u00eda Pl\u00e1stica Avance ofrece tratamiento de cara redonda con Botox para estrechar la parte inferior de la cara en nuestra cl\u00ednica cerca de Lake Tahoe en Reno, NV.\" \/>\n<meta property=\"og:url\" content=\"https:\/\/www.avanceplasticsurgery.com\/es\/tratamientos-de-spa-medicos\/inyectables-y-rellenos\/neurotoxin-injections\/tratamiento-cara-redonda\/\" \/>\n<meta property=\"og:site_name\" content=\"Avance Plastic Surgery\" \/>\n<meta property=\"article:modified_time\" content=\"2022-04-25T12:58:38+00:00\" \/>\n<meta name=\"twitter:card\" content=\"summary_large_image\" \/>\n<meta name=\"twitter:label1\" content=\"Tiempo de lectura\" \/>\n\t<meta name=\"twitter:data1\" content=\"2 minutos\" \/>\n<!-- \/ Yoast SEO plugin. -->","yoast_head_json":{"title":"Reno NV Tratamiento facial redondo | Estrechar la cara inferior","description":"Los m\u00fasculos maseteros pronunciados pueden causar una cara m\u00e1s redonda o una forma cuadrada en la parte exterior de la mand\u00edbula. El Instituto de Cirug\u00eda Pl\u00e1stica Avance ofrece tratamiento de cara redonda con Botox para estrechar la parte inferior de la cara en nuestra cl\u00ednica cerca de Lake Tahoe en Reno, NV.","robots":{"index":"index","follow":"follow","max-snippet":"max-snippet:-1","max-image-preview":"max-image-preview:large","max-video-preview":"max-video-preview:-1"},"canonical":"https:\/\/www.avanceplasticsurgery.com\/es\/tratamientos-de-spa-medicos\/inyectables-y-rellenos\/neurotoxin-injections\/tratamiento-cara-redonda\/","og_locale":"es_ES","og_type":"article","og_title":"Reno NV Tratamiento facial redondo | Estrechar la cara inferior","og_description":"Los m\u00fasculos maseteros pronunciados pueden causar una cara m\u00e1s redonda o una forma cuadrada en la parte exterior de la mand\u00edbula. El Instituto de Cirug\u00eda Pl\u00e1stica Avance ofrece tratamiento de cara redonda con Botox para estrechar la parte inferior de la cara en nuestra cl\u00ednica cerca de Lake Tahoe en Reno, NV.","og_url":"https:\/\/www.avanceplasticsurgery.com\/es\/tratamientos-de-spa-medicos\/inyectables-y-rellenos\/neurotoxin-injections\/tratamiento-cara-redonda\/","og_site_name":"Avance Plastic Surgery","article_modified_time":"2022-04-25T12:58:38+00:00","twitter_card":"summary_large_image","twitter_misc":{"Tiempo de lectura":"2 minutos"},"schema":{"@context":"https:\/\/schema.org","@graph":[{"@type":"WebPage","@id":"https:\/\/www.avanceplasticsurgery.com\/es\/tratamientos-de-spa-medicos\/inyectables-y-rellenos\/neurotoxin-injections\/tratamiento-cara-redonda\/","url":"https:\/\/www.avanceplasticsurgery.com\/es\/tratamientos-de-spa-medicos\/inyectables-y-rellenos\/neurotoxin-injections\/tratamiento-cara-redonda\/","name":"Reno NV Tratamiento facial redondo | Estrechar la cara inferior","isPartOf":{"@id":"https:\/\/www.avanceplasticsurgery.com\/es\/#website"},"datePublished":"2020-09-20T18:54:09+00:00","dateModified":"2022-04-25T12:58:38+00:00","description":"Los m\u00fasculos maseteros pronunciados pueden causar una cara m\u00e1s redonda o una forma cuadrada en la parte exterior de la mand\u00edbula. El Instituto de Cirug\u00eda Pl\u00e1stica Avance ofrece tratamiento de cara redonda con Botox para estrechar la parte inferior de la cara en nuestra cl\u00ednica cerca de Lake Tahoe en Reno, NV.","breadcrumb":{"@id":"https:\/\/www.avanceplasticsurgery.com\/es\/tratamientos-de-spa-medicos\/inyectables-y-rellenos\/neurotoxin-injections\/tratamiento-cara-redonda\/#breadcrumb"},"inLanguage":"es","potentialAction":[{"@type":"ReadAction","target":["https:\/\/www.avanceplasticsurgery.com\/es\/tratamientos-de-spa-medicos\/inyectables-y-rellenos\/neurotoxin-injections\/tratamiento-cara-redonda\/"]}]},{"@type":"BreadcrumbList","@id":"https:\/\/www.avanceplasticsurgery.com\/es\/tratamientos-de-spa-medicos\/inyectables-y-rellenos\/neurotoxin-injections\/tratamiento-cara-redonda\/#breadcrumb","itemListElement":[{"@type":"ListItem","position":1,"name":"Home","item":"https:\/\/www.avanceplasticsurgery.com\/es\/"},{"@type":"ListItem","position":2,"name":"Tratamientos de spa m\u00e9dicos","item":"https:\/\/www.avanceplasticsurgery.com\/es\/tratamientos-de-spa-medicos\/"},{"@type":"ListItem","position":3,"name":"Inyectables y Rellenos","item":"https:\/\/www.avanceplasticsurgery.com\/es\/tratamientos-de-spa-medicos\/inyectables-y-rellenos\/"},{"@type":"ListItem","position":4,"name":"b\u00f3tox","item":"https:\/\/www.avanceplasticsurgery.com\/es\/tratamientos-de-spa-medicos\/inyectables-y-rellenos\/botox\/"},{"@type":"ListItem","position":5,"name":"Tratamiento Cara Redonda"}]},{"@type":"WebSite","@id":"https:\/\/www.avanceplasticsurgery.com\/es\/#website","url":"https:\/\/www.avanceplasticsurgery.com\/es\/","name":"Avance Plastic Surgery","description":"","potentialAction":[{"@type":"SearchAction","target":{"@type":"EntryPoint","urlTemplate":"https:\/\/www.avanceplasticsurgery.com\/es\/?s={search_term_string}"},"query-input":{"@type":"PropertyValueSpecification","valueRequired":true,"valueName":"search_term_string"}}],"inLanguage":"es"}]}},"_links":{"self":[{"href":"https:\/\/www.avanceplasticsurgery.com\/es\/wp-json\/wp\/v2\/pages\/9033","targetHints":{"allow":["GET"]}}],"collection":[{"href":"https:\/\/www.avanceplasticsurgery.com\/es\/wp-json\/wp\/v2\/pages"}],"about":[{"href":"https:\/\/www.avanceplasticsurgery.com\/es\/wp-json\/wp\/v2\/types\/page"}],"author":[{"embeddable":true,"href":"https:\/\/www.avanceplasticsurgery.com\/es\/wp-json\/wp\/v2\/users\/1"}],"replies":[{"embeddable":true,"href":"https:\/\/www.avanceplasticsurgery.com\/es\/wp-json\/wp\/v2\/comments?post=9033"}],"version-history":[{"count":2,"href":"https:\/\/www.avanceplasticsurgery.com\/es\/wp-json\/wp\/v2\/pages\/9033\/revisions"}],"predecessor-version":[{"id":9313,"href":"https:\/\/www.avanceplasticsurgery.com\/es\/wp-json\/wp\/v2\/pages\/9033\/revisions\/9313"}],"up":[{"embeddable":true,"href":"https:\/\/www.avanceplasticsurgery.com\/es\/wp-json\/wp\/v2\/pages\/14686"}],"wp:attachment":[{"href":"https:\/\/www.avanceplasticsurgery.com\/es\/wp-json\/wp\/v2\/media?parent=9033"}],"curies":[{"name":"wp","href":"https:\/\/api.w.org\/{rel}","templated":true}]}}