{"id":9034,"date":"2020-09-20T18:56:09","date_gmt":"2020-09-20T18:56:09","guid":{"rendered":"https:\/\/www.avanceplasticsurgery.com\/tratamientos-de-spa-medicos\/inyectables-y-rellenos\/botox\/lineas-de-sonrisa-patas-de-gallo\/"},"modified":"2024-04-18T14:38:06","modified_gmt":"2024-04-18T14:38:06","slug":"lineas-de-sonrisa-patas-de-gallo","status":"publish","type":"page","link":"https:\/\/www.avanceplasticsurgery.com\/es\/tratamientos-de-spa-medicos\/inyectables-y-rellenos\/neurotoxin-injections\/lineas-de-sonrisa-patas-de-gallo\/","title":{"rendered":"L\u00edneas de sonrisa\/Patas de gallo"},"content":{"rendered":"<h1>Botox para el tratamiento de las l\u00edneas de expresi\u00f3n<\/h1>\n<p>Tu sonrisa ilumina tu rostro. Tambi\u00e9n utiliza muchos m\u00fasculos faciales diferentes para crear l\u00edneas y arrugas en la piel. Si aparecen l\u00edneas y arrugas alrededor de la nariz, la boca y los ojos despu\u00e9s de a\u00f1os de sonre\u00edr, no dejes que eso te impida compartir tu sonrisa. En Avance Plastic Surgery Institute, ofrecemos <a title=\"Inyecciones de Botox Reno NV\" href=\"https:\/\/www.avanceplasticsurgery.com\/es\/med-spa-treatments\/injectables-and-fillers\/botox-injections\/\">Botox<\/a> para el tratamiento de las l\u00edneas de la sonrisa para suavizar las patas de gallo y otras l\u00edneas din\u00e1micas de la sonrisa en nuestra cl\u00ednica en Reno\/Tahoe, NV.<\/p>\n<p>Hay varios lugares en tu cara que se arrugan cuando sonr\u00edes. La parte exterior de los ojos puede arrugarse cuando te r\u00edes o sonr\u00edes. Al mismo tiempo, el pliegue nasolabial alrededor de la nariz y la boca se marca cuando te r\u00edes o sonr\u00edes. Ambos son l\u00edneas din\u00e1micas que pueden dejar arrugas y pliegues a medida que la piel pierde elasticidad con la edad. El resultado es la creaci\u00f3n de l\u00edneas de sonrisa y patas de gallo que pueden ser evidentes incluso cuando no est\u00e1 sonriendo. Las inyecciones cosm\u00e9ticas pueden suavizar estas l\u00edneas para que lo \u00fanico que las personas noten sea su sonrisa, no las arrugas que dejan atr\u00e1s.<\/p>\n<button class=\"flc-yt lazyload\" data-id=\"gSe966tDTtw\" data-title=\"Neurotoxins For Facial Lines | Avance Plastic Surgery Institute: Dr. Erez Dayan | Reno, Tahoe, NV\" data-bg=\"https:\/\/i.ytimg.com\/vi\/gSe966tDTtw\/hqdefault.jpg\" aria-label=\"Play video Neurotoxins For Facial Lines | Avance Plastic Surgery Institute: Dr. Erez Dayan | Reno, Tahoe, NV\">  <div class=\"flc-yt__title\">Neurotoxins For Facial Lines | Avance Plastic Surgery Institute: Dr. Erez Dayan | Reno, Tahoe, NV<\/div>  <span class=\"flc-yt__play\">    <svg viewBox=\"0 0 68 48\" xmlns=\"http:\/\/www.w3.org\/2000\/svg\" aria-hidden=\"true\"><path d=\"M66.5 7.8A8.5 8.5 0 0 0 60.6 2C55.3.5 34 .5 34 .5S12.7.5 7.4 2A8.5 8.5 0 0 0 1.5 7.8C0 13.1 0 24 0 24s0 10.9 1.5 16.2A8.5 8.5 0 0 0 7.4 46C12.7 47.5 34 47.5 34 47.5s21.3 0 26.6-1.5a8.5 8.5 0 0 0 5.9-5.8C68 34.9 68 24 68 24s0-10.9-1.5-16.2Z\" fill=\"#f00\"\/><path d=\"M27 34l18-10-18-10v20Z\" fill=\"#fff\"\/><\/svg>  <\/span><\/button>\n<h2>Botox para las patas de gallo<\/h2>\n<p>Los rellenos son el mejor tratamiento para las l\u00edneas de expresi\u00f3n de los pliegues nasolabiales. Botox es el mejor tratamiento no quir\u00fargico para las l\u00edneas de expresi\u00f3n alrededor de los ojos o las patas de gallo. Las inyecciones de Botox pueden enfocarse en los m\u00fasculos que causan las l\u00edneas arrugadas en la esquina exterior de los ojos, alis\u00e1ndolos durante 3 a 4 meses. Las inyecciones solo tardan entre 10 y 15 minutos y los resultados comienzan a aparecer en unos pocos d\u00edas. No hay necesidad de tiempo de inactividad despu\u00e9s de su tratamiento. Puede volver al trabajo o a sus actividades normales despu\u00e9s de las inyecciones de Botox.<\/p>\n<p>Si la risa o las l\u00edneas de expresi\u00f3n alrededor de los ojos le hacen parecer mayor, el tratamiento con inyecciones de Botox puede ser la mejor soluci\u00f3n. Para obtener m\u00e1s informaci\u00f3n sobre Botox y nuestros muchos otros tratamientos cosm\u00e9ticos antienvejecimiento, <a title=\"P\u00f3ngase en contacto con el Instituto de Cirug\u00eda Pl\u00e1stica Avance en Reno NV\" href=\"https:\/\/www.avanceplasticsurgery.com\/es\/contact-us-dr-erez-dayan\/\">cont\u00e1ctenos en Avance Plastic Surgery Institute<\/a> . Nuestra oficina est\u00e1 cerca del lago Tahoe en Reno\/Tahoe, NV.<\/p>\n","protected":false},"excerpt":{"rendered":"<p>Botox para el tratamiento de las l\u00edneas de expresi\u00f3n Tu sonrisa ilumina tu rostro. Tambi\u00e9n utiliza muchos m\u00fasculos faciales&hellip;<\/p>\n","protected":false},"author":1,"featured_media":0,"parent":14686,"menu_order":0,"comment_status":"closed","ping_status":"closed","template":"","meta":{"_acf_changed":false,"footnotes":""},"class_list":["post-9034","page","type-page","status-publish"],"acf":[],"yoast_head":"<!-- This site is optimized with the Yoast SEO plugin v25.6 - https:\/\/yoast.com\/wordpress\/plugins\/seo\/ -->\n<title>Tratamiento de l\u00ednea de sonrisa Reno NV | Botox del lago Tahoe para las patas de gallo<\/title>\n<meta name=\"description\" content=\"\u00bfTiene l\u00edneas de expresi\u00f3n o patas de gallo alrededor de los ojos debido a a\u00f1os de re\u00edr y disfrutar de la vida? El equipo del Avance Plastic Surgery Institute ofrece inyecciones de Botox para las patas de gallo o las l\u00edneas de risa en nuestra cl\u00ednica cerca del lago Tahoe en Reno, NV.\" \/>\n<meta name=\"robots\" content=\"index, follow, max-snippet:-1, max-image-preview:large, max-video-preview:-1\" \/>\n<link rel=\"canonical\" href=\"https:\/\/www.avanceplasticsurgery.com\/es\/tratamientos-de-spa-medicos\/inyectables-y-rellenos\/neurotoxin-injections\/lineas-de-sonrisa-patas-de-gallo\/\" \/>\n<meta property=\"og:locale\" content=\"es_ES\" \/>\n<meta property=\"og:type\" content=\"article\" \/>\n<meta property=\"og:title\" content=\"Tratamiento de l\u00ednea de sonrisa Reno NV | Botox del lago Tahoe para las patas de gallo\" \/>\n<meta property=\"og:description\" content=\"\u00bfTiene l\u00edneas de expresi\u00f3n o patas de gallo alrededor de los ojos debido a a\u00f1os de re\u00edr y disfrutar de la vida? El equipo del Avance Plastic Surgery Institute ofrece inyecciones de Botox para las patas de gallo o las l\u00edneas de risa en nuestra cl\u00ednica cerca del lago Tahoe en Reno, NV.\" \/>\n<meta property=\"og:url\" content=\"https:\/\/www.avanceplasticsurgery.com\/es\/tratamientos-de-spa-medicos\/inyectables-y-rellenos\/neurotoxin-injections\/lineas-de-sonrisa-patas-de-gallo\/\" \/>\n<meta property=\"og:site_name\" content=\"Avance Plastic Surgery\" \/>\n<meta property=\"article:modified_time\" content=\"2024-04-18T14:38:06+00:00\" \/>\n<meta name=\"twitter:card\" content=\"summary_large_image\" \/>\n<meta name=\"twitter:label1\" content=\"Tiempo de lectura\" \/>\n\t<meta name=\"twitter:data1\" content=\"2 minutos\" \/>\n<!-- \/ Yoast SEO plugin. -->","yoast_head_json":{"title":"Tratamiento de l\u00ednea de sonrisa Reno NV | Botox del lago Tahoe para las patas de gallo","description":"\u00bfTiene l\u00edneas de expresi\u00f3n o patas de gallo alrededor de los ojos debido a a\u00f1os de re\u00edr y disfrutar de la vida? El equipo del Avance Plastic Surgery Institute ofrece inyecciones de Botox para las patas de gallo o las l\u00edneas de risa en nuestra cl\u00ednica cerca del lago Tahoe en Reno, NV.","robots":{"index":"index","follow":"follow","max-snippet":"max-snippet:-1","max-image-preview":"max-image-preview:large","max-video-preview":"max-video-preview:-1"},"canonical":"https:\/\/www.avanceplasticsurgery.com\/es\/tratamientos-de-spa-medicos\/inyectables-y-rellenos\/neurotoxin-injections\/lineas-de-sonrisa-patas-de-gallo\/","og_locale":"es_ES","og_type":"article","og_title":"Tratamiento de l\u00ednea de sonrisa Reno NV | Botox del lago Tahoe para las patas de gallo","og_description":"\u00bfTiene l\u00edneas de expresi\u00f3n o patas de gallo alrededor de los ojos debido a a\u00f1os de re\u00edr y disfrutar de la vida? El equipo del Avance Plastic Surgery Institute ofrece inyecciones de Botox para las patas de gallo o las l\u00edneas de risa en nuestra cl\u00ednica cerca del lago Tahoe en Reno, NV.","og_url":"https:\/\/www.avanceplasticsurgery.com\/es\/tratamientos-de-spa-medicos\/inyectables-y-rellenos\/neurotoxin-injections\/lineas-de-sonrisa-patas-de-gallo\/","og_site_name":"Avance Plastic Surgery","article_modified_time":"2024-04-18T14:38:06+00:00","twitter_card":"summary_large_image","twitter_misc":{"Tiempo de lectura":"2 minutos"},"schema":{"@context":"https:\/\/schema.org","@graph":[{"@type":"WebPage","@id":"https:\/\/www.avanceplasticsurgery.com\/es\/tratamientos-de-spa-medicos\/inyectables-y-rellenos\/neurotoxin-injections\/lineas-de-sonrisa-patas-de-gallo\/","url":"https:\/\/www.avanceplasticsurgery.com\/es\/tratamientos-de-spa-medicos\/inyectables-y-rellenos\/neurotoxin-injections\/lineas-de-sonrisa-patas-de-gallo\/","name":"Tratamiento de l\u00ednea de sonrisa Reno NV | Botox del lago Tahoe para las patas de gallo","isPartOf":{"@id":"https:\/\/www.avanceplasticsurgery.com\/es\/#website"},"datePublished":"2020-09-20T18:56:09+00:00","dateModified":"2024-04-18T14:38:06+00:00","description":"\u00bfTiene l\u00edneas de expresi\u00f3n o patas de gallo alrededor de los ojos debido a a\u00f1os de re\u00edr y disfrutar de la vida? El equipo del Avance Plastic Surgery Institute ofrece inyecciones de Botox para las patas de gallo o las l\u00edneas de risa en nuestra cl\u00ednica cerca del lago Tahoe en Reno, NV.","breadcrumb":{"@id":"https:\/\/www.avanceplasticsurgery.com\/es\/tratamientos-de-spa-medicos\/inyectables-y-rellenos\/neurotoxin-injections\/lineas-de-sonrisa-patas-de-gallo\/#breadcrumb"},"inLanguage":"es","potentialAction":[{"@type":"ReadAction","target":["https:\/\/www.avanceplasticsurgery.com\/es\/tratamientos-de-spa-medicos\/inyectables-y-rellenos\/neurotoxin-injections\/lineas-de-sonrisa-patas-de-gallo\/"]}]},{"@type":"BreadcrumbList","@id":"https:\/\/www.avanceplasticsurgery.com\/es\/tratamientos-de-spa-medicos\/inyectables-y-rellenos\/neurotoxin-injections\/lineas-de-sonrisa-patas-de-gallo\/#breadcrumb","itemListElement":[{"@type":"ListItem","position":1,"name":"Home","item":"https:\/\/www.avanceplasticsurgery.com\/es\/"},{"@type":"ListItem","position":2,"name":"Tratamientos de spa m\u00e9dicos","item":"https:\/\/www.avanceplasticsurgery.com\/es\/tratamientos-de-spa-medicos\/"},{"@type":"ListItem","position":3,"name":"Inyectables y Rellenos","item":"https:\/\/www.avanceplasticsurgery.com\/es\/tratamientos-de-spa-medicos\/inyectables-y-rellenos\/"},{"@type":"ListItem","position":4,"name":"b\u00f3tox","item":"https:\/\/www.avanceplasticsurgery.com\/es\/tratamientos-de-spa-medicos\/inyectables-y-rellenos\/botox\/"},{"@type":"ListItem","position":5,"name":"L\u00edneas de sonrisa\/Patas de gallo"}]},{"@type":"WebSite","@id":"https:\/\/www.avanceplasticsurgery.com\/es\/#website","url":"https:\/\/www.avanceplasticsurgery.com\/es\/","name":"Avance Plastic Surgery","description":"","potentialAction":[{"@type":"SearchAction","target":{"@type":"EntryPoint","urlTemplate":"https:\/\/www.avanceplasticsurgery.com\/es\/?s={search_term_string}"},"query-input":{"@type":"PropertyValueSpecification","valueRequired":true,"valueName":"search_term_string"}}],"inLanguage":"es"}]}},"_links":{"self":[{"href":"https:\/\/www.avanceplasticsurgery.com\/es\/wp-json\/wp\/v2\/pages\/9034","targetHints":{"allow":["GET"]}}],"collection":[{"href":"https:\/\/www.avanceplasticsurgery.com\/es\/wp-json\/wp\/v2\/pages"}],"about":[{"href":"https:\/\/www.avanceplasticsurgery.com\/es\/wp-json\/wp\/v2\/types\/page"}],"author":[{"embeddable":true,"href":"https:\/\/www.avanceplasticsurgery.com\/es\/wp-json\/wp\/v2\/users\/1"}],"replies":[{"embeddable":true,"href":"https:\/\/www.avanceplasticsurgery.com\/es\/wp-json\/wp\/v2\/comments?post=9034"}],"version-history":[{"count":3,"href":"https:\/\/www.avanceplasticsurgery.com\/es\/wp-json\/wp\/v2\/pages\/9034\/revisions"}],"predecessor-version":[{"id":11111,"href":"https:\/\/www.avanceplasticsurgery.com\/es\/wp-json\/wp\/v2\/pages\/9034\/revisions\/11111"}],"up":[{"embeddable":true,"href":"https:\/\/www.avanceplasticsurgery.com\/es\/wp-json\/wp\/v2\/pages\/14686"}],"wp:attachment":[{"href":"https:\/\/www.avanceplasticsurgery.com\/es\/wp-json\/wp\/v2\/media?parent=9034"}],"curies":[{"name":"wp","href":"https:\/\/api.w.org\/{rel}","templated":true}]}}