{"id":9035,"date":"2020-09-20T18:58:09","date_gmt":"2020-09-20T18:58:09","guid":{"rendered":"https:\/\/www.avanceplasticsurgery.com\/tratamientos-de-spa-medicos\/inyectables-y-rellenos\/botox\/levantamiento-de-la-punta-de-la-nariz\/"},"modified":"2022-04-25T12:56:13","modified_gmt":"2022-04-25T12:56:13","slug":"levantamiento-de-la-punta-de-la-nariz","status":"publish","type":"page","link":"https:\/\/www.avanceplasticsurgery.com\/es\/tratamientos-de-spa-medicos\/inyectables-y-rellenos\/neurotoxin-injections\/levantamiento-de-la-punta-de-la-nariz\/","title":{"rendered":"Levantamiento de la punta de la nariz"},"content":{"rendered":"<h1>Levantamiento de punta de nariz no quir\u00fargico con Botox<\/h1>\n<p>La nariz es el rasgo facial central y un componente vital de la est\u00e9tica del rostro. La forma debe mezclarse para permitir que otras caracter\u00edsticas, como los ojos y los labios, brillen. El tama\u00f1o y la forma de la nariz pueden distraer en ciertas circunstancias. Una punta de la nariz ca\u00edda es un rasgo que puede alterar el equilibrio facial. En el Instituto de Cirug\u00eda Pl\u00e1stica Avance en Reno\/Tahoe, NV, ofrecemos un levantamiento de punta de nariz no quir\u00fargico con <a title=\"Inyecciones de Botox Reno NV\" href=\"https:\/\/www.avanceplasticsurgery.com\/med-spa-treatments\/es\/injectables-and-fillers\/botox-injections\/\">Botox<\/a> para remodelar la nariz y lograr una apariencia facial m\u00e1s equilibrada y atractiva.<\/p>\n<p>La punta de la nariz puede tener un impacto significativo en la nariz. Si bien una ligera inclinaci\u00f3n de la punta es t\u00edpica, puede afectar la forma y el equilibrio general. Corregir un peque\u00f1o defecto como una punta nasal hacia abajo puede crear m\u00e1s armon\u00eda entre la nariz y otras caracter\u00edsticas faciales. No es necesario someterse a una rinoplastia para lograr algunos cambios sutiles como un estiramiento de la punta de la nariz. El Dr. Erez Dayan del Instituto de Cirug\u00eda Pl\u00e1stica Avance puede realizar una cirug\u00eda de nariz no quir\u00fargica para levantar la punta nasal con inyecciones de Botox.<\/p>\n<h2>\u00bfC\u00f3mo eleva el Botox la punta de la nariz?<\/h2>\n<p>En verdad, el Botox no \u201clevanta\u201d ni levanta la punta de la nariz. En cambio, relaja el m\u00fasculo que tira de la punta nasal hacia abajo. Botox es un neuromodulador que puede relajar los m\u00fasculos espec\u00edficos durante 3 a 4 meses al bloquear las se\u00f1ales nerviosas. Para el tratamiento no quir\u00fargico para elevar la punta nasal, las inyecciones de Botox se dirigen al m\u00fasculo depresor septi nasi, generalmente colocado justo en la base del tabique. Pueden pasar de una semana a dos semanas para que los resultados completos sean evidentes, lo que permite que la punta de la nariz se eleve ligeramente a medida que el m\u00fasculo se relaja.<\/p>\n<p>Si no est\u00e1 satisfecho con la curvatura de la punta de su nariz, un procedimiento de estiramiento de la punta de la nariz sin cirug\u00eda de Botox podr\u00eda ser la soluci\u00f3n. Para obtener m\u00e1s informaci\u00f3n, <a title=\"P\u00f3ngase en contacto con el Instituto de Cirug\u00eda Pl\u00e1stica Avance en Reno NV\" href=\"https:\/\/www.avanceplasticsurgery.com\/es\/contact-us-dr-erez-dayan\/\">comun\u00edquese con nosotros en Avance Plastic Surgery Institute<\/a> para programar una consulta de rinoplastia de nariz no quir\u00fargica en nuestra cl\u00ednica cerca del lago Tahoe en Reno\/Tahoe.<\/p>\n","protected":false},"excerpt":{"rendered":"<p>Levantamiento de punta de nariz no quir\u00fargico con Botox La nariz es el rasgo facial central y un componente&hellip;<\/p>\n","protected":false},"author":1,"featured_media":0,"parent":14686,"menu_order":0,"comment_status":"closed","ping_status":"closed","template":"","meta":{"_acf_changed":false,"footnotes":""},"class_list":["post-9035","page","type-page","status-publish"],"acf":[],"yoast_head":"<!-- This site is optimized with the Yoast SEO plugin v25.6 - https:\/\/yoast.com\/wordpress\/plugins\/seo\/ -->\n<title>Reno NV Estiramiento de la punta de la nariz | Punta de nariz elevada no quir\u00fargica<\/title>\n<meta name=\"description\" content=\"Un problema com\u00fan es la punta de la nariz ca\u00edda, lo que afecta la apariencia de la nariz y el equilibrio de los rasgos faciales. Avance Plastic Surgery Institute ofrece un estiramiento no quir\u00fargico de la punta de la nariz con inyecciones de Botox en nuestra cl\u00ednica en Reno, NV.\" \/>\n<meta name=\"robots\" content=\"index, follow, max-snippet:-1, max-image-preview:large, max-video-preview:-1\" \/>\n<link rel=\"canonical\" href=\"https:\/\/www.avanceplasticsurgery.com\/es\/tratamientos-de-spa-medicos\/inyectables-y-rellenos\/neurotoxin-injections\/levantamiento-de-la-punta-de-la-nariz\/\" \/>\n<meta property=\"og:locale\" content=\"es_ES\" \/>\n<meta property=\"og:type\" content=\"article\" \/>\n<meta property=\"og:title\" content=\"Reno NV Estiramiento de la punta de la nariz | Punta de nariz elevada no quir\u00fargica\" \/>\n<meta property=\"og:description\" content=\"Un problema com\u00fan es la punta de la nariz ca\u00edda, lo que afecta la apariencia de la nariz y el equilibrio de los rasgos faciales. Avance Plastic Surgery Institute ofrece un estiramiento no quir\u00fargico de la punta de la nariz con inyecciones de Botox en nuestra cl\u00ednica en Reno, NV.\" \/>\n<meta property=\"og:url\" content=\"https:\/\/www.avanceplasticsurgery.com\/es\/tratamientos-de-spa-medicos\/inyectables-y-rellenos\/neurotoxin-injections\/levantamiento-de-la-punta-de-la-nariz\/\" \/>\n<meta property=\"og:site_name\" content=\"Avance Plastic Surgery\" \/>\n<meta property=\"article:modified_time\" content=\"2022-04-25T12:56:13+00:00\" \/>\n<meta name=\"twitter:card\" content=\"summary_large_image\" \/>\n<meta name=\"twitter:label1\" content=\"Tiempo de lectura\" \/>\n\t<meta name=\"twitter:data1\" content=\"2 minutos\" \/>\n<!-- \/ Yoast SEO plugin. -->","yoast_head_json":{"title":"Reno NV Estiramiento de la punta de la nariz | Punta de nariz elevada no quir\u00fargica","description":"Un problema com\u00fan es la punta de la nariz ca\u00edda, lo que afecta la apariencia de la nariz y el equilibrio de los rasgos faciales. Avance Plastic Surgery Institute ofrece un estiramiento no quir\u00fargico de la punta de la nariz con inyecciones de Botox en nuestra cl\u00ednica en Reno, NV.","robots":{"index":"index","follow":"follow","max-snippet":"max-snippet:-1","max-image-preview":"max-image-preview:large","max-video-preview":"max-video-preview:-1"},"canonical":"https:\/\/www.avanceplasticsurgery.com\/es\/tratamientos-de-spa-medicos\/inyectables-y-rellenos\/neurotoxin-injections\/levantamiento-de-la-punta-de-la-nariz\/","og_locale":"es_ES","og_type":"article","og_title":"Reno NV Estiramiento de la punta de la nariz | Punta de nariz elevada no quir\u00fargica","og_description":"Un problema com\u00fan es la punta de la nariz ca\u00edda, lo que afecta la apariencia de la nariz y el equilibrio de los rasgos faciales. Avance Plastic Surgery Institute ofrece un estiramiento no quir\u00fargico de la punta de la nariz con inyecciones de Botox en nuestra cl\u00ednica en Reno, NV.","og_url":"https:\/\/www.avanceplasticsurgery.com\/es\/tratamientos-de-spa-medicos\/inyectables-y-rellenos\/neurotoxin-injections\/levantamiento-de-la-punta-de-la-nariz\/","og_site_name":"Avance Plastic Surgery","article_modified_time":"2022-04-25T12:56:13+00:00","twitter_card":"summary_large_image","twitter_misc":{"Tiempo de lectura":"2 minutos"},"schema":{"@context":"https:\/\/schema.org","@graph":[{"@type":"WebPage","@id":"https:\/\/www.avanceplasticsurgery.com\/es\/tratamientos-de-spa-medicos\/inyectables-y-rellenos\/neurotoxin-injections\/levantamiento-de-la-punta-de-la-nariz\/","url":"https:\/\/www.avanceplasticsurgery.com\/es\/tratamientos-de-spa-medicos\/inyectables-y-rellenos\/neurotoxin-injections\/levantamiento-de-la-punta-de-la-nariz\/","name":"Reno NV Estiramiento de la punta de la nariz | Punta de nariz elevada no quir\u00fargica","isPartOf":{"@id":"https:\/\/www.avanceplasticsurgery.com\/es\/#website"},"datePublished":"2020-09-20T18:58:09+00:00","dateModified":"2022-04-25T12:56:13+00:00","description":"Un problema com\u00fan es la punta de la nariz ca\u00edda, lo que afecta la apariencia de la nariz y el equilibrio de los rasgos faciales. Avance Plastic Surgery Institute ofrece un estiramiento no quir\u00fargico de la punta de la nariz con inyecciones de Botox en nuestra cl\u00ednica en Reno, NV.","breadcrumb":{"@id":"https:\/\/www.avanceplasticsurgery.com\/es\/tratamientos-de-spa-medicos\/inyectables-y-rellenos\/neurotoxin-injections\/levantamiento-de-la-punta-de-la-nariz\/#breadcrumb"},"inLanguage":"es","potentialAction":[{"@type":"ReadAction","target":["https:\/\/www.avanceplasticsurgery.com\/es\/tratamientos-de-spa-medicos\/inyectables-y-rellenos\/neurotoxin-injections\/levantamiento-de-la-punta-de-la-nariz\/"]}]},{"@type":"BreadcrumbList","@id":"https:\/\/www.avanceplasticsurgery.com\/es\/tratamientos-de-spa-medicos\/inyectables-y-rellenos\/neurotoxin-injections\/levantamiento-de-la-punta-de-la-nariz\/#breadcrumb","itemListElement":[{"@type":"ListItem","position":1,"name":"Home","item":"https:\/\/www.avanceplasticsurgery.com\/es\/"},{"@type":"ListItem","position":2,"name":"Tratamientos de spa m\u00e9dicos","item":"https:\/\/www.avanceplasticsurgery.com\/es\/tratamientos-de-spa-medicos\/"},{"@type":"ListItem","position":3,"name":"Inyectables y Rellenos","item":"https:\/\/www.avanceplasticsurgery.com\/es\/tratamientos-de-spa-medicos\/inyectables-y-rellenos\/"},{"@type":"ListItem","position":4,"name":"b\u00f3tox","item":"https:\/\/www.avanceplasticsurgery.com\/es\/tratamientos-de-spa-medicos\/inyectables-y-rellenos\/botox\/"},{"@type":"ListItem","position":5,"name":"Levantamiento de la punta de la nariz"}]},{"@type":"WebSite","@id":"https:\/\/www.avanceplasticsurgery.com\/es\/#website","url":"https:\/\/www.avanceplasticsurgery.com\/es\/","name":"Avance Plastic Surgery","description":"","potentialAction":[{"@type":"SearchAction","target":{"@type":"EntryPoint","urlTemplate":"https:\/\/www.avanceplasticsurgery.com\/es\/?s={search_term_string}"},"query-input":{"@type":"PropertyValueSpecification","valueRequired":true,"valueName":"search_term_string"}}],"inLanguage":"es"}]}},"_links":{"self":[{"href":"https:\/\/www.avanceplasticsurgery.com\/es\/wp-json\/wp\/v2\/pages\/9035","targetHints":{"allow":["GET"]}}],"collection":[{"href":"https:\/\/www.avanceplasticsurgery.com\/es\/wp-json\/wp\/v2\/pages"}],"about":[{"href":"https:\/\/www.avanceplasticsurgery.com\/es\/wp-json\/wp\/v2\/types\/page"}],"author":[{"embeddable":true,"href":"https:\/\/www.avanceplasticsurgery.com\/es\/wp-json\/wp\/v2\/users\/1"}],"replies":[{"embeddable":true,"href":"https:\/\/www.avanceplasticsurgery.com\/es\/wp-json\/wp\/v2\/comments?post=9035"}],"version-history":[{"count":1,"href":"https:\/\/www.avanceplasticsurgery.com\/es\/wp-json\/wp\/v2\/pages\/9035\/revisions"}],"predecessor-version":[{"id":9306,"href":"https:\/\/www.avanceplasticsurgery.com\/es\/wp-json\/wp\/v2\/pages\/9035\/revisions\/9306"}],"up":[{"embeddable":true,"href":"https:\/\/www.avanceplasticsurgery.com\/es\/wp-json\/wp\/v2\/pages\/14686"}],"wp:attachment":[{"href":"https:\/\/www.avanceplasticsurgery.com\/es\/wp-json\/wp\/v2\/media?parent=9035"}],"curies":[{"name":"wp","href":"https:\/\/api.w.org\/{rel}","templated":true}]}}