{"id":9036,"date":"2020-09-20T18:52:29","date_gmt":"2020-09-20T18:52:29","guid":{"rendered":"https:\/\/www.avanceplasticsurgery.com\/tratamientos-de-spa-medicos\/inyectables-y-rellenos\/botox\/bandas-para-el-cuello-cordones\/"},"modified":"2022-04-25T12:55:22","modified_gmt":"2022-04-25T12:55:22","slug":"bandas-para-el-cuello-cordones","status":"publish","type":"page","link":"https:\/\/www.avanceplasticsurgery.com\/es\/tratamientos-de-spa-medicos\/inyectables-y-rellenos\/neurotoxin-injections\/bandas-para-el-cuello-cordones\/","title":{"rendered":"Bandas para el cuello\/cordones"},"content":{"rendered":"<h1>Tratamiento de Botox para Bandas de Cuello<\/h1>\n<p>El cuello cambia tanto como la cara debido al envejecimiento. Uno de los cambios notables que pueden hacer que el cuello se vea m\u00e1s viejo son las bandas pronunciadas en el cuello. Cordones verticales o bandas de m\u00fasculos pueden alinear el cuello, dando como resultado una apariencia mucho m\u00e1s envejecida. Si desea rejuvenecer su cuello y suavizar estos cordones sin cirug\u00eda, Avance Plastic Surgery Institute ofrece <a title=\"Inyecciones de Botox Reno NV\" href=\"https:\/\/www.avanceplasticsurgery.com\/es\/med-spa-treatments\/injectables-and-fillers\/botox-injections\/\">Botox<\/a> para el tratamiento de la banda para el cuello en nuestra cl\u00ednica en Reno\/Tahoe, NV.<\/p>\n<p>Tu cuello est\u00e1 continuamente en uso, dobl\u00e1ndose, girando y sosteniendo tu cabeza. Los m\u00fasculos platysma son las bandas verticales que son vitales para el apoyo y el movimiento del cuello, pero debido a d\u00e9cadas de uso, pueden volverse m\u00e1s grandes con el tiempo. Un cuello juvenil, especialmente para las mujeres, es suave y esbelto, sin bandas pronunciadas en el cuello. Con la edad, estos cordones del cuello pueden salirse, anunciando su edad, incluso cuando su rostro y piel a\u00fan se ven j\u00f3venes.<\/p>\n<h2>Suavizar cordones de cuello verticales<\/h2>\n<p>No necesariamente necesita un estiramiento de cuello o una cirug\u00eda pl\u00e1stica para rejuvenecer el cuello. Si tiene cordones verticales pronunciados en el cuello, las inyecciones de Botox son una opci\u00f3n no quir\u00fargica y no invasiva para crear un cuello m\u00e1s juvenil. Las inyecciones de Botox dirigidas al m\u00fasculo platysma en el cuello pueden permitirles relajarse, alisando el escote. Los resultados pueden aparecer despu\u00e9s de una semana. Deben durar de 3 a 4 meses o m\u00e1s antes de que sea necesario repetir el tratamiento.<\/p>\n<p>Si ha notado que las bandas de su cuello son m\u00e1s pronunciadas con la edad, hay soluciones cosm\u00e9ticas disponibles. Para obtener m\u00e1s informaci\u00f3n sobre el tratamiento de bandas para el cuello con Botox y otros procedimientos cosm\u00e9ticos que ofrecemos, <a title=\"P\u00f3ngase en contacto con el Instituto de Cirug\u00eda Pl\u00e1stica Avance en Reno NV\" href=\"https:\/\/www.avanceplasticsurgery.com\/es\/contact-us-dr-erez-dayan\/\">comun\u00edquese con nosotros en Avance Plastic Surgery Institute<\/a> en Reno\/Tahoe para programar una cita. Podemos programar una consulta con el Dr. Erez Dayan, nuestro cirujano pl\u00e1stico capacitado en Harvard, en nuestra cl\u00ednica cerca de Lake Tahoe.<\/p>\n","protected":false},"excerpt":{"rendered":"<p>Tratamiento de Botox para Bandas de Cuello El cuello cambia tanto como la cara debido al envejecimiento. Uno de&hellip;<\/p>\n","protected":false},"author":1,"featured_media":0,"parent":14686,"menu_order":0,"comment_status":"closed","ping_status":"closed","template":"","meta":{"_acf_changed":false,"footnotes":""},"class_list":["post-9036","page","type-page","status-publish"],"acf":[],"yoast_head":"<!-- This site is optimized with the Yoast SEO plugin v25.6 - https:\/\/yoast.com\/wordpress\/plugins\/seo\/ -->\n<title>Tratamiento de bandas para el cuello Reno NV | Lake Tahoe Botox para cordones de cuello<\/title>\n<meta name=\"description\" content=\"Los m\u00fasculos platysma o cordones del cuello en el cuello pueden volverse m\u00e1s pronunciados con la edad, cambiando la apariencia del cuello. El Instituto de Cirug\u00eda Pl\u00e1stica Avance ofrece tratamiento de banda para el cuello con Botox para un cuello juvenil en nuestra cl\u00ednica en Reno, NV.\" \/>\n<meta name=\"robots\" content=\"index, follow, max-snippet:-1, max-image-preview:large, max-video-preview:-1\" \/>\n<link rel=\"canonical\" href=\"https:\/\/www.avanceplasticsurgery.com\/es\/tratamientos-de-spa-medicos\/inyectables-y-rellenos\/neurotoxin-injections\/bandas-para-el-cuello-cordones\/\" \/>\n<meta property=\"og:locale\" content=\"es_ES\" \/>\n<meta property=\"og:type\" content=\"article\" \/>\n<meta property=\"og:title\" content=\"Tratamiento de bandas para el cuello Reno NV | Lake Tahoe Botox para cordones de cuello\" \/>\n<meta property=\"og:description\" content=\"Los m\u00fasculos platysma o cordones del cuello en el cuello pueden volverse m\u00e1s pronunciados con la edad, cambiando la apariencia del cuello. El Instituto de Cirug\u00eda Pl\u00e1stica Avance ofrece tratamiento de banda para el cuello con Botox para un cuello juvenil en nuestra cl\u00ednica en Reno, NV.\" \/>\n<meta property=\"og:url\" content=\"https:\/\/www.avanceplasticsurgery.com\/es\/tratamientos-de-spa-medicos\/inyectables-y-rellenos\/neurotoxin-injections\/bandas-para-el-cuello-cordones\/\" \/>\n<meta property=\"og:site_name\" content=\"Avance Plastic Surgery\" \/>\n<meta property=\"article:modified_time\" content=\"2022-04-25T12:55:22+00:00\" \/>\n<meta name=\"twitter:card\" content=\"summary_large_image\" \/>\n<meta name=\"twitter:label1\" content=\"Tiempo de lectura\" \/>\n\t<meta name=\"twitter:data1\" content=\"2 minutos\" \/>\n<!-- \/ Yoast SEO plugin. -->","yoast_head_json":{"title":"Tratamiento de bandas para el cuello Reno NV | Lake Tahoe Botox para cordones de cuello","description":"Los m\u00fasculos platysma o cordones del cuello en el cuello pueden volverse m\u00e1s pronunciados con la edad, cambiando la apariencia del cuello. El Instituto de Cirug\u00eda Pl\u00e1stica Avance ofrece tratamiento de banda para el cuello con Botox para un cuello juvenil en nuestra cl\u00ednica en Reno, NV.","robots":{"index":"index","follow":"follow","max-snippet":"max-snippet:-1","max-image-preview":"max-image-preview:large","max-video-preview":"max-video-preview:-1"},"canonical":"https:\/\/www.avanceplasticsurgery.com\/es\/tratamientos-de-spa-medicos\/inyectables-y-rellenos\/neurotoxin-injections\/bandas-para-el-cuello-cordones\/","og_locale":"es_ES","og_type":"article","og_title":"Tratamiento de bandas para el cuello Reno NV | Lake Tahoe Botox para cordones de cuello","og_description":"Los m\u00fasculos platysma o cordones del cuello en el cuello pueden volverse m\u00e1s pronunciados con la edad, cambiando la apariencia del cuello. El Instituto de Cirug\u00eda Pl\u00e1stica Avance ofrece tratamiento de banda para el cuello con Botox para un cuello juvenil en nuestra cl\u00ednica en Reno, NV.","og_url":"https:\/\/www.avanceplasticsurgery.com\/es\/tratamientos-de-spa-medicos\/inyectables-y-rellenos\/neurotoxin-injections\/bandas-para-el-cuello-cordones\/","og_site_name":"Avance Plastic Surgery","article_modified_time":"2022-04-25T12:55:22+00:00","twitter_card":"summary_large_image","twitter_misc":{"Tiempo de lectura":"2 minutos"},"schema":{"@context":"https:\/\/schema.org","@graph":[{"@type":"WebPage","@id":"https:\/\/www.avanceplasticsurgery.com\/es\/tratamientos-de-spa-medicos\/inyectables-y-rellenos\/neurotoxin-injections\/bandas-para-el-cuello-cordones\/","url":"https:\/\/www.avanceplasticsurgery.com\/es\/tratamientos-de-spa-medicos\/inyectables-y-rellenos\/neurotoxin-injections\/bandas-para-el-cuello-cordones\/","name":"Tratamiento de bandas para el cuello Reno NV | Lake Tahoe Botox para cordones de cuello","isPartOf":{"@id":"https:\/\/www.avanceplasticsurgery.com\/es\/#website"},"datePublished":"2020-09-20T18:52:29+00:00","dateModified":"2022-04-25T12:55:22+00:00","description":"Los m\u00fasculos platysma o cordones del cuello en el cuello pueden volverse m\u00e1s pronunciados con la edad, cambiando la apariencia del cuello. El Instituto de Cirug\u00eda Pl\u00e1stica Avance ofrece tratamiento de banda para el cuello con Botox para un cuello juvenil en nuestra cl\u00ednica en Reno, NV.","breadcrumb":{"@id":"https:\/\/www.avanceplasticsurgery.com\/es\/tratamientos-de-spa-medicos\/inyectables-y-rellenos\/neurotoxin-injections\/bandas-para-el-cuello-cordones\/#breadcrumb"},"inLanguage":"es","potentialAction":[{"@type":"ReadAction","target":["https:\/\/www.avanceplasticsurgery.com\/es\/tratamientos-de-spa-medicos\/inyectables-y-rellenos\/neurotoxin-injections\/bandas-para-el-cuello-cordones\/"]}]},{"@type":"BreadcrumbList","@id":"https:\/\/www.avanceplasticsurgery.com\/es\/tratamientos-de-spa-medicos\/inyectables-y-rellenos\/neurotoxin-injections\/bandas-para-el-cuello-cordones\/#breadcrumb","itemListElement":[{"@type":"ListItem","position":1,"name":"Home","item":"https:\/\/www.avanceplasticsurgery.com\/es\/"},{"@type":"ListItem","position":2,"name":"Tratamientos de spa m\u00e9dicos","item":"https:\/\/www.avanceplasticsurgery.com\/es\/tratamientos-de-spa-medicos\/"},{"@type":"ListItem","position":3,"name":"Inyectables y Rellenos","item":"https:\/\/www.avanceplasticsurgery.com\/es\/tratamientos-de-spa-medicos\/inyectables-y-rellenos\/"},{"@type":"ListItem","position":4,"name":"b\u00f3tox","item":"https:\/\/www.avanceplasticsurgery.com\/es\/tratamientos-de-spa-medicos\/inyectables-y-rellenos\/botox\/"},{"@type":"ListItem","position":5,"name":"Bandas para el cuello\/cordones"}]},{"@type":"WebSite","@id":"https:\/\/www.avanceplasticsurgery.com\/es\/#website","url":"https:\/\/www.avanceplasticsurgery.com\/es\/","name":"Avance Plastic Surgery","description":"","potentialAction":[{"@type":"SearchAction","target":{"@type":"EntryPoint","urlTemplate":"https:\/\/www.avanceplasticsurgery.com\/es\/?s={search_term_string}"},"query-input":{"@type":"PropertyValueSpecification","valueRequired":true,"valueName":"search_term_string"}}],"inLanguage":"es"}]}},"_links":{"self":[{"href":"https:\/\/www.avanceplasticsurgery.com\/es\/wp-json\/wp\/v2\/pages\/9036","targetHints":{"allow":["GET"]}}],"collection":[{"href":"https:\/\/www.avanceplasticsurgery.com\/es\/wp-json\/wp\/v2\/pages"}],"about":[{"href":"https:\/\/www.avanceplasticsurgery.com\/es\/wp-json\/wp\/v2\/types\/page"}],"author":[{"embeddable":true,"href":"https:\/\/www.avanceplasticsurgery.com\/es\/wp-json\/wp\/v2\/users\/1"}],"replies":[{"embeddable":true,"href":"https:\/\/www.avanceplasticsurgery.com\/es\/wp-json\/wp\/v2\/comments?post=9036"}],"version-history":[{"count":1,"href":"https:\/\/www.avanceplasticsurgery.com\/es\/wp-json\/wp\/v2\/pages\/9036\/revisions"}],"predecessor-version":[{"id":9302,"href":"https:\/\/www.avanceplasticsurgery.com\/es\/wp-json\/wp\/v2\/pages\/9036\/revisions\/9302"}],"up":[{"embeddable":true,"href":"https:\/\/www.avanceplasticsurgery.com\/es\/wp-json\/wp\/v2\/pages\/14686"}],"wp:attachment":[{"href":"https:\/\/www.avanceplasticsurgery.com\/es\/wp-json\/wp\/v2\/media?parent=9036"}],"curies":[{"name":"wp","href":"https:\/\/api.w.org\/{rel}","templated":true}]}}