{"id":9037,"date":"2020-09-20T18:50:31","date_gmt":"2020-09-20T18:50:31","guid":{"rendered":"https:\/\/www.avanceplasticsurgery.com\/tratamientos-de-spa-medicos\/inyectables-y-rellenos\/botox\/lineas-de-labios-de-la-boca\/"},"modified":"2024-04-18T14:32:20","modified_gmt":"2024-04-18T14:32:20","slug":"lineas-de-labios-de-la-boca","status":"publish","type":"page","link":"https:\/\/www.avanceplasticsurgery.com\/es\/tratamientos-de-spa-medicos\/inyectables-y-rellenos\/neurotoxin-injections\/lineas-de-labios-de-la-boca\/","title":{"rendered":"L\u00edneas de labios de la boca"},"content":{"rendered":"<h1>Tratamiento de l\u00edneas de labios de boca de Botox<\/h1>\n<p>A\u00f1os de fruncir los labios para besar, beber con pajita o fumar un cigarrillo pueden dejar peque\u00f1as l\u00edneas verticales en los labios alrededor de la boca. La piel pierde su elasticidad y volumen con la edad, permitiendo que estas peque\u00f1as arrugas delineen los labios. Si tiene l\u00edneas en los labios que impactan en el borde de la boca, las inyecciones de Botox pueden ser la soluci\u00f3n. El equipo de est\u00e9tica del Instituto de Cirug\u00eda Pl\u00e1stica Avance ofrece tratamiento de l\u00edneas de labios\/boca con Botox en nuestro centro m\u00e9dico en Reno\/Tahoe, NV.<\/p>\n<p><a title=\"Inyecciones de Botox Reno NV\" href=\"https:\/\/www.avanceplasticsurgery.com\/es\/med-spa-treatments\/injectables-and-fillers\/botox-injections\/\">Las inyecciones de Botox<\/a> son efectivas en las l\u00edneas din\u00e1micas causadas por el movimiento y las contracciones musculares. El m\u00fasculo que crea las l\u00edneas verticales de los labios se llama orbicularis oris. Este m\u00fasculo circular te permite fruncir los labios, que es donde se forman esas peque\u00f1as l\u00edneas de la boca. Relajar este m\u00fasculo puede afectar las l\u00edneas de la boca o los labios, suavizando el contorno de los labios para una apariencia m\u00e1s juvenil.<\/p>\n<button class=\"flc-yt lazyload\" data-id=\"gSe966tDTtw\" data-title=\"Neurotoxins For Facial Lines | Avance Plastic Surgery Institute: Dr. Erez Dayan | Reno, Tahoe, NV\" data-bg=\"https:\/\/i.ytimg.com\/vi\/gSe966tDTtw\/hqdefault.jpg\" aria-label=\"Play video Neurotoxins For Facial Lines | Avance Plastic Surgery Institute: Dr. Erez Dayan | Reno, Tahoe, NV\">  <div class=\"flc-yt__title\">Neurotoxins For Facial Lines | Avance Plastic Surgery Institute: Dr. Erez Dayan | Reno, Tahoe, NV<\/div>  <span class=\"flc-yt__play\">    <svg viewBox=\"0 0 68 48\" xmlns=\"http:\/\/www.w3.org\/2000\/svg\" aria-hidden=\"true\"><path d=\"M66.5 7.8A8.5 8.5 0 0 0 60.6 2C55.3.5 34 .5 34 .5S12.7.5 7.4 2A8.5 8.5 0 0 0 1.5 7.8C0 13.1 0 24 0 24s0 10.9 1.5 16.2A8.5 8.5 0 0 0 7.4 46C12.7 47.5 34 47.5 34 47.5s21.3 0 26.6-1.5a8.5 8.5 0 0 0 5.9-5.8C68 34.9 68 24 68 24s0-10.9-1.5-16.2Z\" fill=\"#f00\"\/><path d=\"M27 34l18-10-18-10v20Z\" fill=\"#fff\"\/><\/svg>  <\/span><\/button>\n<h2>Suavizar las arrugas alrededor de la boca<\/h2>\n<p>Las l\u00edneas de los labios, tambi\u00e9n llamadas \u201cl\u00edneas de fumador\u201d, son una queja com\u00fan del envejecimiento facial. La buena noticia es que existen opciones no quir\u00fargicas para suavizar estas l\u00edneas notorias. Las inyecciones de relleno facial pueden ser \u00fatiles, al igual que las inyecciones de Botox. Para el tratamiento de la l\u00ednea de labios con Botox, m\u00faltiples inyecciones relajan las diferentes \u00e1reas del orbicularis oris alrededor del labio superior e inferior. Los resultados del Botox pueden tardar varios d\u00edas en hacerse evidentes, pero duran de 3 a 4 meses o m\u00e1s. El tratamiento puede repetirse cuantas veces sea necesario para mantener el efecto deseado. En algunos casos, tanto el relleno facial como las inyecciones de Botox trabajan juntos para crear labios m\u00e1s juveniles y carnosos sin arrugas ni l\u00edneas.<\/p>\n<p>Si no est\u00e1 satisfecho con la apariencia de las l\u00edneas de los labios alrededor de la boca, <a title=\"P\u00f3ngase en contacto con el Instituto de Cirug\u00eda Pl\u00e1stica Avance en Reno NV\" href=\"https:\/\/www.avanceplasticsurgery.com\/es\/contact-us-dr-erez-dayan\/\">cont\u00e1ctenos en Avance Plastic Surgery Institute<\/a> . Podemos programar una consulta de tratamiento cosm\u00e9tico con el Dr. Erez Dayan en nuestra cl\u00ednica cerca del lago Tahoe en Reno\/Tahoe, NV. Llame hoy para reservar su cita.<\/p>\n","protected":false},"excerpt":{"rendered":"<p>Tratamiento de l\u00edneas de labios de boca de Botox A\u00f1os de fruncir los labios para besar, beber con pajita&hellip;<\/p>\n","protected":false},"author":1,"featured_media":0,"parent":14686,"menu_order":0,"comment_status":"closed","ping_status":"closed","template":"","meta":{"_acf_changed":false,"footnotes":""},"class_list":["post-9037","page","type-page","status-publish"],"acf":[],"yoast_head":"<!-- This site is optimized with the Yoast SEO plugin v25.6 - https:\/\/yoast.com\/wordpress\/plugins\/seo\/ -->\n<title>Reno NV Botox Boca Tratamiento de l\u00edneas de labios | Cirujano pl\u00e1stico del lago Tahoe<\/title>\n<meta name=\"description\" content=\"Las l\u00edneas verticales alrededor de los labios y la boca son comunes con el envejecimiento. El tratamiento con Botox para las l\u00edneas de la boca\/labios es una opci\u00f3n no quir\u00fargica para rejuvenecer la boca, disponible en el Instituto de Cirug\u00eda Pl\u00e1stica Avance cerca del lago Tahoe en Reno, NV.\" \/>\n<meta name=\"robots\" content=\"index, follow, max-snippet:-1, max-image-preview:large, max-video-preview:-1\" \/>\n<link rel=\"canonical\" href=\"https:\/\/www.avanceplasticsurgery.com\/es\/tratamientos-de-spa-medicos\/inyectables-y-rellenos\/neurotoxin-injections\/lineas-de-labios-de-la-boca\/\" \/>\n<meta property=\"og:locale\" content=\"es_ES\" \/>\n<meta property=\"og:type\" content=\"article\" \/>\n<meta property=\"og:title\" content=\"Reno NV Botox Boca Tratamiento de l\u00edneas de labios | Cirujano pl\u00e1stico del lago Tahoe\" \/>\n<meta property=\"og:description\" content=\"Las l\u00edneas verticales alrededor de los labios y la boca son comunes con el envejecimiento. El tratamiento con Botox para las l\u00edneas de la boca\/labios es una opci\u00f3n no quir\u00fargica para rejuvenecer la boca, disponible en el Instituto de Cirug\u00eda Pl\u00e1stica Avance cerca del lago Tahoe en Reno, NV.\" \/>\n<meta property=\"og:url\" content=\"https:\/\/www.avanceplasticsurgery.com\/es\/tratamientos-de-spa-medicos\/inyectables-y-rellenos\/neurotoxin-injections\/lineas-de-labios-de-la-boca\/\" \/>\n<meta property=\"og:site_name\" content=\"Avance Plastic Surgery\" \/>\n<meta property=\"article:modified_time\" content=\"2024-04-18T14:32:20+00:00\" \/>\n<meta name=\"twitter:card\" content=\"summary_large_image\" \/>\n<meta name=\"twitter:label1\" content=\"Tiempo de lectura\" \/>\n\t<meta name=\"twitter:data1\" content=\"2 minutos\" \/>\n<!-- \/ Yoast SEO plugin. -->","yoast_head_json":{"title":"Reno NV Botox Boca Tratamiento de l\u00edneas de labios | Cirujano pl\u00e1stico del lago Tahoe","description":"Las l\u00edneas verticales alrededor de los labios y la boca son comunes con el envejecimiento. El tratamiento con Botox para las l\u00edneas de la boca\/labios es una opci\u00f3n no quir\u00fargica para rejuvenecer la boca, disponible en el Instituto de Cirug\u00eda Pl\u00e1stica Avance cerca del lago Tahoe en Reno, NV.","robots":{"index":"index","follow":"follow","max-snippet":"max-snippet:-1","max-image-preview":"max-image-preview:large","max-video-preview":"max-video-preview:-1"},"canonical":"https:\/\/www.avanceplasticsurgery.com\/es\/tratamientos-de-spa-medicos\/inyectables-y-rellenos\/neurotoxin-injections\/lineas-de-labios-de-la-boca\/","og_locale":"es_ES","og_type":"article","og_title":"Reno NV Botox Boca Tratamiento de l\u00edneas de labios | Cirujano pl\u00e1stico del lago Tahoe","og_description":"Las l\u00edneas verticales alrededor de los labios y la boca son comunes con el envejecimiento. El tratamiento con Botox para las l\u00edneas de la boca\/labios es una opci\u00f3n no quir\u00fargica para rejuvenecer la boca, disponible en el Instituto de Cirug\u00eda Pl\u00e1stica Avance cerca del lago Tahoe en Reno, NV.","og_url":"https:\/\/www.avanceplasticsurgery.com\/es\/tratamientos-de-spa-medicos\/inyectables-y-rellenos\/neurotoxin-injections\/lineas-de-labios-de-la-boca\/","og_site_name":"Avance Plastic Surgery","article_modified_time":"2024-04-18T14:32:20+00:00","twitter_card":"summary_large_image","twitter_misc":{"Tiempo de lectura":"2 minutos"},"schema":{"@context":"https:\/\/schema.org","@graph":[{"@type":"WebPage","@id":"https:\/\/www.avanceplasticsurgery.com\/es\/tratamientos-de-spa-medicos\/inyectables-y-rellenos\/neurotoxin-injections\/lineas-de-labios-de-la-boca\/","url":"https:\/\/www.avanceplasticsurgery.com\/es\/tratamientos-de-spa-medicos\/inyectables-y-rellenos\/neurotoxin-injections\/lineas-de-labios-de-la-boca\/","name":"Reno NV Botox Boca Tratamiento de l\u00edneas de labios | Cirujano pl\u00e1stico del lago Tahoe","isPartOf":{"@id":"https:\/\/www.avanceplasticsurgery.com\/es\/#website"},"datePublished":"2020-09-20T18:50:31+00:00","dateModified":"2024-04-18T14:32:20+00:00","description":"Las l\u00edneas verticales alrededor de los labios y la boca son comunes con el envejecimiento. El tratamiento con Botox para las l\u00edneas de la boca\/labios es una opci\u00f3n no quir\u00fargica para rejuvenecer la boca, disponible en el Instituto de Cirug\u00eda Pl\u00e1stica Avance cerca del lago Tahoe en Reno, NV.","breadcrumb":{"@id":"https:\/\/www.avanceplasticsurgery.com\/es\/tratamientos-de-spa-medicos\/inyectables-y-rellenos\/neurotoxin-injections\/lineas-de-labios-de-la-boca\/#breadcrumb"},"inLanguage":"es","potentialAction":[{"@type":"ReadAction","target":["https:\/\/www.avanceplasticsurgery.com\/es\/tratamientos-de-spa-medicos\/inyectables-y-rellenos\/neurotoxin-injections\/lineas-de-labios-de-la-boca\/"]}]},{"@type":"BreadcrumbList","@id":"https:\/\/www.avanceplasticsurgery.com\/es\/tratamientos-de-spa-medicos\/inyectables-y-rellenos\/neurotoxin-injections\/lineas-de-labios-de-la-boca\/#breadcrumb","itemListElement":[{"@type":"ListItem","position":1,"name":"Home","item":"https:\/\/www.avanceplasticsurgery.com\/es\/"},{"@type":"ListItem","position":2,"name":"Tratamientos de spa m\u00e9dicos","item":"https:\/\/www.avanceplasticsurgery.com\/es\/tratamientos-de-spa-medicos\/"},{"@type":"ListItem","position":3,"name":"Inyectables y Rellenos","item":"https:\/\/www.avanceplasticsurgery.com\/es\/tratamientos-de-spa-medicos\/inyectables-y-rellenos\/"},{"@type":"ListItem","position":4,"name":"b\u00f3tox","item":"https:\/\/www.avanceplasticsurgery.com\/es\/tratamientos-de-spa-medicos\/inyectables-y-rellenos\/botox\/"},{"@type":"ListItem","position":5,"name":"L\u00edneas de labios de la boca"}]},{"@type":"WebSite","@id":"https:\/\/www.avanceplasticsurgery.com\/es\/#website","url":"https:\/\/www.avanceplasticsurgery.com\/es\/","name":"Avance Plastic Surgery","description":"","potentialAction":[{"@type":"SearchAction","target":{"@type":"EntryPoint","urlTemplate":"https:\/\/www.avanceplasticsurgery.com\/es\/?s={search_term_string}"},"query-input":{"@type":"PropertyValueSpecification","valueRequired":true,"valueName":"search_term_string"}}],"inLanguage":"es"}]}},"_links":{"self":[{"href":"https:\/\/www.avanceplasticsurgery.com\/es\/wp-json\/wp\/v2\/pages\/9037","targetHints":{"allow":["GET"]}}],"collection":[{"href":"https:\/\/www.avanceplasticsurgery.com\/es\/wp-json\/wp\/v2\/pages"}],"about":[{"href":"https:\/\/www.avanceplasticsurgery.com\/es\/wp-json\/wp\/v2\/types\/page"}],"author":[{"embeddable":true,"href":"https:\/\/www.avanceplasticsurgery.com\/es\/wp-json\/wp\/v2\/users\/1"}],"replies":[{"embeddable":true,"href":"https:\/\/www.avanceplasticsurgery.com\/es\/wp-json\/wp\/v2\/comments?post=9037"}],"version-history":[{"count":3,"href":"https:\/\/www.avanceplasticsurgery.com\/es\/wp-json\/wp\/v2\/pages\/9037\/revisions"}],"predecessor-version":[{"id":11103,"href":"https:\/\/www.avanceplasticsurgery.com\/es\/wp-json\/wp\/v2\/pages\/9037\/revisions\/11103"}],"up":[{"embeddable":true,"href":"https:\/\/www.avanceplasticsurgery.com\/es\/wp-json\/wp\/v2\/pages\/14686"}],"wp:attachment":[{"href":"https:\/\/www.avanceplasticsurgery.com\/es\/wp-json\/wp\/v2\/media?parent=9037"}],"curies":[{"name":"wp","href":"https:\/\/api.w.org\/{rel}","templated":true}]}}