{"id":9038,"date":"2020-09-20T18:48:30","date_gmt":"2020-09-20T18:48:30","guid":{"rendered":"https:\/\/www.avanceplasticsurgery.com\/tratamientos-de-spa-medicos\/inyectables-y-rellenos\/botox\/surco-glabella-11s\/"},"modified":"2024-04-18T14:27:04","modified_gmt":"2024-04-18T14:27:04","slug":"surco-glabella-11s","status":"publish","type":"page","link":"https:\/\/www.avanceplasticsurgery.com\/es\/tratamientos-de-spa-medicos\/inyectables-y-rellenos\/neurotoxin-injections\/surco-glabella-11s\/","title":{"rendered":"Surco\/Glabella\/11&#8217;s"},"content":{"rendered":"<h1>Botox para l\u00edneas de surco<\/h1>\n<p>La glabela es el \u00e1rea entre las cejas, el centro plano en la parte inferior de la frente. Este espacio prominente a menudo se arruga cuando entrecierras los ojos, frunces el ce\u00f1o o te concentras, creando l\u00edneas verticales din\u00e1micas. Los \u201c11\u201d o surcos en el \u00e1rea de la glabela son un problema com\u00fan y una de las primeras l\u00edneas que aparecen en la cara con la edad. <a title=\"Inyecciones de Botox Reno NV\" href=\"https:\/\/www.avanceplasticsurgery.com\/es\/med-spa-treatments\/injectables-and-fillers\/botox-injections\/\">Botox fue la inyecci\u00f3n cosm\u00e9tica original<\/a> que fue aprobada por la FDA como tratamiento para las l\u00edneas de surcos o entrecejo, y sigue siendo una de las mejores opciones para suavizar la glabela. En Avance Plastic Surgery Institute, ofrecemos Botox para las l\u00edneas de surco durante una visita r\u00e1pida a nuestra cl\u00ednica en Reno\/Tahoe, NV.<\/p>\n<p>Conocidas como surcos, glabelas, 11 o l\u00edneas del entrecejo, estas arrugas suelen ser una adici\u00f3n no deseada a la frente. Las l\u00edneas pueden crear una apariencia gru\u00f1ona en la cara y son signos reveladores de envejecimiento, aunque pueden aparecer a los 20 o 30 a\u00f1os. Las l\u00edneas de surco, que pueden aparecer antes que otras arrugas, son causadas por la p\u00e9rdida de col\u00e1geno. Tambi\u00e9n son una de las l\u00edneas faciales que las inyecciones de relleno facial no son tan efectivas en el tratamiento. Botox, u otras inyecciones de neuromoduladores, son el tratamiento preferido para la glabela o las l\u00edneas de expresi\u00f3n, incluso para los pacientes m\u00e1s j\u00f3venes.<\/p>\n<button class=\"flc-yt lazyload\" data-id=\"gSe966tDTtw\" data-title=\"Neurotoxins For Facial Lines | Avance Plastic Surgery Institute: Dr. Erez Dayan | Reno, Tahoe, NV\" data-bg=\"https:\/\/i.ytimg.com\/vi\/gSe966tDTtw\/hqdefault.jpg\" aria-label=\"Play video Neurotoxins For Facial Lines | Avance Plastic Surgery Institute: Dr. Erez Dayan | Reno, Tahoe, NV\">  <div class=\"flc-yt__title\">Neurotoxins For Facial Lines | Avance Plastic Surgery Institute: Dr. Erez Dayan | Reno, Tahoe, NV<\/div>  <span class=\"flc-yt__play\">    <svg viewBox=\"0 0 68 48\" xmlns=\"http:\/\/www.w3.org\/2000\/svg\" aria-hidden=\"true\"><path d=\"M66.5 7.8A8.5 8.5 0 0 0 60.6 2C55.3.5 34 .5 34 .5S12.7.5 7.4 2A8.5 8.5 0 0 0 1.5 7.8C0 13.1 0 24 0 24s0 10.9 1.5 16.2A8.5 8.5 0 0 0 7.4 46C12.7 47.5 34 47.5 34 47.5s21.3 0 26.6-1.5a8.5 8.5 0 0 0 5.9-5.8C68 34.9 68 24 68 24s0-10.9-1.5-16.2Z\" fill=\"#f00\"\/><path d=\"M27 34l18-10-18-10v20Z\" fill=\"#fff\"\/><\/svg>  <\/span><\/button>\n<h2>Suavizar Glabella 11&#8217;s y l\u00edneas de expresi\u00f3n<\/h2>\n<p>El Botox act\u00faa bloqueando las se\u00f1ales nerviosas que provocan las contracciones musculares. Para suavizar los 11 de la glabela, el Dr. Dayan usa varias inyecciones para enfocarse en el m\u00fasculo que causa estas l\u00edneas din\u00e1micas entre las cejas. Botox es bien tolerado y seguro, y se ha utilizado durante d\u00e9cadas con hermosos resultados. Sin embargo, la calidad de los resultados puede verse afectada por la habilidad utilizada al determinar la dosis y la ubicaci\u00f3n correctas. Nuestro director m\u00e9dico y cirujano pl\u00e1stico, el Dr. Erez Dayan, se asegura de que todos nuestros pacientes reciban un tratamiento preciso de Botox para crear resultados de apariencia natural.<\/p>\n<p>El Botox se puede realizar en unos minutos, con resultados notables en unos pocos d\u00edas, y por lo general duran de 3 a 4 meses. Si est\u00e1 interesado en Botox para l\u00edneas de surco en Reno\/Tahoe cerca de Lake Tahoe, NV, <a title=\"P\u00f3ngase en contacto con el Instituto de Cirug\u00eda Pl\u00e1stica Avance en Reno NV\" href=\"https:\/\/www.avanceplasticsurgery.com\/es\/contact-us-dr-erez-dayan\/\">cont\u00e1ctenos en Avance Plastic Surgery Institute<\/a> . Podemos programar su cita para suavizar esas l\u00edneas de expresi\u00f3n en un tratamiento de Botox no invasivo.<\/p>\n","protected":false},"excerpt":{"rendered":"<p>Botox para l\u00edneas de surco La glabela es el \u00e1rea entre las cejas, el centro plano en la parte&hellip;<\/p>\n","protected":false},"author":1,"featured_media":0,"parent":14686,"menu_order":0,"comment_status":"closed","ping_status":"closed","template":"","meta":{"_acf_changed":false,"footnotes":""},"class_list":["post-9038","page","type-page","status-publish"],"acf":[],"yoast_head":"<!-- This site is optimized with the Yoast SEO plugin v25.6 - https:\/\/yoast.com\/wordpress\/plugins\/seo\/ -->\n<title>Reno NV Tratamiento de l\u00edneas de surcos | Botox del lago Tahoe para Glabella, 11 segundos<\/title>\n<meta name=\"description\" content=\"Las l\u00edneas de los surcos o los \u201c11\u201d de la glabela entre las cejas pueden quedar grabados permanentemente en la piel con el envejecimiento. En Avance Plastic Surgery Institute, ofrecemos inyecciones de Botox para el tratamiento de l\u00edneas de surco en nuestra cl\u00ednica en Reno, cerca de Lake Tahoe, NV.\" \/>\n<meta name=\"robots\" content=\"index, follow, max-snippet:-1, max-image-preview:large, max-video-preview:-1\" \/>\n<link rel=\"canonical\" href=\"https:\/\/www.avanceplasticsurgery.com\/es\/tratamientos-de-spa-medicos\/inyectables-y-rellenos\/neurotoxin-injections\/surco-glabella-11s\/\" \/>\n<meta property=\"og:locale\" content=\"es_ES\" \/>\n<meta property=\"og:type\" content=\"article\" \/>\n<meta property=\"og:title\" content=\"Reno NV Tratamiento de l\u00edneas de surcos | Botox del lago Tahoe para Glabella, 11 segundos\" \/>\n<meta property=\"og:description\" content=\"Las l\u00edneas de los surcos o los \u201c11\u201d de la glabela entre las cejas pueden quedar grabados permanentemente en la piel con el envejecimiento. En Avance Plastic Surgery Institute, ofrecemos inyecciones de Botox para el tratamiento de l\u00edneas de surco en nuestra cl\u00ednica en Reno, cerca de Lake Tahoe, NV.\" \/>\n<meta property=\"og:url\" content=\"https:\/\/www.avanceplasticsurgery.com\/es\/tratamientos-de-spa-medicos\/inyectables-y-rellenos\/neurotoxin-injections\/surco-glabella-11s\/\" \/>\n<meta property=\"og:site_name\" content=\"Avance Plastic Surgery\" \/>\n<meta property=\"article:modified_time\" content=\"2024-04-18T14:27:04+00:00\" \/>\n<meta name=\"twitter:card\" content=\"summary_large_image\" \/>\n<meta name=\"twitter:label1\" content=\"Tiempo de lectura\" \/>\n\t<meta name=\"twitter:data1\" content=\"2 minutos\" \/>\n<!-- \/ Yoast SEO plugin. -->","yoast_head_json":{"title":"Reno NV Tratamiento de l\u00edneas de surcos | Botox del lago Tahoe para Glabella, 11 segundos","description":"Las l\u00edneas de los surcos o los \u201c11\u201d de la glabela entre las cejas pueden quedar grabados permanentemente en la piel con el envejecimiento. En Avance Plastic Surgery Institute, ofrecemos inyecciones de Botox para el tratamiento de l\u00edneas de surco en nuestra cl\u00ednica en Reno, cerca de Lake Tahoe, NV.","robots":{"index":"index","follow":"follow","max-snippet":"max-snippet:-1","max-image-preview":"max-image-preview:large","max-video-preview":"max-video-preview:-1"},"canonical":"https:\/\/www.avanceplasticsurgery.com\/es\/tratamientos-de-spa-medicos\/inyectables-y-rellenos\/neurotoxin-injections\/surco-glabella-11s\/","og_locale":"es_ES","og_type":"article","og_title":"Reno NV Tratamiento de l\u00edneas de surcos | Botox del lago Tahoe para Glabella, 11 segundos","og_description":"Las l\u00edneas de los surcos o los \u201c11\u201d de la glabela entre las cejas pueden quedar grabados permanentemente en la piel con el envejecimiento. En Avance Plastic Surgery Institute, ofrecemos inyecciones de Botox para el tratamiento de l\u00edneas de surco en nuestra cl\u00ednica en Reno, cerca de Lake Tahoe, NV.","og_url":"https:\/\/www.avanceplasticsurgery.com\/es\/tratamientos-de-spa-medicos\/inyectables-y-rellenos\/neurotoxin-injections\/surco-glabella-11s\/","og_site_name":"Avance Plastic Surgery","article_modified_time":"2024-04-18T14:27:04+00:00","twitter_card":"summary_large_image","twitter_misc":{"Tiempo de lectura":"2 minutos"},"schema":{"@context":"https:\/\/schema.org","@graph":[{"@type":"WebPage","@id":"https:\/\/www.avanceplasticsurgery.com\/es\/tratamientos-de-spa-medicos\/inyectables-y-rellenos\/neurotoxin-injections\/surco-glabella-11s\/","url":"https:\/\/www.avanceplasticsurgery.com\/es\/tratamientos-de-spa-medicos\/inyectables-y-rellenos\/neurotoxin-injections\/surco-glabella-11s\/","name":"Reno NV Tratamiento de l\u00edneas de surcos | Botox del lago Tahoe para Glabella, 11 segundos","isPartOf":{"@id":"https:\/\/www.avanceplasticsurgery.com\/es\/#website"},"datePublished":"2020-09-20T18:48:30+00:00","dateModified":"2024-04-18T14:27:04+00:00","description":"Las l\u00edneas de los surcos o los \u201c11\u201d de la glabela entre las cejas pueden quedar grabados permanentemente en la piel con el envejecimiento. En Avance Plastic Surgery Institute, ofrecemos inyecciones de Botox para el tratamiento de l\u00edneas de surco en nuestra cl\u00ednica en Reno, cerca de Lake Tahoe, NV.","breadcrumb":{"@id":"https:\/\/www.avanceplasticsurgery.com\/es\/tratamientos-de-spa-medicos\/inyectables-y-rellenos\/neurotoxin-injections\/surco-glabella-11s\/#breadcrumb"},"inLanguage":"es","potentialAction":[{"@type":"ReadAction","target":["https:\/\/www.avanceplasticsurgery.com\/es\/tratamientos-de-spa-medicos\/inyectables-y-rellenos\/neurotoxin-injections\/surco-glabella-11s\/"]}]},{"@type":"BreadcrumbList","@id":"https:\/\/www.avanceplasticsurgery.com\/es\/tratamientos-de-spa-medicos\/inyectables-y-rellenos\/neurotoxin-injections\/surco-glabella-11s\/#breadcrumb","itemListElement":[{"@type":"ListItem","position":1,"name":"Home","item":"https:\/\/www.avanceplasticsurgery.com\/es\/"},{"@type":"ListItem","position":2,"name":"Tratamientos de spa m\u00e9dicos","item":"https:\/\/www.avanceplasticsurgery.com\/es\/tratamientos-de-spa-medicos\/"},{"@type":"ListItem","position":3,"name":"Inyectables y Rellenos","item":"https:\/\/www.avanceplasticsurgery.com\/es\/tratamientos-de-spa-medicos\/inyectables-y-rellenos\/"},{"@type":"ListItem","position":4,"name":"b\u00f3tox","item":"https:\/\/www.avanceplasticsurgery.com\/es\/tratamientos-de-spa-medicos\/inyectables-y-rellenos\/botox\/"},{"@type":"ListItem","position":5,"name":"Surco\/Glabella\/11&#8217;s"}]},{"@type":"WebSite","@id":"https:\/\/www.avanceplasticsurgery.com\/es\/#website","url":"https:\/\/www.avanceplasticsurgery.com\/es\/","name":"Avance Plastic Surgery","description":"","potentialAction":[{"@type":"SearchAction","target":{"@type":"EntryPoint","urlTemplate":"https:\/\/www.avanceplasticsurgery.com\/es\/?s={search_term_string}"},"query-input":{"@type":"PropertyValueSpecification","valueRequired":true,"valueName":"search_term_string"}}],"inLanguage":"es"}]}},"_links":{"self":[{"href":"https:\/\/www.avanceplasticsurgery.com\/es\/wp-json\/wp\/v2\/pages\/9038","targetHints":{"allow":["GET"]}}],"collection":[{"href":"https:\/\/www.avanceplasticsurgery.com\/es\/wp-json\/wp\/v2\/pages"}],"about":[{"href":"https:\/\/www.avanceplasticsurgery.com\/es\/wp-json\/wp\/v2\/types\/page"}],"author":[{"embeddable":true,"href":"https:\/\/www.avanceplasticsurgery.com\/es\/wp-json\/wp\/v2\/users\/1"}],"replies":[{"embeddable":true,"href":"https:\/\/www.avanceplasticsurgery.com\/es\/wp-json\/wp\/v2\/comments?post=9038"}],"version-history":[{"count":3,"href":"https:\/\/www.avanceplasticsurgery.com\/es\/wp-json\/wp\/v2\/pages\/9038\/revisions"}],"predecessor-version":[{"id":11099,"href":"https:\/\/www.avanceplasticsurgery.com\/es\/wp-json\/wp\/v2\/pages\/9038\/revisions\/11099"}],"up":[{"embeddable":true,"href":"https:\/\/www.avanceplasticsurgery.com\/es\/wp-json\/wp\/v2\/pages\/14686"}],"wp:attachment":[{"href":"https:\/\/www.avanceplasticsurgery.com\/es\/wp-json\/wp\/v2\/media?parent=9038"}],"curies":[{"name":"wp","href":"https:\/\/api.w.org\/{rel}","templated":true}]}}