{"id":9039,"date":"2020-09-20T18:59:59","date_gmt":"2020-09-20T18:59:59","guid":{"rendered":"https:\/\/www.avanceplasticsurgery.com\/tratamientos-de-spa-medicos\/inyectables-y-rellenos\/deporte\/"},"modified":"2024-04-18T14:09:15","modified_gmt":"2024-04-18T14:09:15","slug":"deporte","status":"publish","type":"page","link":"https:\/\/www.avanceplasticsurgery.com\/es\/tratamientos-de-spa-medicos\/inyectables-y-rellenos\/deporte\/","title":{"rendered":"Deporte"},"content":{"rendered":"<h1>Inyecciones Dysport<\/h1>\n<p>Las docenas de m\u00fasculos de la cara se contraen y se mueven constantemente, especialmente cuando expresas emociones. A medida que la piel pierde elasticidad con la edad, los pliegues en la piel por el movimiento muscular marcan l\u00edneas y arrugas que pueden notarse incluso cuando la cara parece relajada, pero los m\u00fasculos a\u00fan se est\u00e1n contrayendo. Dysport es un <a title=\"Reno NV Rellenos faciales Inyecciones d\u00e9rmicas\" href=\"https:\/\/www.avanceplasticsurgery.com\/es\/med-spa-treatments\/injectables-and-fillers\/\">neuromodulador<\/a> que puede relajar los m\u00fasculos espec\u00edficos, alisando estas l\u00edneas faciales din\u00e1micas. El Dr. Erez Dayan y nuestro equipo en Avance Plastic Surgery Institute ofrecen inyecciones de Dysport para el tratamiento de l\u00edneas de expresi\u00f3n y arrugas en nuestra cl\u00ednica cerca de Lake Tahoe en Reno\/Tahoe, NV.<\/p>\n<p>Las l\u00edneas de la glabela, los \u201c11\u201d entre las cejas, se encuentran entre las l\u00edneas din\u00e1micas m\u00e1s comunes que aparecen. Incluso los hombres y las mujeres de entre 20 y 30 a\u00f1os pueden tener l\u00edneas de expresi\u00f3n en la frente, creando una apariencia de mal humor o enojo. Dysport es una forma de toxina botul\u00ednica tipo A, como el Botox, que bloquea las se\u00f1ales nerviosas que hacen que los m\u00fasculos faciales se contraigan. Las inyecciones de Dysport se dirigen a los m\u00fasculos que se contraen. Las l\u00edneas se suavizan, dej\u00e1ndote con un rostro m\u00e1s joven y encantador.<\/p>\n<div class=\"row\">\n<div class=\"col-md-6\"><button class=\"flc-yt lazyload\" data-id=\"gSe966tDTtw\" data-title=\"Neurotoxins For Facial Lines | Avance Plastic Surgery Institute: Dr. Erez Dayan | Reno, Tahoe, NV\" data-bg=\"https:\/\/i.ytimg.com\/vi\/gSe966tDTtw\/hqdefault.jpg\" aria-label=\"Play video Neurotoxins For Facial Lines | Avance Plastic Surgery Institute: Dr. Erez Dayan | Reno, Tahoe, NV\">  <div class=\"flc-yt__title\">Neurotoxins For Facial Lines | Avance Plastic Surgery Institute: Dr. Erez Dayan | Reno, Tahoe, NV<\/div>  <span class=\"flc-yt__play\">    <svg viewBox=\"0 0 68 48\" xmlns=\"http:\/\/www.w3.org\/2000\/svg\" aria-hidden=\"true\"><path d=\"M66.5 7.8A8.5 8.5 0 0 0 60.6 2C55.3.5 34 .5 34 .5S12.7.5 7.4 2A8.5 8.5 0 0 0 1.5 7.8C0 13.1 0 24 0 24s0 10.9 1.5 16.2A8.5 8.5 0 0 0 7.4 46C12.7 47.5 34 47.5 34 47.5s21.3 0 26.6-1.5a8.5 8.5 0 0 0 5.9-5.8C68 34.9 68 24 68 24s0-10.9-1.5-16.2Z\" fill=\"#f00\"\/><path d=\"M27 34l18-10-18-10v20Z\" fill=\"#fff\"\/><\/svg>  <\/span><\/button><\/div>\n<div class=\"col-md-6\"><button class=\"flc-yt lazyload\" data-id=\"yOoPsiIoHmE\" data-title=\"How Does Botox Work? | Avance Plastic Surgery: Dr. Erez Dayan | Reno, Tahoe, NV\" data-bg=\"https:\/\/i.ytimg.com\/vi\/yOoPsiIoHmE\/hqdefault.jpg\" aria-label=\"Play video How Does Botox Work? | Avance Plastic Surgery: Dr. Erez Dayan | Reno, Tahoe, NV\">  <div class=\"flc-yt__title\">How Does Botox Work? | Avance Plastic Surgery: Dr. Erez Dayan | Reno, Tahoe, NV<\/div>  <span class=\"flc-yt__play\">    <svg viewBox=\"0 0 68 48\" xmlns=\"http:\/\/www.w3.org\/2000\/svg\" aria-hidden=\"true\"><path d=\"M66.5 7.8A8.5 8.5 0 0 0 60.6 2C55.3.5 34 .5 34 .5S12.7.5 7.4 2A8.5 8.5 0 0 0 1.5 7.8C0 13.1 0 24 0 24s0 10.9 1.5 16.2A8.5 8.5 0 0 0 7.4 46C12.7 47.5 34 47.5 34 47.5s21.3 0 26.6-1.5a8.5 8.5 0 0 0 5.9-5.8C68 34.9 68 24 68 24s0-10.9-1.5-16.2Z\" fill=\"#f00\"\/><path d=\"M27 34l18-10-18-10v20Z\" fill=\"#fff\"\/><\/svg>  <\/span><\/button><\/div>\n<div class=\"col-md-12\" style=\"text-align: center; max-width: 50%; margin: 0 auto;\"><button class=\"flc-yt lazyload\" data-id=\"3CRiQFxGqWM\" data-title=\"Botox Before And After | Avance Plastic Surgery: Dr. Erez Dayan | Reno, Tahoe, NV\" data-bg=\"https:\/\/i.ytimg.com\/vi\/3CRiQFxGqWM\/hqdefault.jpg\" aria-label=\"Play video Botox Before And After | Avance Plastic Surgery: Dr. Erez Dayan | Reno, Tahoe, NV\">  <div class=\"flc-yt__title\">Botox Before And After | Avance Plastic Surgery: Dr. Erez Dayan | Reno, Tahoe, NV<\/div>  <span class=\"flc-yt__play\">    <svg viewBox=\"0 0 68 48\" xmlns=\"http:\/\/www.w3.org\/2000\/svg\" aria-hidden=\"true\"><path d=\"M66.5 7.8A8.5 8.5 0 0 0 60.6 2C55.3.5 34 .5 34 .5S12.7.5 7.4 2A8.5 8.5 0 0 0 1.5 7.8C0 13.1 0 24 0 24s0 10.9 1.5 16.2A8.5 8.5 0 0 0 7.4 46C12.7 47.5 34 47.5 34 47.5s21.3 0 26.6-1.5a8.5 8.5 0 0 0 5.9-5.8C68 34.9 68 24 68 24s0-10.9-1.5-16.2Z\" fill=\"#f00\"\/><path d=\"M27 34l18-10-18-10v20Z\" fill=\"#fff\"\/><\/svg>  <\/span><\/button><\/div>\n<\/div>\n<h2>Reducci\u00f3n segura y efectiva de arrugas y l\u00edneas<\/h2>\n<p>Las inyecciones de Dysport est\u00e1n aprobadas por la FDA para el tratamiento de las l\u00edneas del entrecejo. Los tratamientos se pueden realizar en aproximadamente 10 a 15 minutos para cada \u00e1rea y los resultados pueden comenzar a aparecer en unos pocos d\u00edas. No se necesita tiempo de inactividad. Puede acudir al tratamiento Dysport durante la hora del almuerzo y volver al trabajo. Los resultados pueden durar de 3 a 4 meses, suavizando las l\u00edneas din\u00e1micas no deseadas.<\/p>\n<p>El Dr. Dayan es un cirujano pl\u00e1stico capacitado en la escuela de medicina de Harvard que comprende las mejores t\u00e9cnicas para utilizar inyecciones cosm\u00e9ticas como Dysport. Si vive en Reno o est\u00e1 de visita en el \u00e1rea del lago Tahoe y desea explorar los tratamientos para las l\u00edneas del entrecejo y las arrugas, <a title=\"P\u00f3ngase en contacto con el Instituto de Cirug\u00eda Pl\u00e1stica Avance en Reno NV\" href=\"https:\/\/www.avanceplasticsurgery.com\/es\/contact-us-dr-erez-dayan\/\">comun\u00edquese con nosotros en Avance Plastic Surgery Institute<\/a> para programar una consulta con el Dr. Dayan.<\/p>\n","protected":false},"excerpt":{"rendered":"<p>Inyecciones Dysport Las docenas de m\u00fasculos de la cara se contraen y se mueven constantemente, especialmente cuando expresas emociones.&hellip;<\/p>\n","protected":false},"author":1,"featured_media":0,"parent":9025,"menu_order":0,"comment_status":"closed","ping_status":"closed","template":"","meta":{"_acf_changed":false,"footnotes":""},"class_list":["post-9039","page","type-page","status-publish"],"acf":[],"yoast_head":"<!-- This site is optimized with the Yoast SEO plugin v25.6 - https:\/\/yoast.com\/wordpress\/plugins\/seo\/ -->\n<title>Inyecciones Reno NV Dysport | Tratamiento de l\u00edneas de expresi\u00f3n del lago Tahoe<\/title>\n<meta name=\"description\" content=\"\u00bfTiene l\u00edneas de expresi\u00f3n en la frente u otras arrugas din\u00e1micas que desea alisar en la cara? Avance Plastic Surgery Institute ofrece inyecciones de Dysport para el tratamiento de las l\u00edneas de expresi\u00f3n en nuestra cl\u00ednica cerca del lago Tahoe en Reno, NV.\" \/>\n<meta name=\"robots\" content=\"index, follow, max-snippet:-1, max-image-preview:large, max-video-preview:-1\" \/>\n<link rel=\"canonical\" href=\"https:\/\/www.avanceplasticsurgery.com\/es\/tratamientos-de-spa-medicos\/inyectables-y-rellenos\/deporte\/\" \/>\n<meta property=\"og:locale\" content=\"es_ES\" \/>\n<meta property=\"og:type\" content=\"article\" \/>\n<meta property=\"og:title\" content=\"Inyecciones Reno NV Dysport | Tratamiento de l\u00edneas de expresi\u00f3n del lago Tahoe\" \/>\n<meta property=\"og:description\" content=\"\u00bfTiene l\u00edneas de expresi\u00f3n en la frente u otras arrugas din\u00e1micas que desea alisar en la cara? Avance Plastic Surgery Institute ofrece inyecciones de Dysport para el tratamiento de las l\u00edneas de expresi\u00f3n en nuestra cl\u00ednica cerca del lago Tahoe en Reno, NV.\" \/>\n<meta property=\"og:url\" content=\"https:\/\/www.avanceplasticsurgery.com\/es\/tratamientos-de-spa-medicos\/inyectables-y-rellenos\/deporte\/\" \/>\n<meta property=\"og:site_name\" content=\"Avance Plastic Surgery\" \/>\n<meta property=\"article:modified_time\" content=\"2024-04-18T14:09:15+00:00\" \/>\n<meta name=\"twitter:card\" content=\"summary_large_image\" \/>\n<meta name=\"twitter:label1\" content=\"Tiempo de lectura\" \/>\n\t<meta name=\"twitter:data1\" content=\"2 minutos\" \/>\n<!-- \/ Yoast SEO plugin. -->","yoast_head_json":{"title":"Inyecciones Reno NV Dysport | Tratamiento de l\u00edneas de expresi\u00f3n del lago Tahoe","description":"\u00bfTiene l\u00edneas de expresi\u00f3n en la frente u otras arrugas din\u00e1micas que desea alisar en la cara? Avance Plastic Surgery Institute ofrece inyecciones de Dysport para el tratamiento de las l\u00edneas de expresi\u00f3n en nuestra cl\u00ednica cerca del lago Tahoe en Reno, NV.","robots":{"index":"index","follow":"follow","max-snippet":"max-snippet:-1","max-image-preview":"max-image-preview:large","max-video-preview":"max-video-preview:-1"},"canonical":"https:\/\/www.avanceplasticsurgery.com\/es\/tratamientos-de-spa-medicos\/inyectables-y-rellenos\/deporte\/","og_locale":"es_ES","og_type":"article","og_title":"Inyecciones Reno NV Dysport | Tratamiento de l\u00edneas de expresi\u00f3n del lago Tahoe","og_description":"\u00bfTiene l\u00edneas de expresi\u00f3n en la frente u otras arrugas din\u00e1micas que desea alisar en la cara? Avance Plastic Surgery Institute ofrece inyecciones de Dysport para el tratamiento de las l\u00edneas de expresi\u00f3n en nuestra cl\u00ednica cerca del lago Tahoe en Reno, NV.","og_url":"https:\/\/www.avanceplasticsurgery.com\/es\/tratamientos-de-spa-medicos\/inyectables-y-rellenos\/deporte\/","og_site_name":"Avance Plastic Surgery","article_modified_time":"2024-04-18T14:09:15+00:00","twitter_card":"summary_large_image","twitter_misc":{"Tiempo de lectura":"2 minutos"},"schema":{"@context":"https:\/\/schema.org","@graph":[{"@type":"WebPage","@id":"https:\/\/www.avanceplasticsurgery.com\/es\/tratamientos-de-spa-medicos\/inyectables-y-rellenos\/deporte\/","url":"https:\/\/www.avanceplasticsurgery.com\/es\/tratamientos-de-spa-medicos\/inyectables-y-rellenos\/deporte\/","name":"Inyecciones Reno NV Dysport | Tratamiento de l\u00edneas de expresi\u00f3n del lago Tahoe","isPartOf":{"@id":"https:\/\/www.avanceplasticsurgery.com\/es\/#website"},"datePublished":"2020-09-20T18:59:59+00:00","dateModified":"2024-04-18T14:09:15+00:00","description":"\u00bfTiene l\u00edneas de expresi\u00f3n en la frente u otras arrugas din\u00e1micas que desea alisar en la cara? Avance Plastic Surgery Institute ofrece inyecciones de Dysport para el tratamiento de las l\u00edneas de expresi\u00f3n en nuestra cl\u00ednica cerca del lago Tahoe en Reno, NV.","breadcrumb":{"@id":"https:\/\/www.avanceplasticsurgery.com\/es\/tratamientos-de-spa-medicos\/inyectables-y-rellenos\/deporte\/#breadcrumb"},"inLanguage":"es","potentialAction":[{"@type":"ReadAction","target":["https:\/\/www.avanceplasticsurgery.com\/es\/tratamientos-de-spa-medicos\/inyectables-y-rellenos\/deporte\/"]}]},{"@type":"BreadcrumbList","@id":"https:\/\/www.avanceplasticsurgery.com\/es\/tratamientos-de-spa-medicos\/inyectables-y-rellenos\/deporte\/#breadcrumb","itemListElement":[{"@type":"ListItem","position":1,"name":"Home","item":"https:\/\/www.avanceplasticsurgery.com\/es\/"},{"@type":"ListItem","position":2,"name":"Tratamientos de spa m\u00e9dicos","item":"https:\/\/www.avanceplasticsurgery.com\/es\/tratamientos-de-spa-medicos\/"},{"@type":"ListItem","position":3,"name":"Inyectables y Rellenos","item":"https:\/\/www.avanceplasticsurgery.com\/es\/tratamientos-de-spa-medicos\/inyectables-y-rellenos\/"},{"@type":"ListItem","position":4,"name":"Deporte"}]},{"@type":"WebSite","@id":"https:\/\/www.avanceplasticsurgery.com\/es\/#website","url":"https:\/\/www.avanceplasticsurgery.com\/es\/","name":"Avance Plastic Surgery","description":"","potentialAction":[{"@type":"SearchAction","target":{"@type":"EntryPoint","urlTemplate":"https:\/\/www.avanceplasticsurgery.com\/es\/?s={search_term_string}"},"query-input":{"@type":"PropertyValueSpecification","valueRequired":true,"valueName":"search_term_string"}}],"inLanguage":"es"}]}},"_links":{"self":[{"href":"https:\/\/www.avanceplasticsurgery.com\/es\/wp-json\/wp\/v2\/pages\/9039","targetHints":{"allow":["GET"]}}],"collection":[{"href":"https:\/\/www.avanceplasticsurgery.com\/es\/wp-json\/wp\/v2\/pages"}],"about":[{"href":"https:\/\/www.avanceplasticsurgery.com\/es\/wp-json\/wp\/v2\/types\/page"}],"author":[{"embeddable":true,"href":"https:\/\/www.avanceplasticsurgery.com\/es\/wp-json\/wp\/v2\/users\/1"}],"replies":[{"embeddable":true,"href":"https:\/\/www.avanceplasticsurgery.com\/es\/wp-json\/wp\/v2\/comments?post=9039"}],"version-history":[{"count":4,"href":"https:\/\/www.avanceplasticsurgery.com\/es\/wp-json\/wp\/v2\/pages\/9039\/revisions"}],"predecessor-version":[{"id":11073,"href":"https:\/\/www.avanceplasticsurgery.com\/es\/wp-json\/wp\/v2\/pages\/9039\/revisions\/11073"}],"up":[{"embeddable":true,"href":"https:\/\/www.avanceplasticsurgery.com\/es\/wp-json\/wp\/v2\/pages\/9025"}],"wp:attachment":[{"href":"https:\/\/www.avanceplasticsurgery.com\/es\/wp-json\/wp\/v2\/media?parent=9039"}],"curies":[{"name":"wp","href":"https:\/\/api.w.org\/{rel}","templated":true}]}}