{"id":9040,"date":"2020-09-20T19:02:06","date_gmt":"2020-09-20T19:02:06","guid":{"rendered":"https:\/\/www.avanceplasticsurgery.com\/tratamientos-de-spa-medicos\/inyectables-y-rellenos\/jeuveau\/"},"modified":"2023-05-01T18:38:04","modified_gmt":"2023-05-01T18:38:04","slug":"jeuveau","status":"publish","type":"page","link":"https:\/\/www.avanceplasticsurgery.com\/es\/tratamientos-de-spa-medicos\/inyectables-y-rellenos\/jeuveau\/","title":{"rendered":"Jeuveau"},"content":{"rendered":"<h1>Inyecciones de Jeuveau<\/h1>\n<p><a title=\"Reno NV Rellenos faciales Inyecciones d\u00e9rmicas\" href=\"https:\/\/www.avanceplasticsurgery.com\/es\/med-spa-treatments\/injectables-and-fillers\/\">Los tratamientos neuromoduladores<\/a> como las inyecciones de Botox se han convertido en uno de los procedimientos cosm\u00e9ticos no invasivos m\u00e1s populares para eliminar las l\u00edneas faciales din\u00e1micas. Si bien Botox fue el primer neuromodulador aprobado por la FDA para el tratamiento de las l\u00edneas del entrecejo, otros han salido al mercado en la \u00faltima d\u00e9cada. Una opci\u00f3n es Jeuveau, una nueva forma de neuromodulador que ofrece resultados similares al Botox. El equipo de est\u00e9tica del Avance Plastic Surgery Institute proporciona inyecciones de Jeuveau como alternativa al Botox en nuestra cl\u00ednica cerca del lago Tahoe en Reno\/Tahoe, NV.<\/p>\n<p>Jeuveau est\u00e1 aprobado por la FDA para tratar las l\u00edneas del entrecejo, o las l\u00edneas de la glabela de los 11, entre las cejas. Tambi\u00e9n es \u00fatil para tratar muchos tipos de l\u00edneas din\u00e1micas causadas por la contracci\u00f3n muscular. Esto puede incluir las l\u00edneas horizontales de la frente, las patas de gallo y otras arrugas creadas por el movimiento muscular. Como neuromodulador, las inyecciones de Jeuveau bloquean las se\u00f1ales nerviosas a los m\u00fasculos espec\u00edficos para ayudar a mantenerlos relajados durante 3 a 4 meses, minimizando la aparici\u00f3n de l\u00edneas en el \u00e1rea tratada.<\/p>\n<div class=\"row\">\n<div class=\"col-md-6\"><button class=\"flc-yt lazyload\" data-id=\"3CRiQFxGqWM\" data-title=\"Botox Before And After | Avance Plastic Surgery: Dr. Erez Dayan | Reno, Tahoe, NV\" data-bg=\"https:\/\/i.ytimg.com\/vi\/3CRiQFxGqWM\/hqdefault.jpg\" aria-label=\"Play video Botox Before And After | Avance Plastic Surgery: Dr. Erez Dayan | Reno, Tahoe, NV\">  <div class=\"flc-yt__title\">Botox Before And After | Avance Plastic Surgery: Dr. Erez Dayan | Reno, Tahoe, NV<\/div>  <span class=\"flc-yt__play\">    <svg viewBox=\"0 0 68 48\" xmlns=\"http:\/\/www.w3.org\/2000\/svg\" aria-hidden=\"true\"><path d=\"M66.5 7.8A8.5 8.5 0 0 0 60.6 2C55.3.5 34 .5 34 .5S12.7.5 7.4 2A8.5 8.5 0 0 0 1.5 7.8C0 13.1 0 24 0 24s0 10.9 1.5 16.2A8.5 8.5 0 0 0 7.4 46C12.7 47.5 34 47.5 34 47.5s21.3 0 26.6-1.5a8.5 8.5 0 0 0 5.9-5.8C68 34.9 68 24 68 24s0-10.9-1.5-16.2Z\" fill=\"#f00\"\/><path d=\"M27 34l18-10-18-10v20Z\" fill=\"#fff\"\/><\/svg>  <\/span><\/button><\/div>\n<div class=\"col-md-6\"><button class=\"flc-yt lazyload\" data-id=\"yOoPsiIoHmE\" data-title=\"How Does Botox Work? | Avance Plastic Surgery: Dr. Erez Dayan | Reno, Tahoe, NV\" data-bg=\"https:\/\/i.ytimg.com\/vi\/yOoPsiIoHmE\/hqdefault.jpg\" aria-label=\"Play video How Does Botox Work? | Avance Plastic Surgery: Dr. Erez Dayan | Reno, Tahoe, NV\">  <div class=\"flc-yt__title\">How Does Botox Work? | Avance Plastic Surgery: Dr. Erez Dayan | Reno, Tahoe, NV<\/div>  <span class=\"flc-yt__play\">    <svg viewBox=\"0 0 68 48\" xmlns=\"http:\/\/www.w3.org\/2000\/svg\" aria-hidden=\"true\"><path d=\"M66.5 7.8A8.5 8.5 0 0 0 60.6 2C55.3.5 34 .5 34 .5S12.7.5 7.4 2A8.5 8.5 0 0 0 1.5 7.8C0 13.1 0 24 0 24s0 10.9 1.5 16.2A8.5 8.5 0 0 0 7.4 46C12.7 47.5 34 47.5 34 47.5s21.3 0 26.6-1.5a8.5 8.5 0 0 0 5.9-5.8C68 34.9 68 24 68 24s0-10.9-1.5-16.2Z\" fill=\"#f00\"\/><path d=\"M27 34l18-10-18-10v20Z\" fill=\"#fff\"\/><\/svg>  <\/span><\/button><\/div>\n<\/div>\n<h2>#NEWTOX \u2013 Una alternativa al b\u00f3tox<\/h2>\n<p>Jeuveau a menudo se conoce como #NEWTOX, ya que puede ser una nueva opci\u00f3n para aquellos que no pueden usar Botox o que han desarrollado una resistencia a \u00e9l con el tiempo. Jeuveau es una forma purificada de toxina botul\u00ednica tipo A que no tiene las mismas prote\u00ednas en la f\u00f3rmula original de Botox. Esto puede ayudar a algunos pacientes que quieren el beneficio de un neuromodulador pero no pueden usar inyecciones de Botox. Ambos obtienen resultados similares en alrededor de 1 a 2 semanas para l\u00edneas y arrugas y duran aproximadamente el mismo per\u00edodo que el Botox. Si ha tenido problemas para usar las inyecciones de Botox, Jeuveau es el nuevo reductor de arrugas que podr\u00eda brindarle los resultados que desea.<\/p>\n<p>Para obtener m\u00e1s informaci\u00f3n sobre las inyecciones de Jeuveau y los otros tratamientos cosm\u00e9ticos m\u00ednimamente invasivos que ofrecemos en Avance Plastic Surgery Institute, <a title=\"P\u00f3ngase en contacto con el Instituto de Cirug\u00eda Pl\u00e1stica Avance en Reno NV\" href=\"https:\/\/www.avanceplasticsurgery.com\/es\/contact-us-dr-erez-dayan\/\">comun\u00edquese con nuestra cl\u00ednica<\/a> en Reno\/Tahoe. Podemos programar una consulta de inyecci\u00f3n cosm\u00e9tica con el Dr. Erez Dayan para determinar si Jeuveau es adecuado para usted.<\/p>\n","protected":false},"excerpt":{"rendered":"<p>Inyecciones de Jeuveau Los tratamientos neuromoduladores como las inyecciones de Botox se han convertido en uno de los procedimientos&hellip;<\/p>\n","protected":false},"author":1,"featured_media":0,"parent":9025,"menu_order":0,"comment_status":"closed","ping_status":"closed","template":"","meta":{"_acf_changed":false,"footnotes":""},"class_list":["post-9040","page","type-page","status-publish"],"acf":[],"yoast_head":"<!-- This site is optimized with the Yoast SEO plugin v25.6 - https:\/\/yoast.com\/wordpress\/plugins\/seo\/ -->\n<title>Reno NV Jeuveau Inyecciones | Alternativa del lago Tahoe al b\u00f3tox<\/title>\n<meta name=\"description\" content=\"\u00bfQuiere suavizar las l\u00edneas de expresi\u00f3n o las patas de gallo, pero necesita una alternativa a las inyecciones de Botox? Avance Plastic Surgery Institute ofrece inyecciones de Jeuveau para el tratamiento din\u00e1mico de arrugas en nuestra cl\u00ednica en Reno, NV.\" \/>\n<meta name=\"robots\" content=\"index, follow, max-snippet:-1, max-image-preview:large, max-video-preview:-1\" \/>\n<link rel=\"canonical\" href=\"https:\/\/www.avanceplasticsurgery.com\/es\/tratamientos-de-spa-medicos\/inyectables-y-rellenos\/jeuveau\/\" \/>\n<meta property=\"og:locale\" content=\"es_ES\" \/>\n<meta property=\"og:type\" content=\"article\" \/>\n<meta property=\"og:title\" content=\"Reno NV Jeuveau Inyecciones | Alternativa del lago Tahoe al b\u00f3tox\" \/>\n<meta property=\"og:description\" content=\"\u00bfQuiere suavizar las l\u00edneas de expresi\u00f3n o las patas de gallo, pero necesita una alternativa a las inyecciones de Botox? Avance Plastic Surgery Institute ofrece inyecciones de Jeuveau para el tratamiento din\u00e1mico de arrugas en nuestra cl\u00ednica en Reno, NV.\" \/>\n<meta property=\"og:url\" content=\"https:\/\/www.avanceplasticsurgery.com\/es\/tratamientos-de-spa-medicos\/inyectables-y-rellenos\/jeuveau\/\" \/>\n<meta property=\"og:site_name\" content=\"Avance Plastic Surgery\" \/>\n<meta property=\"article:modified_time\" content=\"2023-05-01T18:38:04+00:00\" \/>\n<meta name=\"twitter:card\" content=\"summary_large_image\" \/>\n<meta name=\"twitter:label1\" content=\"Tiempo de lectura\" \/>\n\t<meta name=\"twitter:data1\" content=\"2 minutos\" \/>\n<!-- \/ Yoast SEO plugin. -->","yoast_head_json":{"title":"Reno NV Jeuveau Inyecciones | Alternativa del lago Tahoe al b\u00f3tox","description":"\u00bfQuiere suavizar las l\u00edneas de expresi\u00f3n o las patas de gallo, pero necesita una alternativa a las inyecciones de Botox? Avance Plastic Surgery Institute ofrece inyecciones de Jeuveau para el tratamiento din\u00e1mico de arrugas en nuestra cl\u00ednica en Reno, NV.","robots":{"index":"index","follow":"follow","max-snippet":"max-snippet:-1","max-image-preview":"max-image-preview:large","max-video-preview":"max-video-preview:-1"},"canonical":"https:\/\/www.avanceplasticsurgery.com\/es\/tratamientos-de-spa-medicos\/inyectables-y-rellenos\/jeuveau\/","og_locale":"es_ES","og_type":"article","og_title":"Reno NV Jeuveau Inyecciones | Alternativa del lago Tahoe al b\u00f3tox","og_description":"\u00bfQuiere suavizar las l\u00edneas de expresi\u00f3n o las patas de gallo, pero necesita una alternativa a las inyecciones de Botox? Avance Plastic Surgery Institute ofrece inyecciones de Jeuveau para el tratamiento din\u00e1mico de arrugas en nuestra cl\u00ednica en Reno, NV.","og_url":"https:\/\/www.avanceplasticsurgery.com\/es\/tratamientos-de-spa-medicos\/inyectables-y-rellenos\/jeuveau\/","og_site_name":"Avance Plastic Surgery","article_modified_time":"2023-05-01T18:38:04+00:00","twitter_card":"summary_large_image","twitter_misc":{"Tiempo de lectura":"2 minutos"},"schema":{"@context":"https:\/\/schema.org","@graph":[{"@type":"WebPage","@id":"https:\/\/www.avanceplasticsurgery.com\/es\/tratamientos-de-spa-medicos\/inyectables-y-rellenos\/jeuveau\/","url":"https:\/\/www.avanceplasticsurgery.com\/es\/tratamientos-de-spa-medicos\/inyectables-y-rellenos\/jeuveau\/","name":"Reno NV Jeuveau Inyecciones | Alternativa del lago Tahoe al b\u00f3tox","isPartOf":{"@id":"https:\/\/www.avanceplasticsurgery.com\/es\/#website"},"datePublished":"2020-09-20T19:02:06+00:00","dateModified":"2023-05-01T18:38:04+00:00","description":"\u00bfQuiere suavizar las l\u00edneas de expresi\u00f3n o las patas de gallo, pero necesita una alternativa a las inyecciones de Botox? Avance Plastic Surgery Institute ofrece inyecciones de Jeuveau para el tratamiento din\u00e1mico de arrugas en nuestra cl\u00ednica en Reno, NV.","breadcrumb":{"@id":"https:\/\/www.avanceplasticsurgery.com\/es\/tratamientos-de-spa-medicos\/inyectables-y-rellenos\/jeuveau\/#breadcrumb"},"inLanguage":"es","potentialAction":[{"@type":"ReadAction","target":["https:\/\/www.avanceplasticsurgery.com\/es\/tratamientos-de-spa-medicos\/inyectables-y-rellenos\/jeuveau\/"]}]},{"@type":"BreadcrumbList","@id":"https:\/\/www.avanceplasticsurgery.com\/es\/tratamientos-de-spa-medicos\/inyectables-y-rellenos\/jeuveau\/#breadcrumb","itemListElement":[{"@type":"ListItem","position":1,"name":"Home","item":"https:\/\/www.avanceplasticsurgery.com\/es\/"},{"@type":"ListItem","position":2,"name":"Tratamientos de spa m\u00e9dicos","item":"https:\/\/www.avanceplasticsurgery.com\/es\/tratamientos-de-spa-medicos\/"},{"@type":"ListItem","position":3,"name":"Inyectables y Rellenos","item":"https:\/\/www.avanceplasticsurgery.com\/es\/tratamientos-de-spa-medicos\/inyectables-y-rellenos\/"},{"@type":"ListItem","position":4,"name":"Jeuveau"}]},{"@type":"WebSite","@id":"https:\/\/www.avanceplasticsurgery.com\/es\/#website","url":"https:\/\/www.avanceplasticsurgery.com\/es\/","name":"Avance Plastic Surgery","description":"","potentialAction":[{"@type":"SearchAction","target":{"@type":"EntryPoint","urlTemplate":"https:\/\/www.avanceplasticsurgery.com\/es\/?s={search_term_string}"},"query-input":{"@type":"PropertyValueSpecification","valueRequired":true,"valueName":"search_term_string"}}],"inLanguage":"es"}]}},"_links":{"self":[{"href":"https:\/\/www.avanceplasticsurgery.com\/es\/wp-json\/wp\/v2\/pages\/9040","targetHints":{"allow":["GET"]}}],"collection":[{"href":"https:\/\/www.avanceplasticsurgery.com\/es\/wp-json\/wp\/v2\/pages"}],"about":[{"href":"https:\/\/www.avanceplasticsurgery.com\/es\/wp-json\/wp\/v2\/types\/page"}],"author":[{"embeddable":true,"href":"https:\/\/www.avanceplasticsurgery.com\/es\/wp-json\/wp\/v2\/users\/1"}],"replies":[{"embeddable":true,"href":"https:\/\/www.avanceplasticsurgery.com\/es\/wp-json\/wp\/v2\/comments?post=9040"}],"version-history":[{"count":2,"href":"https:\/\/www.avanceplasticsurgery.com\/es\/wp-json\/wp\/v2\/pages\/9040\/revisions"}],"predecessor-version":[{"id":10387,"href":"https:\/\/www.avanceplasticsurgery.com\/es\/wp-json\/wp\/v2\/pages\/9040\/revisions\/10387"}],"up":[{"embeddable":true,"href":"https:\/\/www.avanceplasticsurgery.com\/es\/wp-json\/wp\/v2\/pages\/9025"}],"wp:attachment":[{"href":"https:\/\/www.avanceplasticsurgery.com\/es\/wp-json\/wp\/v2\/media?parent=9040"}],"curies":[{"name":"wp","href":"https:\/\/api.w.org\/{rel}","templated":true}]}}