{"id":9041,"date":"2020-09-20T19:04:14","date_gmt":"2020-09-20T19:04:14","guid":{"rendered":"https:\/\/www.avanceplasticsurgery.com\/tratamientos-de-spa-medicos\/inyectables-y-rellenos\/juvederm-ultra-y-ultra\/"},"modified":"2022-04-25T12:59:19","modified_gmt":"2022-04-25T12:59:19","slug":"juvederm-ultra-y-ultra","status":"publish","type":"page","link":"https:\/\/www.avanceplasticsurgery.com\/es\/tratamientos-de-spa-medicos\/inyectables-y-rellenos\/juvederm-ultra-y-ultra\/","title":{"rendered":"Juvederm (Ultra y Ultra+)"},"content":{"rendered":"<h1>Inyecciones de Juvederm Ultra y Ultra+<\/h1>\n<p>Juvederm\u00ae tiene una amplia variedad de rellenos de <a title=\"Reno NV Rellenos faciales Inyecciones d\u00e9rmicas\" href=\"https:\/\/www.avanceplasticsurgery.com\/es\/med-spa-treatments\/injectables-and-fillers\/\">\u00e1cido hialur\u00f3nico<\/a> que pueden mejorar el rostro y reducir los signos del envejecimiento. Entre las diversas opciones, las inyecciones de Juvederm Ultra y Ultra+ son populares para usar en los labios y alrededor de la boca debido a su f\u00f3rmula \u00fanica. En el Instituto de Cirug\u00eda Pl\u00e1stica Avance, el Dr. Erez Dayan ofrece inyecciones de Juvederm Ultra y Ultra+ para crear labios llenos y l\u00edneas de labios suaves en nuestra cl\u00ednica cerca de Lake Tahoe en Reno\/Tahoe, NV.<\/p>\n<p>Los labios carnosos son deseables, pero al igual que otros tejidos faciales, los labios pierden volumen con la edad. La p\u00e9rdida de tejido graso adiposo en la cara y los niveles m\u00e1s bajos de col\u00e1geno pueden dar como resultado labios delgados y planos o l\u00edneas verticales alrededor de la boca. Los rellenos de \u00e1cido hialur\u00f3nico son excelentes para agregar volumen debajo de la piel, pero algunas f\u00f3rmulas son demasiado densas para usar en arrugas finas o labios. Los resultados pueden verse r\u00edgidos y sentirse poco naturales. Juvederm Ultra est\u00e1 dise\u00f1ado espec\u00edficamente para la delicada piel de los labios y alrededor de ellos para una apariencia y un movimiento m\u00e1s naturales.<\/p>\n<h2>Tratamiento para labios m\u00e1s carnosos y juveniles<\/h2>\n<p>Juvederm Ultra est\u00e1 formulado con diminutas part\u00edculas de \u00e1cido hialur\u00f3nico en un gel fino y suave que agrega un volumen suave y flexible a los labios. Los resultados son inmediatos, creando labios m\u00e1s carnosos que se ven y se sienten naturales. Juvederm tambi\u00e9n se puede usar para rellenar las l\u00edneas finas alrededor de la boca para una apariencia m\u00e1s juvenil.<\/p>\n<p>Juvederm Ultra+ es similar a Ultra, pero es un poco m\u00e1s denso. Tambi\u00e9n puede agregar volumen a los labios, pero es m\u00e1s efectivo en las l\u00edneas de labios m\u00e1s profundas. Juvederm Ultra+ puede rellenar estas l\u00edneas notables y al mismo tiempo permitir el movimiento natural de la piel y la boca.<\/p>\n<p>Tanto las inyecciones de Juvederm Ultra como las de Ultra+ son seguras y eficaces para el rejuvenecimiento de los labios, con resultados que duran hasta un a\u00f1o. Si est\u00e1 interesado en obtener m\u00e1s informaci\u00f3n sobre los tratamientos de inyecci\u00f3n de relleno Juvederm, <a title=\"P\u00f3ngase en contacto con el Instituto de Cirug\u00eda Pl\u00e1stica Avance en Reno NV\" href=\"https:\/\/www.avanceplasticsurgery.com\/es\/contact-us-dr-erez-dayan\/\">comun\u00edquese con nosotros en Avance Plastic Surgery Institute<\/a> en Reno\/Tahoe. Ofrecemos muchos tipos de inyecciones de Juvederm y otros tratamientos cosm\u00e9ticos m\u00ednimamente invasivos.<\/p>\n","protected":false},"excerpt":{"rendered":"<p>Inyecciones de Juvederm Ultra y Ultra+ Juvederm\u00ae tiene una amplia variedad de rellenos de \u00e1cido hialur\u00f3nico que pueden mejorar&hellip;<\/p>\n","protected":false},"author":1,"featured_media":0,"parent":9025,"menu_order":0,"comment_status":"closed","ping_status":"closed","template":"","meta":{"_acf_changed":false,"footnotes":""},"class_list":["post-9041","page","type-page","status-publish"],"acf":[],"yoast_head":"<!-- This site is optimized with the Yoast SEO plugin v27.4 - https:\/\/yoast.com\/product\/yoast-seo-wordpress\/ -->\n<title>Reno NV Juvederm (Ultra y Ultra+) Inyecciones | Lago Tahoe<\/title>\n<meta name=\"description\" content=\"Los labios tienden a perder volumen con la edad y se pueden formar l\u00edneas alrededor de la parte externa de la boca. Las inyecciones de Juvederm Ultra y Ultra+ pueden crear labios m\u00e1s carnosos y juveniles, disponibles en Avance Plastic Surgery Institute en Reno, NV.\" \/>\n<meta name=\"robots\" content=\"index, follow, max-snippet:-1, max-image-preview:large, max-video-preview:-1\" \/>\n<link rel=\"canonical\" href=\"https:\/\/www.avanceplasticsurgery.com\/es\/tratamientos-de-spa-medicos\/inyectables-y-rellenos\/juvederm-ultra-y-ultra\/\" \/>\n<meta property=\"og:locale\" content=\"es_ES\" \/>\n<meta property=\"og:type\" content=\"article\" \/>\n<meta property=\"og:title\" content=\"Reno NV Juvederm (Ultra y Ultra+) Inyecciones | Lago Tahoe\" \/>\n<meta property=\"og:description\" content=\"Los labios tienden a perder volumen con la edad y se pueden formar l\u00edneas alrededor de la parte externa de la boca. Las inyecciones de Juvederm Ultra y Ultra+ pueden crear labios m\u00e1s carnosos y juveniles, disponibles en Avance Plastic Surgery Institute en Reno, NV.\" \/>\n<meta property=\"og:url\" content=\"https:\/\/www.avanceplasticsurgery.com\/es\/tratamientos-de-spa-medicos\/inyectables-y-rellenos\/juvederm-ultra-y-ultra\/\" \/>\n<meta property=\"og:site_name\" content=\"Avance Plastic Surgery\" \/>\n<meta property=\"article:modified_time\" content=\"2022-04-25T12:59:19+00:00\" \/>\n<meta name=\"twitter:card\" content=\"summary_large_image\" \/>\n<meta name=\"twitter:label1\" content=\"Tiempo de lectura\" \/>\n\t<meta name=\"twitter:data1\" content=\"2 minutos\" \/>\n<!-- \/ Yoast SEO plugin. -->","yoast_head_json":{"title":"Reno NV Juvederm (Ultra y Ultra+) Inyecciones | Lago Tahoe","description":"Los labios tienden a perder volumen con la edad y se pueden formar l\u00edneas alrededor de la parte externa de la boca. Las inyecciones de Juvederm Ultra y Ultra+ pueden crear labios m\u00e1s carnosos y juveniles, disponibles en Avance Plastic Surgery Institute en Reno, NV.","robots":{"index":"index","follow":"follow","max-snippet":"max-snippet:-1","max-image-preview":"max-image-preview:large","max-video-preview":"max-video-preview:-1"},"canonical":"https:\/\/www.avanceplasticsurgery.com\/es\/tratamientos-de-spa-medicos\/inyectables-y-rellenos\/juvederm-ultra-y-ultra\/","og_locale":"es_ES","og_type":"article","og_title":"Reno NV Juvederm (Ultra y Ultra+) Inyecciones | Lago Tahoe","og_description":"Los labios tienden a perder volumen con la edad y se pueden formar l\u00edneas alrededor de la parte externa de la boca. Las inyecciones de Juvederm Ultra y Ultra+ pueden crear labios m\u00e1s carnosos y juveniles, disponibles en Avance Plastic Surgery Institute en Reno, NV.","og_url":"https:\/\/www.avanceplasticsurgery.com\/es\/tratamientos-de-spa-medicos\/inyectables-y-rellenos\/juvederm-ultra-y-ultra\/","og_site_name":"Avance Plastic Surgery","article_modified_time":"2022-04-25T12:59:19+00:00","twitter_card":"summary_large_image","twitter_misc":{"Tiempo de lectura":"2 minutos"},"schema":{"@context":"https:\/\/schema.org","@graph":[{"@type":"WebPage","@id":"https:\/\/www.avanceplasticsurgery.com\/es\/tratamientos-de-spa-medicos\/inyectables-y-rellenos\/juvederm-ultra-y-ultra\/","url":"https:\/\/www.avanceplasticsurgery.com\/es\/tratamientos-de-spa-medicos\/inyectables-y-rellenos\/juvederm-ultra-y-ultra\/","name":"Reno NV Juvederm (Ultra y Ultra+) Inyecciones | Lago Tahoe","isPartOf":{"@id":"https:\/\/www.avanceplasticsurgery.com\/es\/#website"},"datePublished":"2020-09-20T19:04:14+00:00","dateModified":"2022-04-25T12:59:19+00:00","description":"Los labios tienden a perder volumen con la edad y se pueden formar l\u00edneas alrededor de la parte externa de la boca. Las inyecciones de Juvederm Ultra y Ultra+ pueden crear labios m\u00e1s carnosos y juveniles, disponibles en Avance Plastic Surgery Institute en Reno, NV.","breadcrumb":{"@id":"https:\/\/www.avanceplasticsurgery.com\/es\/tratamientos-de-spa-medicos\/inyectables-y-rellenos\/juvederm-ultra-y-ultra\/#breadcrumb"},"inLanguage":"es","potentialAction":[{"@type":"ReadAction","target":["https:\/\/www.avanceplasticsurgery.com\/es\/tratamientos-de-spa-medicos\/inyectables-y-rellenos\/juvederm-ultra-y-ultra\/"]}]},{"@type":"BreadcrumbList","@id":"https:\/\/www.avanceplasticsurgery.com\/es\/tratamientos-de-spa-medicos\/inyectables-y-rellenos\/juvederm-ultra-y-ultra\/#breadcrumb","itemListElement":[{"@type":"ListItem","position":1,"name":"Home","item":"https:\/\/www.avanceplasticsurgery.com\/es\/"},{"@type":"ListItem","position":2,"name":"Tratamientos de spa m\u00e9dicos","item":"https:\/\/www.avanceplasticsurgery.com\/es\/tratamientos-de-spa-medicos\/"},{"@type":"ListItem","position":3,"name":"Inyectables y Rellenos","item":"https:\/\/www.avanceplasticsurgery.com\/es\/tratamientos-de-spa-medicos\/inyectables-y-rellenos\/"},{"@type":"ListItem","position":4,"name":"Juvederm (Ultra y Ultra+)"}]},{"@type":"WebSite","@id":"https:\/\/www.avanceplasticsurgery.com\/es\/#website","url":"https:\/\/www.avanceplasticsurgery.com\/es\/","name":"Avance Plastic Surgery","description":"","potentialAction":[{"@type":"SearchAction","target":{"@type":"EntryPoint","urlTemplate":"https:\/\/www.avanceplasticsurgery.com\/es\/?s={search_term_string}"},"query-input":{"@type":"PropertyValueSpecification","valueRequired":true,"valueName":"search_term_string"}}],"inLanguage":"es"}]}},"_links":{"self":[{"href":"https:\/\/www.avanceplasticsurgery.com\/es\/wp-json\/wp\/v2\/pages\/9041","targetHints":{"allow":["GET"]}}],"collection":[{"href":"https:\/\/www.avanceplasticsurgery.com\/es\/wp-json\/wp\/v2\/pages"}],"about":[{"href":"https:\/\/www.avanceplasticsurgery.com\/es\/wp-json\/wp\/v2\/types\/page"}],"author":[{"embeddable":true,"href":"https:\/\/www.avanceplasticsurgery.com\/es\/wp-json\/wp\/v2\/users\/1"}],"replies":[{"embeddable":true,"href":"https:\/\/www.avanceplasticsurgery.com\/es\/wp-json\/wp\/v2\/comments?post=9041"}],"version-history":[{"count":2,"href":"https:\/\/www.avanceplasticsurgery.com\/es\/wp-json\/wp\/v2\/pages\/9041\/revisions"}],"predecessor-version":[{"id":9317,"href":"https:\/\/www.avanceplasticsurgery.com\/es\/wp-json\/wp\/v2\/pages\/9041\/revisions\/9317"}],"up":[{"embeddable":true,"href":"https:\/\/www.avanceplasticsurgery.com\/es\/wp-json\/wp\/v2\/pages\/9025"}],"wp:attachment":[{"href":"https:\/\/www.avanceplasticsurgery.com\/es\/wp-json\/wp\/v2\/media?parent=9041"}],"curies":[{"name":"wp","href":"https:\/\/api.w.org\/{rel}","templated":true}]}}