{"id":9042,"date":"2020-09-20T19:06:12","date_gmt":"2020-09-20T19:06:12","guid":{"rendered":"https:\/\/www.avanceplasticsurgery.com\/tratamientos-de-spa-medicos\/inyectables-y-rellenos\/juvederm-volbella-y-vollure-xc\/"},"modified":"2022-04-25T12:59:32","modified_gmt":"2022-04-25T12:59:32","slug":"juvederm-volbella-y-vollure-xc","status":"publish","type":"page","link":"https:\/\/www.avanceplasticsurgery.com\/es\/tratamientos-de-spa-medicos\/inyectables-y-rellenos\/juvederm-volbella-y-vollure-xc\/","title":{"rendered":"Juvederm (Volbella y Vollure XC)"},"content":{"rendered":"<h1>Inyecciones de Juvederm Volbella<\/h1>\n<p>El col\u00e1geno y la p\u00e9rdida de grasa en el rostro y la piel contribuyen a los signos del envejecimiento. La piel se vuelve m\u00e1s delgada y pierde elasticidad, dando como resultado l\u00edneas y arrugas en la cara. Incluso los labios pierden su volumen, se vuelven m\u00e1s delgados, planos y bordeados por peque\u00f1as l\u00edneas. La l\u00ednea de <a title=\"Reno NV Rellenos faciales Inyecciones d\u00e9rmicas\" href=\"https:\/\/www.avanceplasticsurgery.com\/es\/med-spa-treatments\/injectables-and-fillers\/\">rellenos faciales de \u00e1cido hialur\u00f3nico<\/a> Juvederm\u00ae ofrece un arsenal para combatir diferentes tipos de p\u00e9rdida de volumen en el rostro. Nuestro equipo en Avance Plastic Surgery Institute utiliza muchos productos Juvederm para lograr una piel m\u00e1s joven para los pacientes en Reno, NV, incluidas las inyecciones de Juvederm Volbella.<\/p>\n<p>Volbella de Juvederm es un relleno facial ligero y superficial que realza los labios y rellena las l\u00edneas de los labios. Las part\u00edculas diminutas y la f\u00f3rmula de gel suave act\u00faan cerca de la superficie de la piel. Volbella utiliza la tecnolog\u00eda de enlace Vycross de Juvederm que evita la rigidez y la hinchaz\u00f3n excesiva para lograr un aspecto y una sensaci\u00f3n naturales cuando se usa en los labios y alrededor de ellos. Los resultados pueden durar hasta un a\u00f1o antes de que sea necesario repetir el tratamiento para mantener la apariencia deseada.<\/p>\n<h2>Inyecciones de Juvederm Vollure XC<\/h2>\n<p>Las inyecciones de Juvederm Vollure XC son m\u00e1s vers\u00e1tiles y se pueden usar en varias \u00e1reas, generalmente para tratar l\u00edneas y arrugas m\u00e1s profundas en la piel. Vollure XC utiliza la tecnolog\u00eda Vycross que permite un movimiento natural, pero es m\u00e1s densa que Volbella. Las inyecciones de Juvederm Vollure XC se pueden usar para rellenar las l\u00edneas de sonrisa o las l\u00edneas de marioneta que se forman en las comisuras de la boca. Uno de los beneficios de Vollure XC es su longevidad. Puede durar hasta 18 meses, lo que lo convierte en uno de los rellenos m\u00e1s duraderos de Juvederm.<\/p>\n<p>Los productos Juvederm son de una calidad excepcional y ofrecen una forma segura y eficaz de tratar las l\u00edneas, las arrugas y la p\u00e9rdida de volumen en el rostro. Para obtener m\u00e1s informaci\u00f3n sobre las inyecciones de Juvederm Volbella y Vollure XC y otros tratamientos m\u00ednimamente invasivos, <a title=\"P\u00f3ngase en contacto con el Instituto de Cirug\u00eda Pl\u00e1stica Avance en Reno NV\" href=\"https:\/\/www.avanceplasticsurgery.com\/es\/contact-us-dr-erez-dayan\/\">cont\u00e1ctenos en Avance Plastic Surgery Institute<\/a> para programar una cita en nuestra cl\u00ednica cerca de Lake Tahoe.<\/p>\n","protected":false},"excerpt":{"rendered":"<p>Inyecciones de Juvederm Volbella El col\u00e1geno y la p\u00e9rdida de grasa en el rostro y la piel contribuyen a&hellip;<\/p>\n","protected":false},"author":1,"featured_media":0,"parent":9025,"menu_order":0,"comment_status":"closed","ping_status":"closed","template":"","meta":{"_acf_changed":false,"footnotes":""},"class_list":["post-9042","page","type-page","status-publish"],"acf":[],"yoast_head":"<!-- This site is optimized with the Yoast SEO plugin v25.6 - https:\/\/yoast.com\/wordpress\/plugins\/seo\/ -->\n<title>Reno NV Juvederm (Volbella y Vollure XC) Inyecciones | Lago Tahoe<\/title>\n<meta name=\"description\" content=\"\u00bfQuieres rellenar tus labios o disminuir las l\u00edneas de expresi\u00f3n? Las inyecciones de Juvederm Vollure XC y Juvederm Volbella son r\u00e1pidas y efectivas para agregar volumen facial, disponibles en Avance Plastic Surgery Institute en Reno, NV.\" \/>\n<meta name=\"robots\" content=\"index, follow, max-snippet:-1, max-image-preview:large, max-video-preview:-1\" \/>\n<link rel=\"canonical\" href=\"https:\/\/www.avanceplasticsurgery.com\/es\/tratamientos-de-spa-medicos\/inyectables-y-rellenos\/juvederm-volbella-y-vollure-xc\/\" \/>\n<meta property=\"og:locale\" content=\"es_ES\" \/>\n<meta property=\"og:type\" content=\"article\" \/>\n<meta property=\"og:title\" content=\"Reno NV Juvederm (Volbella y Vollure XC) Inyecciones | Lago Tahoe\" \/>\n<meta property=\"og:description\" content=\"\u00bfQuieres rellenar tus labios o disminuir las l\u00edneas de expresi\u00f3n? Las inyecciones de Juvederm Vollure XC y Juvederm Volbella son r\u00e1pidas y efectivas para agregar volumen facial, disponibles en Avance Plastic Surgery Institute en Reno, NV.\" \/>\n<meta property=\"og:url\" content=\"https:\/\/www.avanceplasticsurgery.com\/es\/tratamientos-de-spa-medicos\/inyectables-y-rellenos\/juvederm-volbella-y-vollure-xc\/\" \/>\n<meta property=\"og:site_name\" content=\"Avance Plastic Surgery\" \/>\n<meta property=\"article:modified_time\" content=\"2022-04-25T12:59:32+00:00\" \/>\n<meta name=\"twitter:card\" content=\"summary_large_image\" \/>\n<meta name=\"twitter:label1\" content=\"Tiempo de lectura\" \/>\n\t<meta name=\"twitter:data1\" content=\"2 minutos\" \/>\n<!-- \/ Yoast SEO plugin. -->","yoast_head_json":{"title":"Reno NV Juvederm (Volbella y Vollure XC) Inyecciones | Lago Tahoe","description":"\u00bfQuieres rellenar tus labios o disminuir las l\u00edneas de expresi\u00f3n? Las inyecciones de Juvederm Vollure XC y Juvederm Volbella son r\u00e1pidas y efectivas para agregar volumen facial, disponibles en Avance Plastic Surgery Institute en Reno, NV.","robots":{"index":"index","follow":"follow","max-snippet":"max-snippet:-1","max-image-preview":"max-image-preview:large","max-video-preview":"max-video-preview:-1"},"canonical":"https:\/\/www.avanceplasticsurgery.com\/es\/tratamientos-de-spa-medicos\/inyectables-y-rellenos\/juvederm-volbella-y-vollure-xc\/","og_locale":"es_ES","og_type":"article","og_title":"Reno NV Juvederm (Volbella y Vollure XC) Inyecciones | Lago Tahoe","og_description":"\u00bfQuieres rellenar tus labios o disminuir las l\u00edneas de expresi\u00f3n? Las inyecciones de Juvederm Vollure XC y Juvederm Volbella son r\u00e1pidas y efectivas para agregar volumen facial, disponibles en Avance Plastic Surgery Institute en Reno, NV.","og_url":"https:\/\/www.avanceplasticsurgery.com\/es\/tratamientos-de-spa-medicos\/inyectables-y-rellenos\/juvederm-volbella-y-vollure-xc\/","og_site_name":"Avance Plastic Surgery","article_modified_time":"2022-04-25T12:59:32+00:00","twitter_card":"summary_large_image","twitter_misc":{"Tiempo de lectura":"2 minutos"},"schema":{"@context":"https:\/\/schema.org","@graph":[{"@type":"WebPage","@id":"https:\/\/www.avanceplasticsurgery.com\/es\/tratamientos-de-spa-medicos\/inyectables-y-rellenos\/juvederm-volbella-y-vollure-xc\/","url":"https:\/\/www.avanceplasticsurgery.com\/es\/tratamientos-de-spa-medicos\/inyectables-y-rellenos\/juvederm-volbella-y-vollure-xc\/","name":"Reno NV Juvederm (Volbella y Vollure XC) Inyecciones | Lago Tahoe","isPartOf":{"@id":"https:\/\/www.avanceplasticsurgery.com\/es\/#website"},"datePublished":"2020-09-20T19:06:12+00:00","dateModified":"2022-04-25T12:59:32+00:00","description":"\u00bfQuieres rellenar tus labios o disminuir las l\u00edneas de expresi\u00f3n? Las inyecciones de Juvederm Vollure XC y Juvederm Volbella son r\u00e1pidas y efectivas para agregar volumen facial, disponibles en Avance Plastic Surgery Institute en Reno, NV.","breadcrumb":{"@id":"https:\/\/www.avanceplasticsurgery.com\/es\/tratamientos-de-spa-medicos\/inyectables-y-rellenos\/juvederm-volbella-y-vollure-xc\/#breadcrumb"},"inLanguage":"es","potentialAction":[{"@type":"ReadAction","target":["https:\/\/www.avanceplasticsurgery.com\/es\/tratamientos-de-spa-medicos\/inyectables-y-rellenos\/juvederm-volbella-y-vollure-xc\/"]}]},{"@type":"BreadcrumbList","@id":"https:\/\/www.avanceplasticsurgery.com\/es\/tratamientos-de-spa-medicos\/inyectables-y-rellenos\/juvederm-volbella-y-vollure-xc\/#breadcrumb","itemListElement":[{"@type":"ListItem","position":1,"name":"Home","item":"https:\/\/www.avanceplasticsurgery.com\/es\/"},{"@type":"ListItem","position":2,"name":"Tratamientos de spa m\u00e9dicos","item":"https:\/\/www.avanceplasticsurgery.com\/es\/tratamientos-de-spa-medicos\/"},{"@type":"ListItem","position":3,"name":"Inyectables y Rellenos","item":"https:\/\/www.avanceplasticsurgery.com\/es\/tratamientos-de-spa-medicos\/inyectables-y-rellenos\/"},{"@type":"ListItem","position":4,"name":"Juvederm (Volbella y Vollure XC)"}]},{"@type":"WebSite","@id":"https:\/\/www.avanceplasticsurgery.com\/es\/#website","url":"https:\/\/www.avanceplasticsurgery.com\/es\/","name":"Avance Plastic Surgery","description":"","potentialAction":[{"@type":"SearchAction","target":{"@type":"EntryPoint","urlTemplate":"https:\/\/www.avanceplasticsurgery.com\/es\/?s={search_term_string}"},"query-input":{"@type":"PropertyValueSpecification","valueRequired":true,"valueName":"search_term_string"}}],"inLanguage":"es"}]}},"_links":{"self":[{"href":"https:\/\/www.avanceplasticsurgery.com\/es\/wp-json\/wp\/v2\/pages\/9042","targetHints":{"allow":["GET"]}}],"collection":[{"href":"https:\/\/www.avanceplasticsurgery.com\/es\/wp-json\/wp\/v2\/pages"}],"about":[{"href":"https:\/\/www.avanceplasticsurgery.com\/es\/wp-json\/wp\/v2\/types\/page"}],"author":[{"embeddable":true,"href":"https:\/\/www.avanceplasticsurgery.com\/es\/wp-json\/wp\/v2\/users\/1"}],"replies":[{"embeddable":true,"href":"https:\/\/www.avanceplasticsurgery.com\/es\/wp-json\/wp\/v2\/comments?post=9042"}],"version-history":[{"count":2,"href":"https:\/\/www.avanceplasticsurgery.com\/es\/wp-json\/wp\/v2\/pages\/9042\/revisions"}],"predecessor-version":[{"id":9318,"href":"https:\/\/www.avanceplasticsurgery.com\/es\/wp-json\/wp\/v2\/pages\/9042\/revisions\/9318"}],"up":[{"embeddable":true,"href":"https:\/\/www.avanceplasticsurgery.com\/es\/wp-json\/wp\/v2\/pages\/9025"}],"wp:attachment":[{"href":"https:\/\/www.avanceplasticsurgery.com\/es\/wp-json\/wp\/v2\/media?parent=9042"}],"curies":[{"name":"wp","href":"https:\/\/api.w.org\/{rel}","templated":true}]}}