{"id":9045,"date":"2020-09-20T19:07:57","date_gmt":"2020-09-20T19:07:57","guid":{"rendered":"https:\/\/www.avanceplasticsurgery.com\/tratamientos-de-spa-medicos\/inyectables-y-rellenos\/kybella\/"},"modified":"2022-04-25T12:59:43","modified_gmt":"2022-04-25T12:59:43","slug":"kybella","status":"publish","type":"page","link":"https:\/\/www.avanceplasticsurgery.com\/es\/tratamientos-de-spa-medicos\/inyectables-y-rellenos\/kybella\/","title":{"rendered":"Kybella"},"content":{"rendered":"<h1>Inyecciones de Kybella<\/h1>\n<p>El exceso de grasa debajo de la barbilla es un problema com\u00fan que afecta tanto a hombres como a mujeres de distintos grupos de edad. Los dep\u00f3sitos de grasa debajo del ment\u00f3n pueden disminuir la definici\u00f3n del ment\u00f3n, la mand\u00edbula y el cuello, lo que afecta la apariencia general de la cara. Una \u201cpapada\u201d a menudo no est\u00e1 relacionada con el peso corporal y es casi imposible de reducir sin tratamiento cosm\u00e9tico o cirug\u00eda pl\u00e1stica. La grasa extra puede ser causada por la gen\u00e9tica o el envejecimiento, ninguno de los cuales puede controlar. En Avance Plastic Surgery Institute, ofrecemos <a title=\"Reno NV Rellenos faciales Inyecciones d\u00e9rmicas\" href=\"https:\/\/www.avanceplasticsurgery.com\/es\/med-spa-treatments\/injectables-and-fillers\/\">inyecciones de Kybella m\u00ednimamente invasivas<\/a> para eliminar la papada en nuestra cl\u00ednica en el \u00e1rea de Reno\/Tahoe, NV y Lake Tahoe.<\/p>\n<p>Kybella utiliza una sustancia de formaci\u00f3n natural para destruir las c\u00e9lulas grasas. El ingrediente principal es el \u00e1cido desoxic\u00f3lico sint\u00e9tico, que se dirige a las membranas de las c\u00e9lulas grasas y hace que se deterioren. Cuando las inyecciones de Kybella se colocan en el \u00e1rea debajo de la barbilla, las c\u00e9lulas grasas se disuelven y el cuerpo reabsorbe la grasa. En unas pocas semanas o meses, el \u00e1rea se encoge y una gran parte de la grasa se elimina de forma permanente, revelando un ment\u00f3n y un cuello m\u00e1s definidos y esbeltos.<\/p>\n<h2>Elimina tu papada<\/h2>\n<p>Kybella fue el primer tratamiento m\u00ednimamente invasivo aprobado por la FDA para el tratamiento de la papada. El procedimiento se puede realizar en nuestra oficina en menos de una hora y no se necesita tiempo de inactividad ni recuperaci\u00f3n. Se requieren varias inyecciones durante cada tratamiento. Puede haber algo de hinchaz\u00f3n o moretones debido a las inyecciones. La mayor\u00eda de las personas requieren de 2 a 3 tratamientos para lograr el efecto deseado de eliminar la papada de forma permanente.<\/p>\n<p>\u00bfTiene exceso de grasa debajo de la barbilla que est\u00e1 afectando la forma de su rostro y barbilla? <a title=\"P\u00f3ngase en contacto con el Instituto de Cirug\u00eda Pl\u00e1stica Avance en Reno NV\" href=\"https:\/\/www.avanceplasticsurgery.com\/es\/contact-us-dr-erez-dayan\/\">Cont\u00e1ctenos en Avance Plastic Surgery Institute<\/a> para programar una consulta para discutir las inyecciones de Kybella para eliminar su papada para siempre. Llame a nuestra oficina en Reno\/Tahoe para reservar su cita.<\/p>\n","protected":false},"excerpt":{"rendered":"<p>Inyecciones de Kybella El exceso de grasa debajo de la barbilla es un problema com\u00fan que afecta tanto a&hellip;<\/p>\n","protected":false},"author":1,"featured_media":0,"parent":9025,"menu_order":0,"comment_status":"closed","ping_status":"closed","template":"","meta":{"_acf_changed":false,"footnotes":""},"class_list":["post-9045","page","type-page","status-publish"],"acf":[],"yoast_head":"<!-- This site is optimized with the Yoast SEO plugin v27.5 - https:\/\/yoast.com\/product\/yoast-seo-wordpress\/ -->\n<title>Inyecciones de Reno NV Kybella | Lake Tahoe Elimine su papada<\/title>\n<meta name=\"description\" content=\"El exceso de grasa almacenada debajo de la barbilla puede ser causado por factores gen\u00e9ticos o de envejecimiento. Para eliminar una papada sin cirug\u00eda, considere las inyecciones de Kybella. Llame al Instituto de Cirug\u00eda Pl\u00e1stica Avance en Reno, NV, para obtener m\u00e1s informaci\u00f3n sobre las inyecciones de Kybella para la papada.\" \/>\n<meta name=\"robots\" content=\"index, follow, max-snippet:-1, max-image-preview:large, max-video-preview:-1\" \/>\n<link rel=\"canonical\" href=\"https:\/\/www.avanceplasticsurgery.com\/es\/tratamientos-de-spa-medicos\/inyectables-y-rellenos\/kybella\/\" \/>\n<meta property=\"og:locale\" content=\"es_ES\" \/>\n<meta property=\"og:type\" content=\"article\" \/>\n<meta property=\"og:title\" content=\"Inyecciones de Reno NV Kybella | Lake Tahoe Elimine su papada\" \/>\n<meta property=\"og:description\" content=\"El exceso de grasa almacenada debajo de la barbilla puede ser causado por factores gen\u00e9ticos o de envejecimiento. Para eliminar una papada sin cirug\u00eda, considere las inyecciones de Kybella. Llame al Instituto de Cirug\u00eda Pl\u00e1stica Avance en Reno, NV, para obtener m\u00e1s informaci\u00f3n sobre las inyecciones de Kybella para la papada.\" \/>\n<meta property=\"og:url\" content=\"https:\/\/www.avanceplasticsurgery.com\/es\/tratamientos-de-spa-medicos\/inyectables-y-rellenos\/kybella\/\" \/>\n<meta property=\"og:site_name\" content=\"Avance Plastic Surgery\" \/>\n<meta property=\"article:modified_time\" content=\"2022-04-25T12:59:43+00:00\" \/>\n<meta name=\"twitter:card\" content=\"summary_large_image\" \/>\n<meta name=\"twitter:label1\" content=\"Tiempo de lectura\" \/>\n\t<meta name=\"twitter:data1\" content=\"2 minutos\" \/>\n<!-- \/ Yoast SEO plugin. -->","yoast_head_json":{"title":"Inyecciones de Reno NV Kybella | Lake Tahoe Elimine su papada","description":"El exceso de grasa almacenada debajo de la barbilla puede ser causado por factores gen\u00e9ticos o de envejecimiento. Para eliminar una papada sin cirug\u00eda, considere las inyecciones de Kybella. Llame al Instituto de Cirug\u00eda Pl\u00e1stica Avance en Reno, NV, para obtener m\u00e1s informaci\u00f3n sobre las inyecciones de Kybella para la papada.","robots":{"index":"index","follow":"follow","max-snippet":"max-snippet:-1","max-image-preview":"max-image-preview:large","max-video-preview":"max-video-preview:-1"},"canonical":"https:\/\/www.avanceplasticsurgery.com\/es\/tratamientos-de-spa-medicos\/inyectables-y-rellenos\/kybella\/","og_locale":"es_ES","og_type":"article","og_title":"Inyecciones de Reno NV Kybella | Lake Tahoe Elimine su papada","og_description":"El exceso de grasa almacenada debajo de la barbilla puede ser causado por factores gen\u00e9ticos o de envejecimiento. Para eliminar una papada sin cirug\u00eda, considere las inyecciones de Kybella. Llame al Instituto de Cirug\u00eda Pl\u00e1stica Avance en Reno, NV, para obtener m\u00e1s informaci\u00f3n sobre las inyecciones de Kybella para la papada.","og_url":"https:\/\/www.avanceplasticsurgery.com\/es\/tratamientos-de-spa-medicos\/inyectables-y-rellenos\/kybella\/","og_site_name":"Avance Plastic Surgery","article_modified_time":"2022-04-25T12:59:43+00:00","twitter_card":"summary_large_image","twitter_misc":{"Tiempo de lectura":"2 minutos"},"schema":{"@context":"https:\/\/schema.org","@graph":[{"@type":"WebPage","@id":"https:\/\/www.avanceplasticsurgery.com\/es\/tratamientos-de-spa-medicos\/inyectables-y-rellenos\/kybella\/","url":"https:\/\/www.avanceplasticsurgery.com\/es\/tratamientos-de-spa-medicos\/inyectables-y-rellenos\/kybella\/","name":"Inyecciones de Reno NV Kybella | Lake Tahoe Elimine su papada","isPartOf":{"@id":"https:\/\/www.avanceplasticsurgery.com\/es\/#website"},"datePublished":"2020-09-20T19:07:57+00:00","dateModified":"2022-04-25T12:59:43+00:00","description":"El exceso de grasa almacenada debajo de la barbilla puede ser causado por factores gen\u00e9ticos o de envejecimiento. Para eliminar una papada sin cirug\u00eda, considere las inyecciones de Kybella. Llame al Instituto de Cirug\u00eda Pl\u00e1stica Avance en Reno, NV, para obtener m\u00e1s informaci\u00f3n sobre las inyecciones de Kybella para la papada.","breadcrumb":{"@id":"https:\/\/www.avanceplasticsurgery.com\/es\/tratamientos-de-spa-medicos\/inyectables-y-rellenos\/kybella\/#breadcrumb"},"inLanguage":"es","potentialAction":[{"@type":"ReadAction","target":["https:\/\/www.avanceplasticsurgery.com\/es\/tratamientos-de-spa-medicos\/inyectables-y-rellenos\/kybella\/"]}]},{"@type":"BreadcrumbList","@id":"https:\/\/www.avanceplasticsurgery.com\/es\/tratamientos-de-spa-medicos\/inyectables-y-rellenos\/kybella\/#breadcrumb","itemListElement":[{"@type":"ListItem","position":1,"name":"Home","item":"https:\/\/www.avanceplasticsurgery.com\/es\/"},{"@type":"ListItem","position":2,"name":"Tratamientos de spa m\u00e9dicos","item":"https:\/\/www.avanceplasticsurgery.com\/es\/tratamientos-de-spa-medicos\/"},{"@type":"ListItem","position":3,"name":"Inyectables y Rellenos","item":"https:\/\/www.avanceplasticsurgery.com\/es\/tratamientos-de-spa-medicos\/inyectables-y-rellenos\/"},{"@type":"ListItem","position":4,"name":"Kybella"}]},{"@type":"WebSite","@id":"https:\/\/www.avanceplasticsurgery.com\/es\/#website","url":"https:\/\/www.avanceplasticsurgery.com\/es\/","name":"Avance Plastic Surgery","description":"","potentialAction":[{"@type":"SearchAction","target":{"@type":"EntryPoint","urlTemplate":"https:\/\/www.avanceplasticsurgery.com\/es\/?s={search_term_string}"},"query-input":{"@type":"PropertyValueSpecification","valueRequired":true,"valueName":"search_term_string"}}],"inLanguage":"es"}]}},"_links":{"self":[{"href":"https:\/\/www.avanceplasticsurgery.com\/es\/wp-json\/wp\/v2\/pages\/9045","targetHints":{"allow":["GET"]}}],"collection":[{"href":"https:\/\/www.avanceplasticsurgery.com\/es\/wp-json\/wp\/v2\/pages"}],"about":[{"href":"https:\/\/www.avanceplasticsurgery.com\/es\/wp-json\/wp\/v2\/types\/page"}],"author":[{"embeddable":true,"href":"https:\/\/www.avanceplasticsurgery.com\/es\/wp-json\/wp\/v2\/users\/1"}],"replies":[{"embeddable":true,"href":"https:\/\/www.avanceplasticsurgery.com\/es\/wp-json\/wp\/v2\/comments?post=9045"}],"version-history":[{"count":1,"href":"https:\/\/www.avanceplasticsurgery.com\/es\/wp-json\/wp\/v2\/pages\/9045\/revisions"}],"predecessor-version":[{"id":9319,"href":"https:\/\/www.avanceplasticsurgery.com\/es\/wp-json\/wp\/v2\/pages\/9045\/revisions\/9319"}],"up":[{"embeddable":true,"href":"https:\/\/www.avanceplasticsurgery.com\/es\/wp-json\/wp\/v2\/pages\/9025"}],"wp:attachment":[{"href":"https:\/\/www.avanceplasticsurgery.com\/es\/wp-json\/wp\/v2\/media?parent=9045"}],"curies":[{"name":"wp","href":"https:\/\/api.w.org\/{rel}","templated":true}]}}