{"id":9046,"date":"2020-09-20T19:14:04","date_gmt":"2020-09-20T19:14:04","guid":{"rendered":"https:\/\/www.avanceplasticsurgery.com\/tratamientos-de-spa-medicos\/inyectables-y-rellenos\/escultor\/"},"modified":"2022-04-25T12:58:57","modified_gmt":"2022-04-25T12:58:57","slug":"escultor","status":"publish","type":"page","link":"https:\/\/www.avanceplasticsurgery.com\/es\/tratamientos-de-spa-medicos\/inyectables-y-rellenos\/escultor\/","title":{"rendered":"escultor"},"content":{"rendered":"<h1>Inyecciones de Sculptra<\/h1>\n<p><a title=\"Reno NV Rellenos faciales Inyecciones d\u00e9rmicas\" href=\"https:\/\/www.avanceplasticsurgery.com\/es\/med-spa-treatments\/injectables-and-fillers\/\">Los rellenos faciales creados con \u00e1cido hialur\u00f3nico<\/a> pueden agregar volumen a la piel para reemplazar el col\u00e1geno perdido y lograr una apariencia m\u00e1s juvenil. Sin embargo, los resultados son solo temporales, por lo general duran menos de un a\u00f1o antes de que sea necesario repetir las inyecciones. Las inyecciones de Sculptra son un tipo de relleno facial que utiliza un enfoque diferente para agregar volumen a la piel, aumentando el col\u00e1geno natural para rejuvenecer el rostro. El Instituto de Cirug\u00eda Pl\u00e1stica Avance en Reno\/Tahoe, NV, ofrece inyecciones de Sculptra como uno de nuestros tratamientos de spa antienvejecimiento.<\/p>\n<p>Sculptra no es un relleno de \u00e1cido hialur\u00f3nico. El ingrediente principal es el \u00e1cido poli-L-l\u00e1ctico, PLLA, una sustancia sint\u00e9tica que estimula la producci\u00f3n de col\u00e1geno. Si bien los rellenos de \u00e1cido hialur\u00f3nico tienen la ventaja de agregar volumen inmediatamente debajo de la piel, los resultados pueden variar y solo pueden durar varios meses. Las inyecciones de Sculptra pueden agregar volumen natural con col\u00e1geno, que suaviza las l\u00edneas y arrugas con una apariencia muy natural.<\/p>\n<h2>Tratamiento de col\u00e1geno de larga duraci\u00f3n<\/h2>\n<p>Sculptra ha sido aprobado por la FDA como tratamiento cosm\u00e9tico para la p\u00e9rdida de volumen en la piel, tanto para la lipoatrofia en pacientes con VIH como para disminuir las l\u00edneas profundas y los pliegues de la piel. Las inyecciones de Sculptra generalmente se administran en una serie de tratamientos para rejuvenecer la cara y la piel. Los resultados pueden tardar hasta dos meses en notarse, pero pueden durar dos a\u00f1os o m\u00e1s. Sculptra aumenta el col\u00e1geno natural en la piel, creando una piel m\u00e1s firme y juvenil con menos l\u00edneas y arrugas. Dado que el volumen agregado no es artificial, los resultados se ven naturales y aparecen lentamente a medida que la piel aumenta en volumen y elasticidad.<\/p>\n<p>Las inyecciones de Sculptra pueden rejuvenecer el rostro y tambi\u00e9n se pueden usar en otras \u00e1reas del cuerpo para crear un efecto reafirmante o voluminizador en la piel. Para obtener m\u00e1s informaci\u00f3n sobre las inyecciones de Sculptra y nuestros otros tratamientos de spa m\u00e9dico, <a title=\"P\u00f3ngase en contacto con el Instituto de Cirug\u00eda Pl\u00e1stica Avance en Reno NV\" href=\"https:\/\/www.avanceplasticsurgery.com\/es\/contact-us-dr-erez-dayan\/\">comun\u00edquese con nosotros en Avance Plastic Surgery Institute<\/a> en Reno\/Tahoe, NV.<\/p>\n","protected":false},"excerpt":{"rendered":"<p>Inyecciones de Sculptra Los rellenos faciales creados con \u00e1cido hialur\u00f3nico pueden agregar volumen a la piel para reemplazar el&hellip;<\/p>\n","protected":false},"author":1,"featured_media":0,"parent":9025,"menu_order":0,"comment_status":"closed","ping_status":"closed","template":"","meta":{"_acf_changed":false,"footnotes":""},"class_list":["post-9046","page","type-page","status-publish"],"acf":[],"yoast_head":"<!-- This site is optimized with the Yoast SEO plugin v25.6 - https:\/\/yoast.com\/wordpress\/plugins\/seo\/ -->\n<title>Inyecciones Reno NV Sculptra | Tratamiento de col\u00e1geno del lago Tahoe<\/title>\n<meta name=\"description\" content=\"Las inyecciones de Sculptra son un tipo de relleno facial que estimula la producci\u00f3n de col\u00e1geno para un rejuvenecimiento duradero de la piel. Para obtener m\u00e1s informaci\u00f3n sobre las inyecciones de Sculptra, comun\u00edquese con el Instituto de Cirug\u00eda Pl\u00e1stica Avance en Reno, NV, para una consulta cosm\u00e9tica.\" \/>\n<meta name=\"robots\" content=\"index, follow, max-snippet:-1, max-image-preview:large, max-video-preview:-1\" \/>\n<link rel=\"canonical\" href=\"https:\/\/www.avanceplasticsurgery.com\/es\/tratamientos-de-spa-medicos\/inyectables-y-rellenos\/escultor\/\" \/>\n<meta property=\"og:locale\" content=\"es_ES\" \/>\n<meta property=\"og:type\" content=\"article\" \/>\n<meta property=\"og:title\" content=\"Inyecciones Reno NV Sculptra | Tratamiento de col\u00e1geno del lago Tahoe\" \/>\n<meta property=\"og:description\" content=\"Las inyecciones de Sculptra son un tipo de relleno facial que estimula la producci\u00f3n de col\u00e1geno para un rejuvenecimiento duradero de la piel. Para obtener m\u00e1s informaci\u00f3n sobre las inyecciones de Sculptra, comun\u00edquese con el Instituto de Cirug\u00eda Pl\u00e1stica Avance en Reno, NV, para una consulta cosm\u00e9tica.\" \/>\n<meta property=\"og:url\" content=\"https:\/\/www.avanceplasticsurgery.com\/es\/tratamientos-de-spa-medicos\/inyectables-y-rellenos\/escultor\/\" \/>\n<meta property=\"og:site_name\" content=\"Avance Plastic Surgery\" \/>\n<meta property=\"article:modified_time\" content=\"2022-04-25T12:58:57+00:00\" \/>\n<meta name=\"twitter:card\" content=\"summary_large_image\" \/>\n<meta name=\"twitter:label1\" content=\"Tiempo de lectura\" \/>\n\t<meta name=\"twitter:data1\" content=\"2 minutos\" \/>\n<!-- \/ Yoast SEO plugin. -->","yoast_head_json":{"title":"Inyecciones Reno NV Sculptra | Tratamiento de col\u00e1geno del lago Tahoe","description":"Las inyecciones de Sculptra son un tipo de relleno facial que estimula la producci\u00f3n de col\u00e1geno para un rejuvenecimiento duradero de la piel. Para obtener m\u00e1s informaci\u00f3n sobre las inyecciones de Sculptra, comun\u00edquese con el Instituto de Cirug\u00eda Pl\u00e1stica Avance en Reno, NV, para una consulta cosm\u00e9tica.","robots":{"index":"index","follow":"follow","max-snippet":"max-snippet:-1","max-image-preview":"max-image-preview:large","max-video-preview":"max-video-preview:-1"},"canonical":"https:\/\/www.avanceplasticsurgery.com\/es\/tratamientos-de-spa-medicos\/inyectables-y-rellenos\/escultor\/","og_locale":"es_ES","og_type":"article","og_title":"Inyecciones Reno NV Sculptra | Tratamiento de col\u00e1geno del lago Tahoe","og_description":"Las inyecciones de Sculptra son un tipo de relleno facial que estimula la producci\u00f3n de col\u00e1geno para un rejuvenecimiento duradero de la piel. Para obtener m\u00e1s informaci\u00f3n sobre las inyecciones de Sculptra, comun\u00edquese con el Instituto de Cirug\u00eda Pl\u00e1stica Avance en Reno, NV, para una consulta cosm\u00e9tica.","og_url":"https:\/\/www.avanceplasticsurgery.com\/es\/tratamientos-de-spa-medicos\/inyectables-y-rellenos\/escultor\/","og_site_name":"Avance Plastic Surgery","article_modified_time":"2022-04-25T12:58:57+00:00","twitter_card":"summary_large_image","twitter_misc":{"Tiempo de lectura":"2 minutos"},"schema":{"@context":"https:\/\/schema.org","@graph":[{"@type":"WebPage","@id":"https:\/\/www.avanceplasticsurgery.com\/es\/tratamientos-de-spa-medicos\/inyectables-y-rellenos\/escultor\/","url":"https:\/\/www.avanceplasticsurgery.com\/es\/tratamientos-de-spa-medicos\/inyectables-y-rellenos\/escultor\/","name":"Inyecciones Reno NV Sculptra | Tratamiento de col\u00e1geno del lago Tahoe","isPartOf":{"@id":"https:\/\/www.avanceplasticsurgery.com\/es\/#website"},"datePublished":"2020-09-20T19:14:04+00:00","dateModified":"2022-04-25T12:58:57+00:00","description":"Las inyecciones de Sculptra son un tipo de relleno facial que estimula la producci\u00f3n de col\u00e1geno para un rejuvenecimiento duradero de la piel. Para obtener m\u00e1s informaci\u00f3n sobre las inyecciones de Sculptra, comun\u00edquese con el Instituto de Cirug\u00eda Pl\u00e1stica Avance en Reno, NV, para una consulta cosm\u00e9tica.","breadcrumb":{"@id":"https:\/\/www.avanceplasticsurgery.com\/es\/tratamientos-de-spa-medicos\/inyectables-y-rellenos\/escultor\/#breadcrumb"},"inLanguage":"es","potentialAction":[{"@type":"ReadAction","target":["https:\/\/www.avanceplasticsurgery.com\/es\/tratamientos-de-spa-medicos\/inyectables-y-rellenos\/escultor\/"]}]},{"@type":"BreadcrumbList","@id":"https:\/\/www.avanceplasticsurgery.com\/es\/tratamientos-de-spa-medicos\/inyectables-y-rellenos\/escultor\/#breadcrumb","itemListElement":[{"@type":"ListItem","position":1,"name":"Home","item":"https:\/\/www.avanceplasticsurgery.com\/es\/"},{"@type":"ListItem","position":2,"name":"Tratamientos de spa m\u00e9dicos","item":"https:\/\/www.avanceplasticsurgery.com\/es\/tratamientos-de-spa-medicos\/"},{"@type":"ListItem","position":3,"name":"Inyectables y Rellenos","item":"https:\/\/www.avanceplasticsurgery.com\/es\/tratamientos-de-spa-medicos\/inyectables-y-rellenos\/"},{"@type":"ListItem","position":4,"name":"escultor"}]},{"@type":"WebSite","@id":"https:\/\/www.avanceplasticsurgery.com\/es\/#website","url":"https:\/\/www.avanceplasticsurgery.com\/es\/","name":"Avance Plastic Surgery","description":"","potentialAction":[{"@type":"SearchAction","target":{"@type":"EntryPoint","urlTemplate":"https:\/\/www.avanceplasticsurgery.com\/es\/?s={search_term_string}"},"query-input":{"@type":"PropertyValueSpecification","valueRequired":true,"valueName":"search_term_string"}}],"inLanguage":"es"}]}},"_links":{"self":[{"href":"https:\/\/www.avanceplasticsurgery.com\/es\/wp-json\/wp\/v2\/pages\/9046","targetHints":{"allow":["GET"]}}],"collection":[{"href":"https:\/\/www.avanceplasticsurgery.com\/es\/wp-json\/wp\/v2\/pages"}],"about":[{"href":"https:\/\/www.avanceplasticsurgery.com\/es\/wp-json\/wp\/v2\/types\/page"}],"author":[{"embeddable":true,"href":"https:\/\/www.avanceplasticsurgery.com\/es\/wp-json\/wp\/v2\/users\/1"}],"replies":[{"embeddable":true,"href":"https:\/\/www.avanceplasticsurgery.com\/es\/wp-json\/wp\/v2\/comments?post=9046"}],"version-history":[{"count":1,"href":"https:\/\/www.avanceplasticsurgery.com\/es\/wp-json\/wp\/v2\/pages\/9046\/revisions"}],"predecessor-version":[{"id":9315,"href":"https:\/\/www.avanceplasticsurgery.com\/es\/wp-json\/wp\/v2\/pages\/9046\/revisions\/9315"}],"up":[{"embeddable":true,"href":"https:\/\/www.avanceplasticsurgery.com\/es\/wp-json\/wp\/v2\/pages\/9025"}],"wp:attachment":[{"href":"https:\/\/www.avanceplasticsurgery.com\/es\/wp-json\/wp\/v2\/media?parent=9046"}],"curies":[{"name":"wp","href":"https:\/\/api.w.org\/{rel}","templated":true}]}}