{"id":9047,"date":"2020-09-20T19:17:35","date_gmt":"2020-09-20T19:17:35","guid":{"rendered":"https:\/\/www.avanceplasticsurgery.com\/tratamientos-de-spa-medicos\/inyectables-y-rellenos\/xeomin\/"},"modified":"2024-04-18T14:14:21","modified_gmt":"2024-04-18T14:14:21","slug":"xeomin","status":"publish","type":"page","link":"https:\/\/www.avanceplasticsurgery.com\/es\/tratamientos-de-spa-medicos\/inyectables-y-rellenos\/xeomin\/","title":{"rendered":"xeomin"},"content":{"rendered":"<h1>Inyecciones de Xeomin<\/h1>\n<p>Los neuromoduladores han tomado por asalto el mundo de la est\u00e9tica, ofreciendo opciones seguras y efectivas para el tratamiento de l\u00edneas, arrugas y otros problemas faciales. Estas <a title=\"Reno NV Rellenos faciales Inyecciones d\u00e9rmicas\" href=\"https:\/\/www.avanceplasticsurgery.com\/es\/med-spa-treatments\/injectables-and-fillers\/\">inyecciones cosm\u00e9ticas<\/a> funcionan relajando temporalmente los m\u00fasculos espec\u00edficos, lo que puede suavizar las l\u00edneas y arrugas din\u00e1micas o afectar los rasgos faciales. En el Avance Plastic Surgery Institute en Reno\/Tahoe, NV, ofrecemos varios tratamientos cosm\u00e9ticos con neuromoduladores, incluidas las inyecciones de Xeomin.<\/p>\n<p>Botox es el neuromodulador m\u00e1s conocido y el primero aprobado por la FDA para el tratamiento de las l\u00edneas de expresi\u00f3n. Sin embargo, no es la soluci\u00f3n perfecta para todos. Xeomin contiene el mismo ingrediente activo en Botox, pero est\u00e1 formulado de manera diferente. Ambos son una forma de toxina botul\u00ednica tipo A, que puede bloquear las se\u00f1ales nerviosas a los m\u00fasculos para que se contraigan, lo que resulta en relajaci\u00f3n y par\u00e1lisis leve. En Xeomin, la f\u00f3rmula est\u00e1 \u201cdesnuda\u201d y no contiene las mismas prote\u00ednas que el Botox. Se cree que esto ayuda a reducir la posibilidad de resistencia de anticuerpos, que puede ocurrir con Botox.<\/p>\n<div class=\"row\">\n<div class=\"col-md-6\"><button class=\"flc-yt lazyload\" data-id=\"gSe966tDTtw\" data-title=\"Neurotoxins For Facial Lines | Avance Plastic Surgery Institute: Dr. Erez Dayan | Reno, Tahoe, NV\" data-bg=\"https:\/\/i.ytimg.com\/vi\/gSe966tDTtw\/hqdefault.jpg\" aria-label=\"Play video Neurotoxins For Facial Lines | Avance Plastic Surgery Institute: Dr. Erez Dayan | Reno, Tahoe, NV\">  <div class=\"flc-yt__title\">Neurotoxins For Facial Lines | Avance Plastic Surgery Institute: Dr. Erez Dayan | Reno, Tahoe, NV<\/div>  <span class=\"flc-yt__play\">    <svg viewBox=\"0 0 68 48\" xmlns=\"http:\/\/www.w3.org\/2000\/svg\" aria-hidden=\"true\"><path d=\"M66.5 7.8A8.5 8.5 0 0 0 60.6 2C55.3.5 34 .5 34 .5S12.7.5 7.4 2A8.5 8.5 0 0 0 1.5 7.8C0 13.1 0 24 0 24s0 10.9 1.5 16.2A8.5 8.5 0 0 0 7.4 46C12.7 47.5 34 47.5 34 47.5s21.3 0 26.6-1.5a8.5 8.5 0 0 0 5.9-5.8C68 34.9 68 24 68 24s0-10.9-1.5-16.2Z\" fill=\"#f00\"\/><path d=\"M27 34l18-10-18-10v20Z\" fill=\"#fff\"\/><\/svg>  <\/span><\/button><\/div>\n<div class=\"col-md-6\"><button class=\"flc-yt lazyload\" data-id=\"yOoPsiIoHmE\" data-title=\"How Does Botox Work? | Avance Plastic Surgery: Dr. Erez Dayan | Reno, Tahoe, NV\" data-bg=\"https:\/\/i.ytimg.com\/vi\/yOoPsiIoHmE\/hqdefault.jpg\" aria-label=\"Play video How Does Botox Work? | Avance Plastic Surgery: Dr. Erez Dayan | Reno, Tahoe, NV\">  <div class=\"flc-yt__title\">How Does Botox Work? | Avance Plastic Surgery: Dr. Erez Dayan | Reno, Tahoe, NV<\/div>  <span class=\"flc-yt__play\">    <svg viewBox=\"0 0 68 48\" xmlns=\"http:\/\/www.w3.org\/2000\/svg\" aria-hidden=\"true\"><path d=\"M66.5 7.8A8.5 8.5 0 0 0 60.6 2C55.3.5 34 .5 34 .5S12.7.5 7.4 2A8.5 8.5 0 0 0 1.5 7.8C0 13.1 0 24 0 24s0 10.9 1.5 16.2A8.5 8.5 0 0 0 7.4 46C12.7 47.5 34 47.5 34 47.5s21.3 0 26.6-1.5a8.5 8.5 0 0 0 5.9-5.8C68 34.9 68 24 68 24s0-10.9-1.5-16.2Z\" fill=\"#f00\"\/><path d=\"M27 34l18-10-18-10v20Z\" fill=\"#fff\"\/><\/svg>  <\/span><\/button><\/div>\n<div class=\"col-md-12\" style=\"text-align: center; max-width: 50%; margin: 0 auto;\"><button class=\"flc-yt lazyload\" data-id=\"3CRiQFxGqWM\" data-title=\"Botox Before And After | Avance Plastic Surgery: Dr. Erez Dayan | Reno, Tahoe, NV\" data-bg=\"https:\/\/i.ytimg.com\/vi\/3CRiQFxGqWM\/hqdefault.jpg\" aria-label=\"Play video Botox Before And After | Avance Plastic Surgery: Dr. Erez Dayan | Reno, Tahoe, NV\">  <div class=\"flc-yt__title\">Botox Before And After | Avance Plastic Surgery: Dr. Erez Dayan | Reno, Tahoe, NV<\/div>  <span class=\"flc-yt__play\">    <svg viewBox=\"0 0 68 48\" xmlns=\"http:\/\/www.w3.org\/2000\/svg\" aria-hidden=\"true\"><path d=\"M66.5 7.8A8.5 8.5 0 0 0 60.6 2C55.3.5 34 .5 34 .5S12.7.5 7.4 2A8.5 8.5 0 0 0 1.5 7.8C0 13.1 0 24 0 24s0 10.9 1.5 16.2A8.5 8.5 0 0 0 7.4 46C12.7 47.5 34 47.5 34 47.5s21.3 0 26.6-1.5a8.5 8.5 0 0 0 5.9-5.8C68 34.9 68 24 68 24s0-10.9-1.5-16.2Z\" fill=\"#f00\"\/><path d=\"M27 34l18-10-18-10v20Z\" fill=\"#fff\"\/><\/svg>  <\/span><\/button><\/div>\n<\/div>\n<h2>Beneficios de los tratamientos con Xeomin<\/h2>\n<p>Las inyecciones de Xeomin fueron aprobadas por la FDA en 2010 para tratar las l\u00edneas de expresi\u00f3n o los \u201c11\u201d entre las cejas. Tambi\u00e9n se puede utilizar para suavizar las l\u00edneas horizontales de la frente, las patas de gallo y otras l\u00edneas din\u00e1micas del rostro. Debido a la diferencia en la formulaci\u00f3n, Xeomin puede ser una gran alternativa al Botox para aquellos que han desarrollado una resistencia al Botox.<\/p>\n<p>Como la mayor\u00eda de los neuromoduladores, las inyecciones de Xeomin se pueden realizar r\u00e1pidamente en una visita al consultorio, sin necesidad de tiempo de inactividad o recuperaci\u00f3n. Los efectos pueden tardar entre unos d\u00edas y una semana en notarse y duran entre 3 y 4 meses antes de que sea necesario repetir las inyecciones para conservar los resultados.<\/p>\n<p>Si desea eliminar las l\u00edneas del entrecejo u otras arrugas din\u00e1micas que lo hacen parecer mayor, triste o enojado, las inyecciones de Xeomin podr\u00edan ser su soluci\u00f3n r\u00e1pida y eficaz. Para obtener m\u00e1s informaci\u00f3n sobre nuestros tratamientos cosm\u00e9ticos, <a title=\"P\u00f3ngase en contacto con el Instituto de Cirug\u00eda Pl\u00e1stica Avance en Reno NV\" href=\"https:\/\/www.avanceplasticsurgery.com\/es\/contact-us-dr-erez-dayan\/\">comun\u00edquese con nosotros en Avance Plastic Surgery Institute<\/a> en Reno\/Tahoe, NV, para programar su consulta.<\/p>\n","protected":false},"excerpt":{"rendered":"<p>Inyecciones de Xeomin Los neuromoduladores han tomado por asalto el mundo de la est\u00e9tica, ofreciendo opciones seguras y efectivas&hellip;<\/p>\n","protected":false},"author":1,"featured_media":0,"parent":9025,"menu_order":0,"comment_status":"closed","ping_status":"closed","template":"","meta":{"_acf_changed":false,"footnotes":""},"class_list":["post-9047","page","type-page","status-publish"],"acf":[],"yoast_head":"<!-- This site is optimized with the Yoast SEO plugin v25.6 - https:\/\/yoast.com\/wordpress\/plugins\/seo\/ -->\n<title>Inyecciones de Reno NV Xeomin | Lake Tahoe elimina las l\u00edneas de expresi\u00f3n<\/title>\n<meta name=\"description\" content=\"Xeomin es un neuromodulador que se puede usar en inyecciones cosm\u00e9ticas para suavizar las l\u00edneas del entrecejo, las patas de gallo y otras arrugas faciales. Avance Plastic Surgery Institute ofrece inyecciones de Xeomin en nuestra cl\u00ednica en el \u00e1rea de Reno, NV.\" \/>\n<meta name=\"robots\" content=\"index, follow, max-snippet:-1, max-image-preview:large, max-video-preview:-1\" \/>\n<link rel=\"canonical\" href=\"https:\/\/www.avanceplasticsurgery.com\/es\/tratamientos-de-spa-medicos\/inyectables-y-rellenos\/xeomin\/\" \/>\n<meta property=\"og:locale\" content=\"es_ES\" \/>\n<meta property=\"og:type\" content=\"article\" \/>\n<meta property=\"og:title\" content=\"Inyecciones de Reno NV Xeomin | Lake Tahoe elimina las l\u00edneas de expresi\u00f3n\" \/>\n<meta property=\"og:description\" content=\"Xeomin es un neuromodulador que se puede usar en inyecciones cosm\u00e9ticas para suavizar las l\u00edneas del entrecejo, las patas de gallo y otras arrugas faciales. Avance Plastic Surgery Institute ofrece inyecciones de Xeomin en nuestra cl\u00ednica en el \u00e1rea de Reno, NV.\" \/>\n<meta property=\"og:url\" content=\"https:\/\/www.avanceplasticsurgery.com\/es\/tratamientos-de-spa-medicos\/inyectables-y-rellenos\/xeomin\/\" \/>\n<meta property=\"og:site_name\" content=\"Avance Plastic Surgery\" \/>\n<meta property=\"article:modified_time\" content=\"2024-04-18T14:14:21+00:00\" \/>\n<meta name=\"twitter:card\" content=\"summary_large_image\" \/>\n<meta name=\"twitter:label1\" content=\"Tiempo de lectura\" \/>\n\t<meta name=\"twitter:data1\" content=\"2 minutos\" \/>\n<!-- \/ Yoast SEO plugin. -->","yoast_head_json":{"title":"Inyecciones de Reno NV Xeomin | Lake Tahoe elimina las l\u00edneas de expresi\u00f3n","description":"Xeomin es un neuromodulador que se puede usar en inyecciones cosm\u00e9ticas para suavizar las l\u00edneas del entrecejo, las patas de gallo y otras arrugas faciales. Avance Plastic Surgery Institute ofrece inyecciones de Xeomin en nuestra cl\u00ednica en el \u00e1rea de Reno, NV.","robots":{"index":"index","follow":"follow","max-snippet":"max-snippet:-1","max-image-preview":"max-image-preview:large","max-video-preview":"max-video-preview:-1"},"canonical":"https:\/\/www.avanceplasticsurgery.com\/es\/tratamientos-de-spa-medicos\/inyectables-y-rellenos\/xeomin\/","og_locale":"es_ES","og_type":"article","og_title":"Inyecciones de Reno NV Xeomin | Lake Tahoe elimina las l\u00edneas de expresi\u00f3n","og_description":"Xeomin es un neuromodulador que se puede usar en inyecciones cosm\u00e9ticas para suavizar las l\u00edneas del entrecejo, las patas de gallo y otras arrugas faciales. Avance Plastic Surgery Institute ofrece inyecciones de Xeomin en nuestra cl\u00ednica en el \u00e1rea de Reno, NV.","og_url":"https:\/\/www.avanceplasticsurgery.com\/es\/tratamientos-de-spa-medicos\/inyectables-y-rellenos\/xeomin\/","og_site_name":"Avance Plastic Surgery","article_modified_time":"2024-04-18T14:14:21+00:00","twitter_card":"summary_large_image","twitter_misc":{"Tiempo de lectura":"2 minutos"},"schema":{"@context":"https:\/\/schema.org","@graph":[{"@type":"WebPage","@id":"https:\/\/www.avanceplasticsurgery.com\/es\/tratamientos-de-spa-medicos\/inyectables-y-rellenos\/xeomin\/","url":"https:\/\/www.avanceplasticsurgery.com\/es\/tratamientos-de-spa-medicos\/inyectables-y-rellenos\/xeomin\/","name":"Inyecciones de Reno NV Xeomin | Lake Tahoe elimina las l\u00edneas de expresi\u00f3n","isPartOf":{"@id":"https:\/\/www.avanceplasticsurgery.com\/es\/#website"},"datePublished":"2020-09-20T19:17:35+00:00","dateModified":"2024-04-18T14:14:21+00:00","description":"Xeomin es un neuromodulador que se puede usar en inyecciones cosm\u00e9ticas para suavizar las l\u00edneas del entrecejo, las patas de gallo y otras arrugas faciales. Avance Plastic Surgery Institute ofrece inyecciones de Xeomin en nuestra cl\u00ednica en el \u00e1rea de Reno, NV.","breadcrumb":{"@id":"https:\/\/www.avanceplasticsurgery.com\/es\/tratamientos-de-spa-medicos\/inyectables-y-rellenos\/xeomin\/#breadcrumb"},"inLanguage":"es","potentialAction":[{"@type":"ReadAction","target":["https:\/\/www.avanceplasticsurgery.com\/es\/tratamientos-de-spa-medicos\/inyectables-y-rellenos\/xeomin\/"]}]},{"@type":"BreadcrumbList","@id":"https:\/\/www.avanceplasticsurgery.com\/es\/tratamientos-de-spa-medicos\/inyectables-y-rellenos\/xeomin\/#breadcrumb","itemListElement":[{"@type":"ListItem","position":1,"name":"Home","item":"https:\/\/www.avanceplasticsurgery.com\/es\/"},{"@type":"ListItem","position":2,"name":"Tratamientos de spa m\u00e9dicos","item":"https:\/\/www.avanceplasticsurgery.com\/es\/tratamientos-de-spa-medicos\/"},{"@type":"ListItem","position":3,"name":"Inyectables y Rellenos","item":"https:\/\/www.avanceplasticsurgery.com\/es\/tratamientos-de-spa-medicos\/inyectables-y-rellenos\/"},{"@type":"ListItem","position":4,"name":"xeomin"}]},{"@type":"WebSite","@id":"https:\/\/www.avanceplasticsurgery.com\/es\/#website","url":"https:\/\/www.avanceplasticsurgery.com\/es\/","name":"Avance Plastic Surgery","description":"","potentialAction":[{"@type":"SearchAction","target":{"@type":"EntryPoint","urlTemplate":"https:\/\/www.avanceplasticsurgery.com\/es\/?s={search_term_string}"},"query-input":{"@type":"PropertyValueSpecification","valueRequired":true,"valueName":"search_term_string"}}],"inLanguage":"es"}]}},"_links":{"self":[{"href":"https:\/\/www.avanceplasticsurgery.com\/es\/wp-json\/wp\/v2\/pages\/9047","targetHints":{"allow":["GET"]}}],"collection":[{"href":"https:\/\/www.avanceplasticsurgery.com\/es\/wp-json\/wp\/v2\/pages"}],"about":[{"href":"https:\/\/www.avanceplasticsurgery.com\/es\/wp-json\/wp\/v2\/types\/page"}],"author":[{"embeddable":true,"href":"https:\/\/www.avanceplasticsurgery.com\/es\/wp-json\/wp\/v2\/users\/1"}],"replies":[{"embeddable":true,"href":"https:\/\/www.avanceplasticsurgery.com\/es\/wp-json\/wp\/v2\/comments?post=9047"}],"version-history":[{"count":7,"href":"https:\/\/www.avanceplasticsurgery.com\/es\/wp-json\/wp\/v2\/pages\/9047\/revisions"}],"predecessor-version":[{"id":11079,"href":"https:\/\/www.avanceplasticsurgery.com\/es\/wp-json\/wp\/v2\/pages\/9047\/revisions\/11079"}],"up":[{"embeddable":true,"href":"https:\/\/www.avanceplasticsurgery.com\/es\/wp-json\/wp\/v2\/pages\/9025"}],"wp:attachment":[{"href":"https:\/\/www.avanceplasticsurgery.com\/es\/wp-json\/wp\/v2\/media?parent=9047"}],"curies":[{"name":"wp","href":"https:\/\/api.w.org\/{rel}","templated":true}]}}