{"id":9048,"date":"2020-09-20T19:16:03","date_gmt":"2020-09-20T19:16:03","guid":{"rendered":"https:\/\/www.avanceplasticsurgery.com\/tratamientos-de-spa-medicos\/inyectables-y-rellenos\/volumen\/"},"modified":"2022-04-25T13:00:29","modified_gmt":"2022-04-25T13:00:29","slug":"volumen","status":"publish","type":"page","link":"https:\/\/www.avanceplasticsurgery.com\/es\/tratamientos-de-spa-medicos\/inyectables-y-rellenos\/volumen\/","title":{"rendered":"Volumen"},"content":{"rendered":"<h1>Inyecciones de volumen<\/h1>\n<p>El volumen en la piel y los tejidos de la cara crean contornos deseables y la forma de la cara, especialmente en las mejillas y la parte media de la cara. A medida que envejece, puede perder grasa y volumen en la piel, lo que resulta en mejillas aplanadas o ca\u00eddas, bolsas en los ojos, l\u00edneas de expresi\u00f3n y otros s\u00edntomas del envejecimiento. <a title=\"Reno NV Rellenos faciales Inyecciones d\u00e9rmicas\" href=\"https:\/\/www.avanceplasticsurgery.com\/es\/med-spa-treatments\/injectables-and-fillers\/\">Los rellenos faciales<\/a> pueden agregar volumen a la piel, pero para realzar las mejillas, necesita un volumen m\u00e1s profundo. Las inyecciones Voluma son una opci\u00f3n no invasiva para el aumento de mejillas, disponible en el Instituto de Cirug\u00eda Pl\u00e1stica Avance en Reno\/Tahoe, NV.<\/p>\n<h2>\u00bfQu\u00e9 es Voluma?<\/h2>\n<p>Voluma es uno de los rellenos faciales hialur\u00f3nicos de la l\u00ednea Juvederm\u00ae, creado para agregar volumen a los tejidos m\u00e1s profundos. A diferencia de otros rellenos faciales dise\u00f1ados para inyectarse directamente debajo de la piel para rellenar los labios o reducir las arrugas superficiales, Voluma est\u00e1 formulado para agregar volumen a profundidades m\u00e1s bajas en la piel y el tejido facial. Voluma es la f\u00f3rmula de \u00e1cido hialur\u00f3nico m\u00e1s densa de Juvederm\u00ae, creada con la tecnolog\u00eda Vycross. El enlace Vycross limita la cantidad de absorci\u00f3n de humedad y permite una flexibilidad natural para moverse con los m\u00fasculos faciales.<\/p>\n<h3>Inyecciones de relleno de mejillas<\/h3>\n<p>Las inyecciones de Voluma se usan m\u00e1s com\u00fanmente para agregar volumen a las mejillas, restaurar los contornos juveniles y rellenar las l\u00edneas nasolabiales. Cuando las mejillas pierden volumen, las bolsas pueden caer debajo de los ojos y la parte media del rostro se vuelve m\u00e1s plana. Las inyecciones de Voluma pueden restaurar inmediatamente el volumen de las mejillas y la parte media de la cara para minimizar las bolsas de los ojos, suavizar las l\u00edneas de expresi\u00f3n y rejuvenecer la apariencia facial. A diferencia de muchos rellenos d\u00e9rmicos de \u00e1cido hialur\u00f3nico que duran menos de un a\u00f1o, los resultados de las inyecciones de Voluma pueden durar hasta 24 meses, lo que lo convierte en uno de los tratamientos de relleno m\u00e1s duraderos.<\/p>\n<p>Si desea explorar opciones de aumento de mejillas no quir\u00fargicas, las inyecciones de Voluma pueden ser la soluci\u00f3n adecuada para usted. Para obtener m\u00e1s informaci\u00f3n, <a title=\"P\u00f3ngase en contacto con el Instituto de Cirug\u00eda Pl\u00e1stica Avance en Reno NV\" href=\"https:\/\/www.avanceplasticsurgery.com\/es\/contact-us-dr-erez-dayan\/\">comun\u00edquese con nosotros en Avance Plastic Surgery Institute<\/a> para programar una consulta est\u00e9tica con el Dr. Erez Dayan en nuestra cl\u00ednica en Reno\/Tahoe, NV.<\/p>\n","protected":false},"excerpt":{"rendered":"<p>Inyecciones de volumen El volumen en la piel y los tejidos de la cara crean contornos deseables y la&hellip;<\/p>\n","protected":false},"author":1,"featured_media":0,"parent":9025,"menu_order":0,"comment_status":"closed","ping_status":"closed","template":"","meta":{"_acf_changed":false,"footnotes":""},"class_list":["post-9048","page","type-page","status-publish"],"acf":[],"yoast_head":"<!-- This site is optimized with the Yoast SEO plugin v27.4 - https:\/\/yoast.com\/product\/yoast-seo-wordpress\/ -->\n<title>Inyecciones Reno NV Voluma | Rellenos de mejillas de Lake Tahoe, aumento<\/title>\n<meta name=\"description\" content=\"El envejecimiento puede provocar la p\u00e9rdida de volumen en las mejillas, lo que hace que tu rostro se vea m\u00e1s viejo y cansado. Las inyecciones Voluma ofrecen una opci\u00f3n no quir\u00fargica para el aumento de mejillas, disponible en el Instituto de Cirug\u00eda Pl\u00e1stica Avance en Reno, NV.\" \/>\n<meta name=\"robots\" content=\"index, follow, max-snippet:-1, max-image-preview:large, max-video-preview:-1\" \/>\n<link rel=\"canonical\" href=\"https:\/\/www.avanceplasticsurgery.com\/es\/tratamientos-de-spa-medicos\/inyectables-y-rellenos\/volumen\/\" \/>\n<meta property=\"og:locale\" content=\"es_ES\" \/>\n<meta property=\"og:type\" content=\"article\" \/>\n<meta property=\"og:title\" content=\"Inyecciones Reno NV Voluma | Rellenos de mejillas de Lake Tahoe, aumento\" \/>\n<meta property=\"og:description\" content=\"El envejecimiento puede provocar la p\u00e9rdida de volumen en las mejillas, lo que hace que tu rostro se vea m\u00e1s viejo y cansado. Las inyecciones Voluma ofrecen una opci\u00f3n no quir\u00fargica para el aumento de mejillas, disponible en el Instituto de Cirug\u00eda Pl\u00e1stica Avance en Reno, NV.\" \/>\n<meta property=\"og:url\" content=\"https:\/\/www.avanceplasticsurgery.com\/es\/tratamientos-de-spa-medicos\/inyectables-y-rellenos\/volumen\/\" \/>\n<meta property=\"og:site_name\" content=\"Avance Plastic Surgery\" \/>\n<meta property=\"article:modified_time\" content=\"2022-04-25T13:00:29+00:00\" \/>\n<meta name=\"twitter:card\" content=\"summary_large_image\" \/>\n<meta name=\"twitter:label1\" content=\"Tiempo de lectura\" \/>\n\t<meta name=\"twitter:data1\" content=\"2 minutos\" \/>\n<!-- \/ Yoast SEO plugin. -->","yoast_head_json":{"title":"Inyecciones Reno NV Voluma | Rellenos de mejillas de Lake Tahoe, aumento","description":"El envejecimiento puede provocar la p\u00e9rdida de volumen en las mejillas, lo que hace que tu rostro se vea m\u00e1s viejo y cansado. Las inyecciones Voluma ofrecen una opci\u00f3n no quir\u00fargica para el aumento de mejillas, disponible en el Instituto de Cirug\u00eda Pl\u00e1stica Avance en Reno, NV.","robots":{"index":"index","follow":"follow","max-snippet":"max-snippet:-1","max-image-preview":"max-image-preview:large","max-video-preview":"max-video-preview:-1"},"canonical":"https:\/\/www.avanceplasticsurgery.com\/es\/tratamientos-de-spa-medicos\/inyectables-y-rellenos\/volumen\/","og_locale":"es_ES","og_type":"article","og_title":"Inyecciones Reno NV Voluma | Rellenos de mejillas de Lake Tahoe, aumento","og_description":"El envejecimiento puede provocar la p\u00e9rdida de volumen en las mejillas, lo que hace que tu rostro se vea m\u00e1s viejo y cansado. Las inyecciones Voluma ofrecen una opci\u00f3n no quir\u00fargica para el aumento de mejillas, disponible en el Instituto de Cirug\u00eda Pl\u00e1stica Avance en Reno, NV.","og_url":"https:\/\/www.avanceplasticsurgery.com\/es\/tratamientos-de-spa-medicos\/inyectables-y-rellenos\/volumen\/","og_site_name":"Avance Plastic Surgery","article_modified_time":"2022-04-25T13:00:29+00:00","twitter_card":"summary_large_image","twitter_misc":{"Tiempo de lectura":"2 minutos"},"schema":{"@context":"https:\/\/schema.org","@graph":[{"@type":"WebPage","@id":"https:\/\/www.avanceplasticsurgery.com\/es\/tratamientos-de-spa-medicos\/inyectables-y-rellenos\/volumen\/","url":"https:\/\/www.avanceplasticsurgery.com\/es\/tratamientos-de-spa-medicos\/inyectables-y-rellenos\/volumen\/","name":"Inyecciones Reno NV Voluma | Rellenos de mejillas de Lake Tahoe, aumento","isPartOf":{"@id":"https:\/\/www.avanceplasticsurgery.com\/es\/#website"},"datePublished":"2020-09-20T19:16:03+00:00","dateModified":"2022-04-25T13:00:29+00:00","description":"El envejecimiento puede provocar la p\u00e9rdida de volumen en las mejillas, lo que hace que tu rostro se vea m\u00e1s viejo y cansado. Las inyecciones Voluma ofrecen una opci\u00f3n no quir\u00fargica para el aumento de mejillas, disponible en el Instituto de Cirug\u00eda Pl\u00e1stica Avance en Reno, NV.","breadcrumb":{"@id":"https:\/\/www.avanceplasticsurgery.com\/es\/tratamientos-de-spa-medicos\/inyectables-y-rellenos\/volumen\/#breadcrumb"},"inLanguage":"es","potentialAction":[{"@type":"ReadAction","target":["https:\/\/www.avanceplasticsurgery.com\/es\/tratamientos-de-spa-medicos\/inyectables-y-rellenos\/volumen\/"]}]},{"@type":"BreadcrumbList","@id":"https:\/\/www.avanceplasticsurgery.com\/es\/tratamientos-de-spa-medicos\/inyectables-y-rellenos\/volumen\/#breadcrumb","itemListElement":[{"@type":"ListItem","position":1,"name":"Home","item":"https:\/\/www.avanceplasticsurgery.com\/es\/"},{"@type":"ListItem","position":2,"name":"Tratamientos de spa m\u00e9dicos","item":"https:\/\/www.avanceplasticsurgery.com\/es\/tratamientos-de-spa-medicos\/"},{"@type":"ListItem","position":3,"name":"Inyectables y Rellenos","item":"https:\/\/www.avanceplasticsurgery.com\/es\/tratamientos-de-spa-medicos\/inyectables-y-rellenos\/"},{"@type":"ListItem","position":4,"name":"Volumen"}]},{"@type":"WebSite","@id":"https:\/\/www.avanceplasticsurgery.com\/es\/#website","url":"https:\/\/www.avanceplasticsurgery.com\/es\/","name":"Avance Plastic Surgery","description":"","potentialAction":[{"@type":"SearchAction","target":{"@type":"EntryPoint","urlTemplate":"https:\/\/www.avanceplasticsurgery.com\/es\/?s={search_term_string}"},"query-input":{"@type":"PropertyValueSpecification","valueRequired":true,"valueName":"search_term_string"}}],"inLanguage":"es"}]}},"_links":{"self":[{"href":"https:\/\/www.avanceplasticsurgery.com\/es\/wp-json\/wp\/v2\/pages\/9048","targetHints":{"allow":["GET"]}}],"collection":[{"href":"https:\/\/www.avanceplasticsurgery.com\/es\/wp-json\/wp\/v2\/pages"}],"about":[{"href":"https:\/\/www.avanceplasticsurgery.com\/es\/wp-json\/wp\/v2\/types\/page"}],"author":[{"embeddable":true,"href":"https:\/\/www.avanceplasticsurgery.com\/es\/wp-json\/wp\/v2\/users\/1"}],"replies":[{"embeddable":true,"href":"https:\/\/www.avanceplasticsurgery.com\/es\/wp-json\/wp\/v2\/comments?post=9048"}],"version-history":[{"count":1,"href":"https:\/\/www.avanceplasticsurgery.com\/es\/wp-json\/wp\/v2\/pages\/9048\/revisions"}],"predecessor-version":[{"id":9323,"href":"https:\/\/www.avanceplasticsurgery.com\/es\/wp-json\/wp\/v2\/pages\/9048\/revisions\/9323"}],"up":[{"embeddable":true,"href":"https:\/\/www.avanceplasticsurgery.com\/es\/wp-json\/wp\/v2\/pages\/9025"}],"wp:attachment":[{"href":"https:\/\/www.avanceplasticsurgery.com\/es\/wp-json\/wp\/v2\/media?parent=9048"}],"curies":[{"name":"wp","href":"https:\/\/api.w.org\/{rel}","templated":true}]}}