{"id":9049,"date":"2020-09-20T19:12:26","date_gmt":"2020-09-20T19:12:26","guid":{"rendered":"https:\/\/www.avanceplasticsurgery.com\/tratamientos-de-spa-medicos\/inyectables-y-rellenos\/restylane-l-defyne-lyft-y-refyne\/"},"modified":"2022-04-25T13:00:19","modified_gmt":"2022-04-25T13:00:19","slug":"restylane-l-defyne-lyft-y-refyne","status":"publish","type":"page","link":"https:\/\/www.avanceplasticsurgery.com\/es\/tratamientos-de-spa-medicos\/inyectables-y-rellenos\/restylane-l-defyne-lyft-y-refyne\/","title":{"rendered":"Restylane-L (Defyne, Lyft y Refyne)"},"content":{"rendered":"<h1>Inyecciones de Restylane-L<\/h1>\n<p>\u00bfTiene l\u00edneas de marioneta o de sonrisa alrededor de la nariz y la boca? La p\u00e9rdida de volumen en la piel debido al envejecimiento puede compensarse con el uso de <a title=\"Reno NV Rellenos faciales Inyecciones d\u00e9rmicas\" href=\"https:\/\/www.avanceplasticsurgery.com\/es\/med-spa-treatments\/injectables-and-fillers\/\">rellenos faciales<\/a> . Las inyecciones de Restylane-L son uno de los tratamientos m\u00e1s solicitados para combatir las l\u00edneas, las arrugas y la p\u00e9rdida de volumen de la piel o los tejidos. En Avance Plastic Surgery Institute, ofrecemos inyecciones de Restylane-L, incluidas Defyne, Lyft y Refyne, en nuestra cl\u00ednica en Reno\/Tahoe, NV.<\/p>\n<p>Restylane es uno de los rellenos d\u00e9rmicos de \u00e1cido hialur\u00f3nico m\u00e1s populares, que ofrece una mejora inmediata y natural del volumen de la piel. Las f\u00f3rmulas de Restylane usan \u00e1cido hialur\u00f3nico en un gel flexible, que absorbe la humedad para agregar volumen dentro o debajo de la piel. Restylane contiene lidoca\u00edna para un efecto adormecedor en el momento de la inyecci\u00f3n y puede usarse para tratar l\u00edneas, arrugas, pliegues o p\u00e9rdida de volumen en las mejillas o la piel. Existen diversas f\u00f3rmulas dise\u00f1adas para tratar diferentes tipos de p\u00e9rdida de volumen en m\u00faltiples zonas del rostro.<\/p>\n<h2>Restylane Defyne, Lyft y Refyne<\/h2>\n<p>Los rellenos de Restylane incluyen diferentes f\u00f3rmulas que son m\u00e1s adecuadas para diversos tratamientos. Dependiendo de d\u00f3nde se use el relleno y la flexibilidad necesaria, puede requerir f\u00f3rmulas m\u00e1s densas o m\u00e1s delgadas para reaccionar de forma natural. Las aplicaciones profundas para agregar volumen a las mejillas o suavizar los pliegues severos requieren una f\u00f3rmula m\u00e1s densa, mientras que las arrugas superficiales pueden necesitar part\u00edculas m\u00e1s peque\u00f1as y un gel m\u00e1s delgado para una mayor flexibilidad. Las f\u00f3rmulas de Restylane incluyen:<\/p>\n<ul>\n<li><strong>Refyne<\/strong> : para sonrisas moderadas o l\u00edneas de marioneta alrededor de la nariz o la boca, las inyecciones de Refyne pueden agregar el volumen necesario con m\u00e1s flexibilidad.<\/li>\n<li><strong>Defyne<\/strong> : para las l\u00edneas de expresi\u00f3n m\u00e1s marcadas, Defyne ofrece una versi\u00f3n m\u00e1s densa de Refyne para un alisado m\u00e1s eficaz de los pliegues, las l\u00edneas o las arrugas m\u00e1s profundas.<\/li>\n<li><strong>Lyft<\/strong> : para el aumento de las mejillas o para rejuvenecer las manos envejecidas, Restylane Lyft es una buena opci\u00f3n para mejorar el volumen denso debajo de la piel.<\/li>\n<\/ul>\n<p>Si desea suavizar las l\u00edneas, arrugas o pliegues con resultados inmediatos, las inyecciones de Restylane-L pueden ser adecuadas para usted. Para obtener m\u00e1s informaci\u00f3n sobre nuestros tratamientos cosm\u00e9ticos para lucir lo mejor posible a cualquier edad, <a title=\"P\u00f3ngase en contacto con el Instituto de Cirug\u00eda Pl\u00e1stica Avance en Reno NV\" href=\"https:\/\/www.avanceplasticsurgery.com\/es\/contact-us-dr-erez-dayan\/\">comun\u00edquese con nosotros en Avance Plastic Surgery Institute<\/a> en Reno\/Tahoe, NV, para programar una consulta.<\/p>\n","protected":false},"excerpt":{"rendered":"<p>Inyecciones de Restylane-L \u00bfTiene l\u00edneas de marioneta o de sonrisa alrededor de la nariz y la boca? La p\u00e9rdida&hellip;<\/p>\n","protected":false},"author":1,"featured_media":0,"parent":9025,"menu_order":0,"comment_status":"closed","ping_status":"closed","template":"","meta":{"_acf_changed":false,"footnotes":""},"class_list":["post-9049","page","type-page","status-publish"],"acf":[],"yoast_head":"<!-- This site is optimized with the Yoast SEO plugin v25.6 - https:\/\/yoast.com\/wordpress\/plugins\/seo\/ -->\n<title>Inyecciones de Reno NV Restylane-L (Defyne, Lyft y Refyne) | Lago Tahoe<\/title>\n<meta name=\"description\" content=\"\u00bfQuieres rejuvenecer tu rostro o tus manos? El Instituto de Cirug\u00eda Pl\u00e1stica Avance en Reno, NV, ofrece inyecciones de Restylane-L (Refyne, Defyne y Lyft) para tratar las l\u00edneas de expresi\u00f3n, las l\u00edneas de marioneta, las mejillas planas, las manos huesudas y otros problemas relacionados con el envejecimiento.\" \/>\n<meta name=\"robots\" content=\"index, follow, max-snippet:-1, max-image-preview:large, max-video-preview:-1\" \/>\n<link rel=\"canonical\" href=\"https:\/\/www.avanceplasticsurgery.com\/es\/tratamientos-de-spa-medicos\/inyectables-y-rellenos\/restylane-l-defyne-lyft-y-refyne\/\" \/>\n<meta property=\"og:locale\" content=\"es_ES\" \/>\n<meta property=\"og:type\" content=\"article\" \/>\n<meta property=\"og:title\" content=\"Inyecciones de Reno NV Restylane-L (Defyne, Lyft y Refyne) | Lago Tahoe\" \/>\n<meta property=\"og:description\" content=\"\u00bfQuieres rejuvenecer tu rostro o tus manos? El Instituto de Cirug\u00eda Pl\u00e1stica Avance en Reno, NV, ofrece inyecciones de Restylane-L (Refyne, Defyne y Lyft) para tratar las l\u00edneas de expresi\u00f3n, las l\u00edneas de marioneta, las mejillas planas, las manos huesudas y otros problemas relacionados con el envejecimiento.\" \/>\n<meta property=\"og:url\" content=\"https:\/\/www.avanceplasticsurgery.com\/es\/tratamientos-de-spa-medicos\/inyectables-y-rellenos\/restylane-l-defyne-lyft-y-refyne\/\" \/>\n<meta property=\"og:site_name\" content=\"Avance Plastic Surgery\" \/>\n<meta property=\"article:modified_time\" content=\"2022-04-25T13:00:19+00:00\" \/>\n<meta name=\"twitter:card\" content=\"summary_large_image\" \/>\n<meta name=\"twitter:label1\" content=\"Tiempo de lectura\" \/>\n\t<meta name=\"twitter:data1\" content=\"2 minutos\" \/>\n<!-- \/ Yoast SEO plugin. -->","yoast_head_json":{"title":"Inyecciones de Reno NV Restylane-L (Defyne, Lyft y Refyne) | Lago Tahoe","description":"\u00bfQuieres rejuvenecer tu rostro o tus manos? El Instituto de Cirug\u00eda Pl\u00e1stica Avance en Reno, NV, ofrece inyecciones de Restylane-L (Refyne, Defyne y Lyft) para tratar las l\u00edneas de expresi\u00f3n, las l\u00edneas de marioneta, las mejillas planas, las manos huesudas y otros problemas relacionados con el envejecimiento.","robots":{"index":"index","follow":"follow","max-snippet":"max-snippet:-1","max-image-preview":"max-image-preview:large","max-video-preview":"max-video-preview:-1"},"canonical":"https:\/\/www.avanceplasticsurgery.com\/es\/tratamientos-de-spa-medicos\/inyectables-y-rellenos\/restylane-l-defyne-lyft-y-refyne\/","og_locale":"es_ES","og_type":"article","og_title":"Inyecciones de Reno NV Restylane-L (Defyne, Lyft y Refyne) | Lago Tahoe","og_description":"\u00bfQuieres rejuvenecer tu rostro o tus manos? El Instituto de Cirug\u00eda Pl\u00e1stica Avance en Reno, NV, ofrece inyecciones de Restylane-L (Refyne, Defyne y Lyft) para tratar las l\u00edneas de expresi\u00f3n, las l\u00edneas de marioneta, las mejillas planas, las manos huesudas y otros problemas relacionados con el envejecimiento.","og_url":"https:\/\/www.avanceplasticsurgery.com\/es\/tratamientos-de-spa-medicos\/inyectables-y-rellenos\/restylane-l-defyne-lyft-y-refyne\/","og_site_name":"Avance Plastic Surgery","article_modified_time":"2022-04-25T13:00:19+00:00","twitter_card":"summary_large_image","twitter_misc":{"Tiempo de lectura":"2 minutos"},"schema":{"@context":"https:\/\/schema.org","@graph":[{"@type":"WebPage","@id":"https:\/\/www.avanceplasticsurgery.com\/es\/tratamientos-de-spa-medicos\/inyectables-y-rellenos\/restylane-l-defyne-lyft-y-refyne\/","url":"https:\/\/www.avanceplasticsurgery.com\/es\/tratamientos-de-spa-medicos\/inyectables-y-rellenos\/restylane-l-defyne-lyft-y-refyne\/","name":"Inyecciones de Reno NV Restylane-L (Defyne, Lyft y Refyne) | Lago Tahoe","isPartOf":{"@id":"https:\/\/www.avanceplasticsurgery.com\/es\/#website"},"datePublished":"2020-09-20T19:12:26+00:00","dateModified":"2022-04-25T13:00:19+00:00","description":"\u00bfQuieres rejuvenecer tu rostro o tus manos? El Instituto de Cirug\u00eda Pl\u00e1stica Avance en Reno, NV, ofrece inyecciones de Restylane-L (Refyne, Defyne y Lyft) para tratar las l\u00edneas de expresi\u00f3n, las l\u00edneas de marioneta, las mejillas planas, las manos huesudas y otros problemas relacionados con el envejecimiento.","breadcrumb":{"@id":"https:\/\/www.avanceplasticsurgery.com\/es\/tratamientos-de-spa-medicos\/inyectables-y-rellenos\/restylane-l-defyne-lyft-y-refyne\/#breadcrumb"},"inLanguage":"es","potentialAction":[{"@type":"ReadAction","target":["https:\/\/www.avanceplasticsurgery.com\/es\/tratamientos-de-spa-medicos\/inyectables-y-rellenos\/restylane-l-defyne-lyft-y-refyne\/"]}]},{"@type":"BreadcrumbList","@id":"https:\/\/www.avanceplasticsurgery.com\/es\/tratamientos-de-spa-medicos\/inyectables-y-rellenos\/restylane-l-defyne-lyft-y-refyne\/#breadcrumb","itemListElement":[{"@type":"ListItem","position":1,"name":"Home","item":"https:\/\/www.avanceplasticsurgery.com\/es\/"},{"@type":"ListItem","position":2,"name":"Tratamientos de spa m\u00e9dicos","item":"https:\/\/www.avanceplasticsurgery.com\/es\/tratamientos-de-spa-medicos\/"},{"@type":"ListItem","position":3,"name":"Inyectables y Rellenos","item":"https:\/\/www.avanceplasticsurgery.com\/es\/tratamientos-de-spa-medicos\/inyectables-y-rellenos\/"},{"@type":"ListItem","position":4,"name":"Restylane-L (Defyne, Lyft y Refyne)"}]},{"@type":"WebSite","@id":"https:\/\/www.avanceplasticsurgery.com\/es\/#website","url":"https:\/\/www.avanceplasticsurgery.com\/es\/","name":"Avance Plastic Surgery","description":"","potentialAction":[{"@type":"SearchAction","target":{"@type":"EntryPoint","urlTemplate":"https:\/\/www.avanceplasticsurgery.com\/es\/?s={search_term_string}"},"query-input":{"@type":"PropertyValueSpecification","valueRequired":true,"valueName":"search_term_string"}}],"inLanguage":"es"}]}},"_links":{"self":[{"href":"https:\/\/www.avanceplasticsurgery.com\/es\/wp-json\/wp\/v2\/pages\/9049","targetHints":{"allow":["GET"]}}],"collection":[{"href":"https:\/\/www.avanceplasticsurgery.com\/es\/wp-json\/wp\/v2\/pages"}],"about":[{"href":"https:\/\/www.avanceplasticsurgery.com\/es\/wp-json\/wp\/v2\/types\/page"}],"author":[{"embeddable":true,"href":"https:\/\/www.avanceplasticsurgery.com\/es\/wp-json\/wp\/v2\/users\/1"}],"replies":[{"embeddable":true,"href":"https:\/\/www.avanceplasticsurgery.com\/es\/wp-json\/wp\/v2\/comments?post=9049"}],"version-history":[{"count":2,"href":"https:\/\/www.avanceplasticsurgery.com\/es\/wp-json\/wp\/v2\/pages\/9049\/revisions"}],"predecessor-version":[{"id":9322,"href":"https:\/\/www.avanceplasticsurgery.com\/es\/wp-json\/wp\/v2\/pages\/9049\/revisions\/9322"}],"up":[{"embeddable":true,"href":"https:\/\/www.avanceplasticsurgery.com\/es\/wp-json\/wp\/v2\/pages\/9025"}],"wp:attachment":[{"href":"https:\/\/www.avanceplasticsurgery.com\/es\/wp-json\/wp\/v2\/media?parent=9049"}],"curies":[{"name":"wp","href":"https:\/\/api.w.org\/{rel}","templated":true}]}}