{"id":9050,"date":"2021-02-18T14:33:40","date_gmt":"2021-02-18T14:33:40","guid":{"rendered":"https:\/\/www.avanceplasticsurgery.com\/tratamientos-de-spa-medicos\/inyectables-y-rellenos\/relleno-revance-rha-ha\/"},"modified":"2026-03-02T09:58:47","modified_gmt":"2026-03-02T09:58:47","slug":"relleno-revance-rha-ha","status":"publish","type":"page","link":"https:\/\/www.avanceplasticsurgery.com\/es\/tratamientos-de-spa-medicos\/inyectables-y-rellenos\/relleno-revance-rha-ha\/","title":{"rendered":"Relleno Revance RHA\u00ae HA"},"content":{"rendered":"<h1>Relleno Revance RHA\u00ae HA<\/h1>\n<p>Cuando hablas, sonr\u00edes, r\u00edes o frunces el ce\u00f1o, ciertas \u00e1reas de la cara se mueven repetitivamente. Despu\u00e9s de a\u00f1os de realizar estas expresiones faciales, comenzar\u00e1n a formarse arrugas y pliegues din\u00e1micos. Estos signos de envejecimiento a menudo se consideran indeseables, ya que las arrugas y los pliegues permanecen incluso cuando la cara est\u00e1 en reposo.<\/p>\n<p><img loading=\"lazy\" decoding=\"async\" src=\"https:\/\/www.avanceplasticsurgery.com\/wp-content\/uploads\/2021\/02\/NUDE-OPTION_RHA_Exclusive-Provider-Badge_2-300x300.png\" alt=\"Circular badge with text: \"RHA Collection Exclusive Provider\" and \"One of the first practices to offer RHA\" surrounding the inner circle.\" class=\"aligncenter wp-image-6255 size-medium\" width=\"300\" height=\"300\" srcset=\"https:\/\/www.avanceplasticsurgery.com\/wp-content\/uploads\/2021\/02\/NUDE-OPTION_RHA_Exclusive-Provider-Badge_2-300x300.png 300w, https:\/\/www.avanceplasticsurgery.com\/wp-content\/uploads\/2021\/02\/NUDE-OPTION_RHA_Exclusive-Provider-Badge_2-1024x1024.png 1024w, https:\/\/www.avanceplasticsurgery.com\/wp-content\/uploads\/2021\/02\/NUDE-OPTION_RHA_Exclusive-Provider-Badge_2-768x767.png 768w, https:\/\/www.avanceplasticsurgery.com\/wp-content\/uploads\/2021\/02\/NUDE-OPTION_RHA_Exclusive-Provider-Badge_2-192x192.png 192w, https:\/\/www.avanceplasticsurgery.com\/wp-content\/uploads\/2021\/02\/NUDE-OPTION_RHA_Exclusive-Provider-Badge_2-32x32.png 32w, https:\/\/www.avanceplasticsurgery.com\/wp-content\/uploads\/2021\/02\/NUDE-OPTION_RHA_Exclusive-Provider-Badge_2-460x460.png 460w, https:\/\/www.avanceplasticsurgery.com\/wp-content\/uploads\/2021\/02\/NUDE-OPTION_RHA_Exclusive-Provider-Badge_2.png 1043w\" sizes=\"auto, (max-width: 300px) 100vw, 300px\" \/><\/p>\n<p>Revance RHA\u00ae es una <a title=\"Reno NV Rellenos faciales Inyecciones d\u00e9rmicas\" href=\"https:\/\/www.avanceplasticsurgery.com\/es\/med-spa-treatments\/injectables-and-fillers\/\">gama de productos<\/a> que son ideales para usar en \u00e1reas de la cara que est\u00e1n continuamente en movimiento. El \u00e1cido hialur\u00f3nico (HA) existe naturalmente en el cuerpo humano. HA juega un papel en el mantenimiento de c\u00f3mo se ve y se siente la piel. Aunque el HA utilizado en RHA\u00ae no es exactamente el mismo que el que se encuentra en el cuerpo, la sustancia est\u00e1 dise\u00f1ada para imitar la sustancia real.<\/p>\n<h2>Relleno HA aprobado por la FDA para arrugas y pliegues faciales din\u00e1micos<\/h2>\n<p><img loading=\"lazy\" decoding=\"async\" src=\"https:\/\/www.avanceplasticsurgery.com\/wp-content\/uploads\/2021\/02\/RHA-Website-Image-04-350x225.jpg\" alt=\"Three women with different skin tones pose against neutral backgrounds next to text about RHA Collection, a filler designed for dynamic wrinkles, folds, and skin-like hyaluronic acid.\" class=\"aligncenter wp-image-6254 size-thumbnail\" width=\"350\" height=\"225\" \/><\/p>\n<p>Cuando se tratan arrugas y pliegues din\u00e1micos de moderados a severos, se recomienda inyectar RHA 2 y RHA 3 en la dermis media a profunda. Un ejemplo de aplicaci\u00f3n de tratamiento incluye reducir o eliminar el impacto de los pliegues nasolabiales (NLF). RHA 4 tiene las mismas aplicaciones de tratamiento pero se inyecta en la dermis profunda.<\/p>\n<p>RHA puede proporcionar una soluci\u00f3n de rejuvenecimiento si sufre de arrugas y pliegues que se han formado entre la nariz y las comisuras de la boca. Es importante compartir su historial m\u00e9dico con su m\u00e9dico antes de recibir RHA como tratamiento para las arrugas y los pliegues din\u00e1micos. Los pacientes menores de 22 a\u00f1os, embarazadas, al\u00e9rgicos o inmunocomprometidos deben divulgar dicha informaci\u00f3n en nuestras oficinas de Avance Plastic Surgery.<\/p>\n<p>En los ensayos, se demostr\u00f3 que la RHA reduce las arrugas y los pliegues en una gran cantidad de pacientes durante 12 meses o m\u00e1s. Estos resultados muestran que RHA tiene un impacto incre\u00edble en el rejuvenecimiento de la piel.<\/p>\n<p>Si est\u00e1 interesado en beneficiarse de una piel facial m\u00e1s tersa y suave, <a title=\"Comun\u00edquese con Avance Plastic Surgery en Reno NV\" href=\"https:\/\/www.avanceplasticsurgery.com\/es\/contact-us-dr-erez-dayan\/\">comun\u00edquese con Avance Plastic Surgery<\/a> en Reno, NV, hoy.<\/p>\n","protected":false},"excerpt":{"rendered":"<p>Relleno Revance RHA\u00ae HA Cuando hablas, sonr\u00edes, r\u00edes o frunces el ce\u00f1o, ciertas \u00e1reas de la cara se mueven&hellip;<\/p>\n","protected":false},"author":1,"featured_media":0,"parent":9025,"menu_order":0,"comment_status":"closed","ping_status":"closed","template":"","meta":{"_acf_changed":false,"footnotes":""},"class_list":["post-9050","page","type-page","status-publish"],"acf":[],"yoast_head":"<!-- This site is optimized with the Yoast SEO plugin v25.6 - https:\/\/yoast.com\/wordpress\/plugins\/seo\/ -->\n<title>Reno NV Revance RHA\u00ae HA Filler para arrugas y pliegues faciales din\u00e1micos<\/title>\n<meta name=\"description\" content=\"RHA\u00ae HA Filler puede reducir o eliminar las arrugas y los pliegues faciales din\u00e1micos. Llame hoy a nuestras oficinas de Reno, Nevada, para analizar sus opciones de tratamiento con un especialista en cirug\u00eda pl\u00e1stica de Avance.\" \/>\n<meta name=\"robots\" content=\"index, follow, max-snippet:-1, max-image-preview:large, max-video-preview:-1\" \/>\n<link rel=\"canonical\" href=\"https:\/\/www.avanceplasticsurgery.com\/es\/tratamientos-de-spa-medicos\/inyectables-y-rellenos\/relleno-revance-rha-ha\/\" \/>\n<meta property=\"og:locale\" content=\"es_ES\" \/>\n<meta property=\"og:type\" content=\"article\" \/>\n<meta property=\"og:title\" content=\"Reno NV Revance RHA\u00ae HA Filler para arrugas y pliegues faciales din\u00e1micos\" \/>\n<meta property=\"og:description\" content=\"RHA\u00ae HA Filler puede reducir o eliminar las arrugas y los pliegues faciales din\u00e1micos. Llame hoy a nuestras oficinas de Reno, Nevada, para analizar sus opciones de tratamiento con un especialista en cirug\u00eda pl\u00e1stica de Avance.\" \/>\n<meta property=\"og:url\" content=\"https:\/\/www.avanceplasticsurgery.com\/es\/tratamientos-de-spa-medicos\/inyectables-y-rellenos\/relleno-revance-rha-ha\/\" \/>\n<meta property=\"og:site_name\" content=\"Avance Plastic Surgery\" \/>\n<meta property=\"article:modified_time\" content=\"2026-03-02T09:58:47+00:00\" \/>\n<meta property=\"og:image\" content=\"https:\/\/www.avanceplasticsurgery.com\/wp-content\/uploads\/2021\/02\/NUDE-OPTION_RHA_Exclusive-Provider-Badge_2.png\" \/>\n\t<meta property=\"og:image:width\" content=\"1043\" \/>\n\t<meta property=\"og:image:height\" content=\"1042\" \/>\n\t<meta property=\"og:image:type\" content=\"image\/png\" \/>\n<meta name=\"twitter:card\" content=\"summary_large_image\" \/>\n<meta name=\"twitter:label1\" content=\"Tiempo de lectura\" \/>\n\t<meta name=\"twitter:data1\" content=\"2 minutos\" \/>\n<!-- \/ Yoast SEO plugin. -->","yoast_head_json":{"title":"Reno NV Revance RHA\u00ae HA Filler para arrugas y pliegues faciales din\u00e1micos","description":"RHA\u00ae HA Filler puede reducir o eliminar las arrugas y los pliegues faciales din\u00e1micos. Llame hoy a nuestras oficinas de Reno, Nevada, para analizar sus opciones de tratamiento con un especialista en cirug\u00eda pl\u00e1stica de Avance.","robots":{"index":"index","follow":"follow","max-snippet":"max-snippet:-1","max-image-preview":"max-image-preview:large","max-video-preview":"max-video-preview:-1"},"canonical":"https:\/\/www.avanceplasticsurgery.com\/es\/tratamientos-de-spa-medicos\/inyectables-y-rellenos\/relleno-revance-rha-ha\/","og_locale":"es_ES","og_type":"article","og_title":"Reno NV Revance RHA\u00ae HA Filler para arrugas y pliegues faciales din\u00e1micos","og_description":"RHA\u00ae HA Filler puede reducir o eliminar las arrugas y los pliegues faciales din\u00e1micos. Llame hoy a nuestras oficinas de Reno, Nevada, para analizar sus opciones de tratamiento con un especialista en cirug\u00eda pl\u00e1stica de Avance.","og_url":"https:\/\/www.avanceplasticsurgery.com\/es\/tratamientos-de-spa-medicos\/inyectables-y-rellenos\/relleno-revance-rha-ha\/","og_site_name":"Avance Plastic Surgery","article_modified_time":"2026-03-02T09:58:47+00:00","og_image":[{"width":1043,"height":1042,"url":"https:\/\/www.avanceplasticsurgery.com\/wp-content\/uploads\/2021\/02\/NUDE-OPTION_RHA_Exclusive-Provider-Badge_2.png","type":"image\/png"}],"twitter_card":"summary_large_image","twitter_misc":{"Tiempo de lectura":"2 minutos"},"schema":{"@context":"https:\/\/schema.org","@graph":[{"@type":"WebPage","@id":"https:\/\/www.avanceplasticsurgery.com\/es\/tratamientos-de-spa-medicos\/inyectables-y-rellenos\/relleno-revance-rha-ha\/","url":"https:\/\/www.avanceplasticsurgery.com\/es\/tratamientos-de-spa-medicos\/inyectables-y-rellenos\/relleno-revance-rha-ha\/","name":"Reno NV Revance RHA\u00ae HA Filler para arrugas y pliegues faciales din\u00e1micos","isPartOf":{"@id":"https:\/\/www.avanceplasticsurgery.com\/es\/#website"},"primaryImageOfPage":{"@id":"https:\/\/www.avanceplasticsurgery.com\/es\/tratamientos-de-spa-medicos\/inyectables-y-rellenos\/relleno-revance-rha-ha\/#primaryimage"},"image":{"@id":"https:\/\/www.avanceplasticsurgery.com\/es\/tratamientos-de-spa-medicos\/inyectables-y-rellenos\/relleno-revance-rha-ha\/#primaryimage"},"thumbnailUrl":"https:\/\/www.avanceplasticsurgery.com\/wp-content\/uploads\/2021\/02\/NUDE-OPTION_RHA_Exclusive-Provider-Badge_2-300x300.png","datePublished":"2021-02-18T14:33:40+00:00","dateModified":"2026-03-02T09:58:47+00:00","description":"RHA\u00ae HA Filler puede reducir o eliminar las arrugas y los pliegues faciales din\u00e1micos. Llame hoy a nuestras oficinas de Reno, Nevada, para analizar sus opciones de tratamiento con un especialista en cirug\u00eda pl\u00e1stica de Avance.","breadcrumb":{"@id":"https:\/\/www.avanceplasticsurgery.com\/es\/tratamientos-de-spa-medicos\/inyectables-y-rellenos\/relleno-revance-rha-ha\/#breadcrumb"},"inLanguage":"es","potentialAction":[{"@type":"ReadAction","target":["https:\/\/www.avanceplasticsurgery.com\/es\/tratamientos-de-spa-medicos\/inyectables-y-rellenos\/relleno-revance-rha-ha\/"]}]},{"@type":"ImageObject","inLanguage":"es","@id":"https:\/\/www.avanceplasticsurgery.com\/es\/tratamientos-de-spa-medicos\/inyectables-y-rellenos\/relleno-revance-rha-ha\/#primaryimage","url":"https:\/\/www.avanceplasticsurgery.com\/wp-content\/uploads\/2021\/02\/NUDE-OPTION_RHA_Exclusive-Provider-Badge_2-300x300.png","contentUrl":"https:\/\/www.avanceplasticsurgery.com\/wp-content\/uploads\/2021\/02\/NUDE-OPTION_RHA_Exclusive-Provider-Badge_2-300x300.png"},{"@type":"BreadcrumbList","@id":"https:\/\/www.avanceplasticsurgery.com\/es\/tratamientos-de-spa-medicos\/inyectables-y-rellenos\/relleno-revance-rha-ha\/#breadcrumb","itemListElement":[{"@type":"ListItem","position":1,"name":"Home","item":"https:\/\/www.avanceplasticsurgery.com\/es\/"},{"@type":"ListItem","position":2,"name":"Tratamientos de spa m\u00e9dicos","item":"https:\/\/www.avanceplasticsurgery.com\/es\/tratamientos-de-spa-medicos\/"},{"@type":"ListItem","position":3,"name":"Inyectables y Rellenos","item":"https:\/\/www.avanceplasticsurgery.com\/es\/tratamientos-de-spa-medicos\/inyectables-y-rellenos\/"},{"@type":"ListItem","position":4,"name":"Relleno Revance RHA\u00ae HA"}]},{"@type":"WebSite","@id":"https:\/\/www.avanceplasticsurgery.com\/es\/#website","url":"https:\/\/www.avanceplasticsurgery.com\/es\/","name":"Avance Plastic Surgery","description":"","potentialAction":[{"@type":"SearchAction","target":{"@type":"EntryPoint","urlTemplate":"https:\/\/www.avanceplasticsurgery.com\/es\/?s={search_term_string}"},"query-input":{"@type":"PropertyValueSpecification","valueRequired":true,"valueName":"search_term_string"}}],"inLanguage":"es"}]}},"_links":{"self":[{"href":"https:\/\/www.avanceplasticsurgery.com\/es\/wp-json\/wp\/v2\/pages\/9050","targetHints":{"allow":["GET"]}}],"collection":[{"href":"https:\/\/www.avanceplasticsurgery.com\/es\/wp-json\/wp\/v2\/pages"}],"about":[{"href":"https:\/\/www.avanceplasticsurgery.com\/es\/wp-json\/wp\/v2\/types\/page"}],"author":[{"embeddable":true,"href":"https:\/\/www.avanceplasticsurgery.com\/es\/wp-json\/wp\/v2\/users\/1"}],"replies":[{"embeddable":true,"href":"https:\/\/www.avanceplasticsurgery.com\/es\/wp-json\/wp\/v2\/comments?post=9050"}],"version-history":[{"count":4,"href":"https:\/\/www.avanceplasticsurgery.com\/es\/wp-json\/wp\/v2\/pages\/9050\/revisions"}],"predecessor-version":[{"id":14679,"href":"https:\/\/www.avanceplasticsurgery.com\/es\/wp-json\/wp\/v2\/pages\/9050\/revisions\/14679"}],"up":[{"embeddable":true,"href":"https:\/\/www.avanceplasticsurgery.com\/es\/wp-json\/wp\/v2\/pages\/9025"}],"wp:attachment":[{"href":"https:\/\/www.avanceplasticsurgery.com\/es\/wp-json\/wp\/v2\/media?parent=9050"}],"curies":[{"name":"wp","href":"https:\/\/api.w.org\/{rel}","templated":true}]}}