{"id":9053,"date":"2020-09-20T19:10:06","date_gmt":"2020-09-20T19:10:06","guid":{"rendered":"https:\/\/www.avanceplasticsurgery.com\/tratamientos-de-spa-medicos\/inyectables-y-rellenos\/radiesse\/"},"modified":"2022-04-25T12:59:53","modified_gmt":"2022-04-25T12:59:53","slug":"radiesse","status":"publish","type":"page","link":"https:\/\/www.avanceplasticsurgery.com\/es\/tratamientos-de-spa-medicos\/inyectables-y-rellenos\/radiesse\/","title":{"rendered":"Radiesse"},"content":{"rendered":"<h1>Inyecciones de Radiesse<\/h1>\n<p>Las l\u00edneas, arrugas y pliegues en la piel del rostro son signos de que la piel est\u00e1 perdiendo elasticidad y volumen debido a los bajos niveles de col\u00e1geno. Si bien el envejecimiento no se puede detener, los efectos notables se pueden minimizar. <a title=\"Reno NV Rellenos faciales Inyecciones d\u00e9rmicas\" href=\"https:\/\/www.avanceplasticsurgery.com\/es\/med-spa-treatments\/injectables-and-fillers\/\">Los rellenos faciales<\/a> ofrecen una opci\u00f3n r\u00e1pida y segura para agregar volumen y suavizar las l\u00edneas y arrugas del envejecimiento. Una opci\u00f3n que brindamos en Avance Plastic Surgery Institute en Reno\/Tahoe, NV, son las inyecciones de Radiesse, una alternativa a las inyecciones de relleno de \u00e1cido hialur\u00f3nico.<\/p>\n<p>El col\u00e1geno ayuda a que la piel luzca m\u00e1s firme y joven. La producci\u00f3n disminuye a medida que envejece, dejando su piel delgada y menos el\u00e1stica. La mayor\u00eda de los rellenos faciales est\u00e1n dise\u00f1ados para rellenar debajo de la piel para reemplazar el col\u00e1geno y la grasa. Esta es una herramienta eficaz para suavizar las l\u00edneas y arrugas o para rellenar los labios inmediatamente, pero no aborda la p\u00e9rdida de col\u00e1geno en la piel. Otros rellenos o tratamientos faciales solo estimulan el col\u00e1geno pero no ofrecen resultados r\u00e1pidos. Radiesse es el primer relleno facial que logra agregar volumen inmediato y estimular la producci\u00f3n de col\u00e1geno para una piel m\u00e1s joven.<\/p>\n<h2>Reducci\u00f3n de arrugas Radiesse<\/h2>\n<p>Las inyecciones de Radiesse contienen un gel con microesferas de hidroxiapatita de calcio (CaHA). Estas part\u00edculas agregan volumen para la reducci\u00f3n instant\u00e1nea de arrugas, pero se disipar\u00e1n y disolver\u00e1n. El cuerpo absorbe el gel con el tiempo, pero el CaHA tambi\u00e9n estimula la producci\u00f3n de col\u00e1geno. A medida que el cuerpo absorbe Radiesse, el volumen se reemplaza con col\u00e1geno natural. Las arrugas y las l\u00edneas se alisan y el proceso de envejecimiento se ralentiza durante el tratamiento. Los resultados duran un a\u00f1o o m\u00e1s antes de que se necesiten inyecciones adicionales de Radiesse.<\/p>\n<p>Si desea una reducci\u00f3n instant\u00e1nea de las arrugas con una mejora duradera de la piel gracias al aumento de los niveles de col\u00e1geno, las inyecciones de Radiesse pueden ser adecuadas para usted. Para obtener m\u00e1s informaci\u00f3n, <a title=\"P\u00f3ngase en contacto con el Instituto de Cirug\u00eda Pl\u00e1stica Avance en Reno NV\" href=\"https:\/\/www.avanceplasticsurgery.com\/es\/contact-us-dr-erez-dayan\/\">comun\u00edquese con nosotros en Avance Plastic Surgery Institute<\/a> para programar una consulta informativa sobre la piel en nuestra cl\u00ednica cerca de Lake Tahoe, NV.<\/p>\n","protected":false},"excerpt":{"rendered":"<p>Inyecciones de Radiesse Las l\u00edneas, arrugas y pliegues en la piel del rostro son signos de que la piel&hellip;<\/p>\n","protected":false},"author":1,"featured_media":0,"parent":9025,"menu_order":0,"comment_status":"closed","ping_status":"closed","template":"","meta":{"_acf_changed":false,"footnotes":""},"class_list":["post-9053","page","type-page","status-publish"],"acf":[],"yoast_head":"<!-- This site is optimized with the Yoast SEO plugin v25.6 - https:\/\/yoast.com\/wordpress\/plugins\/seo\/ -->\n<title>Inyecciones de Radiesse de Reno NV | Reducci\u00f3n de arrugas del lago Tahoe<\/title>\n<meta name=\"description\" content=\"La reducci\u00f3n de arrugas con rellenos faciales es efectiva, pero solo un relleno facial ofrece resultados inmediatos y aumenta los niveles de col\u00e1geno: las inyecciones de Radiesse. El Instituto de Cirug\u00eda Pl\u00e1stica Avance en Reno, NV, ofrece inyecciones de Radiesse para tratar las arrugas y lograr una apariencia m\u00e1s juvenil.\" \/>\n<meta name=\"robots\" content=\"index, follow, max-snippet:-1, max-image-preview:large, max-video-preview:-1\" \/>\n<link rel=\"canonical\" href=\"https:\/\/www.avanceplasticsurgery.com\/es\/tratamientos-de-spa-medicos\/inyectables-y-rellenos\/radiesse\/\" \/>\n<meta property=\"og:locale\" content=\"es_ES\" \/>\n<meta property=\"og:type\" content=\"article\" \/>\n<meta property=\"og:title\" content=\"Inyecciones de Radiesse de Reno NV | Reducci\u00f3n de arrugas del lago Tahoe\" \/>\n<meta property=\"og:description\" content=\"La reducci\u00f3n de arrugas con rellenos faciales es efectiva, pero solo un relleno facial ofrece resultados inmediatos y aumenta los niveles de col\u00e1geno: las inyecciones de Radiesse. El Instituto de Cirug\u00eda Pl\u00e1stica Avance en Reno, NV, ofrece inyecciones de Radiesse para tratar las arrugas y lograr una apariencia m\u00e1s juvenil.\" \/>\n<meta property=\"og:url\" content=\"https:\/\/www.avanceplasticsurgery.com\/es\/tratamientos-de-spa-medicos\/inyectables-y-rellenos\/radiesse\/\" \/>\n<meta property=\"og:site_name\" content=\"Avance Plastic Surgery\" \/>\n<meta property=\"article:modified_time\" content=\"2022-04-25T12:59:53+00:00\" \/>\n<meta name=\"twitter:card\" content=\"summary_large_image\" \/>\n<meta name=\"twitter:label1\" content=\"Tiempo de lectura\" \/>\n\t<meta name=\"twitter:data1\" content=\"2 minutos\" \/>\n<!-- \/ Yoast SEO plugin. -->","yoast_head_json":{"title":"Inyecciones de Radiesse de Reno NV | Reducci\u00f3n de arrugas del lago Tahoe","description":"La reducci\u00f3n de arrugas con rellenos faciales es efectiva, pero solo un relleno facial ofrece resultados inmediatos y aumenta los niveles de col\u00e1geno: las inyecciones de Radiesse. El Instituto de Cirug\u00eda Pl\u00e1stica Avance en Reno, NV, ofrece inyecciones de Radiesse para tratar las arrugas y lograr una apariencia m\u00e1s juvenil.","robots":{"index":"index","follow":"follow","max-snippet":"max-snippet:-1","max-image-preview":"max-image-preview:large","max-video-preview":"max-video-preview:-1"},"canonical":"https:\/\/www.avanceplasticsurgery.com\/es\/tratamientos-de-spa-medicos\/inyectables-y-rellenos\/radiesse\/","og_locale":"es_ES","og_type":"article","og_title":"Inyecciones de Radiesse de Reno NV | Reducci\u00f3n de arrugas del lago Tahoe","og_description":"La reducci\u00f3n de arrugas con rellenos faciales es efectiva, pero solo un relleno facial ofrece resultados inmediatos y aumenta los niveles de col\u00e1geno: las inyecciones de Radiesse. El Instituto de Cirug\u00eda Pl\u00e1stica Avance en Reno, NV, ofrece inyecciones de Radiesse para tratar las arrugas y lograr una apariencia m\u00e1s juvenil.","og_url":"https:\/\/www.avanceplasticsurgery.com\/es\/tratamientos-de-spa-medicos\/inyectables-y-rellenos\/radiesse\/","og_site_name":"Avance Plastic Surgery","article_modified_time":"2022-04-25T12:59:53+00:00","twitter_card":"summary_large_image","twitter_misc":{"Tiempo de lectura":"2 minutos"},"schema":{"@context":"https:\/\/schema.org","@graph":[{"@type":"WebPage","@id":"https:\/\/www.avanceplasticsurgery.com\/es\/tratamientos-de-spa-medicos\/inyectables-y-rellenos\/radiesse\/","url":"https:\/\/www.avanceplasticsurgery.com\/es\/tratamientos-de-spa-medicos\/inyectables-y-rellenos\/radiesse\/","name":"Inyecciones de Radiesse de Reno NV | Reducci\u00f3n de arrugas del lago Tahoe","isPartOf":{"@id":"https:\/\/www.avanceplasticsurgery.com\/es\/#website"},"datePublished":"2020-09-20T19:10:06+00:00","dateModified":"2022-04-25T12:59:53+00:00","description":"La reducci\u00f3n de arrugas con rellenos faciales es efectiva, pero solo un relleno facial ofrece resultados inmediatos y aumenta los niveles de col\u00e1geno: las inyecciones de Radiesse. El Instituto de Cirug\u00eda Pl\u00e1stica Avance en Reno, NV, ofrece inyecciones de Radiesse para tratar las arrugas y lograr una apariencia m\u00e1s juvenil.","breadcrumb":{"@id":"https:\/\/www.avanceplasticsurgery.com\/es\/tratamientos-de-spa-medicos\/inyectables-y-rellenos\/radiesse\/#breadcrumb"},"inLanguage":"es","potentialAction":[{"@type":"ReadAction","target":["https:\/\/www.avanceplasticsurgery.com\/es\/tratamientos-de-spa-medicos\/inyectables-y-rellenos\/radiesse\/"]}]},{"@type":"BreadcrumbList","@id":"https:\/\/www.avanceplasticsurgery.com\/es\/tratamientos-de-spa-medicos\/inyectables-y-rellenos\/radiesse\/#breadcrumb","itemListElement":[{"@type":"ListItem","position":1,"name":"Home","item":"https:\/\/www.avanceplasticsurgery.com\/es\/"},{"@type":"ListItem","position":2,"name":"Tratamientos de spa m\u00e9dicos","item":"https:\/\/www.avanceplasticsurgery.com\/es\/tratamientos-de-spa-medicos\/"},{"@type":"ListItem","position":3,"name":"Inyectables y Rellenos","item":"https:\/\/www.avanceplasticsurgery.com\/es\/tratamientos-de-spa-medicos\/inyectables-y-rellenos\/"},{"@type":"ListItem","position":4,"name":"Radiesse"}]},{"@type":"WebSite","@id":"https:\/\/www.avanceplasticsurgery.com\/es\/#website","url":"https:\/\/www.avanceplasticsurgery.com\/es\/","name":"Avance Plastic Surgery","description":"","potentialAction":[{"@type":"SearchAction","target":{"@type":"EntryPoint","urlTemplate":"https:\/\/www.avanceplasticsurgery.com\/es\/?s={search_term_string}"},"query-input":{"@type":"PropertyValueSpecification","valueRequired":true,"valueName":"search_term_string"}}],"inLanguage":"es"}]}},"_links":{"self":[{"href":"https:\/\/www.avanceplasticsurgery.com\/es\/wp-json\/wp\/v2\/pages\/9053","targetHints":{"allow":["GET"]}}],"collection":[{"href":"https:\/\/www.avanceplasticsurgery.com\/es\/wp-json\/wp\/v2\/pages"}],"about":[{"href":"https:\/\/www.avanceplasticsurgery.com\/es\/wp-json\/wp\/v2\/types\/page"}],"author":[{"embeddable":true,"href":"https:\/\/www.avanceplasticsurgery.com\/es\/wp-json\/wp\/v2\/users\/1"}],"replies":[{"embeddable":true,"href":"https:\/\/www.avanceplasticsurgery.com\/es\/wp-json\/wp\/v2\/comments?post=9053"}],"version-history":[{"count":1,"href":"https:\/\/www.avanceplasticsurgery.com\/es\/wp-json\/wp\/v2\/pages\/9053\/revisions"}],"predecessor-version":[{"id":9320,"href":"https:\/\/www.avanceplasticsurgery.com\/es\/wp-json\/wp\/v2\/pages\/9053\/revisions\/9320"}],"up":[{"embeddable":true,"href":"https:\/\/www.avanceplasticsurgery.com\/es\/wp-json\/wp\/v2\/pages\/9025"}],"wp:attachment":[{"href":"https:\/\/www.avanceplasticsurgery.com\/es\/wp-json\/wp\/v2\/media?parent=9053"}],"curies":[{"name":"wp","href":"https:\/\/api.w.org\/{rel}","templated":true}]}}