{"id":9054,"date":"2020-09-20T20:53:14","date_gmt":"2020-09-20T20:53:14","guid":{"rendered":"https:\/\/www.avanceplasticsurgery.com\/tratamientos-de-spa-medicos\/tratamiento-de-rinofima\/"},"modified":"2022-04-25T10:42:14","modified_gmt":"2022-04-25T10:42:14","slug":"tratamiento-de-rinofima","status":"publish","type":"page","link":"https:\/\/www.avanceplasticsurgery.com\/es\/tratamientos-de-spa-medicos\/tratamiento-de-rinofima\/","title":{"rendered":"Tratamiento de rinofima"},"content":{"rendered":"<h1>Tratamiento de rinofima<\/h1>\n<p>La piel roja, llena de baches y gruesa en la nariz es un s\u00edntoma com\u00fan de la rinofima. Esta condici\u00f3n est\u00e1 relacionada con la ros\u00e1cea, y se enfoca espec\u00edficamente en la piel de la parte inferior de la nariz. En casos severos, la rinofima puede crear una forma de nariz bulbosa y deformada que es inc\u00f3moda y desfigurante. El Dr. Erez Dayan en Avance Plastic Surgery Institute ofrece tratamiento de rinofima, incluidas <a title=\"Reno NV Med Spa Tratamientos\" href=\"https:\/\/www.avanceplasticsurgery.com\/es\/med-spa-treatments\/\">opciones no quir\u00fargicas<\/a> , en nuestra cl\u00ednica m\u00e9dica en Reno\/Tahoe, NV.<\/p>\n<h2>\u00bfQu\u00e9 causa el rinofima?<\/h2>\n<p>Se desconoce la causa exacta de la rinofima. Ocurre con mayor frecuencia en hombres, especialmente en aquellos con ros\u00e1cea no controlada. Si bien se desconoce la causa de la rinofima, es m\u00e1s com\u00fan en personas de piel clara con ros\u00e1cea: los europeos del este, los escoceses, los ingleses y los escandinavos son los grupos \u00e9tnicos m\u00e1s propensos a esta afecci\u00f3n de la piel. Los s\u00edntomas que afectan la piel de la nariz incluyen:<\/p>\n<ul>\n<li>Una apariencia amarilla y cerosa.<\/li>\n<li>piel rojiza<\/li>\n<li>poros grandes<\/li>\n<li>Gl\u00e1ndulas seb\u00e1ceas inflamadas<\/li>\n<li>Engrosamiento de la piel<\/li>\n<li>Cambio de forma: forma bulbosa en la punta de la nariz.<\/li>\n<\/ul>\n<p>Sin tratamiento, la rinofima puede desfigurar la nariz y afectar el equilibrio facial. Esto puede afectar su apariencia y confianza en s\u00ed mismo. Si bien no existe una cura para la rinofima o la ros\u00e1cea, existen tratamientos que pueden controlar la afecci\u00f3n y mejorar la apariencia de la nariz.<\/p>\n<h3>Tratamientos no quir\u00fargicos para el rinofima<\/h3>\n<p>Los casos graves de rinofima pueden requerir cirug\u00eda pl\u00e1stica para remodelar la nariz. Sin embargo, existen opciones no quir\u00fargicas para controlar la inflamaci\u00f3n de la piel y eliminar la piel m\u00e1s gruesa y llena de baches. Los medicamentos t\u00f3picos a trav\u00e9s de un dermat\u00f3logo pueden ser efectivos para controlar el rinofima. Para eliminar la piel da\u00f1ada y mejorar la apariencia de la nariz, la dermoabrasi\u00f3n y el rejuvenecimiento cut\u00e1neo con l\u00e1ser son tratamientos m\u00ednimamente invasivos que ofrecemos en Avance Plastic Surgery Institute.<\/p>\n<p>Si sufres de rinofima y quieres explorar opciones de tratamiento, te invitamos a visitarnos en Avance Plastic Surgery Institute. <a title=\"P\u00f3ngase en contacto con el Instituto de Cirug\u00eda Pl\u00e1stica Avance en Reno NV\" href=\"https:\/\/www.avanceplasticsurgery.com\/es\/contact-us-dr-erez-dayan\/\">Comun\u00edquese con nuestra cl\u00ednica<\/a> en Reno\/Tahoe, NV, para programar una consulta de tratamiento de rinofima con el Dr. Dayan.<\/p>\n","protected":false},"excerpt":{"rendered":"<p>Tratamiento de rinofima La piel roja, llena de baches y gruesa en la nariz es un s\u00edntoma com\u00fan de&hellip;<\/p>\n","protected":false},"author":1,"featured_media":0,"parent":9015,"menu_order":0,"comment_status":"closed","ping_status":"closed","template":"","meta":{"_acf_changed":false,"footnotes":""},"class_list":["post-9054","page","type-page","status-publish"],"acf":[],"yoast_head":"<!-- This site is optimized with the Yoast SEO plugin v27.4 - https:\/\/yoast.com\/product\/yoast-seo-wordpress\/ -->\n<title>Tratamiento de rinofima de Reno NV | Causas, s\u00edntomas de la rinofima del lago Tahoe<\/title>\n<meta name=\"description\" content=\"La rinofima es una afecci\u00f3n inflamatoria de la piel relacionada con la ros\u00e1cea que se dirige a la piel de la nariz y, a menudo, desfigura la forma de la nariz. Avance Plastic Surgery Institute ofrece tratamiento de rinofima no quir\u00fargico en nuestra cl\u00ednica en Reno. NEVADA.\" \/>\n<meta name=\"robots\" content=\"index, follow, max-snippet:-1, max-image-preview:large, max-video-preview:-1\" \/>\n<link rel=\"canonical\" href=\"https:\/\/www.avanceplasticsurgery.com\/es\/tratamientos-de-spa-medicos\/tratamiento-de-rinofima\/\" \/>\n<meta property=\"og:locale\" content=\"es_ES\" \/>\n<meta property=\"og:type\" content=\"article\" \/>\n<meta property=\"og:title\" content=\"Tratamiento de rinofima de Reno NV | Causas, s\u00edntomas de la rinofima del lago Tahoe\" \/>\n<meta property=\"og:description\" content=\"La rinofima es una afecci\u00f3n inflamatoria de la piel relacionada con la ros\u00e1cea que se dirige a la piel de la nariz y, a menudo, desfigura la forma de la nariz. Avance Plastic Surgery Institute ofrece tratamiento de rinofima no quir\u00fargico en nuestra cl\u00ednica en Reno. NEVADA.\" \/>\n<meta property=\"og:url\" content=\"https:\/\/www.avanceplasticsurgery.com\/es\/tratamientos-de-spa-medicos\/tratamiento-de-rinofima\/\" \/>\n<meta property=\"og:site_name\" content=\"Avance Plastic Surgery\" \/>\n<meta property=\"article:modified_time\" content=\"2022-04-25T10:42:14+00:00\" \/>\n<meta name=\"twitter:card\" content=\"summary_large_image\" \/>\n<meta name=\"twitter:label1\" content=\"Tiempo de lectura\" \/>\n\t<meta name=\"twitter:data1\" content=\"2 minutos\" \/>\n<!-- \/ Yoast SEO plugin. -->","yoast_head_json":{"title":"Tratamiento de rinofima de Reno NV | Causas, s\u00edntomas de la rinofima del lago Tahoe","description":"La rinofima es una afecci\u00f3n inflamatoria de la piel relacionada con la ros\u00e1cea que se dirige a la piel de la nariz y, a menudo, desfigura la forma de la nariz. Avance Plastic Surgery Institute ofrece tratamiento de rinofima no quir\u00fargico en nuestra cl\u00ednica en Reno. NEVADA.","robots":{"index":"index","follow":"follow","max-snippet":"max-snippet:-1","max-image-preview":"max-image-preview:large","max-video-preview":"max-video-preview:-1"},"canonical":"https:\/\/www.avanceplasticsurgery.com\/es\/tratamientos-de-spa-medicos\/tratamiento-de-rinofima\/","og_locale":"es_ES","og_type":"article","og_title":"Tratamiento de rinofima de Reno NV | Causas, s\u00edntomas de la rinofima del lago Tahoe","og_description":"La rinofima es una afecci\u00f3n inflamatoria de la piel relacionada con la ros\u00e1cea que se dirige a la piel de la nariz y, a menudo, desfigura la forma de la nariz. Avance Plastic Surgery Institute ofrece tratamiento de rinofima no quir\u00fargico en nuestra cl\u00ednica en Reno. NEVADA.","og_url":"https:\/\/www.avanceplasticsurgery.com\/es\/tratamientos-de-spa-medicos\/tratamiento-de-rinofima\/","og_site_name":"Avance Plastic Surgery","article_modified_time":"2022-04-25T10:42:14+00:00","twitter_card":"summary_large_image","twitter_misc":{"Tiempo de lectura":"2 minutos"},"schema":{"@context":"https:\/\/schema.org","@graph":[{"@type":"WebPage","@id":"https:\/\/www.avanceplasticsurgery.com\/es\/tratamientos-de-spa-medicos\/tratamiento-de-rinofima\/","url":"https:\/\/www.avanceplasticsurgery.com\/es\/tratamientos-de-spa-medicos\/tratamiento-de-rinofima\/","name":"Tratamiento de rinofima de Reno NV | Causas, s\u00edntomas de la rinofima del lago Tahoe","isPartOf":{"@id":"https:\/\/www.avanceplasticsurgery.com\/es\/#website"},"datePublished":"2020-09-20T20:53:14+00:00","dateModified":"2022-04-25T10:42:14+00:00","description":"La rinofima es una afecci\u00f3n inflamatoria de la piel relacionada con la ros\u00e1cea que se dirige a la piel de la nariz y, a menudo, desfigura la forma de la nariz. Avance Plastic Surgery Institute ofrece tratamiento de rinofima no quir\u00fargico en nuestra cl\u00ednica en Reno. NEVADA.","breadcrumb":{"@id":"https:\/\/www.avanceplasticsurgery.com\/es\/tratamientos-de-spa-medicos\/tratamiento-de-rinofima\/#breadcrumb"},"inLanguage":"es","potentialAction":[{"@type":"ReadAction","target":["https:\/\/www.avanceplasticsurgery.com\/es\/tratamientos-de-spa-medicos\/tratamiento-de-rinofima\/"]}]},{"@type":"BreadcrumbList","@id":"https:\/\/www.avanceplasticsurgery.com\/es\/tratamientos-de-spa-medicos\/tratamiento-de-rinofima\/#breadcrumb","itemListElement":[{"@type":"ListItem","position":1,"name":"Home","item":"https:\/\/www.avanceplasticsurgery.com\/es\/"},{"@type":"ListItem","position":2,"name":"Tratamientos de spa m\u00e9dicos","item":"https:\/\/www.avanceplasticsurgery.com\/es\/tratamientos-de-spa-medicos\/"},{"@type":"ListItem","position":3,"name":"Tratamiento de rinofima"}]},{"@type":"WebSite","@id":"https:\/\/www.avanceplasticsurgery.com\/es\/#website","url":"https:\/\/www.avanceplasticsurgery.com\/es\/","name":"Avance Plastic Surgery","description":"","potentialAction":[{"@type":"SearchAction","target":{"@type":"EntryPoint","urlTemplate":"https:\/\/www.avanceplasticsurgery.com\/es\/?s={search_term_string}"},"query-input":{"@type":"PropertyValueSpecification","valueRequired":true,"valueName":"search_term_string"}}],"inLanguage":"es"}]}},"_links":{"self":[{"href":"https:\/\/www.avanceplasticsurgery.com\/es\/wp-json\/wp\/v2\/pages\/9054","targetHints":{"allow":["GET"]}}],"collection":[{"href":"https:\/\/www.avanceplasticsurgery.com\/es\/wp-json\/wp\/v2\/pages"}],"about":[{"href":"https:\/\/www.avanceplasticsurgery.com\/es\/wp-json\/wp\/v2\/types\/page"}],"author":[{"embeddable":true,"href":"https:\/\/www.avanceplasticsurgery.com\/es\/wp-json\/wp\/v2\/users\/1"}],"replies":[{"embeddable":true,"href":"https:\/\/www.avanceplasticsurgery.com\/es\/wp-json\/wp\/v2\/comments?post=9054"}],"version-history":[{"count":1,"href":"https:\/\/www.avanceplasticsurgery.com\/es\/wp-json\/wp\/v2\/pages\/9054\/revisions"}],"predecessor-version":[{"id":9142,"href":"https:\/\/www.avanceplasticsurgery.com\/es\/wp-json\/wp\/v2\/pages\/9054\/revisions\/9142"}],"up":[{"embeddable":true,"href":"https:\/\/www.avanceplasticsurgery.com\/es\/wp-json\/wp\/v2\/pages\/9015"}],"wp:attachment":[{"href":"https:\/\/www.avanceplasticsurgery.com\/es\/wp-json\/wp\/v2\/media?parent=9054"}],"curies":[{"name":"wp","href":"https:\/\/api.w.org\/{rel}","templated":true}]}}