{"id":9055,"date":"2021-04-17T14:34:27","date_gmt":"2021-04-17T14:34:27","guid":{"rendered":"https:\/\/www.avanceplasticsurgery.com\/tratamientos-de-spa-medicos\/contorno-facial-no-invasivo-evoke-de-inmode\/"},"modified":"2023-05-01T19:16:07","modified_gmt":"2023-05-01T19:16:07","slug":"contorno-facial-no-invasivo-evoke-de-inmode","status":"publish","type":"page","link":"https:\/\/www.avanceplasticsurgery.com\/es\/tratamientos-de-spa-medicos\/contorno-facial-no-invasivo-evoke-de-inmode\/","title":{"rendered":"Contorno facial no invasivo &#8211; EVOKE de InMode"},"content":{"rendered":"<h1>Contorno facial no invasivo<\/h1>\n<p>Transforma tu apariencia facial con EVOKE de InMode, un <a title=\"Reno NV Med Spa Tratamientos\" href=\"https:\/\/www.avanceplasticsurgery.com\/es\/med-spa-treatments\/\">tratamiento no quir\u00fargico y no invasivo<\/a> que remodela, contornea y tonifica tu rostro y cuello. La energ\u00eda de radiofrecuencia bipolar (RF) se emite con aplicadores de manos libres para transformar su rostro y cuello. Los resultados son m\u00e1s definici\u00f3n y una apariencia tonificada y m\u00e1s juvenil.<\/p>\n<button class=\"flc-yt lazyload\" data-id=\"M5SBuRCWu5w\" data-title=\"Truths About CoolSculpting | Avance Plastic Surgery: Dr. Erez Dayan | Reno, Tahoe, NV\" data-bg=\"https:\/\/i.ytimg.com\/vi\/M5SBuRCWu5w\/hqdefault.jpg\" aria-label=\"Play video Truths About CoolSculpting | Avance Plastic Surgery: Dr. Erez Dayan | Reno, Tahoe, NV\">  <div class=\"flc-yt__title\">Truths About CoolSculpting | Avance Plastic Surgery: Dr. Erez Dayan | Reno, Tahoe, NV<\/div>  <span class=\"flc-yt__play\">    <svg viewBox=\"0 0 68 48\" xmlns=\"http:\/\/www.w3.org\/2000\/svg\" aria-hidden=\"true\"><path d=\"M66.5 7.8A8.5 8.5 0 0 0 60.6 2C55.3.5 34 .5 34 .5S12.7.5 7.4 2A8.5 8.5 0 0 0 1.5 7.8C0 13.1 0 24 0 24s0 10.9 1.5 16.2A8.5 8.5 0 0 0 7.4 46C12.7 47.5 34 47.5 34 47.5s21.3 0 26.6-1.5a8.5 8.5 0 0 0 5.9-5.8C68 34.9 68 24 68 24s0-10.9-1.5-16.2Z\" fill=\"#f00\"\/><path d=\"M27 34l18-10-18-10v20Z\" fill=\"#fff\"\/><\/svg>  <\/span><\/button>\n<h2>C\u00f3mo funciona<\/h2>\n<p>El tratamiento se administra a trav\u00e9s de aplicadores de manos libres, que se colocan en las mejillas y la l\u00ednea de la mand\u00edbula o el cuello. Entregan flujos constantes de energ\u00eda de RF bipolar a las \u00e1reas espec\u00edficas. La energ\u00eda t\u00e9rmica penetra en la superficie de la piel y calienta la red fibroseptal que se encuentra debajo. Los aplicadores mantienen una cierta temperatura mientras reestructuran el tejido graso subcut\u00e1neo y la superficie de la piel. El resultado es un cuello y una mand\u00edbula efectivamente contorneados. EVOKE es seguro y eficaz.<\/p>\n<p>Los tratamientos duran de 20 a 45 minutos, dependiendo de sus objetivos. Los planes de tratamiento se adaptan a sus necesidades y expectativas. Para obtener los m\u00e1ximos beneficios, es posible que necesite de tres a seis sesiones a intervalos semanales. Deber\u00eda notar una piel m\u00e1s firme y tersa a medida que contin\u00faan los tratamientos.<\/p>\n<button class=\"flc-yt lazyload\" data-id=\"7OUvNJa6Hbo\" data-title=\"Combo Evoque - Dr. Erez Dayan\" data-bg=\"https:\/\/i.ytimg.com\/vi\/7OUvNJa6Hbo\/hqdefault.jpg\" aria-label=\"Play video Combo Evoque - Dr. Erez Dayan\">  <div class=\"flc-yt__title\">Combo Evoque - Dr. Erez Dayan<\/div>  <span class=\"flc-yt__play\">    <svg viewBox=\"0 0 68 48\" xmlns=\"http:\/\/www.w3.org\/2000\/svg\" aria-hidden=\"true\"><path d=\"M66.5 7.8A8.5 8.5 0 0 0 60.6 2C55.3.5 34 .5 34 .5S12.7.5 7.4 2A8.5 8.5 0 0 0 1.5 7.8C0 13.1 0 24 0 24s0 10.9 1.5 16.2A8.5 8.5 0 0 0 7.4 46C12.7 47.5 34 47.5 34 47.5s21.3 0 26.6-1.5a8.5 8.5 0 0 0 5.9-5.8C68 34.9 68 24 68 24s0-10.9-1.5-16.2Z\" fill=\"#f00\"\/><path d=\"M27 34l18-10-18-10v20Z\" fill=\"#fff\"\/><\/svg>  <\/span><\/button>\n<h3>Ventajas de EVOKE<\/h3>\n<p>Hay varias ventajas con el m\u00e9todo EVOKE de contorno facial:<\/p>\n<ul>\n<li>Es indoloro y c\u00f3modo con una aplicaci\u00f3n de manos libres. Puede relajarse, leer un libro o tomar una siesta mientras recibe tratamiento.<\/li>\n<li>Ver\u00e1s resultados inmediatos con m\u00e1s tono y definici\u00f3n en tu rostro y cuello.<\/li>\n<li>Los resultados parecen naturales, no artificiales.<\/li>\n<li>Evoke es un tratamiento seguro, no quir\u00fargico y no invasivo que utiliza solo energ\u00eda t\u00e9rmica en \u00e1reas espec\u00edficas para producir los resultados deseados.<\/li>\n<li>Los efectos secundarios son m\u00ednimos y temporales: generalmente se produce un enrojecimiento leve, que generalmente desaparece en unas horas.<\/li>\n<li>A diferencia de los tratamientos m\u00e1s invasivos, no hay tiempo de inactividad con EVOKE. H\u00e1gase su tratamiento, luego reanude sus actividades.<\/li>\n<\/ul>\n<p>Los tratamientos EVOKE brindan resultados para todas las edades y todos los tipos de piel. Si experimenta laxitud de la piel o tiene exceso de piel o tejido graso en la cara o el cuello, considere los tratamientos EVOKE.<\/p>\n<p><a title=\"Contacto Contacto Instituto de Cirug\u00eda Pl\u00e1stica Avance en Reno NV\" href=\"https:\/\/www.avanceplasticsurgery.com\/es\/contact-us-dr-erez-dayan\/\">Comun\u00edquese con Avance Plastic Surgery Institute<\/a> y programe una cita de consulta con nosotros. Podemos ayudarte a lucir a\u00f1os m\u00e1s joven.<\/p>\n","protected":false},"excerpt":{"rendered":"<p>Contorno facial no invasivo Transforma tu apariencia facial con EVOKE de InMode, un tratamiento no quir\u00fargico y no invasivo&hellip;<\/p>\n","protected":false},"author":1,"featured_media":0,"parent":9015,"menu_order":0,"comment_status":"closed","ping_status":"closed","template":"","meta":{"_acf_changed":false,"footnotes":""},"class_list":["post-9055","page","type-page","status-publish"],"acf":[],"yoast_head":"<!-- This site is optimized with the Yoast SEO plugin v25.6 - https:\/\/yoast.com\/wordpress\/plugins\/seo\/ -->\n<title>Reno NV Contorno facial no quir\u00fargico | Realce facial InMode Evoke Lake Tahoe<\/title>\n<meta name=\"description\" content=\"Evoke de InMode produce resultados inmediatos para el contorno facial. Desh\u00e1gase de la papada y los dep\u00f3sitos de grasa sueltos en la cara y el cuello con este tratamiento no quir\u00fargico y no invasivo. Llame hoy al Instituto de Cirug\u00eda Pl\u00e1stica Avance para programar su cita de consulta.\" \/>\n<meta name=\"robots\" content=\"index, follow, max-snippet:-1, max-image-preview:large, max-video-preview:-1\" \/>\n<link rel=\"canonical\" href=\"https:\/\/www.avanceplasticsurgery.com\/es\/tratamientos-de-spa-medicos\/contorno-facial-no-invasivo-evoke-de-inmode\/\" \/>\n<meta property=\"og:locale\" content=\"es_ES\" \/>\n<meta property=\"og:type\" content=\"article\" \/>\n<meta property=\"og:title\" content=\"Reno NV Contorno facial no quir\u00fargico | Realce facial InMode Evoke Lake Tahoe\" \/>\n<meta property=\"og:description\" content=\"Evoke de InMode produce resultados inmediatos para el contorno facial. Desh\u00e1gase de la papada y los dep\u00f3sitos de grasa sueltos en la cara y el cuello con este tratamiento no quir\u00fargico y no invasivo. Llame hoy al Instituto de Cirug\u00eda Pl\u00e1stica Avance para programar su cita de consulta.\" \/>\n<meta property=\"og:url\" content=\"https:\/\/www.avanceplasticsurgery.com\/es\/tratamientos-de-spa-medicos\/contorno-facial-no-invasivo-evoke-de-inmode\/\" \/>\n<meta property=\"og:site_name\" content=\"Avance Plastic Surgery\" \/>\n<meta property=\"article:modified_time\" content=\"2023-05-01T19:16:07+00:00\" \/>\n<meta name=\"twitter:card\" content=\"summary_large_image\" \/>\n<meta name=\"twitter:label1\" content=\"Tiempo de lectura\" \/>\n\t<meta name=\"twitter:data1\" content=\"2 minutos\" \/>\n<!-- \/ Yoast SEO plugin. -->","yoast_head_json":{"title":"Reno NV Contorno facial no quir\u00fargico | Realce facial InMode Evoke Lake Tahoe","description":"Evoke de InMode produce resultados inmediatos para el contorno facial. Desh\u00e1gase de la papada y los dep\u00f3sitos de grasa sueltos en la cara y el cuello con este tratamiento no quir\u00fargico y no invasivo. Llame hoy al Instituto de Cirug\u00eda Pl\u00e1stica Avance para programar su cita de consulta.","robots":{"index":"index","follow":"follow","max-snippet":"max-snippet:-1","max-image-preview":"max-image-preview:large","max-video-preview":"max-video-preview:-1"},"canonical":"https:\/\/www.avanceplasticsurgery.com\/es\/tratamientos-de-spa-medicos\/contorno-facial-no-invasivo-evoke-de-inmode\/","og_locale":"es_ES","og_type":"article","og_title":"Reno NV Contorno facial no quir\u00fargico | Realce facial InMode Evoke Lake Tahoe","og_description":"Evoke de InMode produce resultados inmediatos para el contorno facial. Desh\u00e1gase de la papada y los dep\u00f3sitos de grasa sueltos en la cara y el cuello con este tratamiento no quir\u00fargico y no invasivo. Llame hoy al Instituto de Cirug\u00eda Pl\u00e1stica Avance para programar su cita de consulta.","og_url":"https:\/\/www.avanceplasticsurgery.com\/es\/tratamientos-de-spa-medicos\/contorno-facial-no-invasivo-evoke-de-inmode\/","og_site_name":"Avance Plastic Surgery","article_modified_time":"2023-05-01T19:16:07+00:00","twitter_card":"summary_large_image","twitter_misc":{"Tiempo de lectura":"2 minutos"},"schema":{"@context":"https:\/\/schema.org","@graph":[{"@type":"WebPage","@id":"https:\/\/www.avanceplasticsurgery.com\/es\/tratamientos-de-spa-medicos\/contorno-facial-no-invasivo-evoke-de-inmode\/","url":"https:\/\/www.avanceplasticsurgery.com\/es\/tratamientos-de-spa-medicos\/contorno-facial-no-invasivo-evoke-de-inmode\/","name":"Reno NV Contorno facial no quir\u00fargico | Realce facial InMode Evoke Lake Tahoe","isPartOf":{"@id":"https:\/\/www.avanceplasticsurgery.com\/es\/#website"},"datePublished":"2021-04-17T14:34:27+00:00","dateModified":"2023-05-01T19:16:07+00:00","description":"Evoke de InMode produce resultados inmediatos para el contorno facial. Desh\u00e1gase de la papada y los dep\u00f3sitos de grasa sueltos en la cara y el cuello con este tratamiento no quir\u00fargico y no invasivo. Llame hoy al Instituto de Cirug\u00eda Pl\u00e1stica Avance para programar su cita de consulta.","breadcrumb":{"@id":"https:\/\/www.avanceplasticsurgery.com\/es\/tratamientos-de-spa-medicos\/contorno-facial-no-invasivo-evoke-de-inmode\/#breadcrumb"},"inLanguage":"es","potentialAction":[{"@type":"ReadAction","target":["https:\/\/www.avanceplasticsurgery.com\/es\/tratamientos-de-spa-medicos\/contorno-facial-no-invasivo-evoke-de-inmode\/"]}]},{"@type":"BreadcrumbList","@id":"https:\/\/www.avanceplasticsurgery.com\/es\/tratamientos-de-spa-medicos\/contorno-facial-no-invasivo-evoke-de-inmode\/#breadcrumb","itemListElement":[{"@type":"ListItem","position":1,"name":"Home","item":"https:\/\/www.avanceplasticsurgery.com\/es\/"},{"@type":"ListItem","position":2,"name":"Tratamientos de spa m\u00e9dicos","item":"https:\/\/www.avanceplasticsurgery.com\/es\/tratamientos-de-spa-medicos\/"},{"@type":"ListItem","position":3,"name":"Contorno facial no invasivo &#8211; EVOKE de InMode"}]},{"@type":"WebSite","@id":"https:\/\/www.avanceplasticsurgery.com\/es\/#website","url":"https:\/\/www.avanceplasticsurgery.com\/es\/","name":"Avance Plastic Surgery","description":"","potentialAction":[{"@type":"SearchAction","target":{"@type":"EntryPoint","urlTemplate":"https:\/\/www.avanceplasticsurgery.com\/es\/?s={search_term_string}"},"query-input":{"@type":"PropertyValueSpecification","valueRequired":true,"valueName":"search_term_string"}}],"inLanguage":"es"}]}},"_links":{"self":[{"href":"https:\/\/www.avanceplasticsurgery.com\/es\/wp-json\/wp\/v2\/pages\/9055","targetHints":{"allow":["GET"]}}],"collection":[{"href":"https:\/\/www.avanceplasticsurgery.com\/es\/wp-json\/wp\/v2\/pages"}],"about":[{"href":"https:\/\/www.avanceplasticsurgery.com\/es\/wp-json\/wp\/v2\/types\/page"}],"author":[{"embeddable":true,"href":"https:\/\/www.avanceplasticsurgery.com\/es\/wp-json\/wp\/v2\/users\/1"}],"replies":[{"embeddable":true,"href":"https:\/\/www.avanceplasticsurgery.com\/es\/wp-json\/wp\/v2\/comments?post=9055"}],"version-history":[{"count":3,"href":"https:\/\/www.avanceplasticsurgery.com\/es\/wp-json\/wp\/v2\/pages\/9055\/revisions"}],"predecessor-version":[{"id":10433,"href":"https:\/\/www.avanceplasticsurgery.com\/es\/wp-json\/wp\/v2\/pages\/9055\/revisions\/10433"}],"up":[{"embeddable":true,"href":"https:\/\/www.avanceplasticsurgery.com\/es\/wp-json\/wp\/v2\/pages\/9015"}],"wp:attachment":[{"href":"https:\/\/www.avanceplasticsurgery.com\/es\/wp-json\/wp\/v2\/media?parent=9055"}],"curies":[{"name":"wp","href":"https:\/\/api.w.org\/{rel}","templated":true}]}}