{"id":9056,"date":"2021-04-17T14:46:48","date_gmt":"2021-04-17T14:46:48","guid":{"rendered":"https:\/\/www.avanceplasticsurgery.com\/tratamientos-de-spa-medicos\/contorno-corporal-no-invasivo-evolve-by-inmode\/"},"modified":"2023-05-01T19:15:54","modified_gmt":"2023-05-01T19:15:54","slug":"contorno-corporal-no-invasivo-evolve-by-inmode","status":"publish","type":"page","link":"https:\/\/www.avanceplasticsurgery.com\/es\/tratamientos-de-spa-medicos\/contorno-corporal-no-invasivo-evolve-by-inmode\/","title":{"rendered":"Contorno corporal no invasivo &#8211; EVOLVE By InMode"},"content":{"rendered":"<h1>Contorno corporal no invasivo<\/h1>\n<p>La p\u00e9rdida de peso puede ser una aventura gratificante hasta que llegue a esos \u00faltimos kilos obstinados que no parecen ceder. Ha trabajado duro para cambiar su estilo de vida y crear el cuerpo que desea. Ahora tiene ayuda para alcanzar su meta y lograr que su cuerpo est\u00e9 en su mejor forma. Evolve by InMode lo ayuda a lograr la apariencia que desea con un contorno corporal no invasivo y no quir\u00fargico.<\/p>\n<div class=\"row\">\n<div class=\"col-md-6\"><button class=\"flc-yt lazyload\" data-id=\"KFlCt9kW_Ps\" data-title=\"Contorno corporal Evolve - Dr. Erez Dayan\" data-bg=\"https:\/\/i.ytimg.com\/vi\/KFlCt9kW_Ps\/hqdefault.jpg\" aria-label=\"Play video Contorno corporal Evolve - Dr. Erez Dayan\">  <div class=\"flc-yt__title\">Contorno corporal Evolve - Dr. Erez Dayan<\/div>  <span class=\"flc-yt__play\">    <svg viewBox=\"0 0 68 48\" xmlns=\"http:\/\/www.w3.org\/2000\/svg\" aria-hidden=\"true\"><path d=\"M66.5 7.8A8.5 8.5 0 0 0 60.6 2C55.3.5 34 .5 34 .5S12.7.5 7.4 2A8.5 8.5 0 0 0 1.5 7.8C0 13.1 0 24 0 24s0 10.9 1.5 16.2A8.5 8.5 0 0 0 7.4 46C12.7 47.5 34 47.5 34 47.5s21.3 0 26.6-1.5a8.5 8.5 0 0 0 5.9-5.8C68 34.9 68 24 68 24s0-10.9-1.5-16.2Z\" fill=\"#f00\"\/><path d=\"M27 34l18-10-18-10v20Z\" fill=\"#fff\"\/><\/svg>  <\/span><\/button><\/div>\n<div class=\"col-md-6\"><button class=\"flc-yt lazyload\" data-id=\"M5SBuRCWu5w\" data-title=\"Truths About CoolSculpting | Avance Plastic Surgery: Dr. Erez Dayan | Reno, Tahoe, NV\" data-bg=\"https:\/\/i.ytimg.com\/vi\/M5SBuRCWu5w\/hqdefault.jpg\" aria-label=\"Play video Truths About CoolSculpting | Avance Plastic Surgery: Dr. Erez Dayan | Reno, Tahoe, NV\">  <div class=\"flc-yt__title\">Truths About CoolSculpting | Avance Plastic Surgery: Dr. Erez Dayan | Reno, Tahoe, NV<\/div>  <span class=\"flc-yt__play\">    <svg viewBox=\"0 0 68 48\" xmlns=\"http:\/\/www.w3.org\/2000\/svg\" aria-hidden=\"true\"><path d=\"M66.5 7.8A8.5 8.5 0 0 0 60.6 2C55.3.5 34 .5 34 .5S12.7.5 7.4 2A8.5 8.5 0 0 0 1.5 7.8C0 13.1 0 24 0 24s0 10.9 1.5 16.2A8.5 8.5 0 0 0 7.4 46C12.7 47.5 34 47.5 34 47.5s21.3 0 26.6-1.5a8.5 8.5 0 0 0 5.9-5.8C68 34.9 68 24 68 24s0-10.9-1.5-16.2Z\" fill=\"#f00\"\/><path d=\"M27 34l18-10-18-10v20Z\" fill=\"#fff\"\/><\/svg>  <\/span><\/button><\/div>\n<\/div>\n<p>Este <a title=\"Reno NV Med Spa Tratamientos\" href=\"https:\/\/www.avanceplasticsurgery.com\/es\/med-spa-treatments\/\">innovador procedimiento de contorno corporal<\/a> utiliza un dispositivo de manos libres que emite radiofrecuencia para destruir las c\u00e9lulas grasas y tensar la piel. El ejercicio solo puede hacer mucho para darle las curvas y la definici\u00f3n que ha trabajado tan duro para lograr. Hacer dieta no ayudar\u00e1 a eliminar esas \u00faltimas bolsas de grasa en ciertas \u00e1reas, pero Evolve puede hacerlo.<\/p>\n<p>Cuando tienes irregularidades en la textura y celulitis que estropean tu apariencia perfecta, la tecnolog\u00eda no invasiva de Evolve puede ayudarte a reducir los bultos y protuberancias, tensar y suavizar tu piel para que luzca y se sienta m\u00e1s firme y atractiva.<\/p>\n<h2>C\u00f3mo funciona<\/h2>\n<p>Evolve utiliza energ\u00eda de radiofrecuencia para coagular las c\u00e9lulas grasas. La energ\u00eda tambi\u00e9n tonifica los m\u00fasculos y remodela la piel. Puede sentarse y relajarse mientras los aplicadores hacen todo el trabajo. Una vez que est\u00e1n en su lugar, durante los siguientes 30 a 60 minutos, las ondas de radiofrecuencia penetran en la superficie de la piel de las \u00e1reas espec\u00edficas y elevan suavemente la temperatura de los tejidos adiposos que se encuentran debajo.<\/p>\n<div class=\"row\">\n<div class=\"col-md-6\"><button class=\"flc-yt lazyload\" data-id=\"CHf86vPgI1Y\" data-title=\"Contorno corporal no invasivo EVOLVE\" data-bg=\"https:\/\/i.ytimg.com\/vi\/CHf86vPgI1Y\/hqdefault.jpg\" aria-label=\"Play video Contorno corporal no invasivo EVOLVE\">  <div class=\"flc-yt__title\">Contorno corporal no invasivo EVOLVE<\/div>  <span class=\"flc-yt__play\">    <svg viewBox=\"0 0 68 48\" xmlns=\"http:\/\/www.w3.org\/2000\/svg\" aria-hidden=\"true\"><path d=\"M66.5 7.8A8.5 8.5 0 0 0 60.6 2C55.3.5 34 .5 34 .5S12.7.5 7.4 2A8.5 8.5 0 0 0 1.5 7.8C0 13.1 0 24 0 24s0 10.9 1.5 16.2A8.5 8.5 0 0 0 7.4 46C12.7 47.5 34 47.5 34 47.5s21.3 0 26.6-1.5a8.5 8.5 0 0 0 5.9-5.8C68 34.9 68 24 68 24s0-10.9-1.5-16.2Z\" fill=\"#f00\"\/><path d=\"M27 34l18-10-18-10v20Z\" fill=\"#fff\"\/><\/svg>  <\/span><\/button><\/div>\n<div class=\"col-md-6\"><button class=\"flc-yt lazyload\" data-id=\"hVxfIYAzqEM\" data-title=\"EVOLVE Contorno corporal no invasivo de InMode\" data-bg=\"https:\/\/i.ytimg.com\/vi\/hVxfIYAzqEM\/hqdefault.jpg\" aria-label=\"Play video EVOLVE Contorno corporal no invasivo de InMode\">  <div class=\"flc-yt__title\">EVOLVE Contorno corporal no invasivo de InMode<\/div>  <span class=\"flc-yt__play\">    <svg viewBox=\"0 0 68 48\" xmlns=\"http:\/\/www.w3.org\/2000\/svg\" aria-hidden=\"true\"><path d=\"M66.5 7.8A8.5 8.5 0 0 0 60.6 2C55.3.5 34 .5 34 .5S12.7.5 7.4 2A8.5 8.5 0 0 0 1.5 7.8C0 13.1 0 24 0 24s0 10.9 1.5 16.2A8.5 8.5 0 0 0 7.4 46C12.7 47.5 34 47.5 34 47.5s21.3 0 26.6-1.5a8.5 8.5 0 0 0 5.9-5.8C68 34.9 68 24 68 24s0-10.9-1.5-16.2Z\" fill=\"#f00\"\/><path d=\"M27 34l18-10-18-10v20Z\" fill=\"#fff\"\/><\/svg>  <\/span><\/button><\/div>\n<\/div>\n<p>Si tiene celulitis o \u00e1reas de grasa que no desaparecen, Evolve puede ser justo lo que necesita. Evolve es una forma segura, no quir\u00fargica y no invasiva de lograr la escultura corporal que deseas.<\/p>\n<h3>Evolve trata \u00e1reas problem\u00e1ticas comunes<\/h3>\n<p>Hombres y mujeres aprecian la versatilidad de Evolve para tratar aquellas \u00e1reas que son m\u00e1s dif\u00edciles de esculpir. \u00c9stos incluyen:<\/p>\n<ul>\n<li>Espalda baja<\/li>\n<li>Parte superior de los brazos<\/li>\n<li>Caderas<\/li>\n<li>Abdomen y flancos<\/li>\n<\/ul>\n<p>Di adi\u00f3s a tus alas de murci\u00e9lago, alforjas, tapas de panecillos y manijas de amor. Evolve destruye la grasa, tensa la piel y tonifica los m\u00fasculos para que puedas tener el cuerpo hermoso que te mereces.<\/p>\n<p>Obt\u00e9n m\u00e1s informaci\u00f3n sobre Evolve y lo bien que puedes lucir. <a title=\"Contacto Contacto Instituto de Cirug\u00eda Pl\u00e1stica Avance en Reno NV\" href=\"https:\/\/www.avanceplasticsurgery.com\/es\/contact-us-dr-erez-dayan\/\">Programe una cita de consulta<\/a> con Avance Plastic Surgery Institute y obtenga m\u00e1s informaci\u00f3n sobre esta tecnolog\u00eda no quir\u00fargica y no invasiva.<\/p>\n","protected":false},"excerpt":{"rendered":"<p>Contorno corporal no invasivo La p\u00e9rdida de peso puede ser una aventura gratificante hasta que llegue a esos \u00faltimos&hellip;<\/p>\n","protected":false},"author":1,"featured_media":0,"parent":9015,"menu_order":0,"comment_status":"closed","ping_status":"closed","template":"","meta":{"_acf_changed":false,"footnotes":""},"class_list":["post-9056","page","type-page","status-publish"],"acf":[],"yoast_head":"<!-- This site is optimized with the Yoast SEO plugin v27.4 - https:\/\/yoast.com\/product\/yoast-seo-wordpress\/ -->\n<title>Reno NV Contorno corporal no invasivo | Esculpir el cuerpo de Lake Tahoe Evolve<\/title>\n<meta name=\"description\" content=\"Contornee su cuerpo y destruya las c\u00e9lulas grasas con el tratamiento Evolve de InMode. La radiofrecuencia se utiliza para eliminar las c\u00e9lulas grasas y tensar la piel. Este tratamiento de manos libres, no invasivo y no quir\u00fargico ofrece resultados. Llame al Instituto de Cirug\u00eda Pl\u00e1stica Avance para programar una consulta.\" \/>\n<meta name=\"robots\" content=\"index, follow, max-snippet:-1, max-image-preview:large, max-video-preview:-1\" \/>\n<link rel=\"canonical\" href=\"https:\/\/www.avanceplasticsurgery.com\/es\/tratamientos-de-spa-medicos\/contorno-corporal-no-invasivo-evolve-by-inmode\/\" \/>\n<meta property=\"og:locale\" content=\"es_ES\" \/>\n<meta property=\"og:type\" content=\"article\" \/>\n<meta property=\"og:title\" content=\"Reno NV Contorno corporal no invasivo | Esculpir el cuerpo de Lake Tahoe Evolve\" \/>\n<meta property=\"og:description\" content=\"Contornee su cuerpo y destruya las c\u00e9lulas grasas con el tratamiento Evolve de InMode. La radiofrecuencia se utiliza para eliminar las c\u00e9lulas grasas y tensar la piel. Este tratamiento de manos libres, no invasivo y no quir\u00fargico ofrece resultados. Llame al Instituto de Cirug\u00eda Pl\u00e1stica Avance para programar una consulta.\" \/>\n<meta property=\"og:url\" content=\"https:\/\/www.avanceplasticsurgery.com\/es\/tratamientos-de-spa-medicos\/contorno-corporal-no-invasivo-evolve-by-inmode\/\" \/>\n<meta property=\"og:site_name\" content=\"Avance Plastic Surgery\" \/>\n<meta property=\"article:modified_time\" content=\"2023-05-01T19:15:54+00:00\" \/>\n<meta name=\"twitter:card\" content=\"summary_large_image\" \/>\n<meta name=\"twitter:label1\" content=\"Tiempo de lectura\" \/>\n\t<meta name=\"twitter:data1\" content=\"2 minutos\" \/>\n<!-- \/ Yoast SEO plugin. -->","yoast_head_json":{"title":"Reno NV Contorno corporal no invasivo | Esculpir el cuerpo de Lake Tahoe Evolve","description":"Contornee su cuerpo y destruya las c\u00e9lulas grasas con el tratamiento Evolve de InMode. La radiofrecuencia se utiliza para eliminar las c\u00e9lulas grasas y tensar la piel. Este tratamiento de manos libres, no invasivo y no quir\u00fargico ofrece resultados. Llame al Instituto de Cirug\u00eda Pl\u00e1stica Avance para programar una consulta.","robots":{"index":"index","follow":"follow","max-snippet":"max-snippet:-1","max-image-preview":"max-image-preview:large","max-video-preview":"max-video-preview:-1"},"canonical":"https:\/\/www.avanceplasticsurgery.com\/es\/tratamientos-de-spa-medicos\/contorno-corporal-no-invasivo-evolve-by-inmode\/","og_locale":"es_ES","og_type":"article","og_title":"Reno NV Contorno corporal no invasivo | Esculpir el cuerpo de Lake Tahoe Evolve","og_description":"Contornee su cuerpo y destruya las c\u00e9lulas grasas con el tratamiento Evolve de InMode. La radiofrecuencia se utiliza para eliminar las c\u00e9lulas grasas y tensar la piel. Este tratamiento de manos libres, no invasivo y no quir\u00fargico ofrece resultados. Llame al Instituto de Cirug\u00eda Pl\u00e1stica Avance para programar una consulta.","og_url":"https:\/\/www.avanceplasticsurgery.com\/es\/tratamientos-de-spa-medicos\/contorno-corporal-no-invasivo-evolve-by-inmode\/","og_site_name":"Avance Plastic Surgery","article_modified_time":"2023-05-01T19:15:54+00:00","twitter_card":"summary_large_image","twitter_misc":{"Tiempo de lectura":"2 minutos"},"schema":{"@context":"https:\/\/schema.org","@graph":[{"@type":"WebPage","@id":"https:\/\/www.avanceplasticsurgery.com\/es\/tratamientos-de-spa-medicos\/contorno-corporal-no-invasivo-evolve-by-inmode\/","url":"https:\/\/www.avanceplasticsurgery.com\/es\/tratamientos-de-spa-medicos\/contorno-corporal-no-invasivo-evolve-by-inmode\/","name":"Reno NV Contorno corporal no invasivo | Esculpir el cuerpo de Lake Tahoe Evolve","isPartOf":{"@id":"https:\/\/www.avanceplasticsurgery.com\/es\/#website"},"datePublished":"2021-04-17T14:46:48+00:00","dateModified":"2023-05-01T19:15:54+00:00","description":"Contornee su cuerpo y destruya las c\u00e9lulas grasas con el tratamiento Evolve de InMode. La radiofrecuencia se utiliza para eliminar las c\u00e9lulas grasas y tensar la piel. Este tratamiento de manos libres, no invasivo y no quir\u00fargico ofrece resultados. Llame al Instituto de Cirug\u00eda Pl\u00e1stica Avance para programar una consulta.","breadcrumb":{"@id":"https:\/\/www.avanceplasticsurgery.com\/es\/tratamientos-de-spa-medicos\/contorno-corporal-no-invasivo-evolve-by-inmode\/#breadcrumb"},"inLanguage":"es","potentialAction":[{"@type":"ReadAction","target":["https:\/\/www.avanceplasticsurgery.com\/es\/tratamientos-de-spa-medicos\/contorno-corporal-no-invasivo-evolve-by-inmode\/"]}]},{"@type":"BreadcrumbList","@id":"https:\/\/www.avanceplasticsurgery.com\/es\/tratamientos-de-spa-medicos\/contorno-corporal-no-invasivo-evolve-by-inmode\/#breadcrumb","itemListElement":[{"@type":"ListItem","position":1,"name":"Home","item":"https:\/\/www.avanceplasticsurgery.com\/es\/"},{"@type":"ListItem","position":2,"name":"Tratamientos de spa m\u00e9dicos","item":"https:\/\/www.avanceplasticsurgery.com\/es\/tratamientos-de-spa-medicos\/"},{"@type":"ListItem","position":3,"name":"Contorno corporal no invasivo &#8211; EVOLVE By InMode"}]},{"@type":"WebSite","@id":"https:\/\/www.avanceplasticsurgery.com\/es\/#website","url":"https:\/\/www.avanceplasticsurgery.com\/es\/","name":"Avance Plastic Surgery","description":"","potentialAction":[{"@type":"SearchAction","target":{"@type":"EntryPoint","urlTemplate":"https:\/\/www.avanceplasticsurgery.com\/es\/?s={search_term_string}"},"query-input":{"@type":"PropertyValueSpecification","valueRequired":true,"valueName":"search_term_string"}}],"inLanguage":"es"}]}},"_links":{"self":[{"href":"https:\/\/www.avanceplasticsurgery.com\/es\/wp-json\/wp\/v2\/pages\/9056","targetHints":{"allow":["GET"]}}],"collection":[{"href":"https:\/\/www.avanceplasticsurgery.com\/es\/wp-json\/wp\/v2\/pages"}],"about":[{"href":"https:\/\/www.avanceplasticsurgery.com\/es\/wp-json\/wp\/v2\/types\/page"}],"author":[{"embeddable":true,"href":"https:\/\/www.avanceplasticsurgery.com\/es\/wp-json\/wp\/v2\/users\/1"}],"replies":[{"embeddable":true,"href":"https:\/\/www.avanceplasticsurgery.com\/es\/wp-json\/wp\/v2\/comments?post=9056"}],"version-history":[{"count":2,"href":"https:\/\/www.avanceplasticsurgery.com\/es\/wp-json\/wp\/v2\/pages\/9056\/revisions"}],"predecessor-version":[{"id":10432,"href":"https:\/\/www.avanceplasticsurgery.com\/es\/wp-json\/wp\/v2\/pages\/9056\/revisions\/10432"}],"up":[{"embeddable":true,"href":"https:\/\/www.avanceplasticsurgery.com\/es\/wp-json\/wp\/v2\/pages\/9015"}],"wp:attachment":[{"href":"https:\/\/www.avanceplasticsurgery.com\/es\/wp-json\/wp\/v2\/media?parent=9056"}],"curies":[{"name":"wp","href":"https:\/\/api.w.org\/{rel}","templated":true}]}}