{"id":9057,"date":"2021-09-07T17:28:31","date_gmt":"2021-09-07T17:28:31","guid":{"rendered":"https:\/\/www.avanceplasticsurgery.com\/tratamientos-de-spa-medicos\/perdida-de-peso-medica\/"},"modified":"2022-04-25T13:02:02","modified_gmt":"2022-04-25T13:02:02","slug":"perdida-de-peso-medica","status":"publish","type":"page","link":"https:\/\/www.avanceplasticsurgery.com\/es\/tratamientos-de-spa-medicos\/perdida-de-peso-medica\/","title":{"rendered":"P\u00e9rdida de peso m\u00e9dica"},"content":{"rendered":"<h1>P\u00e9rdida de peso m\u00e9dica<\/h1>\n<p>Cuando piensa en la p\u00e9rdida de peso m\u00e9dica, puede pensar inmediatamente en la cirug\u00eda bari\u00e1trica, que reduce el tama\u00f1o del est\u00f3mago. Esto le impide comer en exceso, lo que resulta en la p\u00e9rdida de peso. Pero la cirug\u00eda no es adecuada para todos. Existen otros m\u00e9todos m\u00e9dicos para perder peso que pueden <a title=\"Reno NV Med Spa Tratamientos\" href=\"https:\/\/www.avanceplasticsurgery.com\/es\/med-spa-treatments\/\">mejorar su salud<\/a> y ponerlo en camino hacia el cuerpo esbelto y contorneado que siempre ha deseado.<\/p>\n<h2>Un enfoque personalizado para la p\u00e9rdida de peso<\/h2>\n<p>Un programa de p\u00e9rdida de peso no quir\u00fargico funciona a nivel hol\u00edstico, tratando las necesidades individuales de cada persona.<\/p>\n<p>El control del peso no es simplemente una cuesti\u00f3n de comer menos calor\u00edas. Si bien esto es necesario para perder peso, no tiene en cuenta la relaci\u00f3n de una persona con la comida o cualquier condici\u00f3n de salud que pueda dificultar la p\u00e9rdida de peso. Por ejemplo, la diabetes, la depresi\u00f3n y el s\u00edndrome de ovario poliqu\u00edstico (SOP) hacen que las personas acumulen exceso de peso y, a menudo, dificultan la p\u00e9rdida. Los trastornos del sue\u00f1o y el estr\u00e9s tambi\u00e9n pueden crear condiciones que dificultan la p\u00e9rdida de peso.<\/p>\n<p>Con una consulta minuciosa, puede establecer objetivos de p\u00e9rdida de peso realistas que funcionen con su estilo de vida actual mientras avanza hacia una nueva forma de ser m\u00e1s saludable. Se tienen en cuenta las condiciones m\u00e9dicas preexistentes, lo que reduce las barreras para la p\u00e9rdida de peso. El plan se puede adaptar a cada paso del camino a medida que cambia su estilo de vida, y esta flexibilidad le permite superar los obst\u00e1culos m\u00e1s f\u00e1cilmente a medida que surgen.<\/p>\n<h3>Opciones m\u00e9dicas de p\u00e9rdida de peso<\/h3>\n<p>El tipo de programa que funcionar\u00e1 mejor para usted depende de la cantidad de peso que desee perder, cualquier afecci\u00f3n subyacente que pueda tener y sus objetivos de salud finales.<\/p>\n<p><strong>Soporte de estilo de vida<\/strong><br \/>\nLos ex\u00e1menes m\u00e9dicos integrales, la identificaci\u00f3n de barreras subyacentes o cr\u00f3nicas y las discusiones abiertas y centradas en el paciente forman la columna vertebral de la p\u00e9rdida de peso m\u00e9dica. Al minimizar los obst\u00e1culos a sus objetivos, puede evitar contratiempos. Optimizar su plan de p\u00e9rdida de peso le brinda resultados m\u00e1s r\u00e1pidos y previene complicaciones relacionadas con la obesidad.<\/p>\n<p><strong>Control de calor\u00edas<\/strong><br \/>\nLos programas m\u00e9dicos de p\u00e9rdida de peso y los profesionales entienden que todos tienen relaciones complicadas con la comida. La reducci\u00f3n de calor\u00edas es necesaria para perder peso, pero tambi\u00e9n lo es su salud mental. Un plan supervisado de control de calor\u00edas que enfatiza los nutrientes de alta calidad allana el camino hacia el control de peso independiente al incorporar h\u00e1bitos a largo plazo en lugar de soluciones r\u00e1pidas.<\/p>\n<p><strong>suplementaci\u00f3n<\/strong><br \/>\nA veces, el control de calor\u00edas no es suficiente. Primero, se deben tratar las condiciones subyacentes y algunas pueden requerir medicamentos. En segundo lugar, algunos pesos son m\u00e1s tercos que otros. Se pueden usar tratamientos complementarios al mismo tiempo para ayudar a quemar la grasa almacenada mientras se preserva la masa muscular.<\/p>\n<p>Las deficiencias significativas en vitaminas y minerales cr\u00edticos tambi\u00e9n se pueden corregir mediante la suplementaci\u00f3n. El cuerpo com\u00fanmente agota sus reservas de magnesio, calcio y vitaminas B, C y D. Estas vitaminas apoyan la p\u00e9rdida de peso asegurando un sistema inmunol\u00f3gico fuerte, niveles de energ\u00eda m\u00e1s altos y huesos fuertes.<\/p>\n<h4>Su cuerpo despu\u00e9s de la p\u00e9rdida de peso<\/h4>\n<p>No es raro preocuparse de que una p\u00e9rdida de peso significativa pueda causar piel suelta. Tu cuerpo es muy adaptable. Un enfoque seguro y supervisado para perder peso puede ayudar a reducir las posibilidades o la cantidad de exceso de piel al permitir que su cuerpo se adapte a cada paso. Sin embargo, en algunos casos, puede haber un exceso de piel si ha perdido una cantidad considerable de peso. Aunque es comprensible que esto sea un problema cosm\u00e9tico, es corregible.<\/p>\n<p>Las ventajas de recuperar el control de su salud superan con creces los problemas est\u00e9ticos corregibles. En Avance Plastic Surgery, el Dr. Erez Dayan es un cirujano altamente calificado que ofrece m\u00faltiples opciones de contorno corporal para ayudarlo a lograr la figura exacta que desea.<\/p>\n<p>Si est\u00e1 listo para perder el exceso de peso y esculpir un nuevo yo, <a title=\"Comun\u00edquese con Avance Plastic Surgery en Reno NV\" href=\"https:\/\/www.avanceplasticsurgery.com\/es\/contact-us-dr-erez-dayan\/\">comun\u00edquese con Avance Plastic Surgery<\/a> hoy para una consulta.<\/p>\n","protected":false},"excerpt":{"rendered":"<p>P\u00e9rdida de peso m\u00e9dica Cuando piensa en la p\u00e9rdida de peso m\u00e9dica, puede pensar inmediatamente en la cirug\u00eda bari\u00e1trica,&hellip;<\/p>\n","protected":false},"author":1,"featured_media":0,"parent":9015,"menu_order":0,"comment_status":"closed","ping_status":"closed","template":"","meta":{"_acf_changed":false,"footnotes":""},"class_list":["post-9057","page","type-page","status-publish"],"acf":[],"yoast_head":"<!-- This site is optimized with the Yoast SEO plugin v25.6 - https:\/\/yoast.com\/wordpress\/plugins\/seo\/ -->\n<title>P\u00e9rdida de peso m\u00e9dica de Reno NV | Tahoe<\/title>\n<meta name=\"description\" content=\"La Cirug\u00eda Pl\u00e1stica Avance de Nevada adopta un enfoque hol\u00edstico para la p\u00e9rdida de peso m\u00e9dica, gui\u00e1ndolo a sus niveles \u00f3ptimos de salud y apariencia.\" \/>\n<meta name=\"robots\" content=\"index, follow, max-snippet:-1, max-image-preview:large, max-video-preview:-1\" \/>\n<link rel=\"canonical\" href=\"https:\/\/www.avanceplasticsurgery.com\/es\/tratamientos-de-spa-medicos\/perdida-de-peso-medica\/\" \/>\n<meta property=\"og:locale\" content=\"es_ES\" \/>\n<meta property=\"og:type\" content=\"article\" \/>\n<meta property=\"og:title\" content=\"P\u00e9rdida de peso m\u00e9dica de Reno NV | Tahoe\" \/>\n<meta property=\"og:description\" content=\"La Cirug\u00eda Pl\u00e1stica Avance de Nevada adopta un enfoque hol\u00edstico para la p\u00e9rdida de peso m\u00e9dica, gui\u00e1ndolo a sus niveles \u00f3ptimos de salud y apariencia.\" \/>\n<meta property=\"og:url\" content=\"https:\/\/www.avanceplasticsurgery.com\/es\/tratamientos-de-spa-medicos\/perdida-de-peso-medica\/\" \/>\n<meta property=\"og:site_name\" content=\"Avance Plastic Surgery\" \/>\n<meta property=\"article:modified_time\" content=\"2022-04-25T13:02:02+00:00\" \/>\n<meta name=\"twitter:card\" content=\"summary_large_image\" \/>\n<meta name=\"twitter:label1\" content=\"Tiempo de lectura\" \/>\n\t<meta name=\"twitter:data1\" content=\"4 minutos\" \/>\n<!-- \/ Yoast SEO plugin. -->","yoast_head_json":{"title":"P\u00e9rdida de peso m\u00e9dica de Reno NV | Tahoe","description":"La Cirug\u00eda Pl\u00e1stica Avance de Nevada adopta un enfoque hol\u00edstico para la p\u00e9rdida de peso m\u00e9dica, gui\u00e1ndolo a sus niveles \u00f3ptimos de salud y apariencia.","robots":{"index":"index","follow":"follow","max-snippet":"max-snippet:-1","max-image-preview":"max-image-preview:large","max-video-preview":"max-video-preview:-1"},"canonical":"https:\/\/www.avanceplasticsurgery.com\/es\/tratamientos-de-spa-medicos\/perdida-de-peso-medica\/","og_locale":"es_ES","og_type":"article","og_title":"P\u00e9rdida de peso m\u00e9dica de Reno NV | Tahoe","og_description":"La Cirug\u00eda Pl\u00e1stica Avance de Nevada adopta un enfoque hol\u00edstico para la p\u00e9rdida de peso m\u00e9dica, gui\u00e1ndolo a sus niveles \u00f3ptimos de salud y apariencia.","og_url":"https:\/\/www.avanceplasticsurgery.com\/es\/tratamientos-de-spa-medicos\/perdida-de-peso-medica\/","og_site_name":"Avance Plastic Surgery","article_modified_time":"2022-04-25T13:02:02+00:00","twitter_card":"summary_large_image","twitter_misc":{"Tiempo de lectura":"4 minutos"},"schema":{"@context":"https:\/\/schema.org","@graph":[{"@type":"WebPage","@id":"https:\/\/www.avanceplasticsurgery.com\/es\/tratamientos-de-spa-medicos\/perdida-de-peso-medica\/","url":"https:\/\/www.avanceplasticsurgery.com\/es\/tratamientos-de-spa-medicos\/perdida-de-peso-medica\/","name":"P\u00e9rdida de peso m\u00e9dica de Reno NV | Tahoe","isPartOf":{"@id":"https:\/\/www.avanceplasticsurgery.com\/es\/#website"},"datePublished":"2021-09-07T17:28:31+00:00","dateModified":"2022-04-25T13:02:02+00:00","description":"La Cirug\u00eda Pl\u00e1stica Avance de Nevada adopta un enfoque hol\u00edstico para la p\u00e9rdida de peso m\u00e9dica, gui\u00e1ndolo a sus niveles \u00f3ptimos de salud y apariencia.","breadcrumb":{"@id":"https:\/\/www.avanceplasticsurgery.com\/es\/tratamientos-de-spa-medicos\/perdida-de-peso-medica\/#breadcrumb"},"inLanguage":"es","potentialAction":[{"@type":"ReadAction","target":["https:\/\/www.avanceplasticsurgery.com\/es\/tratamientos-de-spa-medicos\/perdida-de-peso-medica\/"]}]},{"@type":"BreadcrumbList","@id":"https:\/\/www.avanceplasticsurgery.com\/es\/tratamientos-de-spa-medicos\/perdida-de-peso-medica\/#breadcrumb","itemListElement":[{"@type":"ListItem","position":1,"name":"Home","item":"https:\/\/www.avanceplasticsurgery.com\/es\/"},{"@type":"ListItem","position":2,"name":"Tratamientos de spa m\u00e9dicos","item":"https:\/\/www.avanceplasticsurgery.com\/es\/tratamientos-de-spa-medicos\/"},{"@type":"ListItem","position":3,"name":"P\u00e9rdida de peso m\u00e9dica"}]},{"@type":"WebSite","@id":"https:\/\/www.avanceplasticsurgery.com\/es\/#website","url":"https:\/\/www.avanceplasticsurgery.com\/es\/","name":"Avance Plastic Surgery","description":"","potentialAction":[{"@type":"SearchAction","target":{"@type":"EntryPoint","urlTemplate":"https:\/\/www.avanceplasticsurgery.com\/es\/?s={search_term_string}"},"query-input":{"@type":"PropertyValueSpecification","valueRequired":true,"valueName":"search_term_string"}}],"inLanguage":"es"}]}},"_links":{"self":[{"href":"https:\/\/www.avanceplasticsurgery.com\/es\/wp-json\/wp\/v2\/pages\/9057","targetHints":{"allow":["GET"]}}],"collection":[{"href":"https:\/\/www.avanceplasticsurgery.com\/es\/wp-json\/wp\/v2\/pages"}],"about":[{"href":"https:\/\/www.avanceplasticsurgery.com\/es\/wp-json\/wp\/v2\/types\/page"}],"author":[{"embeddable":true,"href":"https:\/\/www.avanceplasticsurgery.com\/es\/wp-json\/wp\/v2\/users\/1"}],"replies":[{"embeddable":true,"href":"https:\/\/www.avanceplasticsurgery.com\/es\/wp-json\/wp\/v2\/comments?post=9057"}],"version-history":[{"count":1,"href":"https:\/\/www.avanceplasticsurgery.com\/es\/wp-json\/wp\/v2\/pages\/9057\/revisions"}],"predecessor-version":[{"id":9332,"href":"https:\/\/www.avanceplasticsurgery.com\/es\/wp-json\/wp\/v2\/pages\/9057\/revisions\/9332"}],"up":[{"embeddable":true,"href":"https:\/\/www.avanceplasticsurgery.com\/es\/wp-json\/wp\/v2\/pages\/9015"}],"wp:attachment":[{"href":"https:\/\/www.avanceplasticsurgery.com\/es\/wp-json\/wp\/v2\/media?parent=9057"}],"curies":[{"name":"wp","href":"https:\/\/api.w.org\/{rel}","templated":true}]}}