{"id":9058,"date":"2020-09-20T20:22:57","date_gmt":"2020-09-20T20:22:57","guid":{"rendered":"https:\/\/www.avanceplasticsurgery.com\/tratamientos-de-spa-medicos\/reduccion-de-masetero\/"},"modified":"2022-04-25T13:02:24","modified_gmt":"2022-04-25T13:02:24","slug":"reduccion-de-masetero","status":"publish","type":"page","link":"https:\/\/www.avanceplasticsurgery.com\/es\/tratamientos-de-spa-medicos\/reduccion-de-masetero\/","title":{"rendered":"Reducci\u00f3n de masetero"},"content":{"rendered":"<h1>Reducci\u00f3n de masetero<\/h1>\n<p>Los m\u00fasculos maseteros son poderosos m\u00fasculos de la mand\u00edbula que tambi\u00e9n afectan la forma de la cara. Ubicados en el exterior de la parte inferior de la cara, los m\u00fasculos maseteros conectan la mand\u00edbula inferior con el cr\u00e1neo formando el exterior de la l\u00ednea de la mand\u00edbula exterior. Los hombres tienden a tener m\u00fasculos maseteros m\u00e1s pronunciados, creando una mand\u00edbula cuadrada o \u201cmasculina\u201d. Cuando las mujeres tienen m\u00fasculos maseteros m\u00e1s grandes, puede hacer una cara redonda o cuadrada. Como parte de nuestros <a title=\"Reno NV Med Spa Tratamientos\" href=\"https:\/\/www.avanceplasticsurgery.com\/es\/med-spa-treatments\/\">tratamientos m\u00e9dicos de spa<\/a> en Avance Plastic Surgery Institute, ofrecemos reducci\u00f3n de masetero para crear una apariencia m\u00e1s femenina o m\u00e1s delgada en nuestra cl\u00ednica en Reno\/Tahoe, NV.<\/p>\n<p>Reducir el tama\u00f1o de los m\u00fasculos maseteros puede tener un impacto dram\u00e1tico en la forma de la cara. Cuando los m\u00fasculos maseteros son m\u00e1s delgados, la mand\u00edbula se estrecha y la cara se vuelve m\u00e1s ovalada y en forma de coraz\u00f3n, un objetivo deseable para muchas mujeres. Esto se puede lograr a trav\u00e9s de la cirug\u00eda pl\u00e1stica. Se puede hacer una incisi\u00f3n dentro de la boca para acceder y recortar quir\u00fargicamente el m\u00fasculo masetero. El Dr. Erez Dayan, nuestro cirujano pl\u00e1stico y director m\u00e9dico, prefiere un enfoque est\u00e9tico m\u00ednimamente invasivo cuando sea posible, incluida la reducci\u00f3n del masetero.<\/p>\n<h2>Inyecciones de Botox para adelgazar cara\/mand\u00edbula<\/h2>\n<p>Las inyecciones de Botox son la opci\u00f3n preferida para realizar la reducci\u00f3n del masetero. Este m\u00e9todo no es invasivo y es efectivo para la mayor\u00eda de los pacientes que desean una cara o mand\u00edbula m\u00e1s delgada. El tratamiento incluye una serie de inyecciones de Botox para relajar el m\u00fasculo masetero. Dentro de una semana, puede haber una ligera reducci\u00f3n en el ancho de la mand\u00edbula. Durante varias semanas y meses, el m\u00fasculo masetero puede encogerse, estrechando la mand\u00edbula y cambiando la forma de la cara. En muchos casos, los resultados son permanentes y no requieren inyecciones continuas de Botox despu\u00e9s de la serie inicial de tratamientos.<\/p>\n<p>Si no est\u00e1 satisfecho con la forma de su rostro y desea adelgazar o estrechar el ancho de su mand\u00edbula, el tratamiento de reducci\u00f3n del masetero puede ser adecuado para usted. Para obtener m\u00e1s informaci\u00f3n sobre nuestras opciones de reducci\u00f3n del masetero, <a title=\"P\u00f3ngase en contacto con el Instituto de Cirug\u00eda Pl\u00e1stica Avance en Reno NV\" href=\"https:\/\/www.avanceplasticsurgery.com\/es\/contact-us-dr-erez-dayan\/\">comun\u00edquese con nosotros en Avance Plastic Surgery Institute<\/a> para programar su cita en nuestra cl\u00ednica en Reno\/Tahoe, NV.<\/p>\n","protected":false},"excerpt":{"rendered":"<p>Reducci\u00f3n de masetero Los m\u00fasculos maseteros son poderosos m\u00fasculos de la mand\u00edbula que tambi\u00e9n afectan la forma de la&hellip;<\/p>\n","protected":false},"author":1,"featured_media":0,"parent":9015,"menu_order":0,"comment_status":"closed","ping_status":"closed","template":"","meta":{"_acf_changed":false,"footnotes":""},"class_list":["post-9058","page","type-page","status-publish"],"acf":[],"yoast_head":"<!-- This site is optimized with the Yoast SEO plugin v25.6 - https:\/\/yoast.com\/wordpress\/plugins\/seo\/ -->\n<title>Reducci\u00f3n del masetero Reno NV | Cirug\u00eda de mand\u00edbula de Lake Tahoe y no quir\u00fargica<\/title>\n<meta name=\"description\" content=\"Los m\u00fasculos maseteros o de la mand\u00edbula pronunciados pueden crear una mand\u00edbula m\u00e1s ancha o cuadrada. Para una mand\u00edbula m\u00e1s femenina o estrecha, se puede realizar una reducci\u00f3n del masetero no quir\u00fargica, disponible en el Instituto de Cirug\u00eda Pl\u00e1stica Avance en Reno, NV.\" \/>\n<meta name=\"robots\" content=\"index, follow, max-snippet:-1, max-image-preview:large, max-video-preview:-1\" \/>\n<link rel=\"canonical\" href=\"https:\/\/www.avanceplasticsurgery.com\/es\/tratamientos-de-spa-medicos\/reduccion-de-masetero\/\" \/>\n<meta property=\"og:locale\" content=\"es_ES\" \/>\n<meta property=\"og:type\" content=\"article\" \/>\n<meta property=\"og:title\" content=\"Reducci\u00f3n del masetero Reno NV | Cirug\u00eda de mand\u00edbula de Lake Tahoe y no quir\u00fargica\" \/>\n<meta property=\"og:description\" content=\"Los m\u00fasculos maseteros o de la mand\u00edbula pronunciados pueden crear una mand\u00edbula m\u00e1s ancha o cuadrada. Para una mand\u00edbula m\u00e1s femenina o estrecha, se puede realizar una reducci\u00f3n del masetero no quir\u00fargica, disponible en el Instituto de Cirug\u00eda Pl\u00e1stica Avance en Reno, NV.\" \/>\n<meta property=\"og:url\" content=\"https:\/\/www.avanceplasticsurgery.com\/es\/tratamientos-de-spa-medicos\/reduccion-de-masetero\/\" \/>\n<meta property=\"og:site_name\" content=\"Avance Plastic Surgery\" \/>\n<meta property=\"article:modified_time\" content=\"2022-04-25T13:02:24+00:00\" \/>\n<meta name=\"twitter:card\" content=\"summary_large_image\" \/>\n<meta name=\"twitter:label1\" content=\"Tiempo de lectura\" \/>\n\t<meta name=\"twitter:data1\" content=\"2 minutos\" \/>\n<!-- \/ Yoast SEO plugin. -->","yoast_head_json":{"title":"Reducci\u00f3n del masetero Reno NV | Cirug\u00eda de mand\u00edbula de Lake Tahoe y no quir\u00fargica","description":"Los m\u00fasculos maseteros o de la mand\u00edbula pronunciados pueden crear una mand\u00edbula m\u00e1s ancha o cuadrada. Para una mand\u00edbula m\u00e1s femenina o estrecha, se puede realizar una reducci\u00f3n del masetero no quir\u00fargica, disponible en el Instituto de Cirug\u00eda Pl\u00e1stica Avance en Reno, NV.","robots":{"index":"index","follow":"follow","max-snippet":"max-snippet:-1","max-image-preview":"max-image-preview:large","max-video-preview":"max-video-preview:-1"},"canonical":"https:\/\/www.avanceplasticsurgery.com\/es\/tratamientos-de-spa-medicos\/reduccion-de-masetero\/","og_locale":"es_ES","og_type":"article","og_title":"Reducci\u00f3n del masetero Reno NV | Cirug\u00eda de mand\u00edbula de Lake Tahoe y no quir\u00fargica","og_description":"Los m\u00fasculos maseteros o de la mand\u00edbula pronunciados pueden crear una mand\u00edbula m\u00e1s ancha o cuadrada. Para una mand\u00edbula m\u00e1s femenina o estrecha, se puede realizar una reducci\u00f3n del masetero no quir\u00fargica, disponible en el Instituto de Cirug\u00eda Pl\u00e1stica Avance en Reno, NV.","og_url":"https:\/\/www.avanceplasticsurgery.com\/es\/tratamientos-de-spa-medicos\/reduccion-de-masetero\/","og_site_name":"Avance Plastic Surgery","article_modified_time":"2022-04-25T13:02:24+00:00","twitter_card":"summary_large_image","twitter_misc":{"Tiempo de lectura":"2 minutos"},"schema":{"@context":"https:\/\/schema.org","@graph":[{"@type":"WebPage","@id":"https:\/\/www.avanceplasticsurgery.com\/es\/tratamientos-de-spa-medicos\/reduccion-de-masetero\/","url":"https:\/\/www.avanceplasticsurgery.com\/es\/tratamientos-de-spa-medicos\/reduccion-de-masetero\/","name":"Reducci\u00f3n del masetero Reno NV | Cirug\u00eda de mand\u00edbula de Lake Tahoe y no quir\u00fargica","isPartOf":{"@id":"https:\/\/www.avanceplasticsurgery.com\/es\/#website"},"datePublished":"2020-09-20T20:22:57+00:00","dateModified":"2022-04-25T13:02:24+00:00","description":"Los m\u00fasculos maseteros o de la mand\u00edbula pronunciados pueden crear una mand\u00edbula m\u00e1s ancha o cuadrada. Para una mand\u00edbula m\u00e1s femenina o estrecha, se puede realizar una reducci\u00f3n del masetero no quir\u00fargica, disponible en el Instituto de Cirug\u00eda Pl\u00e1stica Avance en Reno, NV.","breadcrumb":{"@id":"https:\/\/www.avanceplasticsurgery.com\/es\/tratamientos-de-spa-medicos\/reduccion-de-masetero\/#breadcrumb"},"inLanguage":"es","potentialAction":[{"@type":"ReadAction","target":["https:\/\/www.avanceplasticsurgery.com\/es\/tratamientos-de-spa-medicos\/reduccion-de-masetero\/"]}]},{"@type":"BreadcrumbList","@id":"https:\/\/www.avanceplasticsurgery.com\/es\/tratamientos-de-spa-medicos\/reduccion-de-masetero\/#breadcrumb","itemListElement":[{"@type":"ListItem","position":1,"name":"Home","item":"https:\/\/www.avanceplasticsurgery.com\/es\/"},{"@type":"ListItem","position":2,"name":"Tratamientos de spa m\u00e9dicos","item":"https:\/\/www.avanceplasticsurgery.com\/es\/tratamientos-de-spa-medicos\/"},{"@type":"ListItem","position":3,"name":"Reducci\u00f3n de masetero"}]},{"@type":"WebSite","@id":"https:\/\/www.avanceplasticsurgery.com\/es\/#website","url":"https:\/\/www.avanceplasticsurgery.com\/es\/","name":"Avance Plastic Surgery","description":"","potentialAction":[{"@type":"SearchAction","target":{"@type":"EntryPoint","urlTemplate":"https:\/\/www.avanceplasticsurgery.com\/es\/?s={search_term_string}"},"query-input":{"@type":"PropertyValueSpecification","valueRequired":true,"valueName":"search_term_string"}}],"inLanguage":"es"}]}},"_links":{"self":[{"href":"https:\/\/www.avanceplasticsurgery.com\/es\/wp-json\/wp\/v2\/pages\/9058","targetHints":{"allow":["GET"]}}],"collection":[{"href":"https:\/\/www.avanceplasticsurgery.com\/es\/wp-json\/wp\/v2\/pages"}],"about":[{"href":"https:\/\/www.avanceplasticsurgery.com\/es\/wp-json\/wp\/v2\/types\/page"}],"author":[{"embeddable":true,"href":"https:\/\/www.avanceplasticsurgery.com\/es\/wp-json\/wp\/v2\/users\/1"}],"replies":[{"embeddable":true,"href":"https:\/\/www.avanceplasticsurgery.com\/es\/wp-json\/wp\/v2\/comments?post=9058"}],"version-history":[{"count":2,"href":"https:\/\/www.avanceplasticsurgery.com\/es\/wp-json\/wp\/v2\/pages\/9058\/revisions"}],"predecessor-version":[{"id":9334,"href":"https:\/\/www.avanceplasticsurgery.com\/es\/wp-json\/wp\/v2\/pages\/9058\/revisions\/9334"}],"up":[{"embeddable":true,"href":"https:\/\/www.avanceplasticsurgery.com\/es\/wp-json\/wp\/v2\/pages\/9015"}],"wp:attachment":[{"href":"https:\/\/www.avanceplasticsurgery.com\/es\/wp-json\/wp\/v2\/media?parent=9058"}],"curies":[{"name":"wp","href":"https:\/\/api.w.org\/{rel}","templated":true}]}}