{"id":9060,"date":"2020-09-20T20:21:05","date_gmt":"2020-09-20T20:21:05","guid":{"rendered":"https:\/\/www.avanceplasticsurgery.com\/tratamientos-de-spa-medicos\/latisse\/"},"modified":"2022-04-25T13:01:00","modified_gmt":"2022-04-25T13:01:00","slug":"latisse","status":"publish","type":"page","link":"https:\/\/www.avanceplasticsurgery.com\/es\/tratamientos-de-spa-medicos\/latisse\/","title":{"rendered":"Latisse"},"content":{"rendered":"<h1>Tratamiento Latisse<\/h1>\n<p>Las pesta\u00f1as completas son un elemento clave de la est\u00e9tica periorbitaria y funcionan para acentuar los ojos. Latisse es un producto revolucionario que se ofrece con nuestros <a title=\"Reno NV Med Spa Tratamientos\" href=\"https:\/\/www.avanceplasticsurgery.com\/es\/med-spa-treatments\/\">servicios de spa m\u00e9dico<\/a> que se aplica a las pesta\u00f1as una vez al d\u00eda y puede lograr pesta\u00f1as notablemente m\u00e1s largas, oscuras y llenas en solo unos meses. Los ensayos cl\u00ednicos han mostrado pesta\u00f1as un 25 % m\u00e1s largas con un 106 % m\u00e1s de plenitud y un 18 % de pesta\u00f1as m\u00e1s oscuras.<\/p>\n<dl id=\"faq-1\" class=\"flc-faq\"><dt>\u00bfC\u00f3mo funciona Latisse?<\/dt><dd>El ingrediente activo de Latisse es bimatoprost, una prostaglandina que aumenta el ciclo de crecimiento de las pesta\u00f1as, lo que les permite crecer m\u00e1s largas y gruesas sin extensiones, r\u00edmel desordenado o pesta\u00f1as adhesivas. Latisse se aplica diariamente con un aplicador personalizado en la l\u00ednea de las pesta\u00f1as superiores, y ver\u00e1 un crecimiento significativo del cabello en aproximadamente 2-3 meses.<\/dd><dt>\u00bfCu\u00e1les son las ventajas de usar Latisse?<\/dt><dd><ul>\r\n<li>pesta\u00f1as m\u00e1s largas<\/li>\r\n<li>Pesta\u00f1as m\u00e1s oscuras y llenas<\/li>\r\n<li>Una apariencia m\u00e1s vibrante y juvenil.<\/li>\r\n<li>Mayor satisfacci\u00f3n con la propia imagen.<\/li>\r\n<li>Producto f\u00e1cil de aplicar.<\/li>\r\n<li>Menos molestias que el r\u00edmel o las pesta\u00f1as postizas<\/li>\r\n<li>Econ\u00f3mico<\/li>\r\n<li>Resultados significativos en 8-16 semanas<\/li>\r\n<\/ul><\/dd><dt>\u00bfSoy un buen candidato para Latisse?<\/dt><dd><p>Si te molestan las pesta\u00f1as finas y quieres mejorar el grosor, el color y la longitud de tus pesta\u00f1as, Latisse puede ser la soluci\u00f3n perfecta. El uso de Latisse puede mejorar los resultados obtenidos de una blefaroplastia o un levantamiento de cejas al llamar m\u00e1s la atenci\u00f3n sobre sus ojos rejuvenecidos.<\/p>\r\n\r\n<p>Varias circunstancias pueden impedirle ser candidato a Latisse. Incluyen:<\/p>\r\n<ul>\r\n<li>Ciertos medicamentos para el coraz\u00f3n<\/li>\r\n<li>Alergias espec\u00edficas<\/li>\r\n<li>antibi\u00f3ticos<\/li> \r\n<li>El embarazo<\/li>\r\n<\/ul>\r\n<p>El Dr. Dayan le proporcionar\u00e1 una evaluaci\u00f3n detallada y un plan durante su consulta privada de Reno en el Avance Plastic Surgery Institute.<\/p> <\/dd><dt>\u00bfLatisse requiere alguna recuperaci\u00f3n?<\/dt><dd>No hay tiempo de inactividad para Latisse ni ning\u00fan tipo de recuperaci\u00f3n porque Latisse es un producto suave y no invasivo que se aplica a las pesta\u00f1as con un aplicador que no causa dolor. Si ya no desea usar Latisse, simplemente deje de aplicar las gotas en sus pesta\u00f1as. <\/dd><dt>\u00bfCu\u00e1nto cuesta Latisse?<\/dt><dd>Los honorarios de Latisse se evaluar\u00e1n una vez que el Dr. Dayan se haya reunido con usted para una consulta privada en su oficina de Reno\/Tahoe. El m\u00e9dico te evaluar\u00e1 f\u00edsicamente y tambi\u00e9n revisar\u00e1 tu historial m\u00e9dico para asegurar que Latisse sea la mejor opci\u00f3n para lograr tus objetivos.<\/dd><dt>\u00bfPor qu\u00e9 elegir al Dr. Dayan en el Instituto de Cirug\u00eda Pl\u00e1stica Dayan en Reno, Nevada?<\/dt><dd>El Dr. Dayan es un cirujano pl\u00e1stico formado en Harvard al que le apasiona ofrecer soluciones cosm\u00e9ticas de vanguardia en un entorno de \u00faltima generaci\u00f3n. Despu\u00e9s de graduarse del Programa de Cirug\u00eda Pl\u00e1stica de Harvard, el Dr. Dayan fue seleccionado para obtener una beca de \u00e9lite en cirug\u00eda est\u00e9tica en el Instituto de Cirug\u00eda Pl\u00e1stica de Dallas. Ha publicado cinco libros sobre temas de cirug\u00eda pl\u00e1stica y tambi\u00e9n se ha presentado en m\u00e1s de 150 ocasiones. El Dr. Dayan es un orador solicitado en el circuito nacional e internacional.<\/dd><\/dl>\n<p><a title=\"P\u00f3ngase en contacto con el Instituto de Cirug\u00eda Pl\u00e1stica Avance en Reno NV\" href=\"https:\/\/www.avanceplasticsurgery.com\/es\/contact-us-dr-erez-dayan\/\">Comun\u00edquese hoy con el Instituto de Cirug\u00eda Pl\u00e1stica Avance<\/a> en Reno\/Tahoe, NV, para una consulta de Latisse con el Dr. Dayan.<\/p>\n","protected":false},"excerpt":{"rendered":"<p>Tratamiento Latisse Las pesta\u00f1as completas son un elemento clave de la est\u00e9tica periorbitaria y funcionan para acentuar los ojos.&hellip;<\/p>\n","protected":false},"author":1,"featured_media":0,"parent":9015,"menu_order":0,"comment_status":"closed","ping_status":"closed","template":"","meta":{"_acf_changed":false,"footnotes":""},"class_list":["post-9060","page","type-page","status-publish"],"acf":[],"yoast_head":"<!-- This site is optimized with the Yoast SEO plugin v25.6 - https:\/\/yoast.com\/wordpress\/plugins\/seo\/ -->\n<title>Tratamiento Reno NV Latisse | Lake Tahoe hacer crecer las pesta\u00f1as m\u00e1s largas y gruesas<\/title>\n<meta name=\"description\" content=\"El tratamiento con Latisse en Avance Plastic Surgery Institute puede ayudarlo a crecer pesta\u00f1as m\u00e1s largas y gruesas sin procedimientos molestos o invasivos. Pregunte sobre el tratamiento de Latisse cuando llame a nuestra oficina de Reno, Nevada, y reserve una consulta con el Dr. Dayan.\" \/>\n<meta name=\"robots\" content=\"index, follow, max-snippet:-1, max-image-preview:large, max-video-preview:-1\" \/>\n<link rel=\"canonical\" href=\"https:\/\/www.avanceplasticsurgery.com\/es\/tratamientos-de-spa-medicos\/latisse\/\" \/>\n<meta property=\"og:locale\" content=\"es_ES\" \/>\n<meta property=\"og:type\" content=\"article\" \/>\n<meta property=\"og:title\" content=\"Tratamiento Reno NV Latisse | Lake Tahoe hacer crecer las pesta\u00f1as m\u00e1s largas y gruesas\" \/>\n<meta property=\"og:description\" content=\"El tratamiento con Latisse en Avance Plastic Surgery Institute puede ayudarlo a crecer pesta\u00f1as m\u00e1s largas y gruesas sin procedimientos molestos o invasivos. Pregunte sobre el tratamiento de Latisse cuando llame a nuestra oficina de Reno, Nevada, y reserve una consulta con el Dr. Dayan.\" \/>\n<meta property=\"og:url\" content=\"https:\/\/www.avanceplasticsurgery.com\/es\/tratamientos-de-spa-medicos\/latisse\/\" \/>\n<meta property=\"og:site_name\" content=\"Avance Plastic Surgery\" \/>\n<meta property=\"article:modified_time\" content=\"2022-04-25T13:01:00+00:00\" \/>\n<meta name=\"twitter:card\" content=\"summary_large_image\" \/>\n<meta name=\"twitter:label1\" content=\"Tiempo de lectura\" \/>\n\t<meta name=\"twitter:data1\" content=\"1 minuto\" \/>\n<!-- \/ Yoast SEO plugin. -->","yoast_head_json":{"title":"Tratamiento Reno NV Latisse | Lake Tahoe hacer crecer las pesta\u00f1as m\u00e1s largas y gruesas","description":"El tratamiento con Latisse en Avance Plastic Surgery Institute puede ayudarlo a crecer pesta\u00f1as m\u00e1s largas y gruesas sin procedimientos molestos o invasivos. Pregunte sobre el tratamiento de Latisse cuando llame a nuestra oficina de Reno, Nevada, y reserve una consulta con el Dr. Dayan.","robots":{"index":"index","follow":"follow","max-snippet":"max-snippet:-1","max-image-preview":"max-image-preview:large","max-video-preview":"max-video-preview:-1"},"canonical":"https:\/\/www.avanceplasticsurgery.com\/es\/tratamientos-de-spa-medicos\/latisse\/","og_locale":"es_ES","og_type":"article","og_title":"Tratamiento Reno NV Latisse | Lake Tahoe hacer crecer las pesta\u00f1as m\u00e1s largas y gruesas","og_description":"El tratamiento con Latisse en Avance Plastic Surgery Institute puede ayudarlo a crecer pesta\u00f1as m\u00e1s largas y gruesas sin procedimientos molestos o invasivos. Pregunte sobre el tratamiento de Latisse cuando llame a nuestra oficina de Reno, Nevada, y reserve una consulta con el Dr. Dayan.","og_url":"https:\/\/www.avanceplasticsurgery.com\/es\/tratamientos-de-spa-medicos\/latisse\/","og_site_name":"Avance Plastic Surgery","article_modified_time":"2022-04-25T13:01:00+00:00","twitter_card":"summary_large_image","twitter_misc":{"Tiempo de lectura":"1 minuto"},"schema":{"@context":"https:\/\/schema.org","@graph":[{"@type":"WebPage","@id":"https:\/\/www.avanceplasticsurgery.com\/es\/tratamientos-de-spa-medicos\/latisse\/","url":"https:\/\/www.avanceplasticsurgery.com\/es\/tratamientos-de-spa-medicos\/latisse\/","name":"Tratamiento Reno NV Latisse | Lake Tahoe hacer crecer las pesta\u00f1as m\u00e1s largas y gruesas","isPartOf":{"@id":"https:\/\/www.avanceplasticsurgery.com\/es\/#website"},"datePublished":"2020-09-20T20:21:05+00:00","dateModified":"2022-04-25T13:01:00+00:00","description":"El tratamiento con Latisse en Avance Plastic Surgery Institute puede ayudarlo a crecer pesta\u00f1as m\u00e1s largas y gruesas sin procedimientos molestos o invasivos. Pregunte sobre el tratamiento de Latisse cuando llame a nuestra oficina de Reno, Nevada, y reserve una consulta con el Dr. Dayan.","breadcrumb":{"@id":"https:\/\/www.avanceplasticsurgery.com\/es\/tratamientos-de-spa-medicos\/latisse\/#breadcrumb"},"inLanguage":"es","potentialAction":[{"@type":"ReadAction","target":["https:\/\/www.avanceplasticsurgery.com\/es\/tratamientos-de-spa-medicos\/latisse\/"]}]},{"@type":"BreadcrumbList","@id":"https:\/\/www.avanceplasticsurgery.com\/es\/tratamientos-de-spa-medicos\/latisse\/#breadcrumb","itemListElement":[{"@type":"ListItem","position":1,"name":"Home","item":"https:\/\/www.avanceplasticsurgery.com\/es\/"},{"@type":"ListItem","position":2,"name":"Tratamientos de spa m\u00e9dicos","item":"https:\/\/www.avanceplasticsurgery.com\/es\/tratamientos-de-spa-medicos\/"},{"@type":"ListItem","position":3,"name":"Latisse"}]},{"@type":"WebSite","@id":"https:\/\/www.avanceplasticsurgery.com\/es\/#website","url":"https:\/\/www.avanceplasticsurgery.com\/es\/","name":"Avance Plastic Surgery","description":"","potentialAction":[{"@type":"SearchAction","target":{"@type":"EntryPoint","urlTemplate":"https:\/\/www.avanceplasticsurgery.com\/es\/?s={search_term_string}"},"query-input":{"@type":"PropertyValueSpecification","valueRequired":true,"valueName":"search_term_string"}}],"inLanguage":"es"}]}},"_links":{"self":[{"href":"https:\/\/www.avanceplasticsurgery.com\/es\/wp-json\/wp\/v2\/pages\/9060","targetHints":{"allow":["GET"]}}],"collection":[{"href":"https:\/\/www.avanceplasticsurgery.com\/es\/wp-json\/wp\/v2\/pages"}],"about":[{"href":"https:\/\/www.avanceplasticsurgery.com\/es\/wp-json\/wp\/v2\/types\/page"}],"author":[{"embeddable":true,"href":"https:\/\/www.avanceplasticsurgery.com\/es\/wp-json\/wp\/v2\/users\/1"}],"replies":[{"embeddable":true,"href":"https:\/\/www.avanceplasticsurgery.com\/es\/wp-json\/wp\/v2\/comments?post=9060"}],"version-history":[{"count":1,"href":"https:\/\/www.avanceplasticsurgery.com\/es\/wp-json\/wp\/v2\/pages\/9060\/revisions"}],"predecessor-version":[{"id":9327,"href":"https:\/\/www.avanceplasticsurgery.com\/es\/wp-json\/wp\/v2\/pages\/9060\/revisions\/9327"}],"up":[{"embeddable":true,"href":"https:\/\/www.avanceplasticsurgery.com\/es\/wp-json\/wp\/v2\/pages\/9015"}],"wp:attachment":[{"href":"https:\/\/www.avanceplasticsurgery.com\/es\/wp-json\/wp\/v2\/media?parent=9060"}],"curies":[{"name":"wp","href":"https:\/\/api.w.org\/{rel}","templated":true}]}}