{"id":9061,"date":"2020-09-20T20:13:44","date_gmt":"2020-09-20T20:13:44","guid":{"rendered":"https:\/\/www.avanceplasticsurgery.com\/tratamientos-de-spa-medicos\/rejuvenecimiento-de-la-piel-con-laser\/"},"modified":"2022-04-25T13:02:52","modified_gmt":"2022-04-25T13:02:52","slug":"rejuvenecimiento-de-la-piel-con-laser","status":"publish","type":"page","link":"https:\/\/www.avanceplasticsurgery.com\/es\/tratamientos-de-spa-medicos\/rejuvenecimiento-de-la-piel-con-laser\/","title":{"rendered":"Rejuvenecimiento de la piel con l\u00e1ser"},"content":{"rendered":"<h1>Rejuvenecimiento de la piel con l\u00e1ser<\/h1>\n<p>La piel cambia de varias maneras a medida que envejecemos. La pigmentaci\u00f3n puede cambiar y las manchas oscuras o la hiperpigmentaci\u00f3n pueden alterar el tono uniforme de la piel. La piel se vuelve m\u00e1s delgada y menos firme, lo que da como resultado l\u00edneas, arrugas y flacidez. Para mantener una piel m\u00e1s joven, existe una variedad de tratamientos que pueden abordar estos problemas de envejecimiento. Una de las <a title=\"Reno NV Med Spa Tratamientos\" href=\"https:\/\/www.avanceplasticsurgery.com\/es\/med-spa-treatments\/\">opciones para rejuvenecer el rostro y reducir las arrugas faciales<\/a> es el rejuvenecimiento cut\u00e1neo con l\u00e1ser, disponible en el Avance Plastic Surgery Institute en Reno\/Tahoe, NV.<\/p>\n<p>Los tratamientos cut\u00e1neos con l\u00e1ser utilizan energ\u00eda luminosa para atacar las c\u00e9lulas de la piel. Existen varios tratamientos l\u00e1ser para la piel, desde la depilaci\u00f3n hasta la luz pulsada intensa (IPL) o la fototerapia facial. La diferencia involucra el espectro de energ\u00eda de la luz utilizada y las c\u00e9lulas de la piel a las que se dirigen. En el rejuvenecimiento cut\u00e1neo con l\u00e1ser, el tratamiento env\u00eda energ\u00eda luminosa a las c\u00e9lulas da\u00f1adas de la piel para eliminarlas de la superficie. Al mismo tiempo, las capas inferiores de las c\u00e9lulas de la piel se ven afectadas por el calor, estimulando la producci\u00f3n de col\u00e1geno. Las c\u00e9lulas viejas y da\u00f1adas de la piel se eliminan y el col\u00e1geno ayuda a sanar y reparar la piel para una apariencia m\u00e1s firme y suave.<\/p>\n<h2>Reducir las arrugas faciales y cicatrices<\/h2>\n<p>Los tratamientos de rejuvenecimiento cut\u00e1neo con l\u00e1ser son ideales para combatir los primeros signos de arrugas faciales, manchas o cicatrices. El enfoque espec\u00edfico puede tratar \u00e1reas espec\u00edficas de la cara para eliminar la piel da\u00f1ada y estimular la producci\u00f3n de col\u00e1geno. El rejuvenecimiento cut\u00e1neo con l\u00e1ser puede suavizar las l\u00edneas finas y las arrugas y atenuar las manchas solares, las cicatrices, los poros dilatados y otras imperfecciones de la piel del rostro.<\/p>\n<p>El rejuvenecimiento cut\u00e1neo con l\u00e1ser es m\u00ednimamente invasivo, pero puede provocar que la piel se enrojezca y se descame despu\u00e9s del tratamiento, ya que las c\u00e9lulas viejas de la piel se desprenden. Durante las siguientes semanas, la piel sanar\u00e1 y la piel rejuvenecida se revelar\u00e1 con menos l\u00edneas, arrugas y defectos.<\/p>\n<p>Si desea explorar los tratamientos de rejuvenecimiento de la piel que pueden ayudarlo a eliminar los defectos de la piel y reducir las arrugas faciales, <a title=\"P\u00f3ngase en contacto con el Instituto de Cirug\u00eda Pl\u00e1stica Avance en Reno NV\" href=\"https:\/\/www.avanceplasticsurgery.com\/es\/contact-us-dr-erez-dayan\/\">comun\u00edquese hoy con nosotros en Avance Plastic Surgery Institute<\/a> para programar su cita. Nuestra cl\u00ednica en Reno\/Tahoe, NV, ofrece rejuvenecimiento cut\u00e1neo con l\u00e1ser y otros tratamientos para la piel.<\/p>\n<p style=\"text-align: center;\"><a href=\"https:\/\/www.avanceplasticsurgery.com\/wp-content\/uploads\/2020\/10\/Derm_Peel_Laser_Instructions.pdf\" class=\"btn btn-primary\" target=\"_blank\" rel=\"noopener noreferrer\">Instrucciones postoperatorias<\/a><\/p>\n","protected":false},"excerpt":{"rendered":"<p>Rejuvenecimiento de la piel con l\u00e1ser La piel cambia de varias maneras a medida que envejecemos. La pigmentaci\u00f3n puede&hellip;<\/p>\n","protected":false},"author":1,"featured_media":0,"parent":9015,"menu_order":0,"comment_status":"closed","ping_status":"closed","template":"","meta":{"_acf_changed":false,"footnotes":""},"class_list":["post-9061","page","type-page","status-publish"],"acf":[],"yoast_head":"<!-- This site is optimized with the Yoast SEO plugin v25.6 - https:\/\/yoast.com\/wordpress\/plugins\/seo\/ -->\n<title>Reno NV Face Laser Skin Resurfacing | Lake Tahoe reduce las arrugas faciales<\/title>\n<meta name=\"description\" content=\"El envejecimiento y otros factores pueden cambiar la superficie de la piel. El rejuvenecimiento cut\u00e1neo con l\u00e1ser puede rejuvenecer la piel, reducir las arrugas faciales, las cicatrices y las imperfecciones, y est\u00e1 disponible en el Instituto de Cirug\u00eda Pl\u00e1stica Avance en Reno, NV.\" \/>\n<meta name=\"robots\" content=\"index, follow, max-snippet:-1, max-image-preview:large, max-video-preview:-1\" \/>\n<link rel=\"canonical\" href=\"https:\/\/www.avanceplasticsurgery.com\/es\/tratamientos-de-spa-medicos\/rejuvenecimiento-de-la-piel-con-laser\/\" \/>\n<meta property=\"og:locale\" content=\"es_ES\" \/>\n<meta property=\"og:type\" content=\"article\" \/>\n<meta property=\"og:title\" content=\"Reno NV Face Laser Skin Resurfacing | Lake Tahoe reduce las arrugas faciales\" \/>\n<meta property=\"og:description\" content=\"El envejecimiento y otros factores pueden cambiar la superficie de la piel. El rejuvenecimiento cut\u00e1neo con l\u00e1ser puede rejuvenecer la piel, reducir las arrugas faciales, las cicatrices y las imperfecciones, y est\u00e1 disponible en el Instituto de Cirug\u00eda Pl\u00e1stica Avance en Reno, NV.\" \/>\n<meta property=\"og:url\" content=\"https:\/\/www.avanceplasticsurgery.com\/es\/tratamientos-de-spa-medicos\/rejuvenecimiento-de-la-piel-con-laser\/\" \/>\n<meta property=\"og:site_name\" content=\"Avance Plastic Surgery\" \/>\n<meta property=\"article:modified_time\" content=\"2022-04-25T13:02:52+00:00\" \/>\n<meta name=\"twitter:card\" content=\"summary_large_image\" \/>\n<meta name=\"twitter:label1\" content=\"Tiempo de lectura\" \/>\n\t<meta name=\"twitter:data1\" content=\"2 minutos\" \/>\n<!-- \/ Yoast SEO plugin. -->","yoast_head_json":{"title":"Reno NV Face Laser Skin Resurfacing | Lake Tahoe reduce las arrugas faciales","description":"El envejecimiento y otros factores pueden cambiar la superficie de la piel. El rejuvenecimiento cut\u00e1neo con l\u00e1ser puede rejuvenecer la piel, reducir las arrugas faciales, las cicatrices y las imperfecciones, y est\u00e1 disponible en el Instituto de Cirug\u00eda Pl\u00e1stica Avance en Reno, NV.","robots":{"index":"index","follow":"follow","max-snippet":"max-snippet:-1","max-image-preview":"max-image-preview:large","max-video-preview":"max-video-preview:-1"},"canonical":"https:\/\/www.avanceplasticsurgery.com\/es\/tratamientos-de-spa-medicos\/rejuvenecimiento-de-la-piel-con-laser\/","og_locale":"es_ES","og_type":"article","og_title":"Reno NV Face Laser Skin Resurfacing | Lake Tahoe reduce las arrugas faciales","og_description":"El envejecimiento y otros factores pueden cambiar la superficie de la piel. El rejuvenecimiento cut\u00e1neo con l\u00e1ser puede rejuvenecer la piel, reducir las arrugas faciales, las cicatrices y las imperfecciones, y est\u00e1 disponible en el Instituto de Cirug\u00eda Pl\u00e1stica Avance en Reno, NV.","og_url":"https:\/\/www.avanceplasticsurgery.com\/es\/tratamientos-de-spa-medicos\/rejuvenecimiento-de-la-piel-con-laser\/","og_site_name":"Avance Plastic Surgery","article_modified_time":"2022-04-25T13:02:52+00:00","twitter_card":"summary_large_image","twitter_misc":{"Tiempo de lectura":"2 minutos"},"schema":{"@context":"https:\/\/schema.org","@graph":[{"@type":"WebPage","@id":"https:\/\/www.avanceplasticsurgery.com\/es\/tratamientos-de-spa-medicos\/rejuvenecimiento-de-la-piel-con-laser\/","url":"https:\/\/www.avanceplasticsurgery.com\/es\/tratamientos-de-spa-medicos\/rejuvenecimiento-de-la-piel-con-laser\/","name":"Reno NV Face Laser Skin Resurfacing | Lake Tahoe reduce las arrugas faciales","isPartOf":{"@id":"https:\/\/www.avanceplasticsurgery.com\/es\/#website"},"datePublished":"2020-09-20T20:13:44+00:00","dateModified":"2022-04-25T13:02:52+00:00","description":"El envejecimiento y otros factores pueden cambiar la superficie de la piel. El rejuvenecimiento cut\u00e1neo con l\u00e1ser puede rejuvenecer la piel, reducir las arrugas faciales, las cicatrices y las imperfecciones, y est\u00e1 disponible en el Instituto de Cirug\u00eda Pl\u00e1stica Avance en Reno, NV.","breadcrumb":{"@id":"https:\/\/www.avanceplasticsurgery.com\/es\/tratamientos-de-spa-medicos\/rejuvenecimiento-de-la-piel-con-laser\/#breadcrumb"},"inLanguage":"es","potentialAction":[{"@type":"ReadAction","target":["https:\/\/www.avanceplasticsurgery.com\/es\/tratamientos-de-spa-medicos\/rejuvenecimiento-de-la-piel-con-laser\/"]}]},{"@type":"BreadcrumbList","@id":"https:\/\/www.avanceplasticsurgery.com\/es\/tratamientos-de-spa-medicos\/rejuvenecimiento-de-la-piel-con-laser\/#breadcrumb","itemListElement":[{"@type":"ListItem","position":1,"name":"Home","item":"https:\/\/www.avanceplasticsurgery.com\/es\/"},{"@type":"ListItem","position":2,"name":"Tratamientos de spa m\u00e9dicos","item":"https:\/\/www.avanceplasticsurgery.com\/es\/tratamientos-de-spa-medicos\/"},{"@type":"ListItem","position":3,"name":"Rejuvenecimiento de la piel con l\u00e1ser"}]},{"@type":"WebSite","@id":"https:\/\/www.avanceplasticsurgery.com\/es\/#website","url":"https:\/\/www.avanceplasticsurgery.com\/es\/","name":"Avance Plastic Surgery","description":"","potentialAction":[{"@type":"SearchAction","target":{"@type":"EntryPoint","urlTemplate":"https:\/\/www.avanceplasticsurgery.com\/es\/?s={search_term_string}"},"query-input":{"@type":"PropertyValueSpecification","valueRequired":true,"valueName":"search_term_string"}}],"inLanguage":"es"}]}},"_links":{"self":[{"href":"https:\/\/www.avanceplasticsurgery.com\/es\/wp-json\/wp\/v2\/pages\/9061","targetHints":{"allow":["GET"]}}],"collection":[{"href":"https:\/\/www.avanceplasticsurgery.com\/es\/wp-json\/wp\/v2\/pages"}],"about":[{"href":"https:\/\/www.avanceplasticsurgery.com\/es\/wp-json\/wp\/v2\/types\/page"}],"author":[{"embeddable":true,"href":"https:\/\/www.avanceplasticsurgery.com\/es\/wp-json\/wp\/v2\/users\/1"}],"replies":[{"embeddable":true,"href":"https:\/\/www.avanceplasticsurgery.com\/es\/wp-json\/wp\/v2\/comments?post=9061"}],"version-history":[{"count":1,"href":"https:\/\/www.avanceplasticsurgery.com\/es\/wp-json\/wp\/v2\/pages\/9061\/revisions"}],"predecessor-version":[{"id":9337,"href":"https:\/\/www.avanceplasticsurgery.com\/es\/wp-json\/wp\/v2\/pages\/9061\/revisions\/9337"}],"up":[{"embeddable":true,"href":"https:\/\/www.avanceplasticsurgery.com\/es\/wp-json\/wp\/v2\/pages\/9015"}],"wp:attachment":[{"href":"https:\/\/www.avanceplasticsurgery.com\/es\/wp-json\/wp\/v2\/media?parent=9061"}],"curies":[{"name":"wp","href":"https:\/\/api.w.org\/{rel}","templated":true}]}}