{"id":9062,"date":"2021-04-17T14:51:47","date_gmt":"2021-04-17T14:51:47","guid":{"rendered":"https:\/\/www.avanceplasticsurgery.com\/tratamientos-de-spa-medicos\/luz-pulsada-intensa-lumecca-de-inmode\/"},"modified":"2022-04-25T13:01:18","modified_gmt":"2022-04-25T13:01:18","slug":"luz-pulsada-intensa-lumecca-de-inmode","status":"publish","type":"page","link":"https:\/\/www.avanceplasticsurgery.com\/es\/tratamientos-de-spa-medicos\/luz-pulsada-intensa-lumecca-de-inmode\/","title":{"rendered":"Luz Pulsada Intensa &#8211; Lumecca de InMode"},"content":{"rendered":"<h1>Tratamientos Lumecca IPL<\/h1>\n<p>Realza tu belleza natural con Lumecca de InMode. En una a tres sesiones de tratamiento, puede tener una piel m\u00e1s sana y fresca. Los tratamientos Lumecca IPL pueden mejorar una variedad de imperfecciones de la piel, que incluyen:<\/p>\n<ul>\n<li>Manchas de la edad<\/li>\n<li>pecas<\/li>\n<li>Manchas rojas de ros\u00e1cea<\/li>\n<li>manchas solares<\/li>\n<li>Lesiones vasculares, ara\u00f1as vasculares y manchas en vino de Oporto<\/li>\n<\/ul>\n<p>El tratamiento Lumecca IPL es un <a title=\"Reno NV Med Spa Tratamientos\" href=\"https:\/\/www.avanceplasticsurgery.com\/es\/med-spa-treatments\/\">m\u00e9todo no quir\u00fargico y no invasivo<\/a> que utiliza una intensa luz l\u00e1ser pulsada para mejorar el aspecto de su piel. Los tratamientos brindan resultados brillantes despu\u00e9s de unos d\u00edas.<\/p>\n<button class=\"flc-yt lazyload\" data-id=\"rPjMYhNgP68\" data-title=\"Lumecca IPL (Luz Pulsada Intensa)\" data-bg=\"https:\/\/i.ytimg.com\/vi\/rPjMYhNgP68\/hqdefault.jpg\" aria-label=\"Play video Lumecca IPL (Luz Pulsada Intensa)\">  <div class=\"flc-yt__title\">Lumecca IPL (Luz Pulsada Intensa)<\/div>  <span class=\"flc-yt__play\">    <svg viewBox=\"0 0 68 48\" xmlns=\"http:\/\/www.w3.org\/2000\/svg\" aria-hidden=\"true\"><path d=\"M66.5 7.8A8.5 8.5 0 0 0 60.6 2C55.3.5 34 .5 34 .5S12.7.5 7.4 2A8.5 8.5 0 0 0 1.5 7.8C0 13.1 0 24 0 24s0 10.9 1.5 16.2A8.5 8.5 0 0 0 7.4 46C12.7 47.5 34 47.5 34 47.5s21.3 0 26.6-1.5a8.5 8.5 0 0 0 5.9-5.8C68 34.9 68 24 68 24s0-10.9-1.5-16.2Z\" fill=\"#f00\"\/><path d=\"M27 34l18-10-18-10v20Z\" fill=\"#fff\"\/><\/svg>  <\/span><\/button>\n<h2>C\u00f3mo funciona<\/h2>\n<p>La IPL se muestra en \u00e1reas seleccionadas. Sentir\u00e1s una sensaci\u00f3n como el chasquido de una banda el\u00e1stica en tu piel. Durante las pr\u00f3ximas 24 a 48 horas, el \u00e1rea tratada se oscurecer\u00e1. Dentro de una semana, la piel tratada se descamar\u00e1, revelando su nueva piel. La nueva apariencia de su piel ser\u00e1 una tez brillante y uniforme.<\/p>\n<p>La mayor\u00eda de los tratamientos de IPL est\u00e1ndar administran del 10 al 15 % de la energ\u00eda de pulso total en el rango de 500 a 600 nm. Este es el rango perfecto para la absorci\u00f3n de hemoglobina y melanina. Lumecca proporciona el 40 % de la energ\u00eda de pulso total, lo que da como resultado una piel hermosa y un tiempo de tratamiento reducido.<\/p>\n<button class=\"flc-yt lazyload\" data-id=\"yQox06YIfZo\" data-title=\"Luz Pulsada Intensa (Lumecca IPL)\" data-bg=\"https:\/\/i.ytimg.com\/vi\/yQox06YIfZo\/hqdefault.jpg\" aria-label=\"Play video Luz Pulsada Intensa (Lumecca IPL)\">  <div class=\"flc-yt__title\">Luz Pulsada Intensa (Lumecca IPL)<\/div>  <span class=\"flc-yt__play\">    <svg viewBox=\"0 0 68 48\" xmlns=\"http:\/\/www.w3.org\/2000\/svg\" aria-hidden=\"true\"><path d=\"M66.5 7.8A8.5 8.5 0 0 0 60.6 2C55.3.5 34 .5 34 .5S12.7.5 7.4 2A8.5 8.5 0 0 0 1.5 7.8C0 13.1 0 24 0 24s0 10.9 1.5 16.2A8.5 8.5 0 0 0 7.4 46C12.7 47.5 34 47.5 34 47.5s21.3 0 26.6-1.5a8.5 8.5 0 0 0 5.9-5.8C68 34.9 68 24 68 24s0-10.9-1.5-16.2Z\" fill=\"#f00\"\/><path d=\"M27 34l18-10-18-10v20Z\" fill=\"#fff\"\/><\/svg>  <\/span><\/button>\n<p>El tratamiento con Lumecca IPL es seguro y c\u00f3modo. La alta eficacia de Lumecca es ideal para el tratamiento de lesiones pigmentadas y vasculares.<\/p>\n<h3>Que esperar<\/h3>\n<p>Lumecca IPL se puede utilizar en todas las \u00e1reas del cuerpo. La mayor\u00eda de los pacientes reciben tratamientos en \u00e1reas que est\u00e1n expuestas regularmente al sol: cara, cuello, manos, brazos, pecho y piernas. Antes del tratamiento, debe evitar la exposici\u00f3n al sol o al bronceado durante al menos un mes.<\/p>\n<p>Durante el tratamiento, se dirigir\u00e1 un destello de luz brillante al \u00e1rea objetivo y sentir\u00e1 un chasquido r\u00e1pido. Su piel puede sentirse caliente y enrojecida durante aproximadamente una hora despu\u00e9s del tratamiento. El tratamiento de las lesiones vasculares puede resultar en un blanqueamiento temporal de las venas, o el color del vaso sangu\u00edneo puede cambiar y desaparecer despu\u00e9s de unos d\u00edas.<\/p>\n<p>La mayor\u00eda de los pacientes ven una mejor\u00eda en solo unos d\u00edas despu\u00e9s del primer tratamiento con Lumecca. Es posible que se recomienden tratamientos adicionales para obtener resultados a\u00fan mejores. Su m\u00e9dico determinar\u00e1 la cantidad \u00f3ptima de tratamientos necesarios para producir los resultados deseados.<\/p>\n<p>Para obtener m\u00e1s informaci\u00f3n sobre esta tecnolog\u00eda innovadora para una piel m\u00e1s joven, <a title=\"Contacto Contacto Instituto de Cirug\u00eda Pl\u00e1stica Avance en Reno NV\" href=\"https:\/\/www.avanceplasticsurgery.com\/es\/contact-us-dr-erez-dayan\/\">comun\u00edquese con el Instituto de Cirug\u00eda Pl\u00e1stica Avance<\/a> . Haga una cita para una consulta y comience su viaje hacia una piel de mejor apariencia.<\/p>\n","protected":false},"excerpt":{"rendered":"<p>Tratamientos Lumecca IPL Realza tu belleza natural con Lumecca de InMode. En una a tres sesiones de tratamiento, puede&hellip;<\/p>\n","protected":false},"author":1,"featured_media":0,"parent":9015,"menu_order":0,"comment_status":"closed","ping_status":"closed","template":"","meta":{"_acf_changed":false,"footnotes":""},"class_list":["post-9062","page","type-page","status-publish"],"acf":[],"yoast_head":"<!-- This site is optimized with the Yoast SEO plugin v25.6 - https:\/\/yoast.com\/wordpress\/plugins\/seo\/ -->\n<title>Reno NV Tratamientos IPL | Terapia de luz pulsada intensa Lumecca | lago taho<\/title>\n<meta name=\"description\" content=\"Notar\u00e1s una mejora significativa en tu piel con Lumecca de InMode. Las lesiones pigmentadas y vasculares son cosa del pasado con esta potente luz pulsada intensa. Repara las imperfecciones de la piel y rejuvenece tu piel. Llame al Instituto de Cirug\u00eda Pl\u00e1stica Avance para programar una consulta.\" \/>\n<meta name=\"robots\" content=\"index, follow, max-snippet:-1, max-image-preview:large, max-video-preview:-1\" \/>\n<link rel=\"canonical\" href=\"https:\/\/www.avanceplasticsurgery.com\/es\/tratamientos-de-spa-medicos\/luz-pulsada-intensa-lumecca-de-inmode\/\" \/>\n<meta property=\"og:locale\" content=\"es_ES\" \/>\n<meta property=\"og:type\" content=\"article\" \/>\n<meta property=\"og:title\" content=\"Reno NV Tratamientos IPL | Terapia de luz pulsada intensa Lumecca | lago taho\" \/>\n<meta property=\"og:description\" content=\"Notar\u00e1s una mejora significativa en tu piel con Lumecca de InMode. Las lesiones pigmentadas y vasculares son cosa del pasado con esta potente luz pulsada intensa. Repara las imperfecciones de la piel y rejuvenece tu piel. Llame al Instituto de Cirug\u00eda Pl\u00e1stica Avance para programar una consulta.\" \/>\n<meta property=\"og:url\" content=\"https:\/\/www.avanceplasticsurgery.com\/es\/tratamientos-de-spa-medicos\/luz-pulsada-intensa-lumecca-de-inmode\/\" \/>\n<meta property=\"og:site_name\" content=\"Avance Plastic Surgery\" \/>\n<meta property=\"article:modified_time\" content=\"2022-04-25T13:01:18+00:00\" \/>\n<meta name=\"twitter:card\" content=\"summary_large_image\" \/>\n<meta name=\"twitter:label1\" content=\"Tiempo de lectura\" \/>\n\t<meta name=\"twitter:data1\" content=\"2 minutos\" \/>\n<!-- \/ Yoast SEO plugin. -->","yoast_head_json":{"title":"Reno NV Tratamientos IPL | Terapia de luz pulsada intensa Lumecca | lago taho","description":"Notar\u00e1s una mejora significativa en tu piel con Lumecca de InMode. Las lesiones pigmentadas y vasculares son cosa del pasado con esta potente luz pulsada intensa. Repara las imperfecciones de la piel y rejuvenece tu piel. Llame al Instituto de Cirug\u00eda Pl\u00e1stica Avance para programar una consulta.","robots":{"index":"index","follow":"follow","max-snippet":"max-snippet:-1","max-image-preview":"max-image-preview:large","max-video-preview":"max-video-preview:-1"},"canonical":"https:\/\/www.avanceplasticsurgery.com\/es\/tratamientos-de-spa-medicos\/luz-pulsada-intensa-lumecca-de-inmode\/","og_locale":"es_ES","og_type":"article","og_title":"Reno NV Tratamientos IPL | Terapia de luz pulsada intensa Lumecca | lago taho","og_description":"Notar\u00e1s una mejora significativa en tu piel con Lumecca de InMode. Las lesiones pigmentadas y vasculares son cosa del pasado con esta potente luz pulsada intensa. Repara las imperfecciones de la piel y rejuvenece tu piel. Llame al Instituto de Cirug\u00eda Pl\u00e1stica Avance para programar una consulta.","og_url":"https:\/\/www.avanceplasticsurgery.com\/es\/tratamientos-de-spa-medicos\/luz-pulsada-intensa-lumecca-de-inmode\/","og_site_name":"Avance Plastic Surgery","article_modified_time":"2022-04-25T13:01:18+00:00","twitter_card":"summary_large_image","twitter_misc":{"Tiempo de lectura":"2 minutos"},"schema":{"@context":"https:\/\/schema.org","@graph":[{"@type":"WebPage","@id":"https:\/\/www.avanceplasticsurgery.com\/es\/tratamientos-de-spa-medicos\/luz-pulsada-intensa-lumecca-de-inmode\/","url":"https:\/\/www.avanceplasticsurgery.com\/es\/tratamientos-de-spa-medicos\/luz-pulsada-intensa-lumecca-de-inmode\/","name":"Reno NV Tratamientos IPL | Terapia de luz pulsada intensa Lumecca | lago taho","isPartOf":{"@id":"https:\/\/www.avanceplasticsurgery.com\/es\/#website"},"datePublished":"2021-04-17T14:51:47+00:00","dateModified":"2022-04-25T13:01:18+00:00","description":"Notar\u00e1s una mejora significativa en tu piel con Lumecca de InMode. Las lesiones pigmentadas y vasculares son cosa del pasado con esta potente luz pulsada intensa. Repara las imperfecciones de la piel y rejuvenece tu piel. Llame al Instituto de Cirug\u00eda Pl\u00e1stica Avance para programar una consulta.","breadcrumb":{"@id":"https:\/\/www.avanceplasticsurgery.com\/es\/tratamientos-de-spa-medicos\/luz-pulsada-intensa-lumecca-de-inmode\/#breadcrumb"},"inLanguage":"es","potentialAction":[{"@type":"ReadAction","target":["https:\/\/www.avanceplasticsurgery.com\/es\/tratamientos-de-spa-medicos\/luz-pulsada-intensa-lumecca-de-inmode\/"]}]},{"@type":"BreadcrumbList","@id":"https:\/\/www.avanceplasticsurgery.com\/es\/tratamientos-de-spa-medicos\/luz-pulsada-intensa-lumecca-de-inmode\/#breadcrumb","itemListElement":[{"@type":"ListItem","position":1,"name":"Home","item":"https:\/\/www.avanceplasticsurgery.com\/es\/"},{"@type":"ListItem","position":2,"name":"Tratamientos de spa m\u00e9dicos","item":"https:\/\/www.avanceplasticsurgery.com\/es\/tratamientos-de-spa-medicos\/"},{"@type":"ListItem","position":3,"name":"Luz Pulsada Intensa &#8211; Lumecca de InMode"}]},{"@type":"WebSite","@id":"https:\/\/www.avanceplasticsurgery.com\/es\/#website","url":"https:\/\/www.avanceplasticsurgery.com\/es\/","name":"Avance Plastic Surgery","description":"","potentialAction":[{"@type":"SearchAction","target":{"@type":"EntryPoint","urlTemplate":"https:\/\/www.avanceplasticsurgery.com\/es\/?s={search_term_string}"},"query-input":{"@type":"PropertyValueSpecification","valueRequired":true,"valueName":"search_term_string"}}],"inLanguage":"es"}]}},"_links":{"self":[{"href":"https:\/\/www.avanceplasticsurgery.com\/es\/wp-json\/wp\/v2\/pages\/9062","targetHints":{"allow":["GET"]}}],"collection":[{"href":"https:\/\/www.avanceplasticsurgery.com\/es\/wp-json\/wp\/v2\/pages"}],"about":[{"href":"https:\/\/www.avanceplasticsurgery.com\/es\/wp-json\/wp\/v2\/types\/page"}],"author":[{"embeddable":true,"href":"https:\/\/www.avanceplasticsurgery.com\/es\/wp-json\/wp\/v2\/users\/1"}],"replies":[{"embeddable":true,"href":"https:\/\/www.avanceplasticsurgery.com\/es\/wp-json\/wp\/v2\/comments?post=9062"}],"version-history":[{"count":1,"href":"https:\/\/www.avanceplasticsurgery.com\/es\/wp-json\/wp\/v2\/pages\/9062\/revisions"}],"predecessor-version":[{"id":9328,"href":"https:\/\/www.avanceplasticsurgery.com\/es\/wp-json\/wp\/v2\/pages\/9062\/revisions\/9328"}],"up":[{"embeddable":true,"href":"https:\/\/www.avanceplasticsurgery.com\/es\/wp-json\/wp\/v2\/pages\/9015"}],"wp:attachment":[{"href":"https:\/\/www.avanceplasticsurgery.com\/es\/wp-json\/wp\/v2\/media?parent=9062"}],"curies":[{"name":"wp","href":"https:\/\/api.w.org\/{rel}","templated":true}]}}