{"id":9064,"date":"2017-09-07T12:53:19","date_gmt":"2017-09-07T12:53:19","guid":{"rendered":"https:\/\/www.avanceplasticsurgery.com\/politica-de-privacidad\/"},"modified":"2025-02-19T10:44:34","modified_gmt":"2025-02-19T10:44:34","slug":"politica-de-privacidad","status":"publish","type":"page","link":"https:\/\/www.avanceplasticsurgery.com\/es\/politica-de-privacidad\/","title":{"rendered":"Pol\u00edtica de privacidad"},"content":{"rendered":"<h1 class=\"underlined-header uppercased\" style=\"text-align: center;\">Pol\u00edtica de Privacidad y T\u00e9rminos de Servicio<\/h1>\n<h2>POL\u00cdTICA DE PRIVACIDAD<\/h2>\n<p>Proteger los derechos de los visitantes de nuestro sitio web es importante para nosotros. Por lo tanto, queremos divulgar cualquier informaci\u00f3n que recopilemos cuando visite nuestro sitio, as\u00ed como c\u00f3mo la utilizamos. En cualquier momento, tenemos el derecho de enmendar o modificar esta Declaraci\u00f3n de Privacidad. No dude en consultar esta p\u00e1gina peri\u00f3dicamente para obtener actualizaciones sobre nuestras pol\u00edticas de privacidad.<\/p>\n<h2>DESCARGO DE RESPONSABILIDAD<\/h2>\n<p>Estamos comprometidos a utilizar medidas de seguridad adecuadas para proteger la informaci\u00f3n personal de los visitantes del sitio web. Sin embargo, nuestras medidas de seguridad no est\u00e1n garantizadas. No garantizamos la privacidad de ninguna informaci\u00f3n que se comunique o transfiera a trav\u00e9s de Internet. Hacemos grandes esfuerzos para validar la exactitud, credibilidad y confiabilidad del material dentro de este sitio web o cualquier sitio vinculado, pero no podemos representar ni garantizar que la informaci\u00f3n sea exacta o precisa. Toda la informaci\u00f3n relacionada con la salud dentro de este sitio web no est\u00e1 destinada a sustituir el asesoramiento, diagn\u00f3stico o tratamiento profesional de atenci\u00f3n m\u00e9dica.<\/p>\n<h2>SU PRIVACIDAD<\/h2>\n<p>Respetamos la privacidad de los usuarios y visitantes del sitio web y nos comprometemos a cumplir con todas las leyes aplicables relacionadas con la divulgaci\u00f3n de informaci\u00f3n personal. Puede haber ocasiones en las que utilicemos cierta informaci\u00f3n recopilada para proporcionarle materiales sobre productos, servicios y otros datos pertinentes que creemos pueden interesarle. Sin embargo, si prefiere no recibir esta informaci\u00f3n, respetaremos sus deseos y eliminaremos su informaci\u00f3n de nuestras listas o modificaremos su informaci\u00f3n existente seg\u00fan lo desee. Puede confiar en que los datos que nos env\u00ede ser\u00e1n tratados con estricta confidencialidad y solo se utilizar\u00e1n con fines comerciales. Los datos personales nunca se comparten sin permiso o a menos que lo exija la ley.<\/p>\n<h3>Consentimiento para Mensajes de Texto:<\/h3>\n<p>Los datos de consentimiento y opt-in para mensajes de texto proporcionados por los usuarios, incluidos n\u00fameros de tel\u00e9fono, se utilizar\u00e1n \u00fanicamente para los fines de comunicar actualizaciones, promociones, recordatorios de citas, alertas de pedidos, notificaciones de cuentas u otra informaci\u00f3n relevante relacionada con Avance Plastic Surgery. Estos datos no se compartir\u00e1n con terceros ni afiliados con fines de marketing. Priorizamos la confidencialidad y seguridad de la informaci\u00f3n de consentimiento para mensajes de texto.\u2028\u2028Los usuarios pueden esperar:<\/p>\n<ul>\n<li>Recordatorios de citas<\/li>\n<li>Alertas de pedidos<\/li>\n<li>Notificaciones de cuenta<\/li>\n<li>Actualizaciones promocionales<\/li>\n<\/ul>\n<h3>T\u00e9rminos y Condiciones:<\/h3>\n<p>La frecuencia de mensajes puede variar. Pueden aplicarse tarifas de mensajes y datos. Para cancelar en cualquier momento, env\u00ede un mensaje de texto con la palabra STOP. Para obtener ayuda, env\u00ede un mensaje de texto con la palabra HELP o visite nuestro sitio web en <a href=\"http:\/\/www.avanceplasticsurgery.com\" target=\"_blank\">www.avanceplasticsurgery.com<\/a>. Visite: <a href=\"https:\/\/www.avanceplasticsurgery.com\/privacy-policy\/\" target=\"_blank\">https:\/\/www.avanceplasticsurgery.com\/privacy-policy\/<\/a> para nuestra Pol\u00edtica de Privacidad y T\u00e9rminos de Servicio.<\/p>\n<h2>INFORMACI\u00d3N RECOPILADA<\/h2>\n<p>Nuestro sistema est\u00e1 dise\u00f1ado para recopilar informaci\u00f3n sobre el origen y la navegaci\u00f3n del sitio de los visitantes regularmente. La informaci\u00f3n recopilada puede incluir, entre otros, la direcci\u00f3n IP, las p\u00e1ginas visitadas o el historial del navegador, as\u00ed como datos sobre el tipo de navegador y sistema operativo. Esta informaci\u00f3n no se utiliza para identificar a personas, sino como una forma de ayudarnos a mantenernos actualizados sobre los patrones de los usuarios y mejorar el sitio. Nos abstenemos de recopilar informaci\u00f3n personal o identificativa, incluidos su nombre, correo electr\u00f3nico o direcci\u00f3n, a menos que se env\u00ede como parte de una solicitud espec\u00edfica de servicio o informaci\u00f3n. No damos, compartimos ni vendemos ninguna informaci\u00f3n personal a terceros, a menos que lo exija la ley.<\/p>\n<h2>NUESTRO USO DE COOKIES<\/h2>\n<p>Podemos enviar una o m\u00e1s \u201ccookies\u201d a su computadora u otro dispositivo cuando visite un sitio web por primera vez. Este es un peque\u00f1o archivo que nos permite saber cu\u00e1ndo regresa al sitio. El uso de cookies nos permite modificar y mejorar continuamente nuestro sitio web, ya que revela con qu\u00e9 frecuencia lo visita y qu\u00e9 informaci\u00f3n le resulta m\u00e1s atractiva. Si lo prefiere, puede elegir la opci\u00f3n de restablecer su navegador y rechazar cookies de nuestro sitio o aceptarlas individualmente en su dispositivo o computadora. Sin embargo, si desactiva las cookies, es posible que tenga un uso limitado de las funciones de nuestro sitio web.<\/p>\n<h2>ENLACES EXTERNOS<\/h2>\n<p>Algunas p\u00e1ginas dentro de este sitio web est\u00e1n vinculadas a sitios web de terceros. No controlamos ni somos responsables del contenido de estos sitios vinculados, ni necesariamente los hemos revisado para verificar su exactitud. Los enlaces a terceros no indican respaldo ni confiabilidad de ning\u00fan servicio, informaci\u00f3n o producto ofrecido en nuestro sitio.<\/p>\n<h2>reCAPTCHA<\/h2>\n<p>Este sitio est\u00e1 protegido por reCAPTCHA y se aplican la<span>&nbsp;<\/span><a href=\"https:\/\/policies.google.com\/privacy\" target=\"_blank\" rel=\"noopener noreferrer\">Pol\u00edtica de Privacidad<\/a><span>&nbsp;<\/span>y los<span>&nbsp;<\/span><a href=\"https:\/\/policies.google.com\/terms\" target=\"_blank\" rel=\"noopener noreferrer\">T\u00e9rminos de Servicio<\/a>&nbsp;de Google.<\/p>\n<h2>SMS para Comunicaci\u00f3n de Consentimiento<\/h2>\n<p><i>La informaci\u00f3n obtenida como parte del proceso de consentimiento por SMS no ser\u00e1 compartida con terceros para fines de marketing.<\/i><\/p>\n<h2>Tipos de Comunicaciones por SMS<\/h2>\n<p>Si has dado tu consentimiento para recibir mensajes de texto de Avance Plastic Surgery, puedes recibir mensajes relacionados con recordatorios de citas, reuniones, seguimiento de casos, etc.<\/p>\n<h3 class=\"mt-4\">Frecuencia de Mensajes:<\/h3>\n<p><i>Nuestra frecuencia de mensajes SMS variar\u00e1 entre 1 y 50 mensajes de texto diarios en total para todos los usuarios.<\/i><\/p>\n<h3 class=\"mt-4\">Tarifas Potenciales por Mensajer\u00eda SMS<\/h3>\n<p><i>Muchos operadores cobran una tarifa por cada mensaje enviado o recibido. Esto puede variar dependiendo de la estructura de precios del operador y si el mensaje se env\u00eda a nivel nacional o internacional.<\/i><\/p>\n<h3 class=\"mt-4\">M\u00e9todo de Suscripci\u00f3n (Opt-In)<\/h3>\n<p>El cliente se suscribir\u00e1 para recibir mensajes SMS de Avance Plastic Surgery a trav\u00e9s de los formularios de su sitio web ubicado en (<a href=\"https:\/\/www.avanceplasticsurgery.com\/\" target=\"_blank\" rel=\"noopener\">https:\/\/www.avanceplasticsurgery.com\/<\/a>), este acuerdo para SMS no ser\u00e1 compartido con terceros para fines de marketing.<\/p>\n<h3 class=\"mt-4\">M\u00e9todo de Suscripci\u00f3n (Opt-In)<\/h3>\n<p>Los usuarios se suscribir\u00e1n para recibir mensajes SMS de Avance Plastic Surgery verbalmente mientras participan en una llamada o al obtener nuestra informaci\u00f3n de contacto desde nuestro sitio web ubicado en <a href=\"https:\/\/www.avanceplasticsurgery.com\/contact-us-dr-erez-dayan\/\" target=\"_blank\" rel=\"noopener\">https:\/\/www.avanceplasticsurgery.com\/contact-us-dr-erez-dayan\/<\/a>. Durante la llamada les preguntamos:<\/p>\n<p><i>\u201c\u00bfAceptas recibir mensajes de texto de Avance Plastic Surgery? La frecuencia de los mensajes var\u00eda. Pueden aplicarse tarifas de mensajes y datos. Env\u00eda HELP para ayuda, STOP para cancelar la suscripci\u00f3n. Consulta nuestra pol\u00edtica de privacidad en <a href=\"https:\/\/www.avanceplasticsurgery.com\/privacy-policy\/\" target=\"_blank\" rel=\"noopener\">https:\/\/www.avanceplasticsurgery.com\/privacy-policy\/<\/a>.\u201d<\/i><\/p>\n<p>Este acuerdo de consentimiento no ser\u00e1 compartido con terceros ni afiliados para fines de marketing. No se iniciar\u00e1 ninguna comunicaci\u00f3n por SMS sin el consentimiento del cliente.<\/p>\n<h3 class=\"mt-4\">Cancelaci\u00f3n de Suscripci\u00f3n (Opt-Out)<\/h3>\n<p>El usuario podr\u00e1 cancelar la suscripci\u00f3n a los mensajes SMS de Avance Plastic Surgery respondiendo STOP en cualquier momento a cualquier mensaje SMS recibido. Una vez cancelada la suscripci\u00f3n, no recibir\u00e1 m\u00e1s comunicaciones por SMS. Podr\u00e1 volver a suscribirse en cualquier momento respondiendo START.<\/p>\n<h3 class=\"mt-4\">Divulgaciones Est\u00e1ndar sobre Mensajer\u00eda:<\/h3>\n<p>Pueden aplicarse tarifas de mensajes y datos.<\/p>\n<p>La frecuencia de mensajes puede variar.<\/p>\n<p>Puedes cancelar la suscripci\u00f3n en cualquier momento enviando \u00abSTOP\u00bb.<\/p>\n<p>Para asistencia, env\u00eda \u00abHELP\u00bb o visita nuestra <a href=\"https:\/\/www.avanceplasticsurgery.com\/privacy-policy\/\" target=\"_blank\" rel=\"noopener\">https:\/\/www.avanceplasticsurgery.com\/privacy-policy\/<\/a>.<\/p>\n","protected":false},"excerpt":{"rendered":"<p>Pol\u00edtica de Privacidad y T\u00e9rminos de Servicio POL\u00cdTICA DE PRIVACIDAD Proteger los derechos de los visitantes de nuestro sitio&hellip;<\/p>\n","protected":false},"author":1,"featured_media":0,"parent":0,"menu_order":0,"comment_status":"closed","ping_status":"closed","template":"","meta":{"_acf_changed":false,"footnotes":""},"class_list":["post-9064","page","type-page","status-publish"],"acf":[],"yoast_head":"<!-- This site is optimized with the Yoast SEO plugin v27.4 - https:\/\/yoast.com\/product\/yoast-seo-wordpress\/ -->\n<title>Pol\u00edtica de Privacidad, Cirug\u00eda Est\u00e9tica de P\u00e1rpados, Cirug\u00eda Pl\u00e1stica Avance<\/title>\n<meta name=\"description\" content=\"Esta p\u00e1gina contiene Avance Plastic Surgery, pol\u00edtica de privacidad.\" \/>\n<meta name=\"robots\" content=\"index, follow, max-snippet:-1, max-image-preview:large, max-video-preview:-1\" \/>\n<link rel=\"canonical\" href=\"https:\/\/www.avanceplasticsurgery.com\/es\/politica-de-privacidad\/\" \/>\n<meta property=\"og:locale\" content=\"es_ES\" \/>\n<meta property=\"og:type\" content=\"article\" \/>\n<meta property=\"og:title\" content=\"Pol\u00edtica de Privacidad, Cirug\u00eda Est\u00e9tica de P\u00e1rpados, Cirug\u00eda Pl\u00e1stica Avance\" \/>\n<meta property=\"og:description\" content=\"Esta p\u00e1gina contiene Avance Plastic Surgery, pol\u00edtica de privacidad.\" \/>\n<meta property=\"og:url\" content=\"https:\/\/www.avanceplasticsurgery.com\/es\/politica-de-privacidad\/\" \/>\n<meta property=\"og:site_name\" content=\"Avance Plastic Surgery\" \/>\n<meta property=\"article:modified_time\" content=\"2025-02-19T10:44:34+00:00\" \/>\n<meta name=\"twitter:card\" content=\"summary_large_image\" \/>\n<meta name=\"twitter:label1\" content=\"Tiempo de lectura\" \/>\n\t<meta name=\"twitter:data1\" content=\"4 minutos\" \/>\n<!-- \/ Yoast SEO plugin. -->","yoast_head_json":{"title":"Pol\u00edtica de Privacidad, Cirug\u00eda Est\u00e9tica de P\u00e1rpados, Cirug\u00eda Pl\u00e1stica Avance","description":"Esta p\u00e1gina contiene Avance Plastic Surgery, pol\u00edtica de privacidad.","robots":{"index":"index","follow":"follow","max-snippet":"max-snippet:-1","max-image-preview":"max-image-preview:large","max-video-preview":"max-video-preview:-1"},"canonical":"https:\/\/www.avanceplasticsurgery.com\/es\/politica-de-privacidad\/","og_locale":"es_ES","og_type":"article","og_title":"Pol\u00edtica de Privacidad, Cirug\u00eda Est\u00e9tica de P\u00e1rpados, Cirug\u00eda Pl\u00e1stica Avance","og_description":"Esta p\u00e1gina contiene Avance Plastic Surgery, pol\u00edtica de privacidad.","og_url":"https:\/\/www.avanceplasticsurgery.com\/es\/politica-de-privacidad\/","og_site_name":"Avance Plastic Surgery","article_modified_time":"2025-02-19T10:44:34+00:00","twitter_card":"summary_large_image","twitter_misc":{"Tiempo de lectura":"4 minutos"},"schema":{"@context":"https:\/\/schema.org","@graph":[{"@type":"WebPage","@id":"https:\/\/www.avanceplasticsurgery.com\/es\/politica-de-privacidad\/","url":"https:\/\/www.avanceplasticsurgery.com\/es\/politica-de-privacidad\/","name":"Pol\u00edtica de Privacidad, Cirug\u00eda Est\u00e9tica de P\u00e1rpados, Cirug\u00eda Pl\u00e1stica Avance","isPartOf":{"@id":"https:\/\/www.avanceplasticsurgery.com\/es\/#website"},"datePublished":"2017-09-07T12:53:19+00:00","dateModified":"2025-02-19T10:44:34+00:00","description":"Esta p\u00e1gina contiene Avance Plastic Surgery, pol\u00edtica de privacidad.","breadcrumb":{"@id":"https:\/\/www.avanceplasticsurgery.com\/es\/politica-de-privacidad\/#breadcrumb"},"inLanguage":"es","potentialAction":[{"@type":"ReadAction","target":["https:\/\/www.avanceplasticsurgery.com\/es\/politica-de-privacidad\/"]}]},{"@type":"BreadcrumbList","@id":"https:\/\/www.avanceplasticsurgery.com\/es\/politica-de-privacidad\/#breadcrumb","itemListElement":[{"@type":"ListItem","position":1,"name":"Home","item":"https:\/\/www.avanceplasticsurgery.com\/es\/"},{"@type":"ListItem","position":2,"name":"Pol\u00edtica de privacidad"}]},{"@type":"WebSite","@id":"https:\/\/www.avanceplasticsurgery.com\/es\/#website","url":"https:\/\/www.avanceplasticsurgery.com\/es\/","name":"Avance Plastic Surgery","description":"","potentialAction":[{"@type":"SearchAction","target":{"@type":"EntryPoint","urlTemplate":"https:\/\/www.avanceplasticsurgery.com\/es\/?s={search_term_string}"},"query-input":{"@type":"PropertyValueSpecification","valueRequired":true,"valueName":"search_term_string"}}],"inLanguage":"es"}]}},"_links":{"self":[{"href":"https:\/\/www.avanceplasticsurgery.com\/es\/wp-json\/wp\/v2\/pages\/9064","targetHints":{"allow":["GET"]}}],"collection":[{"href":"https:\/\/www.avanceplasticsurgery.com\/es\/wp-json\/wp\/v2\/pages"}],"about":[{"href":"https:\/\/www.avanceplasticsurgery.com\/es\/wp-json\/wp\/v2\/types\/page"}],"author":[{"embeddable":true,"href":"https:\/\/www.avanceplasticsurgery.com\/es\/wp-json\/wp\/v2\/users\/1"}],"replies":[{"embeddable":true,"href":"https:\/\/www.avanceplasticsurgery.com\/es\/wp-json\/wp\/v2\/comments?post=9064"}],"version-history":[{"count":4,"href":"https:\/\/www.avanceplasticsurgery.com\/es\/wp-json\/wp\/v2\/pages\/9064\/revisions"}],"predecessor-version":[{"id":11793,"href":"https:\/\/www.avanceplasticsurgery.com\/es\/wp-json\/wp\/v2\/pages\/9064\/revisions\/11793"}],"wp:attachment":[{"href":"https:\/\/www.avanceplasticsurgery.com\/es\/wp-json\/wp\/v2\/media?parent=9064"}],"curies":[{"name":"wp","href":"https:\/\/api.w.org\/{rel}","templated":true}]}}