{"id":9066,"date":"2020-09-20T20:32:41","date_gmt":"2020-09-20T20:32:41","guid":{"rendered":"https:\/\/www.avanceplasticsurgery.com\/tratamientos-de-spa-medicos\/rejuvenecimiento-de-la-piel\/"},"modified":"2022-04-25T13:02:45","modified_gmt":"2022-04-25T13:02:45","slug":"rejuvenecimiento-de-la-piel","status":"publish","type":"page","link":"https:\/\/www.avanceplasticsurgery.com\/es\/tratamientos-de-spa-medicos\/rejuvenecimiento-de-la-piel\/","title":{"rendered":"Rejuvenecimiento de la piel"},"content":{"rendered":"<h1>Rejuvenecimiento de la piel<\/h1>\n<p>El rejuvenecimiento de la piel es un <a title=\"Reno NV Med Spa Tratamientos\" href=\"https:\/\/www.avanceplasticsurgery.com\/es\/med-spa-treatments\/\">procedimiento de rejuvenecimiento facial<\/a> para eliminar los signos del envejecimiento y las imperfecciones de la piel de las capas m\u00e1s externas de la piel para revelar una tez m\u00e1s vibrante y clara debajo. A medida que se eliminan las c\u00e9lulas da\u00f1adas de la piel, se revierten muchos de los efectos no deseados del envejecimiento, la contaminaci\u00f3n ambiental y el da\u00f1o solar.<\/p>\n<dl id=\"faq-1\" class=\"flc-faq\"><dt>\u00bfQu\u00e9 implica el rejuvenecimiento de la piel?<\/dt><dd><p>El rejuvenecimiento de la piel se puede realizar de varias maneras diferentes, y el enfoque adecuado para usted estar\u00e1 determinado por su tipo de piel, nivel de comodidad y el tipo de resultados que desea lograr.<\/p>\r\n<p>El rejuvenecimiento de la piel puede ser eficaz en el tratamiento de:<\/p>\r\n<ul>\r\n<li>Acn\u00e9 y cicatrices de acn\u00e9<\/li>\r\n<li>Marcas de viruela<\/li>\r\n<li>Otras cicatrices faciales<\/li>\r\n<li>tez o textura desigual<\/li>\r\n<li>da\u00f1o del sol<\/li>\r\n<li>Hiperpigmentaci\u00f3n<\/li>\r\n<li>Arrugas y finos finos<\/li>\r\n<\/ul><\/dd><dt>\u00bfCu\u00e1les son los diferentes tipos de rejuvenecimiento de la piel disponibles?<\/dt><dd><p>Los procedimientos que el Dr. Dayan puede recomendar durante su consulta en el Avance Plastic Surgery Institute en Reno\/Tahoe incluyen los siguientes:<\/p>\r\n<ul>\r\n<li><strong>microagujas<\/strong><br>\r\nCon microagujas, peque\u00f1as agujas perforan mec\u00e1nicamente la piel para crear una lesi\u00f3n controlada que conduce a la estimulaci\u00f3n del col\u00e1geno y la reorganizaci\u00f3n de la elastina. Esto hace que la piel sea m\u00e1s suave, tersa y firme. La microaguja se realiza con el SkinPen patentado y puede ayudar a reducir las arrugas, las l\u00edneas finas, las cicatrices y los poros dilatados. Con frecuencia, el Dr. Dayan combina el dispositivo de microagujas SkinPen con plasma rico en plaquetas o PRP. Este popular tratamiento combinado revela su tono y textura de piel \u00f3ptimos con un tiempo de inactividad m\u00ednimo.<\/li>\r\n<li><strong>Dermoabrasi\u00f3n<\/strong><br>\r\nDurante la dermoabrasi\u00f3n, se usa una pieza de mano \u00fanica con punta de diamante para eliminar las imperfecciones de la piel, revelando una nueva capa de piel m\u00e1s suave. Contamos con la tecnolog\u00eda m\u00e1s avanzada en dermoabrasi\u00f3n est\u00e9tica por succi\u00f3n. Los cristales diminutos revitalizan la textura de la piel apagada, eliminando las manchas de la edad y las manchas marrones.<\/li>\r\n<li><strong>Peelings qu\u00edmicos<\/strong><br>\r\nLas exfoliaciones qu\u00edmicas son una modalidad confiable y efectiva para renovar y rejuvenecer la piel. El Dr. Dayan realiza un espectro de exfoliaciones qu\u00edmicas que van desde leves a profundas. Las exfoliaciones qu\u00edmicas se usan t\u00edpicamente en la cara, el cuello y el escote; sin embargo, tambi\u00e9n son efectivos en el cuerpo. El Dr. Dayan realizar\u00e1 una evaluaci\u00f3n detallada de su piel y comprender\u00e1 sus preocupaciones est\u00e9ticas. Luego recomendar\u00e1 una exfoliaci\u00f3n qu\u00edmica o una exfoliaci\u00f3n combinada para lograr sus objetivos y le brindar\u00e1 informaci\u00f3n detallada sobre qu\u00e9 esperar despu\u00e9s del procedimiento.<\/li>\r\n<li><strong>Dermaplaning<\/strong><br>\r\nEl dermaplaning es una t\u00e9cnica de exfoliaci\u00f3n destinada a eliminar el vello velloso de la piel junto con las c\u00e9lulas muertas de la piel. Esto puede ayudar a prevenir los puntos negros al destapar los poros. Dermaplaning tambi\u00e9n ayuda a reducir y prevenir las arrugas.<\/li>\r\n<li><strong>Rejuvenecimiento con l\u00e1ser<\/strong><br>\r\nAvance Plastic Surgery Institute alberga una variedad de l\u00e1seres que son los mejores en su clase para tratar sus preocupaciones est\u00e9ticas espec\u00edficas. Tenemos l\u00e1seres dise\u00f1ados para eliminar manchas marrones, capilares rotos y ara\u00f1as vasculares, y l\u00e1seres que renuevan la piel. El rejuvenecimiento cut\u00e1neo con l\u00e1ser utiliza l\u00e1seres de CO2 o tecnolog\u00eda Erbium\/YAG para eliminar las capas superiores de la piel con precisi\u00f3n y revelar una capa fresca de piel saludable y vibrante rica en col\u00e1geno.<\/li>\r\n<\/ul><\/dd><dt>\u00bfCu\u00e1les son los beneficios del rejuvenecimiento de la piel?<\/dt><dd><ul>\r\n<li>Trata el da\u00f1o solar y los defectos de la piel relacionados con la edad.<\/li>\r\n<li>Ayuda a crear una tez m\u00e1s joven y fresca.<\/li>\r\n<li>Mejora la satisfacci\u00f3n con la propia imagen<\/li>\r\n<li>Se puede personalizar a su nivel de comodidad.<\/li>\r\n<li>Elimina arrugas y l\u00edneas finas<\/li>\r\n<li>Elimina las cicatrices del acn\u00e9.<\/li>\r\n<li>Elimina cicatrices pigmentadas.<\/li>\r\n<li>Revela una piel hermosa y de aspecto natural.<\/li>\r\n<\/ul><\/dd><dt>\u00bfQui\u00e9n es el mejor candidato para el rejuvenecimiento de la piel?<\/dt><dd><p>El rejuvenecimiento de la piel puede ser ideal para usted si sufre alguno de los siguientes:<\/p>\r\n<ul>\r\n<li>Arrugas y l\u00edneas finas<\/li>\r\n<li>cicatrices de acn\u00e9<\/li>\r\n<li>piel cetrina<\/li>\r\n<li>P\u00e9rdida de elasticidad de la piel.<\/li>\r\n<li>Tono de piel pobre<\/li>\r\n<li>Ros\u00e1cea<\/li>\r\n<li>Melasma<\/li>\r\n<li>Hiperpigmentaci\u00f3n<\/li>\r\n<li>poros dilatados<\/li>\r\n<li>Manchas de la edad<\/li>\r\n<\/ul><\/dd><dt>\u00bfC\u00f3mo ser\u00e1 mi recuperaci\u00f3n?<\/dt><dd>Es particularmente importante seguir las instrucciones del Dr. Dayan antes y despu\u00e9s de la sesi\u00f3n de rejuvenecimiento de la piel para garantizar resultados \u00f3ptimos. Con tratamientos de rejuvenecimiento de la piel m\u00e1s profundos, existe un r\u00e9gimen detallado previo al procedimiento que el Dr. Dayan proporcionar\u00e1 dos semanas antes del tratamiento para optimizar la salud de su piel. Con t\u00e9cnicas m\u00e1s profundas de rejuvenecimiento de la piel, la recuperaci\u00f3n puede llevar algunas semanas. Las modalidades de rejuvenecimiento m\u00e1s suaves tienen un per\u00edodo de enrojecimiento de tan solo 1 a 2 d\u00edas similar a una quemadura solar. Si contin\u00faa manteniendo una piel saludable y protegi\u00e9ndose del sol con el bloqueador solar adecuado, los resultados de su procedimiento de rejuvenecimiento de la piel pueden durar de 5 a 10 a\u00f1os o m\u00e1s.<\/dd><dt>\u00bfCu\u00e1les son las tarifas para el rejuvenecimiento de la piel?<\/dt><dd>Como existen varios enfoques para el rejuvenecimiento de la piel, las tarifas variar\u00e1n seg\u00fan su plan de tratamiento individualizado. El Dr. Dayan realizar\u00e1 una evaluaci\u00f3n detallada de la piel durante su consulta privada en Reno y luego le brindar\u00e1 su mejor recomendaci\u00f3n para su tipo de procedimiento. Nuestra oficina puede ayudarlo a solicitar financiamiento de una variedad de prestamistas de atenci\u00f3n m\u00e9dica acreditados, en caso de que lo requiera.<\/dd><dt>\u00bfPor qu\u00e9 elegir al Dr. Dayan para el rejuvenecimiento de la piel en Reno?<\/dt><dd>El Dr. Dayan ofrece servicios est\u00e9ticos de vanguardia en su consultorio de \u00faltima generaci\u00f3n en Reno\/Tahoe, que incluyen soluciones superiores para el cuidado de la piel que ayudan a revitalizar y reponer la tez y la salud de la piel. Despu\u00e9s de completar su formaci\u00f3n en el programa de Cirug\u00eda Pl\u00e1stica de Harvard, el Dr. Dayan obtuvo una prestigiosa beca en cirug\u00eda est\u00e9tica en el Instituto de Cirug\u00eda Pl\u00e1stica de Dallas. Es un investigador clave y l\u00edder de opini\u00f3n de InMode, Allergan, Galderma y MTF Biologics.\r\n<\/dd><\/dl>\n<p><a title=\"P\u00f3ngase en contacto con el Instituto de Cirug\u00eda Pl\u00e1stica Avance en Reno NV\" href=\"https:\/\/www.avanceplasticsurgery.com\/es\/contact-us-dr-erez-dayan\/\">Comun\u00edquese hoy con el Instituto de Cirug\u00eda Pl\u00e1stica Avance<\/a> en Reno\/Tahoe para programar una consulta de rejuvenecimiento cut\u00e1neo con el Dr. Dayan y su equipo.<\/p>\n","protected":false},"excerpt":{"rendered":"<p>Rejuvenecimiento de la piel El rejuvenecimiento de la piel es un procedimiento de rejuvenecimiento facial para eliminar los signos&hellip;<\/p>\n","protected":false},"author":1,"featured_media":0,"parent":9015,"menu_order":0,"comment_status":"closed","ping_status":"closed","template":"","meta":{"_acf_changed":false,"footnotes":""},"class_list":["post-9066","page","type-page","status-publish"],"acf":[],"yoast_head":"<!-- This site is optimized with the Yoast SEO plugin v25.6 - https:\/\/yoast.com\/wordpress\/plugins\/seo\/ -->\n<title>Reno NV Tratamientos de rejuvenecimiento de la piel | Balneario m\u00e9dico del lago Tahoe cerca de m\u00ed<\/title>\n<meta name=\"description\" content=\"Los mejores y m\u00e1s avanzados tratamientos de rejuvenecimiento de la piel en Reno y Lake Tahoe se encuentran en Avance Plastic Surgery Institute. Este spa m\u00e9dico de primer nivel cuenta con el Dr. Erez Dayan, un cirujano pl\u00e1stico cosm\u00e9tico, como su experto en el cuidado de la piel. Llame hoy para una consulta de rejuvenecimiento de la piel.\" \/>\n<meta name=\"robots\" content=\"index, follow, max-snippet:-1, max-image-preview:large, max-video-preview:-1\" \/>\n<link rel=\"canonical\" href=\"https:\/\/www.avanceplasticsurgery.com\/es\/tratamientos-de-spa-medicos\/rejuvenecimiento-de-la-piel\/\" \/>\n<meta property=\"og:locale\" content=\"es_ES\" \/>\n<meta property=\"og:type\" content=\"article\" \/>\n<meta property=\"og:title\" content=\"Reno NV Tratamientos de rejuvenecimiento de la piel | Balneario m\u00e9dico del lago Tahoe cerca de m\u00ed\" \/>\n<meta property=\"og:description\" content=\"Los mejores y m\u00e1s avanzados tratamientos de rejuvenecimiento de la piel en Reno y Lake Tahoe se encuentran en Avance Plastic Surgery Institute. Este spa m\u00e9dico de primer nivel cuenta con el Dr. Erez Dayan, un cirujano pl\u00e1stico cosm\u00e9tico, como su experto en el cuidado de la piel. Llame hoy para una consulta de rejuvenecimiento de la piel.\" \/>\n<meta property=\"og:url\" content=\"https:\/\/www.avanceplasticsurgery.com\/es\/tratamientos-de-spa-medicos\/rejuvenecimiento-de-la-piel\/\" \/>\n<meta property=\"og:site_name\" content=\"Avance Plastic Surgery\" \/>\n<meta property=\"article:modified_time\" content=\"2022-04-25T13:02:45+00:00\" \/>\n<meta name=\"twitter:card\" content=\"summary_large_image\" \/>\n<meta name=\"twitter:label1\" content=\"Tiempo de lectura\" \/>\n\t<meta name=\"twitter:data1\" content=\"1 minuto\" \/>\n<!-- \/ Yoast SEO plugin. -->","yoast_head_json":{"title":"Reno NV Tratamientos de rejuvenecimiento de la piel | Balneario m\u00e9dico del lago Tahoe cerca de m\u00ed","description":"Los mejores y m\u00e1s avanzados tratamientos de rejuvenecimiento de la piel en Reno y Lake Tahoe se encuentran en Avance Plastic Surgery Institute. Este spa m\u00e9dico de primer nivel cuenta con el Dr. Erez Dayan, un cirujano pl\u00e1stico cosm\u00e9tico, como su experto en el cuidado de la piel. Llame hoy para una consulta de rejuvenecimiento de la piel.","robots":{"index":"index","follow":"follow","max-snippet":"max-snippet:-1","max-image-preview":"max-image-preview:large","max-video-preview":"max-video-preview:-1"},"canonical":"https:\/\/www.avanceplasticsurgery.com\/es\/tratamientos-de-spa-medicos\/rejuvenecimiento-de-la-piel\/","og_locale":"es_ES","og_type":"article","og_title":"Reno NV Tratamientos de rejuvenecimiento de la piel | Balneario m\u00e9dico del lago Tahoe cerca de m\u00ed","og_description":"Los mejores y m\u00e1s avanzados tratamientos de rejuvenecimiento de la piel en Reno y Lake Tahoe se encuentran en Avance Plastic Surgery Institute. Este spa m\u00e9dico de primer nivel cuenta con el Dr. Erez Dayan, un cirujano pl\u00e1stico cosm\u00e9tico, como su experto en el cuidado de la piel. Llame hoy para una consulta de rejuvenecimiento de la piel.","og_url":"https:\/\/www.avanceplasticsurgery.com\/es\/tratamientos-de-spa-medicos\/rejuvenecimiento-de-la-piel\/","og_site_name":"Avance Plastic Surgery","article_modified_time":"2022-04-25T13:02:45+00:00","twitter_card":"summary_large_image","twitter_misc":{"Tiempo de lectura":"1 minuto"},"schema":{"@context":"https:\/\/schema.org","@graph":[{"@type":"WebPage","@id":"https:\/\/www.avanceplasticsurgery.com\/es\/tratamientos-de-spa-medicos\/rejuvenecimiento-de-la-piel\/","url":"https:\/\/www.avanceplasticsurgery.com\/es\/tratamientos-de-spa-medicos\/rejuvenecimiento-de-la-piel\/","name":"Reno NV Tratamientos de rejuvenecimiento de la piel | Balneario m\u00e9dico del lago Tahoe cerca de m\u00ed","isPartOf":{"@id":"https:\/\/www.avanceplasticsurgery.com\/es\/#website"},"datePublished":"2020-09-20T20:32:41+00:00","dateModified":"2022-04-25T13:02:45+00:00","description":"Los mejores y m\u00e1s avanzados tratamientos de rejuvenecimiento de la piel en Reno y Lake Tahoe se encuentran en Avance Plastic Surgery Institute. Este spa m\u00e9dico de primer nivel cuenta con el Dr. Erez Dayan, un cirujano pl\u00e1stico cosm\u00e9tico, como su experto en el cuidado de la piel. Llame hoy para una consulta de rejuvenecimiento de la piel.","breadcrumb":{"@id":"https:\/\/www.avanceplasticsurgery.com\/es\/tratamientos-de-spa-medicos\/rejuvenecimiento-de-la-piel\/#breadcrumb"},"inLanguage":"es","potentialAction":[{"@type":"ReadAction","target":["https:\/\/www.avanceplasticsurgery.com\/es\/tratamientos-de-spa-medicos\/rejuvenecimiento-de-la-piel\/"]}]},{"@type":"BreadcrumbList","@id":"https:\/\/www.avanceplasticsurgery.com\/es\/tratamientos-de-spa-medicos\/rejuvenecimiento-de-la-piel\/#breadcrumb","itemListElement":[{"@type":"ListItem","position":1,"name":"Home","item":"https:\/\/www.avanceplasticsurgery.com\/es\/"},{"@type":"ListItem","position":2,"name":"Tratamientos de spa m\u00e9dicos","item":"https:\/\/www.avanceplasticsurgery.com\/es\/tratamientos-de-spa-medicos\/"},{"@type":"ListItem","position":3,"name":"Rejuvenecimiento de la piel"}]},{"@type":"WebSite","@id":"https:\/\/www.avanceplasticsurgery.com\/es\/#website","url":"https:\/\/www.avanceplasticsurgery.com\/es\/","name":"Avance Plastic Surgery","description":"","potentialAction":[{"@type":"SearchAction","target":{"@type":"EntryPoint","urlTemplate":"https:\/\/www.avanceplasticsurgery.com\/es\/?s={search_term_string}"},"query-input":{"@type":"PropertyValueSpecification","valueRequired":true,"valueName":"search_term_string"}}],"inLanguage":"es"}]}},"_links":{"self":[{"href":"https:\/\/www.avanceplasticsurgery.com\/es\/wp-json\/wp\/v2\/pages\/9066","targetHints":{"allow":["GET"]}}],"collection":[{"href":"https:\/\/www.avanceplasticsurgery.com\/es\/wp-json\/wp\/v2\/pages"}],"about":[{"href":"https:\/\/www.avanceplasticsurgery.com\/es\/wp-json\/wp\/v2\/types\/page"}],"author":[{"embeddable":true,"href":"https:\/\/www.avanceplasticsurgery.com\/es\/wp-json\/wp\/v2\/users\/1"}],"replies":[{"embeddable":true,"href":"https:\/\/www.avanceplasticsurgery.com\/es\/wp-json\/wp\/v2\/comments?post=9066"}],"version-history":[{"count":1,"href":"https:\/\/www.avanceplasticsurgery.com\/es\/wp-json\/wp\/v2\/pages\/9066\/revisions"}],"predecessor-version":[{"id":9336,"href":"https:\/\/www.avanceplasticsurgery.com\/es\/wp-json\/wp\/v2\/pages\/9066\/revisions\/9336"}],"up":[{"embeddable":true,"href":"https:\/\/www.avanceplasticsurgery.com\/es\/wp-json\/wp\/v2\/pages\/9015"}],"wp:attachment":[{"href":"https:\/\/www.avanceplasticsurgery.com\/es\/wp-json\/wp\/v2\/media?parent=9066"}],"curies":[{"name":"wp","href":"https:\/\/api.w.org\/{rel}","templated":true}]}}