{"id":9067,"date":"2020-09-20T20:55:40","date_gmt":"2020-09-20T20:55:40","guid":{"rendered":"https:\/\/www.avanceplasticsurgery.com\/tratamientos-de-spa-medicos\/estiramiento-de-la-piel\/"},"modified":"2025-09-29T18:36:56","modified_gmt":"2025-09-29T18:36:56","slug":"estiramiento-de-la-piel","status":"publish","type":"page","link":"https:\/\/www.avanceplasticsurgery.com\/es\/tratamientos-de-spa-medicos\/estiramiento-de-la-piel\/","title":{"rendered":"Estiramiento de la piel"},"content":{"rendered":"<h1>Estiramiento de la piel de la cara y el cuerpo<\/h1>\n<p>Cuando la piel envejece, se vuelve m\u00e1s fina, m\u00e1s floja y pierde elasticidad. En la mayor\u00eda de los casos, esto se debe a la reducci\u00f3n natural de la producci\u00f3n de col\u00e1geno. Inicialmente puede notar estos cambios en los rasgos faciales. Sin embargo, el cuerpo tambi\u00e9n se ve afectado por los estragos del envejecimiento. Avance Plastic Surgery Institute ofrece una <a title=\"Reno NV Med Spa Tratamientos\" href=\"https:\/\/www.avanceplasticsurgery.com\/es\/tratamientos-de-spa-medicos\/\">gama de tratamientos para el rostro y el cuerpo<\/a> para rejuvenecer su piel.<\/p>\n<p>Si su piel parece floja o arrugada, es probable que su cuerpo no est\u00e9 produciendo suficiente col\u00e1geno para mantener la tensi\u00f3n y la elasticidad. Otros indicios de p\u00e9rdida de col\u00e1geno incluyen patas de gallo, l\u00edneas alrededor de la boca y los ojos, o una barbilla ca\u00edda. Estimular la producci\u00f3n de col\u00e1geno al enfocarse m\u00e1s profundamente en la piel puede dar como resultado una piel m\u00e1s suave y tersa para la cara y el cuerpo.<\/p>\n<p>Algunas de las tecnolog\u00edas de estiramiento de la piel utilizadas en Avance Plastic Surgery Institute incluyen:<\/p>\n<ul>\n<li>Evocar<\/li>\n<li>Evolve<\/li>\n<li>forma<\/li>\n<li>Forma Plus<\/li>\n<li>Morfeo 8<\/li>\n<li>Cuerpo de Morfeo<\/li>\n<\/ul>\n<div class=\"row\">\n<div class=\"col-md-6\"><button class=\"flc-yt lazyload\" data-id=\"mjFYQ7pYLGk\" data-title=\"Quantum Radio Frequency Skin Tightening Technology | Avance Plastic Surgery Institute:Dr. Erez Dayan\" data-bg=\"https:\/\/i.ytimg.com\/vi\/mjFYQ7pYLGk\/hqdefault.jpg\" aria-label=\"Play video Quantum Radio Frequency Skin Tightening Technology | Avance Plastic Surgery Institute:Dr. Erez Dayan\">  <div class=\"flc-yt__title\">Quantum Radio Frequency Skin Tightening Technology | Avance Plastic Surgery Institute:Dr. Erez Dayan<\/div>  <span class=\"flc-yt__play\">    <svg viewBox=\"0 0 68 48\" xmlns=\"http:\/\/www.w3.org\/2000\/svg\" aria-hidden=\"true\"><path d=\"M66.5 7.8A8.5 8.5 0 0 0 60.6 2C55.3.5 34 .5 34 .5S12.7.5 7.4 2A8.5 8.5 0 0 0 1.5 7.8C0 13.1 0 24 0 24s0 10.9 1.5 16.2A8.5 8.5 0 0 0 7.4 46C12.7 47.5 34 47.5 34 47.5s21.3 0 26.6-1.5a8.5 8.5 0 0 0 5.9-5.8C68 34.9 68 24 68 24s0-10.9-1.5-16.2Z\" fill=\"#f00\"\/><path d=\"M27 34l18-10-18-10v20Z\" fill=\"#fff\"\/><\/svg>  <\/span><\/button><\/div>\n<div class=\"col-md-6\"><button class=\"flc-yt lazyload\" data-id=\"d3y3MfPfBSw\" data-title=\"Estiramiento de la piel por radiofrecuencia BodyTite\" data-bg=\"https:\/\/i.ytimg.com\/vi\/d3y3MfPfBSw\/hqdefault.jpg\" aria-label=\"Play video Estiramiento de la piel por radiofrecuencia BodyTite\">  <div class=\"flc-yt__title\">Estiramiento de la piel por radiofrecuencia BodyTite<\/div>  <span class=\"flc-yt__play\">    <svg viewBox=\"0 0 68 48\" xmlns=\"http:\/\/www.w3.org\/2000\/svg\" aria-hidden=\"true\"><path d=\"M66.5 7.8A8.5 8.5 0 0 0 60.6 2C55.3.5 34 .5 34 .5S12.7.5 7.4 2A8.5 8.5 0 0 0 1.5 7.8C0 13.1 0 24 0 24s0 10.9 1.5 16.2A8.5 8.5 0 0 0 7.4 46C12.7 47.5 34 47.5 34 47.5s21.3 0 26.6-1.5a8.5 8.5 0 0 0 5.9-5.8C68 34.9 68 24 68 24s0-10.9-1.5-16.2Z\" fill=\"#f00\"\/><path d=\"M27 34l18-10-18-10v20Z\" fill=\"#fff\"\/><\/svg>  <\/span><\/button><\/div>\n<div class=\"col-md-6\"><button class=\"flc-yt lazyload\" data-id=\"KvRcvHTECyQ\" data-title=\"BodyTite Radiofrecuencia Tensado de la piel\" data-bg=\"https:\/\/i.ytimg.com\/vi\/KvRcvHTECyQ\/hqdefault.jpg\" aria-label=\"Play video BodyTite Radiofrecuencia Tensado de la piel\">  <div class=\"flc-yt__title\">BodyTite Radiofrecuencia Tensado de la piel<\/div>  <span class=\"flc-yt__play\">    <svg viewBox=\"0 0 68 48\" xmlns=\"http:\/\/www.w3.org\/2000\/svg\" aria-hidden=\"true\"><path d=\"M66.5 7.8A8.5 8.5 0 0 0 60.6 2C55.3.5 34 .5 34 .5S12.7.5 7.4 2A8.5 8.5 0 0 0 1.5 7.8C0 13.1 0 24 0 24s0 10.9 1.5 16.2A8.5 8.5 0 0 0 7.4 46C12.7 47.5 34 47.5 34 47.5s21.3 0 26.6-1.5a8.5 8.5 0 0 0 5.9-5.8C68 34.9 68 24 68 24s0-10.9-1.5-16.2Z\" fill=\"#f00\"\/><path d=\"M27 34l18-10-18-10v20Z\" fill=\"#fff\"\/><\/svg>  <\/span><\/button><\/div>\n<div class=\"col-md-6\"><button class=\"flc-yt lazyload\" data-id=\"kHar5FY9tHQ\" data-title=\"DrDayan LasVegasNow\" data-bg=\"https:\/\/i.ytimg.com\/vi\/kHar5FY9tHQ\/hqdefault.jpg\" aria-label=\"Play video DrDayan LasVegasNow\">  <div class=\"flc-yt__title\">DrDayan LasVegasNow<\/div>  <span class=\"flc-yt__play\">    <svg viewBox=\"0 0 68 48\" xmlns=\"http:\/\/www.w3.org\/2000\/svg\" aria-hidden=\"true\"><path d=\"M66.5 7.8A8.5 8.5 0 0 0 60.6 2C55.3.5 34 .5 34 .5S12.7.5 7.4 2A8.5 8.5 0 0 0 1.5 7.8C0 13.1 0 24 0 24s0 10.9 1.5 16.2A8.5 8.5 0 0 0 7.4 46C12.7 47.5 34 47.5 34 47.5s21.3 0 26.6-1.5a8.5 8.5 0 0 0 5.9-5.8C68 34.9 68 24 68 24s0-10.9-1.5-16.2Z\" fill=\"#f00\"\/><path d=\"M27 34l18-10-18-10v20Z\" fill=\"#fff\"\/><\/svg>  <\/span><\/button><\/div>\n<div class=\"col-md-6\"><button class=\"flc-yt lazyload\" data-id=\"Lmlqz2el2nA\" data-title=\"Liposucci\u00f3n de flancos con BodyTite bajo anestesia local\" data-bg=\"https:\/\/i.ytimg.com\/vi\/Lmlqz2el2nA\/hqdefault.jpg\" aria-label=\"Play video Liposucci\u00f3n de flancos con BodyTite bajo anestesia local\">  <div class=\"flc-yt__title\">Liposucci\u00f3n de flancos con BodyTite bajo anestesia local<\/div>  <span class=\"flc-yt__play\">    <svg viewBox=\"0 0 68 48\" xmlns=\"http:\/\/www.w3.org\/2000\/svg\" aria-hidden=\"true\"><path d=\"M66.5 7.8A8.5 8.5 0 0 0 60.6 2C55.3.5 34 .5 34 .5S12.7.5 7.4 2A8.5 8.5 0 0 0 1.5 7.8C0 13.1 0 24 0 24s0 10.9 1.5 16.2A8.5 8.5 0 0 0 7.4 46C12.7 47.5 34 47.5 34 47.5s21.3 0 26.6-1.5a8.5 8.5 0 0 0 5.9-5.8C68 34.9 68 24 68 24s0-10.9-1.5-16.2Z\" fill=\"#f00\"\/><path d=\"M27 34l18-10-18-10v20Z\" fill=\"#fff\"\/><\/svg>  <\/span><\/button><\/div>\n<div class=\"col-md-6\"><button class=\"flc-yt lazyload\" data-id=\"eksXV9vvL60\" data-title=\"Radiofrecuencia para reafirmar la piel BodyTite con liposucci\u00f3n 360 I Dr. Erez Dayan Reno, NV | Lago Tahoe\" data-bg=\"https:\/\/i.ytimg.com\/vi\/eksXV9vvL60\/hqdefault.jpg\" aria-label=\"Play video Radiofrecuencia para reafirmar la piel BodyTite con liposucci\u00f3n 360 I Dr. Erez Dayan Reno, NV | Lago Tahoe\">  <div class=\"flc-yt__title\">Radiofrecuencia para reafirmar la piel BodyTite con liposucci\u00f3n 360 I Dr. Erez Dayan Reno, NV | Lago Tahoe<\/div>  <span class=\"flc-yt__play\">    <svg viewBox=\"0 0 68 48\" xmlns=\"http:\/\/www.w3.org\/2000\/svg\" aria-hidden=\"true\"><path d=\"M66.5 7.8A8.5 8.5 0 0 0 60.6 2C55.3.5 34 .5 34 .5S12.7.5 7.4 2A8.5 8.5 0 0 0 1.5 7.8C0 13.1 0 24 0 24s0 10.9 1.5 16.2A8.5 8.5 0 0 0 7.4 46C12.7 47.5 34 47.5 34 47.5s21.3 0 26.6-1.5a8.5 8.5 0 0 0 5.9-5.8C68 34.9 68 24 68 24s0-10.9-1.5-16.2Z\" fill=\"#f00\"\/><path d=\"M27 34l18-10-18-10v20Z\" fill=\"#fff\"\/><\/svg>  <\/span><\/button><\/div>\n<div class=\"col-md-6\"><button class=\"flc-yt lazyload\" data-id=\"G7kYNhCGwZw\" data-title=\"Reno NV Minimally Invasive Face and Neck Contouring | Dr. Erez Dayan | Avance Plastic Surgery\" data-bg=\"https:\/\/i.ytimg.com\/vi\/G7kYNhCGwZw\/hqdefault.jpg\" aria-label=\"Play video Reno NV Minimally Invasive Face and Neck Contouring | Dr. Erez Dayan | Avance Plastic Surgery\">  <div class=\"flc-yt__title\">Reno NV Minimally Invasive Face and Neck Contouring | Dr. Erez Dayan | Avance Plastic Surgery<\/div>  <span class=\"flc-yt__play\">    <svg viewBox=\"0 0 68 48\" xmlns=\"http:\/\/www.w3.org\/2000\/svg\" aria-hidden=\"true\"><path d=\"M66.5 7.8A8.5 8.5 0 0 0 60.6 2C55.3.5 34 .5 34 .5S12.7.5 7.4 2A8.5 8.5 0 0 0 1.5 7.8C0 13.1 0 24 0 24s0 10.9 1.5 16.2A8.5 8.5 0 0 0 7.4 46C12.7 47.5 34 47.5 34 47.5s21.3 0 26.6-1.5a8.5 8.5 0 0 0 5.9-5.8C68 34.9 68 24 68 24s0-10.9-1.5-16.2Z\" fill=\"#f00\"\/><path d=\"M27 34l18-10-18-10v20Z\" fill=\"#fff\"\/><\/svg>  <\/span><\/button><\/div>\n<\/div>\n<h2>Tratamiento reafirmante de la piel m\u00ednimamente invasivo<\/h2>\n<p>Las tecnolog\u00edas de energ\u00eda t\u00e9rmica para la remodelaci\u00f3n de la piel son seguras y eficaces. Es posible mejorar el aspecto de la piel estimulando el col\u00e1geno y la elastina en las capas m\u00e1s profundas de la dermis. Conseguir\u00e1s una piel m\u00e1s gruesa y firme con el tratamiento del Dr. Erez Dayan. Si no est\u00e1 satisfecha con las arrugas faciales o la apariencia de sus senos, podemos crear una est\u00e9tica m\u00e1s agradable.<\/p>\n<p>Los tratamientos de energ\u00eda por radiofrecuencia o ultrasonidos son adecuados para procedimientos de la piel facial y corporal. Avance Plastic Surgery Institute ofrece tratamientos m\u00ednimamente y no invasivos para ayudarlo a lograr sus objetivos de belleza en Nevada. El Dr. Dayan y su equipo profesional demostrar\u00e1n que el rejuvenecimiento de la piel es posible durante el transcurso de su plan de tratamiento.<\/p>\n<p>Los tratamientos utilizados para tensar la piel del rostro y el cuerpo incluyen:<\/p>\n<ul>\n<li><a title=\"Estiramiento de la piel Reno NV AccuTite\" href=\"https:\/\/www.avanceplasticsurgery.com\/es\/tratamientos-de-spa-medicos\/estiramiento-de-la-piel\/accutite\/\">AccuTite<\/a><\/li>\n<li><a title=\"Contorno facial Reno NV FaceTite\" href=\"https:\/\/www.avanceplasticsurgery.com\/es\/tratamientos-de-spa-medicos\/estiramiento-de-la-piel\/facetite\/\">FaceTite<\/a><\/li>\n<li><a title=\"Reno NV BodyTite\" href=\"https:\/\/www.avanceplasticsurgery.com\/es\/tratamientos-de-spa-medicos\/estiramiento-de-la-piel\/cuerpotite\/\">CuerpoTite<\/a><\/li>\n<\/ul>\n<p>En nuestra cl\u00ednica de spa y cirug\u00eda pl\u00e1stica de Nevada, un equipo de especialistas lo ayudar\u00e1 a decidir qu\u00e9 curso de tratamiento es mejor para sus necesidades. Al abordar el estiramiento de la piel, es importante tener en cuenta tanto el cuerpo como la cara. Para obtener los mejores resultados, los pacientes deber\u00e1n asistir al Avance Plastic Surgery Institute para una serie de sesiones. Sin embargo, en las semanas y meses posteriores a su tratamiento, notar\u00e1 que su piel se vuelve m\u00e1s tersa y suave.<\/p>\n<p>Para descubrir m\u00e1s sobre los beneficios del estiramiento de la piel facial y corporal, <a title=\"P\u00f3ngase en contacto con el Instituto de Cirug\u00eda Pl\u00e1stica Avance en Reno NV\" href=\"https:\/\/www.avanceplasticsurgery.com\/es\/contactenos\/\">comun\u00edquese con el Instituto de Cirug\u00eda Pl\u00e1stica Avance<\/a> para una consulta con el Dr. Dayan y su equipo hoy.<\/p>\n<p>El Dr. Erez Dayan ha realizado una extensa investigaci\u00f3n sobre est\u00e9tica facial y resultados cosm\u00e9ticos excepcionales. Lea m\u00e1s sobre la investigaci\u00f3n de est\u00e9tica facial del Dr. Dayan <a href=\"https:\/\/www.avanceplasticsurgery.com\/es\/acerca-de\/investigar\/#facial-aesthetics\">aqu\u00ed<\/a> .<\/p>\n","protected":false},"excerpt":{"rendered":"<p>Estiramiento de la piel de la cara y el cuerpo Cuando la piel envejece, se vuelve m\u00e1s fina, m\u00e1s&hellip;<\/p>\n","protected":false},"author":1,"featured_media":0,"parent":9015,"menu_order":0,"comment_status":"closed","ping_status":"closed","template":"","meta":{"_acf_changed":false,"footnotes":""},"class_list":["post-9067","page","type-page","status-publish"],"acf":[],"yoast_head":"<!-- This site is optimized with the Yoast SEO plugin v25.6 - https:\/\/yoast.com\/wordpress\/plugins\/seo\/ -->\n<title>Reno NV Estiramiento de la piel facial\/corporal | Ajuste m\u00ednimamente invasivo del lago Tahoe<\/title>\n<meta name=\"description\" content=\"A medida que la piel envejece, pierde col\u00e1geno y se vuelve m\u00e1s delgada y menos firme, creando l\u00edneas, arrugas y flacidez del tejido. El equipo de est\u00e9tica del Instituto de Cirug\u00eda Pl\u00e1stica Avance en Reno ofrece un tratamiento de estiramiento de la piel facial m\u00ednimamente invasivo para restaurar una piel m\u00e1s joven.\" \/>\n<meta name=\"robots\" content=\"index, follow, max-snippet:-1, max-image-preview:large, max-video-preview:-1\" \/>\n<link rel=\"canonical\" href=\"https:\/\/www.avanceplasticsurgery.com\/es\/tratamientos-de-spa-medicos\/estiramiento-de-la-piel\/\" \/>\n<meta property=\"og:locale\" content=\"es_ES\" \/>\n<meta property=\"og:type\" content=\"article\" \/>\n<meta property=\"og:title\" content=\"Reno NV Estiramiento de la piel facial\/corporal | Ajuste m\u00ednimamente invasivo del lago Tahoe\" \/>\n<meta property=\"og:description\" content=\"A medida que la piel envejece, pierde col\u00e1geno y se vuelve m\u00e1s delgada y menos firme, creando l\u00edneas, arrugas y flacidez del tejido. El equipo de est\u00e9tica del Instituto de Cirug\u00eda Pl\u00e1stica Avance en Reno ofrece un tratamiento de estiramiento de la piel facial m\u00ednimamente invasivo para restaurar una piel m\u00e1s joven.\" \/>\n<meta property=\"og:url\" content=\"https:\/\/www.avanceplasticsurgery.com\/es\/tratamientos-de-spa-medicos\/estiramiento-de-la-piel\/\" \/>\n<meta property=\"og:site_name\" content=\"Avance Plastic Surgery\" \/>\n<meta property=\"article:modified_time\" content=\"2025-09-29T18:36:56+00:00\" \/>\n<meta name=\"twitter:card\" content=\"summary_large_image\" \/>\n<meta name=\"twitter:label1\" content=\"Tiempo de lectura\" \/>\n\t<meta name=\"twitter:data1\" content=\"3 minutos\" \/>\n<!-- \/ Yoast SEO plugin. -->","yoast_head_json":{"title":"Reno NV Estiramiento de la piel facial\/corporal | Ajuste m\u00ednimamente invasivo del lago Tahoe","description":"A medida que la piel envejece, pierde col\u00e1geno y se vuelve m\u00e1s delgada y menos firme, creando l\u00edneas, arrugas y flacidez del tejido. El equipo de est\u00e9tica del Instituto de Cirug\u00eda Pl\u00e1stica Avance en Reno ofrece un tratamiento de estiramiento de la piel facial m\u00ednimamente invasivo para restaurar una piel m\u00e1s joven.","robots":{"index":"index","follow":"follow","max-snippet":"max-snippet:-1","max-image-preview":"max-image-preview:large","max-video-preview":"max-video-preview:-1"},"canonical":"https:\/\/www.avanceplasticsurgery.com\/es\/tratamientos-de-spa-medicos\/estiramiento-de-la-piel\/","og_locale":"es_ES","og_type":"article","og_title":"Reno NV Estiramiento de la piel facial\/corporal | Ajuste m\u00ednimamente invasivo del lago Tahoe","og_description":"A medida que la piel envejece, pierde col\u00e1geno y se vuelve m\u00e1s delgada y menos firme, creando l\u00edneas, arrugas y flacidez del tejido. El equipo de est\u00e9tica del Instituto de Cirug\u00eda Pl\u00e1stica Avance en Reno ofrece un tratamiento de estiramiento de la piel facial m\u00ednimamente invasivo para restaurar una piel m\u00e1s joven.","og_url":"https:\/\/www.avanceplasticsurgery.com\/es\/tratamientos-de-spa-medicos\/estiramiento-de-la-piel\/","og_site_name":"Avance Plastic Surgery","article_modified_time":"2025-09-29T18:36:56+00:00","twitter_card":"summary_large_image","twitter_misc":{"Tiempo de lectura":"3 minutos"},"schema":{"@context":"https:\/\/schema.org","@graph":[{"@type":"WebPage","@id":"https:\/\/www.avanceplasticsurgery.com\/es\/tratamientos-de-spa-medicos\/estiramiento-de-la-piel\/","url":"https:\/\/www.avanceplasticsurgery.com\/es\/tratamientos-de-spa-medicos\/estiramiento-de-la-piel\/","name":"Reno NV Estiramiento de la piel facial\/corporal | Ajuste m\u00ednimamente invasivo del lago Tahoe","isPartOf":{"@id":"https:\/\/www.avanceplasticsurgery.com\/es\/#website"},"datePublished":"2020-09-20T20:55:40+00:00","dateModified":"2025-09-29T18:36:56+00:00","description":"A medida que la piel envejece, pierde col\u00e1geno y se vuelve m\u00e1s delgada y menos firme, creando l\u00edneas, arrugas y flacidez del tejido. El equipo de est\u00e9tica del Instituto de Cirug\u00eda Pl\u00e1stica Avance en Reno ofrece un tratamiento de estiramiento de la piel facial m\u00ednimamente invasivo para restaurar una piel m\u00e1s joven.","breadcrumb":{"@id":"https:\/\/www.avanceplasticsurgery.com\/es\/tratamientos-de-spa-medicos\/estiramiento-de-la-piel\/#breadcrumb"},"inLanguage":"es","potentialAction":[{"@type":"ReadAction","target":["https:\/\/www.avanceplasticsurgery.com\/es\/tratamientos-de-spa-medicos\/estiramiento-de-la-piel\/"]}]},{"@type":"BreadcrumbList","@id":"https:\/\/www.avanceplasticsurgery.com\/es\/tratamientos-de-spa-medicos\/estiramiento-de-la-piel\/#breadcrumb","itemListElement":[{"@type":"ListItem","position":1,"name":"Home","item":"https:\/\/www.avanceplasticsurgery.com\/es\/"},{"@type":"ListItem","position":2,"name":"Tratamientos de spa m\u00e9dicos","item":"https:\/\/www.avanceplasticsurgery.com\/es\/tratamientos-de-spa-medicos\/"},{"@type":"ListItem","position":3,"name":"Estiramiento de la piel"}]},{"@type":"WebSite","@id":"https:\/\/www.avanceplasticsurgery.com\/es\/#website","url":"https:\/\/www.avanceplasticsurgery.com\/es\/","name":"Avance Plastic Surgery","description":"","potentialAction":[{"@type":"SearchAction","target":{"@type":"EntryPoint","urlTemplate":"https:\/\/www.avanceplasticsurgery.com\/es\/?s={search_term_string}"},"query-input":{"@type":"PropertyValueSpecification","valueRequired":true,"valueName":"search_term_string"}}],"inLanguage":"es"}]}},"_links":{"self":[{"href":"https:\/\/www.avanceplasticsurgery.com\/es\/wp-json\/wp\/v2\/pages\/9067","targetHints":{"allow":["GET"]}}],"collection":[{"href":"https:\/\/www.avanceplasticsurgery.com\/es\/wp-json\/wp\/v2\/pages"}],"about":[{"href":"https:\/\/www.avanceplasticsurgery.com\/es\/wp-json\/wp\/v2\/types\/page"}],"author":[{"embeddable":true,"href":"https:\/\/www.avanceplasticsurgery.com\/es\/wp-json\/wp\/v2\/users\/1"}],"replies":[{"embeddable":true,"href":"https:\/\/www.avanceplasticsurgery.com\/es\/wp-json\/wp\/v2\/comments?post=9067"}],"version-history":[{"count":3,"href":"https:\/\/www.avanceplasticsurgery.com\/es\/wp-json\/wp\/v2\/pages\/9067\/revisions"}],"predecessor-version":[{"id":14328,"href":"https:\/\/www.avanceplasticsurgery.com\/es\/wp-json\/wp\/v2\/pages\/9067\/revisions\/14328"}],"up":[{"embeddable":true,"href":"https:\/\/www.avanceplasticsurgery.com\/es\/wp-json\/wp\/v2\/pages\/9015"}],"wp:attachment":[{"href":"https:\/\/www.avanceplasticsurgery.com\/es\/wp-json\/wp\/v2\/media?parent=9067"}],"curies":[{"name":"wp","href":"https:\/\/api.w.org\/{rel}","templated":true}]}}