{"id":9069,"date":"2022-01-18T14:55:02","date_gmt":"2022-01-18T14:55:02","guid":{"rendered":"https:\/\/www.avanceplasticsurgery.com\/tratamientos-de-spa-medicos\/estiramiento-de-la-piel\/accutite\/"},"modified":"2022-04-25T12:53:49","modified_gmt":"2022-04-25T12:53:49","slug":"accutite","status":"publish","type":"page","link":"https:\/\/www.avanceplasticsurgery.com\/es\/tratamientos-de-spa-medicos\/estiramiento-de-la-piel\/accutite\/","title":{"rendered":"AccuTite"},"content":{"rendered":"<h1>Estiramiento de la piel AccuTite<\/h1>\n<p>Un tratamiento revolucionario para <a title=\"Reno NV Estiramiento de la piel facial\/corporal\" href=\"https:\/\/www.avanceplasticsurgery.com\/es\/med-spa-treatments\/skin-tightening\/\">tensar la piel del rostro y el contorno del cuerpo<\/a> ahora es posible con AccuTite\u2122. Los procedimientos se realizan en el consultorio bajo anestesia local. Si est\u00e1 buscando una alternativa a los tratamientos quir\u00fargicos para mejorar la est\u00e9tica, Avance Plastic Surgery Institute puede enfocarse en caracter\u00edsticas que incluyen los pliegues nasolabiales, la parte inferior de la cara, el cuello, las cejas, los p\u00e1rpados superior e inferior y otras \u00e1reas del cuerpo.<\/p>\n<p>Los beneficios del tratamiento con AccuTite incluyen menos tiempo de inactividad, resultados que pueden durar hasta cinco a\u00f1os y la entrega del tratamiento por parte del cirujano pl\u00e1stico Dr. Erez Dayan. Los resultados se logran mediante el uso de tecnolog\u00eda que utiliza lip\u00f3lisis asistida por radiofrecuencia bipolar (RFAL). Se beneficiar\u00e1 de una piel m\u00e1s tersa con col\u00e1geno estimulado y grasa contorneada en las capas m\u00e1s profundas de la piel.<\/p>\n<h2>AccuTite para el rejuvenecimiento facial y corporal<\/h2>\n<p>La cirug\u00eda no es la soluci\u00f3n ideal para muchos pacientes por varias razones. El tiempo de inactividad es un problema inevitable en la mayor\u00eda de los procedimientos quir\u00fargicos. Con el rejuvenecimiento proporcionado por AccuTite, el calentamiento suave le permitir\u00e1 lograr resultados impresionantes para levantamientos de cejas, reducci\u00f3n de p\u00e1rpados hinchados, eliminaci\u00f3n de arrugas y m\u00e1s.<\/p>\n<p>Los objetivos de belleza a menudo est\u00e1n limitados debido a las implicaciones de tiempo, costo y recuperaci\u00f3n. Con AccuTite aprobado por la FDA y las h\u00e1biles manos del Dr. Dayan, puede mejorar la apariencia de las l\u00edneas finas alrededor de la cara y contornear el exceso de grasa corporal. Adem\u00e1s, Avance Plastic Surgery Institute ofrece cuidados posteriores de mantenimiento para garantizar que sus resultados duren m\u00e1s.<\/p>\n<p>La producci\u00f3n de col\u00e1geno se ralentiza naturalmente a medida que envejecemos. Los tratamientos recomendados por Avance Plastic Surgery Institute est\u00e1n dise\u00f1ados para estimular la producci\u00f3n de col\u00e1geno y elastina m\u00e1s profundamente en la piel. El Dr. Dayan tambi\u00e9n puede usar las tecnolog\u00edas y los productos a su disposici\u00f3n para esculpir la grasa subcut\u00e1nea. Se ver\u00e1 y se sentir\u00e1 mejor una vez que los tratamientos comiencen a mostrar resultados.<\/p>\n<h3>Consulta de AccuTite en Nevada<\/h3>\n<p>Los pacientes en Nevada y fuera del estado pueden programar una consulta de estiramiento de la piel con el Dr. Dayan y su equipo. Ofrecemos una sesi\u00f3n virtual inicial si viajar a nuestra cl\u00ednica es un inconveniente. Estas citas tempranas est\u00e1n dise\u00f1adas para brindarle una mejor comprensi\u00f3n de los procedimientos y productos que ofrecemos, lo que le permite tomar decisiones informadas sobre su tratamiento.<\/p>\n<p>Para obtener m\u00e1s informaci\u00f3n o reservar su consulta, <a title=\"P\u00f3ngase en contacto con el Instituto de Cirug\u00eda Pl\u00e1stica Avance en Reno NV\" href=\"https:\/\/www.avanceplasticsurgery.com\/es\/contact-us-dr-erez-dayan\/\">comun\u00edquese hoy con Avance Plastic Surgery<\/a> para asegurar su cita.<\/p>\n","protected":false},"excerpt":{"rendered":"<p>Estiramiento de la piel AccuTite Un tratamiento revolucionario para tensar la piel del rostro y el contorno del cuerpo&hellip;<\/p>\n","protected":false},"author":1,"featured_media":0,"parent":9067,"menu_order":0,"comment_status":"closed","ping_status":"closed","template":"","meta":{"_acf_changed":false,"footnotes":""},"class_list":["post-9069","page","type-page","status-publish"],"acf":[],"yoast_head":"<!-- This site is optimized with the Yoast SEO plugin v25.6 - https:\/\/yoast.com\/wordpress\/plugins\/seo\/ -->\n<title>Estiramiento de la piel Reno NV AccuTite | AccuTite frente a FaceTite | Lago Tahoe<\/title>\n<meta name=\"description\" content=\"AccuTite Skin Tightening es una opci\u00f3n m\u00ednimamente invasiva para cirug\u00edas que resultan en un tiempo de inactividad extenso. Llame al Instituto de Cirug\u00eda Pl\u00e1stica Avance para programar una cita.\" \/>\n<meta name=\"robots\" content=\"index, follow, max-snippet:-1, max-image-preview:large, max-video-preview:-1\" \/>\n<link rel=\"canonical\" href=\"https:\/\/www.avanceplasticsurgery.com\/es\/tratamientos-de-spa-medicos\/estiramiento-de-la-piel\/accutite\/\" \/>\n<meta property=\"og:locale\" content=\"es_ES\" \/>\n<meta property=\"og:type\" content=\"article\" \/>\n<meta property=\"og:title\" content=\"Estiramiento de la piel Reno NV AccuTite | AccuTite frente a FaceTite | Lago Tahoe\" \/>\n<meta property=\"og:description\" content=\"AccuTite Skin Tightening es una opci\u00f3n m\u00ednimamente invasiva para cirug\u00edas que resultan en un tiempo de inactividad extenso. Llame al Instituto de Cirug\u00eda Pl\u00e1stica Avance para programar una cita.\" \/>\n<meta property=\"og:url\" content=\"https:\/\/www.avanceplasticsurgery.com\/es\/tratamientos-de-spa-medicos\/estiramiento-de-la-piel\/accutite\/\" \/>\n<meta property=\"og:site_name\" content=\"Avance Plastic Surgery\" \/>\n<meta property=\"article:modified_time\" content=\"2022-04-25T12:53:49+00:00\" \/>\n<meta name=\"twitter:card\" content=\"summary_large_image\" \/>\n<meta name=\"twitter:label1\" content=\"Tiempo de lectura\" \/>\n\t<meta name=\"twitter:data1\" content=\"2 minutos\" \/>\n<!-- \/ Yoast SEO plugin. -->","yoast_head_json":{"title":"Estiramiento de la piel Reno NV AccuTite | AccuTite frente a FaceTite | Lago Tahoe","description":"AccuTite Skin Tightening es una opci\u00f3n m\u00ednimamente invasiva para cirug\u00edas que resultan en un tiempo de inactividad extenso. Llame al Instituto de Cirug\u00eda Pl\u00e1stica Avance para programar una cita.","robots":{"index":"index","follow":"follow","max-snippet":"max-snippet:-1","max-image-preview":"max-image-preview:large","max-video-preview":"max-video-preview:-1"},"canonical":"https:\/\/www.avanceplasticsurgery.com\/es\/tratamientos-de-spa-medicos\/estiramiento-de-la-piel\/accutite\/","og_locale":"es_ES","og_type":"article","og_title":"Estiramiento de la piel Reno NV AccuTite | AccuTite frente a FaceTite | Lago Tahoe","og_description":"AccuTite Skin Tightening es una opci\u00f3n m\u00ednimamente invasiva para cirug\u00edas que resultan en un tiempo de inactividad extenso. Llame al Instituto de Cirug\u00eda Pl\u00e1stica Avance para programar una cita.","og_url":"https:\/\/www.avanceplasticsurgery.com\/es\/tratamientos-de-spa-medicos\/estiramiento-de-la-piel\/accutite\/","og_site_name":"Avance Plastic Surgery","article_modified_time":"2022-04-25T12:53:49+00:00","twitter_card":"summary_large_image","twitter_misc":{"Tiempo de lectura":"2 minutos"},"schema":{"@context":"https:\/\/schema.org","@graph":[{"@type":"WebPage","@id":"https:\/\/www.avanceplasticsurgery.com\/es\/tratamientos-de-spa-medicos\/estiramiento-de-la-piel\/accutite\/","url":"https:\/\/www.avanceplasticsurgery.com\/es\/tratamientos-de-spa-medicos\/estiramiento-de-la-piel\/accutite\/","name":"Estiramiento de la piel Reno NV AccuTite | AccuTite frente a FaceTite | Lago Tahoe","isPartOf":{"@id":"https:\/\/www.avanceplasticsurgery.com\/es\/#website"},"datePublished":"2022-01-18T14:55:02+00:00","dateModified":"2022-04-25T12:53:49+00:00","description":"AccuTite Skin Tightening es una opci\u00f3n m\u00ednimamente invasiva para cirug\u00edas que resultan en un tiempo de inactividad extenso. Llame al Instituto de Cirug\u00eda Pl\u00e1stica Avance para programar una cita.","breadcrumb":{"@id":"https:\/\/www.avanceplasticsurgery.com\/es\/tratamientos-de-spa-medicos\/estiramiento-de-la-piel\/accutite\/#breadcrumb"},"inLanguage":"es","potentialAction":[{"@type":"ReadAction","target":["https:\/\/www.avanceplasticsurgery.com\/es\/tratamientos-de-spa-medicos\/estiramiento-de-la-piel\/accutite\/"]}]},{"@type":"BreadcrumbList","@id":"https:\/\/www.avanceplasticsurgery.com\/es\/tratamientos-de-spa-medicos\/estiramiento-de-la-piel\/accutite\/#breadcrumb","itemListElement":[{"@type":"ListItem","position":1,"name":"Home","item":"https:\/\/www.avanceplasticsurgery.com\/es\/"},{"@type":"ListItem","position":2,"name":"Tratamientos de spa m\u00e9dicos","item":"https:\/\/www.avanceplasticsurgery.com\/es\/tratamientos-de-spa-medicos\/"},{"@type":"ListItem","position":3,"name":"Estiramiento de la piel","item":"https:\/\/www.avanceplasticsurgery.com\/es\/tratamientos-de-spa-medicos\/estiramiento-de-la-piel\/"},{"@type":"ListItem","position":4,"name":"AccuTite"}]},{"@type":"WebSite","@id":"https:\/\/www.avanceplasticsurgery.com\/es\/#website","url":"https:\/\/www.avanceplasticsurgery.com\/es\/","name":"Avance Plastic Surgery","description":"","potentialAction":[{"@type":"SearchAction","target":{"@type":"EntryPoint","urlTemplate":"https:\/\/www.avanceplasticsurgery.com\/es\/?s={search_term_string}"},"query-input":{"@type":"PropertyValueSpecification","valueRequired":true,"valueName":"search_term_string"}}],"inLanguage":"es"}]}},"_links":{"self":[{"href":"https:\/\/www.avanceplasticsurgery.com\/es\/wp-json\/wp\/v2\/pages\/9069","targetHints":{"allow":["GET"]}}],"collection":[{"href":"https:\/\/www.avanceplasticsurgery.com\/es\/wp-json\/wp\/v2\/pages"}],"about":[{"href":"https:\/\/www.avanceplasticsurgery.com\/es\/wp-json\/wp\/v2\/types\/page"}],"author":[{"embeddable":true,"href":"https:\/\/www.avanceplasticsurgery.com\/es\/wp-json\/wp\/v2\/users\/1"}],"replies":[{"embeddable":true,"href":"https:\/\/www.avanceplasticsurgery.com\/es\/wp-json\/wp\/v2\/comments?post=9069"}],"version-history":[{"count":1,"href":"https:\/\/www.avanceplasticsurgery.com\/es\/wp-json\/wp\/v2\/pages\/9069\/revisions"}],"predecessor-version":[{"id":9296,"href":"https:\/\/www.avanceplasticsurgery.com\/es\/wp-json\/wp\/v2\/pages\/9069\/revisions\/9296"}],"up":[{"embeddable":true,"href":"https:\/\/www.avanceplasticsurgery.com\/es\/wp-json\/wp\/v2\/pages\/9067"}],"wp:attachment":[{"href":"https:\/\/www.avanceplasticsurgery.com\/es\/wp-json\/wp\/v2\/media?parent=9069"}],"curies":[{"name":"wp","href":"https:\/\/api.w.org\/{rel}","templated":true}]}}