{"id":9070,"date":"2022-01-18T15:06:58","date_gmt":"2022-01-18T15:06:58","guid":{"rendered":"https:\/\/www.avanceplasticsurgery.com\/tratamientos-de-spa-medicos\/estiramiento-de-la-piel\/cuerpotite\/"},"modified":"2022-04-25T12:54:03","modified_gmt":"2022-04-25T12:54:03","slug":"cuerpotite","status":"publish","type":"page","link":"https:\/\/www.avanceplasticsurgery.com\/es\/tratamientos-de-spa-medicos\/estiramiento-de-la-piel\/cuerpotite\/","title":{"rendered":"CuerpoTite"},"content":{"rendered":"<h1>Contorno Corporal BodyTite<\/h1>\n<p>A veces, la cirug\u00eda simplemente no es una opci\u00f3n para los pacientes que desean <a title=\"Reno NV Estiramiento de la piel facial\/corporal\" href=\"https:\/\/www.avanceplasticsurgery.com\/es\/med-spa-treatments\/skin-tightening\/\">lograr cuerpos m\u00e1s atractivos<\/a> . Afortunadamente, BodyTite es una revoluci\u00f3n de contorno corporal m\u00ednimamente invasiva que ofrece resultados comparables. La radiofrecuencia direccional (RF) puede apuntar a la dermis, los tejidos conectivos subd\u00e9rmicos y la coagulaci\u00f3n del tejido adiposo.<\/p>\n<p>Para los pacientes, esto significa un mejor contorno corporal sin necesidad de procedimientos quir\u00fargicos intrusivos. Con calentamiento de precisi\u00f3n, no hay riesgo de inconsistencia al tratar \u00e1reas espec\u00edficas del cuerpo. El Dr. Erez Dayan puede controlar las temperaturas en tiempo real, lo que le permite tratar eficazmente las \u00e1reas profundas de grasa y la superficie de la piel.<\/p>\n<p>BodyTite est\u00e1 dise\u00f1ado para adaptarse a cada capa de la piel y grasa corporal. Es posible que tratamientos similares no ofrezcan el mismo nivel de precisi\u00f3n y control, dejando a los pacientes con resultados inferiores. Si necesita un tratamiento que ofrezca menos tiempo de inactividad, cueste menos y brinde resultados duraderos, considere BodyTite en Avance Plastic Surgery Institute.<\/p>\n<h2>Contorno y remodelaci\u00f3n de grasa<\/h2>\n<p>El objetivo de los procedimientos que utilizan BodyTite es tensar y contornear \u00e1reas espec\u00edficas de la piel y el cuerpo. Las \u00e1reas de enfoque incluyen la contracci\u00f3n tridimensional de la dermis, la matriz de tejido conectivo subd\u00e9rmico y la grasa subcut\u00e1nea. Bajo las h\u00e1biles manos del Dr. Dayan, los pacientes pueden esperar ver mejoras en las semanas y meses posteriores a la conclusi\u00f3n del tratamiento.<\/p>\n<p>El contorno corporal cubre una variedad de procedimientos dise\u00f1ados para mejorar la forma y la apariencia de las \u00e1reas espec\u00edficas. En el pasado, la cirug\u00eda era la \u00fanica opci\u00f3n para lograr resultados significativos. La innovaci\u00f3n de BodyTite ahora ha hecho posible que los pacientes obtengan los mismos beneficios sin la intrusi\u00f3n, el costo y el tiempo de inactividad asociados con la cirug\u00eda.<\/p>\n<h3>Mantenimiento posterior<\/h3>\n<p>El cuerpo y la cara siempre est\u00e1n envejeciendo y cambiando de apariencia. Aunque los procedimientos de BodyTite dan como resultado resultados est\u00e9ticamente agradables, los pacientes se beneficiar\u00e1n de los servicios de atenci\u00f3n posterior para obtener resultados m\u00e1s duraderos.<\/p>\n<p>Avance Plastic Surgery Institute ofrece convenientes opciones de consulta en Nevada. Si viajar es un problema para usted, una sesi\u00f3n virtual inicial le permitir\u00e1 obtener respuestas a cualquier pregunta que pueda tener. El Dr. Dayan y su equipo son profesionales compasivos que valoran la experiencia de nuestros pacientes.<\/p>\n<p>Para reservar su lugar, <a title=\"P\u00f3ngase en contacto con el Instituto de Cirug\u00eda Pl\u00e1stica Avance en Reno NV\" href=\"https:\/\/www.avanceplasticsurgery.com\/es\/contact-us-dr-erez-dayan\/\">comun\u00edquese con el Instituto de Cirug\u00eda Pl\u00e1stica Avance<\/a> para consultar con el Dr. Erez Dayan hoy.<\/p>\n","protected":false},"excerpt":{"rendered":"<p>Contorno Corporal BodyTite A veces, la cirug\u00eda simplemente no es una opci\u00f3n para los pacientes que desean lograr cuerpos&hellip;<\/p>\n","protected":false},"author":1,"featured_media":0,"parent":9067,"menu_order":0,"comment_status":"closed","ping_status":"closed","template":"","meta":{"_acf_changed":false,"footnotes":""},"class_list":["post-9070","page","type-page","status-publish"],"acf":[],"yoast_head":"<!-- This site is optimized with the Yoast SEO plugin v25.6 - https:\/\/yoast.com\/wordpress\/plugins\/seo\/ -->\n<title>Reno NV BodyTite | Contorno corporal no invasivo del lago Tahoe<\/title>\n<meta name=\"description\" content=\"BodyTite es una alternativa revolucionaria y m\u00ednimamente invasiva para el contorno corporal. Llame a las oficinas de Avance Plastic Surgery Institute hoy para una consulta.\" \/>\n<meta name=\"robots\" content=\"index, follow, max-snippet:-1, max-image-preview:large, max-video-preview:-1\" \/>\n<link rel=\"canonical\" href=\"https:\/\/www.avanceplasticsurgery.com\/es\/tratamientos-de-spa-medicos\/estiramiento-de-la-piel\/cuerpotite\/\" \/>\n<meta property=\"og:locale\" content=\"es_ES\" \/>\n<meta property=\"og:type\" content=\"article\" \/>\n<meta property=\"og:title\" content=\"Reno NV BodyTite | Contorno corporal no invasivo del lago Tahoe\" \/>\n<meta property=\"og:description\" content=\"BodyTite es una alternativa revolucionaria y m\u00ednimamente invasiva para el contorno corporal. Llame a las oficinas de Avance Plastic Surgery Institute hoy para una consulta.\" \/>\n<meta property=\"og:url\" content=\"https:\/\/www.avanceplasticsurgery.com\/es\/tratamientos-de-spa-medicos\/estiramiento-de-la-piel\/cuerpotite\/\" \/>\n<meta property=\"og:site_name\" content=\"Avance Plastic Surgery\" \/>\n<meta property=\"article:modified_time\" content=\"2022-04-25T12:54:03+00:00\" \/>\n<meta name=\"twitter:card\" content=\"summary_large_image\" \/>\n<meta name=\"twitter:label1\" content=\"Tiempo de lectura\" \/>\n\t<meta name=\"twitter:data1\" content=\"2 minutos\" \/>\n<!-- \/ Yoast SEO plugin. -->","yoast_head_json":{"title":"Reno NV BodyTite | Contorno corporal no invasivo del lago Tahoe","description":"BodyTite es una alternativa revolucionaria y m\u00ednimamente invasiva para el contorno corporal. Llame a las oficinas de Avance Plastic Surgery Institute hoy para una consulta.","robots":{"index":"index","follow":"follow","max-snippet":"max-snippet:-1","max-image-preview":"max-image-preview:large","max-video-preview":"max-video-preview:-1"},"canonical":"https:\/\/www.avanceplasticsurgery.com\/es\/tratamientos-de-spa-medicos\/estiramiento-de-la-piel\/cuerpotite\/","og_locale":"es_ES","og_type":"article","og_title":"Reno NV BodyTite | Contorno corporal no invasivo del lago Tahoe","og_description":"BodyTite es una alternativa revolucionaria y m\u00ednimamente invasiva para el contorno corporal. Llame a las oficinas de Avance Plastic Surgery Institute hoy para una consulta.","og_url":"https:\/\/www.avanceplasticsurgery.com\/es\/tratamientos-de-spa-medicos\/estiramiento-de-la-piel\/cuerpotite\/","og_site_name":"Avance Plastic Surgery","article_modified_time":"2022-04-25T12:54:03+00:00","twitter_card":"summary_large_image","twitter_misc":{"Tiempo de lectura":"2 minutos"},"schema":{"@context":"https:\/\/schema.org","@graph":[{"@type":"WebPage","@id":"https:\/\/www.avanceplasticsurgery.com\/es\/tratamientos-de-spa-medicos\/estiramiento-de-la-piel\/cuerpotite\/","url":"https:\/\/www.avanceplasticsurgery.com\/es\/tratamientos-de-spa-medicos\/estiramiento-de-la-piel\/cuerpotite\/","name":"Reno NV BodyTite | Contorno corporal no invasivo del lago Tahoe","isPartOf":{"@id":"https:\/\/www.avanceplasticsurgery.com\/es\/#website"},"datePublished":"2022-01-18T15:06:58+00:00","dateModified":"2022-04-25T12:54:03+00:00","description":"BodyTite es una alternativa revolucionaria y m\u00ednimamente invasiva para el contorno corporal. Llame a las oficinas de Avance Plastic Surgery Institute hoy para una consulta.","breadcrumb":{"@id":"https:\/\/www.avanceplasticsurgery.com\/es\/tratamientos-de-spa-medicos\/estiramiento-de-la-piel\/cuerpotite\/#breadcrumb"},"inLanguage":"es","potentialAction":[{"@type":"ReadAction","target":["https:\/\/www.avanceplasticsurgery.com\/es\/tratamientos-de-spa-medicos\/estiramiento-de-la-piel\/cuerpotite\/"]}]},{"@type":"BreadcrumbList","@id":"https:\/\/www.avanceplasticsurgery.com\/es\/tratamientos-de-spa-medicos\/estiramiento-de-la-piel\/cuerpotite\/#breadcrumb","itemListElement":[{"@type":"ListItem","position":1,"name":"Home","item":"https:\/\/www.avanceplasticsurgery.com\/es\/"},{"@type":"ListItem","position":2,"name":"Tratamientos de spa m\u00e9dicos","item":"https:\/\/www.avanceplasticsurgery.com\/es\/tratamientos-de-spa-medicos\/"},{"@type":"ListItem","position":3,"name":"Estiramiento de la piel","item":"https:\/\/www.avanceplasticsurgery.com\/es\/tratamientos-de-spa-medicos\/estiramiento-de-la-piel\/"},{"@type":"ListItem","position":4,"name":"CuerpoTite"}]},{"@type":"WebSite","@id":"https:\/\/www.avanceplasticsurgery.com\/es\/#website","url":"https:\/\/www.avanceplasticsurgery.com\/es\/","name":"Avance Plastic Surgery","description":"","potentialAction":[{"@type":"SearchAction","target":{"@type":"EntryPoint","urlTemplate":"https:\/\/www.avanceplasticsurgery.com\/es\/?s={search_term_string}"},"query-input":{"@type":"PropertyValueSpecification","valueRequired":true,"valueName":"search_term_string"}}],"inLanguage":"es"}]}},"_links":{"self":[{"href":"https:\/\/www.avanceplasticsurgery.com\/es\/wp-json\/wp\/v2\/pages\/9070","targetHints":{"allow":["GET"]}}],"collection":[{"href":"https:\/\/www.avanceplasticsurgery.com\/es\/wp-json\/wp\/v2\/pages"}],"about":[{"href":"https:\/\/www.avanceplasticsurgery.com\/es\/wp-json\/wp\/v2\/types\/page"}],"author":[{"embeddable":true,"href":"https:\/\/www.avanceplasticsurgery.com\/es\/wp-json\/wp\/v2\/users\/1"}],"replies":[{"embeddable":true,"href":"https:\/\/www.avanceplasticsurgery.com\/es\/wp-json\/wp\/v2\/comments?post=9070"}],"version-history":[{"count":1,"href":"https:\/\/www.avanceplasticsurgery.com\/es\/wp-json\/wp\/v2\/pages\/9070\/revisions"}],"predecessor-version":[{"id":9297,"href":"https:\/\/www.avanceplasticsurgery.com\/es\/wp-json\/wp\/v2\/pages\/9070\/revisions\/9297"}],"up":[{"embeddable":true,"href":"https:\/\/www.avanceplasticsurgery.com\/es\/wp-json\/wp\/v2\/pages\/9067"}],"wp:attachment":[{"href":"https:\/\/www.avanceplasticsurgery.com\/es\/wp-json\/wp\/v2\/media?parent=9070"}],"curies":[{"name":"wp","href":"https:\/\/api.w.org\/{rel}","templated":true}]}}