{"id":9071,"date":"2022-01-18T15:12:11","date_gmt":"2022-01-18T15:12:11","guid":{"rendered":"https:\/\/www.avanceplasticsurgery.com\/tratamientos-de-spa-medicos\/estiramiento-de-la-piel\/facetite\/"},"modified":"2022-04-25T12:54:15","modified_gmt":"2022-04-25T12:54:15","slug":"facetite","status":"publish","type":"page","link":"https:\/\/www.avanceplasticsurgery.com\/es\/tratamientos-de-spa-medicos\/estiramiento-de-la-piel\/facetite\/","title":{"rendered":"FaceTite"},"content":{"rendered":"<h1>Contorno facial FaceTite<\/h1>\n<p>Los m\u00e9dicos recomiendan mantener un peso corporal saludable para maximizar su esperanza de vida, mejorar la movilidad y brindarle una mejor calidad de vida. Ya sea que haya perdido peso con cambios en la dieta y el estilo de vida, o con una cirug\u00eda bari\u00e1trica, es recomendable tomar medidas para mejorar su bienestar y apariencia.<\/p>\n<p>La <a title=\"Reno NV Estiramiento de la piel facial\/corporal\" href=\"https:\/\/www.avanceplasticsurgery.com\/es\/med-spa-treatments\/skin-tightening\/\">apariencia de la cara<\/a> cambiar\u00e1 naturalmente con la edad. Perder su apariencia juvenil puede da\u00f1ar su confianza en s\u00ed mismo y afectar su imagen. Los factores ambientales exacerban la aparici\u00f3n de signos reveladores de envejecimiento en la cara. La exposici\u00f3n a la luz ultravioleta en la b\u00fasqueda de un bronceado debilita el tejido de la piel y aumenta la posibilidad de que se formen arrugas. Fumar tiene un efecto perjudicial en su salud en general, pero provoca la aparici\u00f3n de l\u00edneas finas alrededor de la boca.<\/p>\n<h2>Espere excelentes resultados con el contorno facial<\/h2>\n<p>Hay muchos procedimientos m\u00ednimamente invasivos disponibles para mejorar la apariencia de la cara. Las exfoliaciones qu\u00edmicas, el Botox\u00ae y las cremas y sueros de venta libre proporcionar\u00e1n, en el mejor de los casos, una mejora temporal en el tono y la sensaci\u00f3n de la piel. Un estiramiento facial es efectivo para un rejuvenecimiento extenso de su apariencia, pero genera tiempo de inactividad y un mayor costo.<\/p>\n<p>En Avance Plastic Surgery Institute, completaremos una revisi\u00f3n exhaustiva de su historial m\u00e9dico y bienestar actual antes de comenzar los procedimientos de contorno facial. Nuestro cirujano pl\u00e1stico experto, el Dr. Erez Dayan, observar\u00e1 y documentar\u00e1 cuidadosamente sus rasgos faciales antes de analizar sus expectativas est\u00e9ticas y lo que implicar\u00e1 el proceso.<\/p>\n<h3>Mantenimiento posterior al contorno facial<\/h3>\n<p>Abra la puerta a una apariencia completamente rejuvenecida combinando el contorno facial con otros procedimientos. Los tratamientos de levantamiento de cejas y p\u00e1rpados reducen los signos de envejecimiento alrededor de los ojos. Al aprovechar nuestro programa de mantenimiento posterior, los pacientes se beneficiar\u00e1n de resultados prolongados despu\u00e9s de los tratamientos de rejuvenecimiento facial.<\/p>\n<p>Nuestro programa de mantenimiento se basa en una filosof\u00eda que respalda la ampliaci\u00f3n de los beneficios que obtiene de los tratamientos m\u00ednimamente invasivos. Si recientemente se someti\u00f3 a un tratamiento para tensar y suavizar la piel del cuerpo o del rostro, le recomendamos continuar el viaje con las opciones efectivas del Instituto de Cirug\u00eda Pl\u00e1stica Avance.<\/p>\n<p>Para obtener m\u00e1s informaci\u00f3n, <a title=\"P\u00f3ngase en contacto con el Instituto de Cirug\u00eda Pl\u00e1stica Avance en Reno NV\" href=\"https:\/\/www.avanceplasticsurgery.com\/es\/contact-us-dr-erez-dayan\/\">comun\u00edquese hoy con el Instituto de Cirug\u00eda Pl\u00e1stica Avance en Nevada<\/a> para una consulta conveniente e informativa con nuestro equipo.<\/p>\n","protected":false},"excerpt":{"rendered":"<p>Contorno facial FaceTite Los m\u00e9dicos recomiendan mantener un peso corporal saludable para maximizar su esperanza de vida, mejorar la&hellip;<\/p>\n","protected":false},"author":1,"featured_media":0,"parent":9067,"menu_order":0,"comment_status":"closed","ping_status":"closed","template":"","meta":{"_acf_changed":false,"footnotes":""},"class_list":["post-9071","page","type-page","status-publish"],"acf":[],"yoast_head":"<!-- This site is optimized with the Yoast SEO plugin v25.6 - https:\/\/yoast.com\/wordpress\/plugins\/seo\/ -->\n<title>Contorno facial Reno NV FaceTite | Estiramiento de cuello\/cara no invasivo de Lake Tahoe<\/title>\n<meta name=\"description\" content=\"Para un contorno facial avanzado sin necesidad de cirug\u00eda, comun\u00edquese con el Instituto de Cirug\u00eda Pl\u00e1stica Avance para una consulta con el Dr. Erez Dayan hoy.\" \/>\n<meta name=\"robots\" content=\"index, follow, max-snippet:-1, max-image-preview:large, max-video-preview:-1\" \/>\n<link rel=\"canonical\" href=\"https:\/\/www.avanceplasticsurgery.com\/es\/tratamientos-de-spa-medicos\/estiramiento-de-la-piel\/facetite\/\" \/>\n<meta property=\"og:locale\" content=\"es_ES\" \/>\n<meta property=\"og:type\" content=\"article\" \/>\n<meta property=\"og:title\" content=\"Contorno facial Reno NV FaceTite | Estiramiento de cuello\/cara no invasivo de Lake Tahoe\" \/>\n<meta property=\"og:description\" content=\"Para un contorno facial avanzado sin necesidad de cirug\u00eda, comun\u00edquese con el Instituto de Cirug\u00eda Pl\u00e1stica Avance para una consulta con el Dr. Erez Dayan hoy.\" \/>\n<meta property=\"og:url\" content=\"https:\/\/www.avanceplasticsurgery.com\/es\/tratamientos-de-spa-medicos\/estiramiento-de-la-piel\/facetite\/\" \/>\n<meta property=\"og:site_name\" content=\"Avance Plastic Surgery\" \/>\n<meta property=\"article:modified_time\" content=\"2022-04-25T12:54:15+00:00\" \/>\n<meta name=\"twitter:card\" content=\"summary_large_image\" \/>\n<meta name=\"twitter:label1\" content=\"Tiempo de lectura\" \/>\n\t<meta name=\"twitter:data1\" content=\"2 minutos\" \/>\n<!-- \/ Yoast SEO plugin. -->","yoast_head_json":{"title":"Contorno facial Reno NV FaceTite | Estiramiento de cuello\/cara no invasivo de Lake Tahoe","description":"Para un contorno facial avanzado sin necesidad de cirug\u00eda, comun\u00edquese con el Instituto de Cirug\u00eda Pl\u00e1stica Avance para una consulta con el Dr. Erez Dayan hoy.","robots":{"index":"index","follow":"follow","max-snippet":"max-snippet:-1","max-image-preview":"max-image-preview:large","max-video-preview":"max-video-preview:-1"},"canonical":"https:\/\/www.avanceplasticsurgery.com\/es\/tratamientos-de-spa-medicos\/estiramiento-de-la-piel\/facetite\/","og_locale":"es_ES","og_type":"article","og_title":"Contorno facial Reno NV FaceTite | Estiramiento de cuello\/cara no invasivo de Lake Tahoe","og_description":"Para un contorno facial avanzado sin necesidad de cirug\u00eda, comun\u00edquese con el Instituto de Cirug\u00eda Pl\u00e1stica Avance para una consulta con el Dr. Erez Dayan hoy.","og_url":"https:\/\/www.avanceplasticsurgery.com\/es\/tratamientos-de-spa-medicos\/estiramiento-de-la-piel\/facetite\/","og_site_name":"Avance Plastic Surgery","article_modified_time":"2022-04-25T12:54:15+00:00","twitter_card":"summary_large_image","twitter_misc":{"Tiempo de lectura":"2 minutos"},"schema":{"@context":"https:\/\/schema.org","@graph":[{"@type":"WebPage","@id":"https:\/\/www.avanceplasticsurgery.com\/es\/tratamientos-de-spa-medicos\/estiramiento-de-la-piel\/facetite\/","url":"https:\/\/www.avanceplasticsurgery.com\/es\/tratamientos-de-spa-medicos\/estiramiento-de-la-piel\/facetite\/","name":"Contorno facial Reno NV FaceTite | Estiramiento de cuello\/cara no invasivo de Lake Tahoe","isPartOf":{"@id":"https:\/\/www.avanceplasticsurgery.com\/es\/#website"},"datePublished":"2022-01-18T15:12:11+00:00","dateModified":"2022-04-25T12:54:15+00:00","description":"Para un contorno facial avanzado sin necesidad de cirug\u00eda, comun\u00edquese con el Instituto de Cirug\u00eda Pl\u00e1stica Avance para una consulta con el Dr. Erez Dayan hoy.","breadcrumb":{"@id":"https:\/\/www.avanceplasticsurgery.com\/es\/tratamientos-de-spa-medicos\/estiramiento-de-la-piel\/facetite\/#breadcrumb"},"inLanguage":"es","potentialAction":[{"@type":"ReadAction","target":["https:\/\/www.avanceplasticsurgery.com\/es\/tratamientos-de-spa-medicos\/estiramiento-de-la-piel\/facetite\/"]}]},{"@type":"BreadcrumbList","@id":"https:\/\/www.avanceplasticsurgery.com\/es\/tratamientos-de-spa-medicos\/estiramiento-de-la-piel\/facetite\/#breadcrumb","itemListElement":[{"@type":"ListItem","position":1,"name":"Home","item":"https:\/\/www.avanceplasticsurgery.com\/es\/"},{"@type":"ListItem","position":2,"name":"Tratamientos de spa m\u00e9dicos","item":"https:\/\/www.avanceplasticsurgery.com\/es\/tratamientos-de-spa-medicos\/"},{"@type":"ListItem","position":3,"name":"Estiramiento de la piel","item":"https:\/\/www.avanceplasticsurgery.com\/es\/tratamientos-de-spa-medicos\/estiramiento-de-la-piel\/"},{"@type":"ListItem","position":4,"name":"FaceTite"}]},{"@type":"WebSite","@id":"https:\/\/www.avanceplasticsurgery.com\/es\/#website","url":"https:\/\/www.avanceplasticsurgery.com\/es\/","name":"Avance Plastic Surgery","description":"","potentialAction":[{"@type":"SearchAction","target":{"@type":"EntryPoint","urlTemplate":"https:\/\/www.avanceplasticsurgery.com\/es\/?s={search_term_string}"},"query-input":{"@type":"PropertyValueSpecification","valueRequired":true,"valueName":"search_term_string"}}],"inLanguage":"es"}]}},"_links":{"self":[{"href":"https:\/\/www.avanceplasticsurgery.com\/es\/wp-json\/wp\/v2\/pages\/9071","targetHints":{"allow":["GET"]}}],"collection":[{"href":"https:\/\/www.avanceplasticsurgery.com\/es\/wp-json\/wp\/v2\/pages"}],"about":[{"href":"https:\/\/www.avanceplasticsurgery.com\/es\/wp-json\/wp\/v2\/types\/page"}],"author":[{"embeddable":true,"href":"https:\/\/www.avanceplasticsurgery.com\/es\/wp-json\/wp\/v2\/users\/1"}],"replies":[{"embeddable":true,"href":"https:\/\/www.avanceplasticsurgery.com\/es\/wp-json\/wp\/v2\/comments?post=9071"}],"version-history":[{"count":1,"href":"https:\/\/www.avanceplasticsurgery.com\/es\/wp-json\/wp\/v2\/pages\/9071\/revisions"}],"predecessor-version":[{"id":9298,"href":"https:\/\/www.avanceplasticsurgery.com\/es\/wp-json\/wp\/v2\/pages\/9071\/revisions\/9298"}],"up":[{"embeddable":true,"href":"https:\/\/www.avanceplasticsurgery.com\/es\/wp-json\/wp\/v2\/pages\/9067"}],"wp:attachment":[{"href":"https:\/\/www.avanceplasticsurgery.com\/es\/wp-json\/wp\/v2\/media?parent=9071"}],"curies":[{"name":"wp","href":"https:\/\/api.w.org\/{rel}","templated":true}]}}