{"id":9072,"date":"2022-01-31T16:37:45","date_gmt":"2022-01-31T16:37:45","guid":{"rendered":"https:\/\/www.avanceplasticsurgery.com\/tratamientos-de-spa-medicos\/laser-de-co2-smartxide-dot\/"},"modified":"2022-04-25T13:00:49","modified_gmt":"2022-04-25T13:00:49","slug":"laser-de-co2-smartxide-dot","status":"publish","type":"page","link":"https:\/\/www.avanceplasticsurgery.com\/es\/tratamientos-de-spa-medicos\/laser-de-co2-smartxide-dot\/","title":{"rendered":"L\u00e1ser de CO2 SmartXide DOT"},"content":{"rendered":"<h1>L\u00e1ser de CO2 SmartXide DOT<\/h1>\n<p>Los tratamientos faciales con l\u00e1ser tradicionales funcionan aplicando pulsos de energ\u00eda l\u00e1ser a la piel. Aunque esta es una soluci\u00f3n efectiva para la aparici\u00f3n de l\u00edneas finas y arrugas, la intensidad de estos tratamientos con l\u00e1ser m\u00e1s antiguos no se puede ajustar adecuadamente, por lo que no son adecuados para algunas regiones de la cara o tipos de piel.<\/p>\n<p><img loading=\"lazy\" decoding=\"async\" src=\"https:\/\/www.avanceplasticsurgery.com\/wp-content\/uploads\/2022\/01\/smartxide-dot-logo.png\" alt=\"Logotipo de punto SmartXide\" width=\"382\" height=\"132\" class=\"aligncenter size-full wp-image-7769\" srcset=\"https:\/\/www.avanceplasticsurgery.com\/wp-content\/uploads\/2022\/01\/smartxide-dot-logo.png 382w, https:\/\/www.avanceplasticsurgery.com\/wp-content\/uploads\/2022\/01\/smartxide-dot-logo-300x104.png 300w\" sizes=\"auto, (max-width: 382px) 100vw, 382px\" \/><\/p>\n<p>El tratamiento con l\u00e1ser DOT <a title=\"Reno NV Med Spa Tratamientos\" href=\"https:\/\/www.avanceplasticsurgery.com\/es\/med-spa-treatments\/\">aborda con eficacia m\u00faltiples signos del envejecimiento<\/a> , como l\u00edneas, arrugas y p\u00e9rdida de elasticidad, pero es mucho menos doloroso que los tratamientos tradicionales. Tambi\u00e9n trata los poros dilatados, las cicatrices del acn\u00e9 y la hiperpigmentaci\u00f3n. El tratamiento con l\u00e1ser DOT es adecuado para su uso en una variedad m\u00e1s amplia de tipos de piel y \u00e1reas de tratamiento. El n\u00famero de sesiones necesarias depender\u00e1 de los objetivos del paciente y la tolerancia al l\u00e1ser.<\/p>\n<h2>Rejuvenecimiento cut\u00e1neo con l\u00e1ser con terapia DOT<\/h2>\n<p><img loading=\"lazy\" decoding=\"async\" src=\"https:\/\/www.avanceplasticsurgery.com\/wp-content\/uploads\/2022\/01\/SmartXide-DOT.jpg\" alt=\"M\u00e1quina l\u00e1ser SmartXide\" width=\"200\" height=\"472\" class=\"d-block alignleft wp-image-7770 mb-0\" srcset=\"https:\/\/www.avanceplasticsurgery.com\/wp-content\/uploads\/2022\/01\/SmartXide-DOT.jpg 233w, https:\/\/www.avanceplasticsurgery.com\/wp-content\/uploads\/2022\/01\/SmartXide-DOT-127x300.jpg 127w\" sizes=\"auto, (max-width: 200px) 100vw, 200px\" \/>El l\u00e1ser SmartXide DOT CO2 tiene muchos beneficios sobre los tratamientos tradicionales para rejuvenecer la piel del rostro. La terapia con l\u00e1ser se recomendaba tradicionalmente para \u00e1reas con tejido de soporte, como las mejillas, debido a la naturaleza ablativa del tratamiento. Con su tecnolog\u00eda innovadora, el l\u00e1ser de CO2 SmartXide DOT ofrece una gama m\u00e1s amplia de opciones de tratamiento.<\/p>\n<p>El l\u00e1ser SmartXide DOT CO2 es ajustable a diferentes densidades de piel, por lo que produce resultados hermosos y asequibles en \u00e1reas delicadas como los p\u00e1rpados, el cuello y el escote. Esta es una excelente opci\u00f3n para las personas que desean evitar intervenciones m\u00e1s costosas o invasivas. Las \u00e1reas seleccionadas se tensan visiblemente durante el tratamiento y los resultados continuar\u00e1n mejorando durante seis meses a medida que aumenta la producci\u00f3n de col\u00e1geno.<\/p>\n<p>Anteriormente, se aconsejaba a las personas con pigmentaci\u00f3n m\u00e1s oscura que evitaran algunos tratamientos de rejuvenecimiento facial, ya que la tecnolog\u00eda anterior corr\u00eda el riesgo de da\u00f1ar o decolorar la piel de forma permanente. El l\u00e1ser de CO2 SmartXide DOT se puede ajustar al tipo de piel de cualquier persona, lo que brinda a m\u00e1s pacientes acceso a tratamientos de rejuvenecimiento.<\/p>\n<h3>L\u00e1ser de CO2 avanzado para el tratamiento de cicatrices<\/h3>\n<p>Las cicatrices de un accidente o lesi\u00f3n pueden servir como un recordatorio siempre presente de un per\u00edodo doloroso en la vida. Las cicatrices del acn\u00e9 pueden ser tan perjudiciales para su confianza y sentido de bienestar como las que resultan de un trauma. Los tratamientos tradicionales para las cicatrices faciales son ablativos, lo que significa que los l\u00e1seres penetran profundamente en la piel. Esto da como resultado la eliminaci\u00f3n de la capa superior de piel y puede ser bastante doloroso con un per\u00edodo de recuperaci\u00f3n significativo.<\/p>\n<p>El l\u00e1ser de CO2 SmartXide DOT es un tratamiento no ablativo que proporciona una alternativa adecuada para los pacientes que encuentran que otros tratamientos con l\u00e1ser son demasiado invasivos. La tecnolog\u00eda DOT estimula el tejido en miles de objetivos microsc\u00f3picos a la vez sin causar da\u00f1o al \u00e1rea circundante. Solo se experimenta una leve molestia durante el procedimiento de una hora, con un tiempo de curaci\u00f3n significativamente reducido.<\/p>\n<p>Avance Plastic Surgery se complace en ofrecer esta tecnolog\u00eda revolucionaria a nuestros clientes. Para obtener m\u00e1s informaci\u00f3n sobre c\u00f3mo el l\u00e1ser de CO2 SmartXide DOT puede brindarle la apariencia juvenil y restaurada de sus sue\u00f1os, <a title=\"P\u00f3ngase en contacto con el Instituto de Cirug\u00eda Pl\u00e1stica Avance en Reno NV\" href=\"https:\/\/www.avanceplasticsurgery.com\/es\/contact-us-dr-erez-dayan\/\">comun\u00edquese con nuestra oficina de Reno\/Tahoe<\/a> hoy.<\/p>\n<p><a href=\"https:\/\/www.avanceplasticsurgery.com\/wp-content\/uploads\/2022\/04\/CO2-Laser-Resurfacing-Patient-Instructions.pdf\" class=\"btn btn-primary\" target=\"_blank\" rel=\"noopener\">Instrucciones para el paciente de rejuvenecimiento con l\u00e1ser de CO2<\/a><\/p>\n","protected":false},"excerpt":{"rendered":"<p>L\u00e1ser de CO2 SmartXide DOT Los tratamientos faciales con l\u00e1ser tradicionales funcionan aplicando pulsos de energ\u00eda l\u00e1ser a la&hellip;<\/p>\n","protected":false},"author":1,"featured_media":0,"parent":9015,"menu_order":0,"comment_status":"closed","ping_status":"closed","template":"","meta":{"_acf_changed":false,"footnotes":""},"class_list":["post-9072","page","type-page","status-publish"],"acf":[],"yoast_head":"<!-- This site is optimized with the Yoast SEO plugin v25.6 - https:\/\/yoast.com\/wordpress\/plugins\/seo\/ -->\n<title>Reno NV SmartXide DOT Rejuvenecimiento cut\u00e1neo con l\u00e1ser | Terapia con l\u00e1ser DOT de Carson City<\/title>\n<meta name=\"description\" content=\"\u00bfQuiere abordar los signos del envejecimiento o eliminar las cicatrices faciales con una recuperaci\u00f3n m\u00ednima? Cont\u00e1ctenos sobre el l\u00e1ser de CO2 SmartXide DOT hoy.\" \/>\n<meta name=\"robots\" content=\"index, follow, max-snippet:-1, max-image-preview:large, max-video-preview:-1\" \/>\n<link rel=\"canonical\" href=\"https:\/\/www.avanceplasticsurgery.com\/es\/tratamientos-de-spa-medicos\/laser-de-co2-smartxide-dot\/\" \/>\n<meta property=\"og:locale\" content=\"es_ES\" \/>\n<meta property=\"og:type\" content=\"article\" \/>\n<meta property=\"og:title\" content=\"Reno NV SmartXide DOT Rejuvenecimiento cut\u00e1neo con l\u00e1ser | Terapia con l\u00e1ser DOT de Carson City\" \/>\n<meta property=\"og:description\" content=\"\u00bfQuiere abordar los signos del envejecimiento o eliminar las cicatrices faciales con una recuperaci\u00f3n m\u00ednima? Cont\u00e1ctenos sobre el l\u00e1ser de CO2 SmartXide DOT hoy.\" \/>\n<meta property=\"og:url\" content=\"https:\/\/www.avanceplasticsurgery.com\/es\/tratamientos-de-spa-medicos\/laser-de-co2-smartxide-dot\/\" \/>\n<meta property=\"og:site_name\" content=\"Avance Plastic Surgery\" \/>\n<meta property=\"article:modified_time\" content=\"2022-04-25T13:00:49+00:00\" \/>\n<meta property=\"og:image\" content=\"https:\/\/www.avanceplasticsurgery.com\/wp-content\/uploads\/2022\/01\/smartxide-dot-logo.png\" \/>\n<meta name=\"twitter:card\" content=\"summary_large_image\" \/>\n<meta name=\"twitter:label1\" content=\"Tiempo de lectura\" \/>\n\t<meta name=\"twitter:data1\" content=\"3 minutos\" \/>\n<!-- \/ Yoast SEO plugin. -->","yoast_head_json":{"title":"Reno NV SmartXide DOT Rejuvenecimiento cut\u00e1neo con l\u00e1ser | Terapia con l\u00e1ser DOT de Carson City","description":"\u00bfQuiere abordar los signos del envejecimiento o eliminar las cicatrices faciales con una recuperaci\u00f3n m\u00ednima? Cont\u00e1ctenos sobre el l\u00e1ser de CO2 SmartXide DOT hoy.","robots":{"index":"index","follow":"follow","max-snippet":"max-snippet:-1","max-image-preview":"max-image-preview:large","max-video-preview":"max-video-preview:-1"},"canonical":"https:\/\/www.avanceplasticsurgery.com\/es\/tratamientos-de-spa-medicos\/laser-de-co2-smartxide-dot\/","og_locale":"es_ES","og_type":"article","og_title":"Reno NV SmartXide DOT Rejuvenecimiento cut\u00e1neo con l\u00e1ser | Terapia con l\u00e1ser DOT de Carson City","og_description":"\u00bfQuiere abordar los signos del envejecimiento o eliminar las cicatrices faciales con una recuperaci\u00f3n m\u00ednima? Cont\u00e1ctenos sobre el l\u00e1ser de CO2 SmartXide DOT hoy.","og_url":"https:\/\/www.avanceplasticsurgery.com\/es\/tratamientos-de-spa-medicos\/laser-de-co2-smartxide-dot\/","og_site_name":"Avance Plastic Surgery","article_modified_time":"2022-04-25T13:00:49+00:00","og_image":[{"url":"https:\/\/www.avanceplasticsurgery.com\/wp-content\/uploads\/2022\/01\/smartxide-dot-logo.png","type":"","width":"","height":""}],"twitter_card":"summary_large_image","twitter_misc":{"Tiempo de lectura":"3 minutos"},"schema":{"@context":"https:\/\/schema.org","@graph":[{"@type":"WebPage","@id":"https:\/\/www.avanceplasticsurgery.com\/es\/tratamientos-de-spa-medicos\/laser-de-co2-smartxide-dot\/","url":"https:\/\/www.avanceplasticsurgery.com\/es\/tratamientos-de-spa-medicos\/laser-de-co2-smartxide-dot\/","name":"Reno NV SmartXide DOT Rejuvenecimiento cut\u00e1neo con l\u00e1ser | Terapia con l\u00e1ser DOT de Carson City","isPartOf":{"@id":"https:\/\/www.avanceplasticsurgery.com\/es\/#website"},"primaryImageOfPage":{"@id":"https:\/\/www.avanceplasticsurgery.com\/es\/tratamientos-de-spa-medicos\/laser-de-co2-smartxide-dot\/#primaryimage"},"image":{"@id":"https:\/\/www.avanceplasticsurgery.com\/es\/tratamientos-de-spa-medicos\/laser-de-co2-smartxide-dot\/#primaryimage"},"thumbnailUrl":"https:\/\/www.avanceplasticsurgery.com\/wp-content\/uploads\/2022\/01\/smartxide-dot-logo.png","datePublished":"2022-01-31T16:37:45+00:00","dateModified":"2022-04-25T13:00:49+00:00","description":"\u00bfQuiere abordar los signos del envejecimiento o eliminar las cicatrices faciales con una recuperaci\u00f3n m\u00ednima? Cont\u00e1ctenos sobre el l\u00e1ser de CO2 SmartXide DOT hoy.","breadcrumb":{"@id":"https:\/\/www.avanceplasticsurgery.com\/es\/tratamientos-de-spa-medicos\/laser-de-co2-smartxide-dot\/#breadcrumb"},"inLanguage":"es","potentialAction":[{"@type":"ReadAction","target":["https:\/\/www.avanceplasticsurgery.com\/es\/tratamientos-de-spa-medicos\/laser-de-co2-smartxide-dot\/"]}]},{"@type":"ImageObject","inLanguage":"es","@id":"https:\/\/www.avanceplasticsurgery.com\/es\/tratamientos-de-spa-medicos\/laser-de-co2-smartxide-dot\/#primaryimage","url":"https:\/\/www.avanceplasticsurgery.com\/wp-content\/uploads\/2022\/01\/smartxide-dot-logo.png","contentUrl":"https:\/\/www.avanceplasticsurgery.com\/wp-content\/uploads\/2022\/01\/smartxide-dot-logo.png"},{"@type":"BreadcrumbList","@id":"https:\/\/www.avanceplasticsurgery.com\/es\/tratamientos-de-spa-medicos\/laser-de-co2-smartxide-dot\/#breadcrumb","itemListElement":[{"@type":"ListItem","position":1,"name":"Home","item":"https:\/\/www.avanceplasticsurgery.com\/es\/"},{"@type":"ListItem","position":2,"name":"Tratamientos de spa m\u00e9dicos","item":"https:\/\/www.avanceplasticsurgery.com\/es\/tratamientos-de-spa-medicos\/"},{"@type":"ListItem","position":3,"name":"L\u00e1ser de CO2 SmartXide DOT"}]},{"@type":"WebSite","@id":"https:\/\/www.avanceplasticsurgery.com\/es\/#website","url":"https:\/\/www.avanceplasticsurgery.com\/es\/","name":"Avance Plastic Surgery","description":"","potentialAction":[{"@type":"SearchAction","target":{"@type":"EntryPoint","urlTemplate":"https:\/\/www.avanceplasticsurgery.com\/es\/?s={search_term_string}"},"query-input":{"@type":"PropertyValueSpecification","valueRequired":true,"valueName":"search_term_string"}}],"inLanguage":"es"}]}},"_links":{"self":[{"href":"https:\/\/www.avanceplasticsurgery.com\/es\/wp-json\/wp\/v2\/pages\/9072","targetHints":{"allow":["GET"]}}],"collection":[{"href":"https:\/\/www.avanceplasticsurgery.com\/es\/wp-json\/wp\/v2\/pages"}],"about":[{"href":"https:\/\/www.avanceplasticsurgery.com\/es\/wp-json\/wp\/v2\/types\/page"}],"author":[{"embeddable":true,"href":"https:\/\/www.avanceplasticsurgery.com\/es\/wp-json\/wp\/v2\/users\/1"}],"replies":[{"embeddable":true,"href":"https:\/\/www.avanceplasticsurgery.com\/es\/wp-json\/wp\/v2\/comments?post=9072"}],"version-history":[{"count":2,"href":"https:\/\/www.avanceplasticsurgery.com\/es\/wp-json\/wp\/v2\/pages\/9072\/revisions"}],"predecessor-version":[{"id":9326,"href":"https:\/\/www.avanceplasticsurgery.com\/es\/wp-json\/wp\/v2\/pages\/9072\/revisions\/9326"}],"up":[{"embeddable":true,"href":"https:\/\/www.avanceplasticsurgery.com\/es\/wp-json\/wp\/v2\/pages\/9015"}],"wp:attachment":[{"href":"https:\/\/www.avanceplasticsurgery.com\/es\/wp-json\/wp\/v2\/media?parent=9072"}],"curies":[{"name":"wp","href":"https:\/\/api.w.org\/{rel}","templated":true}]}}