{"id":9073,"date":"2020-09-20T20:58:39","date_gmt":"2020-09-20T20:58:39","guid":{"rendered":"https:\/\/www.avanceplasticsurgery.com\/tratamientos-de-spa-medicos\/manchas-solares-manchas-marrones\/"},"modified":"2022-04-25T13:01:23","modified_gmt":"2022-04-25T13:01:23","slug":"manchas-solares-manchas-marrones","status":"publish","type":"page","link":"https:\/\/www.avanceplasticsurgery.com\/es\/tratamientos-de-spa-medicos\/manchas-solares-manchas-marrones\/","title":{"rendered":"Manchas solares\/manchas marrones"},"content":{"rendered":"<h1>Tratamiento de manchas solares<\/h1>\n<p>Los rayos UV son responsables de una gran parte del da\u00f1o causado a la piel que se etiqueta como \u00abenvejecimiento\u00bb. Uno de los signos del envejecimiento de la piel que es causado por los rayos UV son las manchas solares, tambi\u00e9n llamadas manchas de la edad, hep\u00e1ticas o marrones. Estas peque\u00f1as manchas marrones en la piel son signos de da\u00f1o por rayos UV que aparecen en la cara, las manos, el pecho y otras \u00e1reas expuestas con frecuencia. El Dr. Erez Dayan del Avance Plastic Surgery Institute ofrece tratamiento para las manchas solares como parte de nuestros <a title=\"Reno NV Med Spa Tratamientos\" href=\"https:\/\/www.avanceplasticsurgery.com\/es\/med-spa-treatments\/\">servicios de spa m\u00e9dico<\/a> en Reno\/Tahoe, NV.<\/p>\n<p>Las manchas marrones, o manchas solares, son una condici\u00f3n benigna com\u00fan de la piel que ocurre con la edad. Las personas de 40 a\u00f1os o m\u00e1s son las m\u00e1s propensas a las manchas solares o de la edad, pero pueden aparecer en hombres y mujeres m\u00e1s j\u00f3venes. Su tipo de piel y la cantidad de exposici\u00f3n a los rayos UV pueden afectar el da\u00f1o causado a la piel. Aunque las manchas marrones no son da\u00f1inas, pueden afectar la apariencia cosm\u00e9tica de la piel, lo que resulta en un tono desigual de la piel y una apariencia envejecida de la piel.<\/p>\n<h2>Eliminaci\u00f3n cosm\u00e9tica de manchas marrones en Reno<\/h2>\n<p>Si tiene manchas marrones en las manos, la cara, los brazos o el pecho que desea eliminar, existen opciones de tratamiento efectivas. Los tratamientos cut\u00e1neos con l\u00e1ser pueden ser una opci\u00f3n r\u00e1pida e indolora para atacar estas c\u00e9lulas cut\u00e1neas pigmentadas. La energ\u00eda de la luz destruye las c\u00e9lulas m\u00e1s oscuras y se desprenden en los d\u00edas o semanas posteriores al tratamiento. Otros tratamientos de spa m\u00e9dicos que pueden atenuar o minimizar las manchas solares incluyen las exfoliaciones qu\u00edmicas.<\/p>\n<p>Si tienes la edad o te han aparecido manchas solares en la piel, existen tratamientos est\u00e9ticos que pueden desvanecer estas lesiones marrones. Para obtener m\u00e1s informaci\u00f3n sobre el tratamiento de las manchas solares, <a title=\"P\u00f3ngase en contacto con el Instituto de Cirug\u00eda Pl\u00e1stica Avance en Reno NV\" href=\"https:\/\/www.avanceplasticsurgery.com\/es\/contact-us-dr-erez-dayan\/\">comun\u00edquese con nuestro equipo en el Instituto de Cirug\u00eda Pl\u00e1stica Avance<\/a> en Reno\/Tahoe. Nuestro personal puede reservar su cita con el Dr. Dayan para analizar el mejor tratamiento para eliminar las manchas marrones y mejorar la apariencia de su piel.<\/p>\n","protected":false},"excerpt":{"rendered":"<p>Tratamiento de manchas solares Los rayos UV son responsables de una gran parte del da\u00f1o causado a la piel&hellip;<\/p>\n","protected":false},"author":1,"featured_media":0,"parent":9015,"menu_order":0,"comment_status":"closed","ping_status":"closed","template":"","meta":{"_acf_changed":false,"footnotes":""},"class_list":["post-9073","page","type-page","status-publish"],"acf":[],"yoast_head":"<!-- This site is optimized with the Yoast SEO plugin v27.5 - https:\/\/yoast.com\/product\/yoast-seo-wordpress\/ -->\n<title>Tratamiento de manchas solares Reno NV | Eliminaci\u00f3n cosm\u00e9tica de manchas marrones de Lake Tahoe<\/title>\n<meta name=\"description\" content=\"Las manchas marrones en la piel, tambi\u00e9n conocidas como manchas de la edad, del h\u00edgado o del sol, son causadas por el da\u00f1o de los rayos UV a lo largo de los a\u00f1os, y suelen aparecer en la cara y las manos. Avance Plastic Surgery Institute ofrece tratamiento de manchas solares en nuestra cl\u00ednica en Reno, NV.\" \/>\n<meta name=\"robots\" content=\"index, follow, max-snippet:-1, max-image-preview:large, max-video-preview:-1\" \/>\n<link rel=\"canonical\" href=\"https:\/\/www.avanceplasticsurgery.com\/es\/tratamientos-de-spa-medicos\/manchas-solares-manchas-marrones\/\" \/>\n<meta property=\"og:locale\" content=\"es_ES\" \/>\n<meta property=\"og:type\" content=\"article\" \/>\n<meta property=\"og:title\" content=\"Tratamiento de manchas solares Reno NV | Eliminaci\u00f3n cosm\u00e9tica de manchas marrones de Lake Tahoe\" \/>\n<meta property=\"og:description\" content=\"Las manchas marrones en la piel, tambi\u00e9n conocidas como manchas de la edad, del h\u00edgado o del sol, son causadas por el da\u00f1o de los rayos UV a lo largo de los a\u00f1os, y suelen aparecer en la cara y las manos. Avance Plastic Surgery Institute ofrece tratamiento de manchas solares en nuestra cl\u00ednica en Reno, NV.\" \/>\n<meta property=\"og:url\" content=\"https:\/\/www.avanceplasticsurgery.com\/es\/tratamientos-de-spa-medicos\/manchas-solares-manchas-marrones\/\" \/>\n<meta property=\"og:site_name\" content=\"Avance Plastic Surgery\" \/>\n<meta property=\"article:modified_time\" content=\"2022-04-25T13:01:23+00:00\" \/>\n<meta name=\"twitter:card\" content=\"summary_large_image\" \/>\n<meta name=\"twitter:label1\" content=\"Tiempo de lectura\" \/>\n\t<meta name=\"twitter:data1\" content=\"2 minutos\" \/>\n<!-- \/ Yoast SEO plugin. -->","yoast_head_json":{"title":"Tratamiento de manchas solares Reno NV | Eliminaci\u00f3n cosm\u00e9tica de manchas marrones de Lake Tahoe","description":"Las manchas marrones en la piel, tambi\u00e9n conocidas como manchas de la edad, del h\u00edgado o del sol, son causadas por el da\u00f1o de los rayos UV a lo largo de los a\u00f1os, y suelen aparecer en la cara y las manos. Avance Plastic Surgery Institute ofrece tratamiento de manchas solares en nuestra cl\u00ednica en Reno, NV.","robots":{"index":"index","follow":"follow","max-snippet":"max-snippet:-1","max-image-preview":"max-image-preview:large","max-video-preview":"max-video-preview:-1"},"canonical":"https:\/\/www.avanceplasticsurgery.com\/es\/tratamientos-de-spa-medicos\/manchas-solares-manchas-marrones\/","og_locale":"es_ES","og_type":"article","og_title":"Tratamiento de manchas solares Reno NV | Eliminaci\u00f3n cosm\u00e9tica de manchas marrones de Lake Tahoe","og_description":"Las manchas marrones en la piel, tambi\u00e9n conocidas como manchas de la edad, del h\u00edgado o del sol, son causadas por el da\u00f1o de los rayos UV a lo largo de los a\u00f1os, y suelen aparecer en la cara y las manos. Avance Plastic Surgery Institute ofrece tratamiento de manchas solares en nuestra cl\u00ednica en Reno, NV.","og_url":"https:\/\/www.avanceplasticsurgery.com\/es\/tratamientos-de-spa-medicos\/manchas-solares-manchas-marrones\/","og_site_name":"Avance Plastic Surgery","article_modified_time":"2022-04-25T13:01:23+00:00","twitter_card":"summary_large_image","twitter_misc":{"Tiempo de lectura":"2 minutos"},"schema":{"@context":"https:\/\/schema.org","@graph":[{"@type":"WebPage","@id":"https:\/\/www.avanceplasticsurgery.com\/es\/tratamientos-de-spa-medicos\/manchas-solares-manchas-marrones\/","url":"https:\/\/www.avanceplasticsurgery.com\/es\/tratamientos-de-spa-medicos\/manchas-solares-manchas-marrones\/","name":"Tratamiento de manchas solares Reno NV | Eliminaci\u00f3n cosm\u00e9tica de manchas marrones de Lake Tahoe","isPartOf":{"@id":"https:\/\/www.avanceplasticsurgery.com\/es\/#website"},"datePublished":"2020-09-20T20:58:39+00:00","dateModified":"2022-04-25T13:01:23+00:00","description":"Las manchas marrones en la piel, tambi\u00e9n conocidas como manchas de la edad, del h\u00edgado o del sol, son causadas por el da\u00f1o de los rayos UV a lo largo de los a\u00f1os, y suelen aparecer en la cara y las manos. Avance Plastic Surgery Institute ofrece tratamiento de manchas solares en nuestra cl\u00ednica en Reno, NV.","breadcrumb":{"@id":"https:\/\/www.avanceplasticsurgery.com\/es\/tratamientos-de-spa-medicos\/manchas-solares-manchas-marrones\/#breadcrumb"},"inLanguage":"es","potentialAction":[{"@type":"ReadAction","target":["https:\/\/www.avanceplasticsurgery.com\/es\/tratamientos-de-spa-medicos\/manchas-solares-manchas-marrones\/"]}]},{"@type":"BreadcrumbList","@id":"https:\/\/www.avanceplasticsurgery.com\/es\/tratamientos-de-spa-medicos\/manchas-solares-manchas-marrones\/#breadcrumb","itemListElement":[{"@type":"ListItem","position":1,"name":"Home","item":"https:\/\/www.avanceplasticsurgery.com\/es\/"},{"@type":"ListItem","position":2,"name":"Tratamientos de spa m\u00e9dicos","item":"https:\/\/www.avanceplasticsurgery.com\/es\/tratamientos-de-spa-medicos\/"},{"@type":"ListItem","position":3,"name":"Manchas solares\/manchas marrones"}]},{"@type":"WebSite","@id":"https:\/\/www.avanceplasticsurgery.com\/es\/#website","url":"https:\/\/www.avanceplasticsurgery.com\/es\/","name":"Avance Plastic Surgery","description":"","potentialAction":[{"@type":"SearchAction","target":{"@type":"EntryPoint","urlTemplate":"https:\/\/www.avanceplasticsurgery.com\/es\/?s={search_term_string}"},"query-input":{"@type":"PropertyValueSpecification","valueRequired":true,"valueName":"search_term_string"}}],"inLanguage":"es"}]}},"_links":{"self":[{"href":"https:\/\/www.avanceplasticsurgery.com\/es\/wp-json\/wp\/v2\/pages\/9073","targetHints":{"allow":["GET"]}}],"collection":[{"href":"https:\/\/www.avanceplasticsurgery.com\/es\/wp-json\/wp\/v2\/pages"}],"about":[{"href":"https:\/\/www.avanceplasticsurgery.com\/es\/wp-json\/wp\/v2\/types\/page"}],"author":[{"embeddable":true,"href":"https:\/\/www.avanceplasticsurgery.com\/es\/wp-json\/wp\/v2\/users\/1"}],"replies":[{"embeddable":true,"href":"https:\/\/www.avanceplasticsurgery.com\/es\/wp-json\/wp\/v2\/comments?post=9073"}],"version-history":[{"count":1,"href":"https:\/\/www.avanceplasticsurgery.com\/es\/wp-json\/wp\/v2\/pages\/9073\/revisions"}],"predecessor-version":[{"id":9329,"href":"https:\/\/www.avanceplasticsurgery.com\/es\/wp-json\/wp\/v2\/pages\/9073\/revisions\/9329"}],"up":[{"embeddable":true,"href":"https:\/\/www.avanceplasticsurgery.com\/es\/wp-json\/wp\/v2\/pages\/9015"}],"wp:attachment":[{"href":"https:\/\/www.avanceplasticsurgery.com\/es\/wp-json\/wp\/v2\/media?parent=9073"}],"curies":[{"name":"wp","href":"https:\/\/api.w.org\/{rel}","templated":true}]}}